{"id":9855,"date":"2020-09-23T10:53:49","date_gmt":"2020-09-23T14:53:49","guid":{"rendered":"https:\/\/trimaco.wpengine.com\/industrias\/industria-de-pintura-y-recubrimientos\/"},"modified":"2021-12-16T14:22:06","modified_gmt":"2021-12-16T18:22:06","slug":"industria-de-pintura-y-recubrimientos","status":"publish","type":"page","link":"https:\/\/trimaco.com\/es\/industrias\/industria-de-pintura-y-recubrimientos\/","title":{"rendered":"Industria de Pintura y Recubrimientos"},"content":{"rendered":"<p><img decoding=\"async\" data-src=\"https:\/\/trimaco.com\/wp-content\/uploads\/2020\/04\/paint-coatings-industry-website-1024x327.jpg\" alt=\"industria de la pintura\" width=\"1024\" height=\"327\" class=\"alignnone size-large wp-image-9157 lazyload\" data-srcset=\"https:\/\/trimaco.com\/wp-content\/uploads\/2020\/04\/paint-coatings-industry-website.jpg 1024w, https:\/\/trimaco.com\/wp-content\/uploads\/2020\/04\/paint-coatings-industry-website-300x96.jpg 300w, https:\/\/trimaco.com\/wp-content\/uploads\/2020\/04\/paint-coatings-industry-website-768x245.jpg 768w, https:\/\/trimaco.com\/wp-content\/uploads\/2020\/04\/paint-coatings-industry-website-624x199.jpg 624w\" data-sizes=\"(max-width: 1024px) 100vw, 1024px\" src=\"data:image\/svg+xml;base64,PHN2ZyB3aWR0aD0iMSIgaGVpZ2h0PSIxIiB4bWxucz0iaHR0cDovL3d3dy53My5vcmcvMjAwMC9zdmciPjwvc3ZnPg==\" style=\"--smush-placeholder-width: 1024px; --smush-placeholder-aspect-ratio: 1024\/327;\" \/><\/p>\n<p>La industria de la pintura y el mercado de recubrimientos es una industria de r\u00e1pido crecimiento en todo el mundo. Desde proyectos de pintura DIY (H\u00e1galo usted mismo) hasta trabajos de recubrimiento industrial a gran escala, esta \u00e1rea incluye cualquier empresa involucrada en la pintura o cualquier tipo de revestimiento que se aplica a una superficie, incluyendo recubrimientos en polvo.<\/p>\n<p>En Trimaco, apoyamos esta industria proporcionando una amplia gama de productos de uso final durante el proceso de aplicaci\u00f3n de pintura. Desde la preparaci\u00f3n de pintura y la protecci\u00f3n de la superficie hasta el EPI y la limpieza, ofrecemos soluciones para evitar errores costosos en la industria de recubrimientos.<\/p>\n<p><\/p>\n<h2>Preparaci\u00f3n de pintura y protecci\u00f3n de superficies<\/h2>\n<p>La preparaci\u00f3n de la pintura en un sitio de trabajo incluye cualquier paso antes de pintar. Desde enmascarar ventanas y tinturar pintura, hasta instalar productos de protecci\u00f3n de suelos y superficies como <a href=\"https:\/\/trimaco.com\/es\/productos\/papel-de-suelo\/papel-de-suelo-de-resina-rojo-y-cafe\/\">papel de colofonia roja y<\/a> <a href=\"https:\/\/trimaco.com\/es\/productos\/peliculas-protectoras-de-superficie\/pelicula-protectora-de-alfombras-easymask\/\">pel\u00edculas protectores para alfombras. Trimaco ofrece una amplia gama de productos para ayudarle a prepararse para cualquier tipo de trabajo de pintura, recubrimiento protector o aplicaciones de recubrimientos.<\/a><\/p>\n<h2>Equipo de protecci\u00f3n personal<\/h2>\n<p>\nAdem\u00e1s de proteger sus superficies, es importante cuidar de s\u00ed mismo y de su grupo de trabajo. Trimaco tiene una l\u00ednea completa de overoles<a protective=\"\" wear=\"\" including=\"\" href=\"https:\/\/trimaco.com\/es\/productos\/prendas-de-proteccion\/overoles-protectores-profesionales-tyvek-de-dupont\/\">,<\/a><a href=\"https:\/\/trimaco.com\/es\/productos\/prendas-de-proteccion\/capuchas-para-pulverizar-supertuff\/\">capuchas de pulverizaci\u00f3n<\/a>, gafas de seguridad con clasificaci\u00f3n ANSI y <a href=\"https:\/\/trimaco.com\/es\/productos\/prendas-de-proteccion\/cubiertas-de-zapatos-smartgrip\/\">cubre zapatos<\/a> <a href=\"https:\/\/trimaco.com\/es\/productos\/prendas-de-proteccion\/las-gafas-e-z-clean-de-trimaco\/\">antideslizantes.<\/a> <\/p>\n<p><a href=\"https:\/\/trimaco.com\/es\/productos\/prendas-de-proteccion\/\">El equipo de protecci\u00f3n personal<\/a>es un componente cr\u00edtico para cualquier trabajo de pintura para prevenir riesgos comunes de seguridad como ca\u00eddas, resbalones, peligros en la cara o la piel, ya sea por materias primas, agotamiento por calor y m\u00e1s. Minimizar los riesgos de seguridad tambi\u00e9n ayuda a manejar los costos de producci\u00f3n durante un trabajo de pintura.\n<\/p>\n<h2>Limpieza de pintura<\/h2>\n<p>\nLos sitios de trabajo son desordenados y los accidentes est\u00e1n predestinados a suceder. Trimaco ofrece una gama de trapos y <a href=\"https:\/\/trimaco.com\/es\/productos\/trapos-y-limpiaparabrisas\/\">limpiadores<\/a> para ayudar con el proceso de limpieza de productos como pintura, lacas y acabados. <\/p>\n<p>Adem\u00e1s de trapos y limpiadores, Trimaco tambi\u00e9n ofrece soluciones para ayudar a eliminar la pintura correctamente. Recomendamos desechar el lavado de pintura de una manera aprobada por el gobierno o usar un sistema de lavado de pintura respetuoso del medio ambiente, como nuestro <a href=\"https:\/\/trimaco.com\/es\/productos\/accesorios-del-sistema-envirowash-de-envirosolutions\/\">sistema EnviroWash.<\/a><\/p>\n<h2>PRINCIPALES PRODUCTOS PARA PINTAR DE TRIMACO<\/h2>\n<p>Ya sean recubrimientos industriales, revestimientos arquitect\u00f3nicos o lacas simples &#8211; Trimaco lo tiene cubierto para su pr\u00f3ximo proyecto de pintura con <a href=\"\">protecci\u00f3n de superficies<\/a>para trabajos pesados, <a href=\"https:\/\/trimaco.com\/es\/productos\/coladores-de-pintura\/\">coladores de pintura<\/a>, n<a href=\"https:\/\/trimaco.com\/recent-products\/\">uevos productos<\/a> y m\u00e1s. Explore algunos de nuestros productos m\u00e1s usados dentro de la industria de la pintura:\n<\/p>\n<ul>\n<li><a href=\"https:\/\/trimaco.com\/es\/productos\/panos-colgantes\/pano-de-lona-antideslizante-stayput\/\">Stay Put Canvas Plus Drop Cloth<\/li>\n<li><a href=\"https:\/\/trimaco.com\/es\/productos\/papel-para-enmascarar\/\">Papel para enmascarar<\/a><\/li>\n<li><a href=\"https:\/\/trimaco.com\/es\/productos\/proteccion-de-superficies-de-servicio-pesado\/xboard-pintura-remodelacion-protector-de-superficie-transpirable-ligera\/\">Protectores XBoard + Protectores de superficie para remodelaci\u00f3n<\/a><\/li>\n<\/ul>\n<p>Si desea informaci\u00f3n adicional sobre cualquiera de nuestros productos de alta calidad para la industria de pinturas y recubrimientos, <a href=\"https:\/\/trimaco.com\/es\/contactenos\/\">p\u00f3ngase en contacto con<\/a> nuestro equipo de soporte hoy mismo.<\/p>\n","protected":false},"excerpt":{"rendered":"<p>La industria de la pintura y el mercado de recubrimientos es una industria de r\u00e1pido crecimiento en todo el mundo. Desde proyectos de pintura DIY (H\u00e1galo usted mismo) hasta trabajos de recubrimiento industrial a gran<a class=\"read-more\" href=\"https:\/\/trimaco.com\/es\/industrias\/industria-de-pintura-y-recubrimientos\/\"> &#8230;Continue Reading<\/a><\/p>\n","protected":false},"author":9,"featured_media":21065,"parent":9846,"menu_order":0,"comment_status":"closed","ping_status":"closed","template":"page_industries-child.php","meta":{"_acf_changed":false,"footnotes":""},"class_list":["post-9855","page","type-page","status-publish","has-post-thumbnail","hentry"],"acf":[],"yoast_head":"<!-- This site is optimized with the Yoast SEO plugin v27.1.1 - https:\/\/yoast.com\/product\/yoast-seo-wordpress\/ -->\n<title>Suministros para la industria de recubrimientos y pintura. Soluciones industriales<\/title>\n<meta name=\"description\" content=\"Ya sea que tenga un trabajo de pintura o un proyecto de recubrimientos, Trimaco le ofrece pa\u00f1os recoge gotas de alta calidad, cintas para enmascarar y PPE. \u00a1Explore nuestros productos en la industria de la pintura! Industria de la pintura!\" \/>\n<meta name=\"robots\" content=\"index, follow, max-snippet:-1, max-image-preview:large, max-video-preview:-1\" \/>\n<link rel=\"canonical\" href=\"https:\/\/trimaco.com\/es\/industrias\/industria-de-pintura-y-recubrimientos\/\" \/>\n<meta property=\"og:locale\" content=\"es_ES\" \/>\n<meta property=\"og:type\" content=\"article\" \/>\n<meta property=\"og:title\" content=\"Suministros para la industria de recubrimientos y pintura. Soluciones industriales\" \/>\n<meta property=\"og:description\" content=\"Ya sea que tenga un trabajo de pintura o un proyecto de recubrimientos, Trimaco le ofrece pa\u00f1os recoge gotas de alta calidad, cintas para enmascarar y PPE. \u00a1Explore nuestros productos en la industria de la pintura! Industria de la pintura!\" \/>\n<meta property=\"og:url\" content=\"https:\/\/trimaco.com\/es\/industrias\/industria-de-pintura-y-recubrimientos\/\" \/>\n<meta property=\"og:site_name\" content=\"Trimaco\" \/>\n<meta property=\"article:publisher\" content=\"https:\/\/www.facebook.com\/pages\/Trimaco\/346858225385747?ref=ts\" \/>\n<meta property=\"article:modified_time\" content=\"2021-12-16T18:22:06+00:00\" \/>\n<meta property=\"og:image\" content=\"https:\/\/trimaco.com\/wp-content\/uploads\/2019\/12\/Strainer-blog-roll.jpg\" \/>\n\t<meta property=\"og:image:width\" content=\"435\" \/>\n\t<meta property=\"og:image:height\" content=\"435\" \/>\n\t<meta property=\"og:image:type\" content=\"image\/jpeg\" \/>\n<meta name=\"twitter:card\" content=\"summary_large_image\" \/>\n<meta name=\"twitter:site\" content=\"@trimacoinc\" \/>\n<meta name=\"twitter:label1\" content=\"Tiempo de lectura\" \/>\n\t<meta name=\"twitter:data1\" content=\"2 minutos\" \/>\n<!-- \/ Yoast SEO plugin. -->","yoast_head_json":{"title":"Suministros para la industria de recubrimientos y pintura. Soluciones industriales","description":"Ya sea que tenga un trabajo de pintura o un proyecto de recubrimientos, Trimaco le ofrece pa\u00f1os recoge gotas de alta calidad, cintas para enmascarar y PPE. \u00a1Explore nuestros productos en la industria de la pintura! Industria de la pintura!","robots":{"index":"index","follow":"follow","max-snippet":"max-snippet:-1","max-image-preview":"max-image-preview:large","max-video-preview":"max-video-preview:-1"},"canonical":"https:\/\/trimaco.com\/es\/industrias\/industria-de-pintura-y-recubrimientos\/","og_locale":"es_ES","og_type":"article","og_title":"Suministros para la industria de recubrimientos y pintura. Soluciones industriales","og_description":"Ya sea que tenga un trabajo de pintura o un proyecto de recubrimientos, Trimaco le ofrece pa\u00f1os recoge gotas de alta calidad, cintas para enmascarar y PPE. \u00a1Explore nuestros productos en la industria de la pintura! Industria de la pintura!","og_url":"https:\/\/trimaco.com\/es\/industrias\/industria-de-pintura-y-recubrimientos\/","og_site_name":"Trimaco","article_publisher":"https:\/\/www.facebook.com\/pages\/Trimaco\/346858225385747?ref=ts","article_modified_time":"2021-12-16T18:22:06+00:00","og_image":[{"width":435,"height":435,"url":"https:\/\/trimaco.com\/wp-content\/uploads\/2019\/12\/Strainer-blog-roll.jpg","type":"image\/jpeg"}],"twitter_card":"summary_large_image","twitter_site":"@trimacoinc","twitter_misc":{"Tiempo de lectura":"2 minutos"},"schema":{"@context":"https:\/\/schema.org","@graph":[{"@type":"WebPage","@id":"https:\/\/trimaco.com\/es\/industrias\/industria-de-pintura-y-recubrimientos\/","url":"https:\/\/trimaco.com\/es\/industrias\/industria-de-pintura-y-recubrimientos\/","name":"Suministros para la industria de recubrimientos y pintura. Soluciones industriales","isPartOf":{"@id":"https:\/\/trimaco.com\/#website"},"primaryImageOfPage":{"@id":"https:\/\/trimaco.com\/es\/industrias\/industria-de-pintura-y-recubrimientos\/#primaryimage"},"image":{"@id":"https:\/\/trimaco.com\/es\/industrias\/industria-de-pintura-y-recubrimientos\/#primaryimage"},"thumbnailUrl":"https:\/\/trimaco.com\/wp-content\/uploads\/2019\/12\/Strainer-blog-roll.jpg","datePublished":"2020-09-23T14:53:49+00:00","dateModified":"2021-12-16T18:22:06+00:00","description":"Ya sea que tenga un trabajo de pintura o un proyecto de recubrimientos, Trimaco le ofrece pa\u00f1os recoge gotas de alta calidad, cintas para enmascarar y PPE. \u00a1Explore nuestros productos en la industria de la pintura! Industria de la pintura!","breadcrumb":{"@id":"https:\/\/trimaco.com\/es\/industrias\/industria-de-pintura-y-recubrimientos\/#breadcrumb"},"inLanguage":"es","potentialAction":[{"@type":"ReadAction","target":["https:\/\/trimaco.com\/es\/industrias\/industria-de-pintura-y-recubrimientos\/"]}]},{"@type":"ImageObject","inLanguage":"es","@id":"https:\/\/trimaco.com\/es\/industrias\/industria-de-pintura-y-recubrimientos\/#primaryimage","url":"https:\/\/trimaco.com\/wp-content\/uploads\/2019\/12\/Strainer-blog-roll.jpg","contentUrl":"https:\/\/trimaco.com\/wp-content\/uploads\/2019\/12\/Strainer-blog-roll.jpg","width":435,"height":435,"caption":"paint strainer in bucket"},{"@type":"BreadcrumbList","@id":"https:\/\/trimaco.com\/es\/industrias\/industria-de-pintura-y-recubrimientos\/#breadcrumb","itemListElement":[{"@type":"ListItem","position":1,"name":"Home","item":"https:\/\/trimaco.com\/"},{"@type":"ListItem","position":2,"name":"Industrias","item":"https:\/\/trimaco.com\/industries\/"},{"@type":"ListItem","position":3,"name":"Industria de Pintura y Recubrimientos"}]},{"@type":"WebSite","@id":"https:\/\/trimaco.com\/#website","url":"https:\/\/trimaco.com\/","name":"Trimaco","description":"Total Jobsite Protection\u2122","publisher":{"@id":"https:\/\/trimaco.com\/#organization"},"potentialAction":[{"@type":"SearchAction","target":{"@type":"EntryPoint","urlTemplate":"https:\/\/trimaco.com\/?s={search_term_string}"},"query-input":{"@type":"PropertyValueSpecification","valueRequired":true,"valueName":"search_term_string"}}],"inLanguage":"es"},{"@type":"Organization","@id":"https:\/\/trimaco.com\/#organization","name":"Trimaco","url":"https:\/\/trimaco.com\/","logo":{"@type":"ImageObject","inLanguage":"es","@id":"https:\/\/trimaco.com\/#\/schema\/logo\/image\/","url":"https:\/\/trimaco.com\/wp-content\/uploads\/2016\/08\/login-logo.png","contentUrl":"https:\/\/trimaco.com\/wp-content\/uploads\/2016\/08\/login-logo.png","width":450,"height":69,"caption":"Trimaco"},"image":{"@id":"https:\/\/trimaco.com\/#\/schema\/logo\/image\/"},"sameAs":["https:\/\/www.facebook.com\/pages\/Trimaco\/346858225385747?ref=ts","https:\/\/x.com\/trimacoinc","https:\/\/www.instagram.com\/trimaco_inc\/","https:\/\/pinterest.com\/trimaco\/","https:\/\/www.youtube.com\/c\/trimacoinc"]}]}},"_links":{"self":[{"href":"https:\/\/trimaco.com\/es\/wp-json\/wp\/v2\/pages\/9855","targetHints":{"allow":["GET"]}}],"collection":[{"href":"https:\/\/trimaco.com\/es\/wp-json\/wp\/v2\/pages"}],"about":[{"href":"https:\/\/trimaco.com\/es\/wp-json\/wp\/v2\/types\/page"}],"author":[{"embeddable":true,"href":"https:\/\/trimaco.com\/es\/wp-json\/wp\/v2\/users\/9"}],"replies":[{"embeddable":true,"href":"https:\/\/trimaco.com\/es\/wp-json\/wp\/v2\/comments?post=9855"}],"version-history":[{"count":0,"href":"https:\/\/trimaco.com\/es\/wp-json\/wp\/v2\/pages\/9855\/revisions"}],"up":[{"embeddable":true,"href":"https:\/\/trimaco.com\/es\/wp-json\/wp\/v2\/pages\/9846"}],"wp:featuredmedia":[{"embeddable":true,"href":"https:\/\/trimaco.com\/es\/wp-json\/wp\/v2\/media\/21065"}],"wp:attachment":[{"href":"https:\/\/trimaco.com\/es\/wp-json\/wp\/v2\/media?parent=9855"}],"curies":[{"name":"wp","href":"https:\/\/api.w.org\/{rel}","templated":true}]}}