{"id":9848,"date":"2020-09-21T10:39:19","date_gmt":"2020-09-21T14:39:19","guid":{"rendered":"https:\/\/trimaco.wpengine.com\/industrias\/suelo\/"},"modified":"2021-12-16T14:22:06","modified_gmt":"2021-12-16T18:22:06","slug":"suelo","status":"publish","type":"page","link":"https:\/\/trimaco.com\/es\/industrias\/suelo\/","title":{"rendered":"Suelo"},"content":{"rendered":"<p><img decoding=\"async\" data-src=\"https:\/\/trimaco.com\/wp-content\/uploads\/2020\/04\/flooring-industry-website-1024x327.jpg\" alt=\"Suelo\" width=\"1024\" height=\"327\" class=\"alignnone size-large wp-image-9173 lazyload\" data-srcset=\"https:\/\/trimaco.com\/wp-content\/uploads\/2020\/04\/flooring-industry-website.jpg 1024w, https:\/\/trimaco.com\/wp-content\/uploads\/2020\/04\/flooring-industry-website-300x96.jpg 300w, https:\/\/trimaco.com\/wp-content\/uploads\/2020\/04\/flooring-industry-website-768x245.jpg 768w, https:\/\/trimaco.com\/wp-content\/uploads\/2020\/04\/flooring-industry-website-624x199.jpg 624w\" data-sizes=\"(max-width: 1024px) 100vw, 1024px\" src=\"data:image\/svg+xml;base64,PHN2ZyB3aWR0aD0iMSIgaGVpZ2h0PSIxIiB4bWxucz0iaHR0cDovL3d3dy53My5vcmcvMjAwMC9zdmciPjwvc3ZnPg==\" style=\"--smush-placeholder-width: 1024px; --smush-placeholder-aspect-ratio: 1024\/327;\" \/><\/p>\n<p>La industria de pisos es un sector que ha experimentado un crecimiento constante y se prev\u00e9 que siga creciendo en los pr\u00f3ximos a\u00f1os. Sin embargo, sus ofertas tienden a cambiar con la demanda de pisos de consumo, el tama\u00f1o del mercado y las tendencias de la industria con el fin de mantenerse competitivos. <\/p>\n<p>El mercado de pisos tiende a coincidir con otras industrias, como la industria de la construcci\u00f3n, ya que es un componente importante en la mayor\u00eda de los proyectos de construcci\u00f3n. La industria de pisos incluye una amplia gama de materiales, tipos y servicios de pisos.<\/p>\n<h2>Tipos de pisos dentro de la industria<\/h2>\n<p>A medida que cambian las tendencias de los consumidores, los tipos de pisos proporcionados por las empresas tambi\u00e9n cambian. Listado de algunos de los materiales de pisos m\u00e1s comunes:\n<\/p>\n<ul>\n<li>Suelos de madera<\/li>\n<li>Alfombra<\/li>\n<li>Azulejo cer\u00e1mico<\/li>\n<li>Suelo de vinilo<\/li>\n<li>Suelo laminado<\/li>\n<li>Piedra y hormig\u00f3n<\/li>\n<li>Lin\u00f3leo<\/li>\n<li>Suelos resistentes<\/li>\n<\/ul>\n<h2>Tipos de servicios dentro de la industria<\/h2>\n<\/p>\n<ul>\n<li>Instalaci\u00f3n<\/li>\n<li>Eliminaci\u00f3n y reemplazo residencial de suelos y baldosas de suelo<\/li>\n<li>Lijar y repintar <\/li>\n<li>Limpieza<\/li>\n<\/ul>\n<p>No importa el tipo de material del piso, o el servicio, Trimaco ofrece una gama de materiales de protecci\u00f3n de superficie y revestimientos de suelo, desde <a href=\"https:\/\/trimaco.com\/es\/productos\/proteccion-de-superficies-de-servicio-pesado\/xboard-pintura-remodelacion-protector-de-superficie-transpirable-ligera\/\">placas<\/a> de protecci\u00f3n de suelo transpirables hasta <a href=\"https:\/\/trimaco.com\/es\/productos\/proteccion-de-superficies-de-servicio-pesado\/proteccion-de-superficie-retardante-de-llamas-aqua-shield\/\">opciones resistentes al agua<\/a> que proteger\u00e1n cualquier tipo de producto de pisos o superficie dura. Tambi\u00e9n proporcionamos una cubierta de zapato segura <a href=\"https:\/\/trimaco.com\/es\/productos\/prendas-de-proteccion\/cubiertas-de-zapatos-smartgrip\/\">y antideslizante<\/a> que evita da\u00f1os adicionales.<\/p>\n<h2>Trimaco y la industria del piso<\/h2>\n<p>\nAseg\u00farese de explorar nuestra l\u00ednea completa de <a href=\"https:\/\/trimaco.com\/es\/productos\/proteccion-de-superficies-de-servicio-pesado\/\">soluciones<\/a>de recubrimiento y protecci\u00f3n de pisos, as\u00ed como una gama de cubre <a href=\"https:\/\/trimaco.com\/es\/productos\/prendas-de-proteccion\/protectores-de-zapatos-y-botas-misc-tyvek-de-dupont\/\">zapatos<\/a> para mantener su piso no resistente y resistente seguro. Listados son algunos de los productos m\u00e1s populares en la industria:\n<\/p>\n<ul>\n<li><a href=\"https:\/\/trimaco.com\/es\/productos\/proteccion-de-superficies-de-servicio-pesado\/proteccion-temporal-de-superficie-floorshell-de-servicio-pesado\/\">FloorShell<\/a><\/li>\n<li><a href=\"https:\/\/trimaco.com\/es\/productos\/prendas-de-proteccion\/cubiertas-de-zapatos-smartgrip\/\">Fundas de zapatos de agarre inteligente<\/a><\/li>\n<li>Alfombras y pel\u00edculas de superficie <a href=\"https:\/\/trimaco.com\/es\/productos\/peliculas-protectoras-de-superficie\/\">dura<\/a><\/li>\n<\/ul>\n","protected":false},"excerpt":{"rendered":"<p>La industria de pisos es un sector que ha experimentado un crecimiento constante y se prev\u00e9 que siga creciendo en los pr\u00f3ximos a\u00f1os. Sin embargo, sus ofertas tienden a cambiar con la demanda de pisos<a class=\"read-more\" href=\"https:\/\/trimaco.com\/es\/industrias\/suelo\/\"> &#8230;Continue Reading<\/a><\/p>\n","protected":false},"author":9,"featured_media":20763,"parent":9846,"menu_order":0,"comment_status":"closed","ping_status":"closed","template":"page_industries-child.php","meta":{"_acf_changed":false,"footnotes":""},"class_list":["post-9848","page","type-page","status-publish","has-post-thumbnail","hentry"],"acf":[],"yoast_head":"<!-- This site is optimized with the Yoast SEO plugin v27.5 - https:\/\/yoast.com\/product\/yoast-seo-wordpress\/ -->\n<title>Productos de protecci\u00f3n de pisos<\/title>\n<meta name=\"description\" content=\"Trimaco tiene una variedad de productos de protecci\u00f3n de superficies, como papel de resina y pel\u00edcula protectora para todo tipo de pisos. \u00a1Explore nuestros productos de la industria de pisos!\" \/>\n<meta name=\"robots\" content=\"index, follow, max-snippet:-1, max-image-preview:large, max-video-preview:-1\" \/>\n<link rel=\"canonical\" href=\"https:\/\/trimaco.com\/es\/industrias\/suelo\/\" \/>\n<meta property=\"og:locale\" content=\"es_ES\" \/>\n<meta property=\"og:type\" content=\"article\" \/>\n<meta property=\"og:title\" content=\"Productos de protecci\u00f3n de pisos\" \/>\n<meta property=\"og:description\" content=\"Trimaco tiene una variedad de productos de protecci\u00f3n de superficies, como papel de resina y pel\u00edcula protectora para todo tipo de pisos. \u00a1Explore nuestros productos de la industria de pisos!\" \/>\n<meta property=\"og:url\" content=\"https:\/\/trimaco.com\/es\/industrias\/suelo\/\" \/>\n<meta property=\"og:site_name\" content=\"Trimaco\" \/>\n<meta property=\"article:publisher\" content=\"https:\/\/www.facebook.com\/pages\/Trimaco\/346858225385747?ref=ts\" \/>\n<meta property=\"article:modified_time\" content=\"2021-12-16T18:22:06+00:00\" \/>\n<meta property=\"og:image\" content=\"https:\/\/trimaco.com\/wp-content\/uploads\/2018\/06\/June28-2018.jpg\" \/>\n\t<meta property=\"og:image:width\" content=\"432\" \/>\n\t<meta property=\"og:image:height\" content=\"432\" \/>\n\t<meta property=\"og:image:type\" content=\"image\/jpeg\" \/>\n<meta name=\"twitter:card\" content=\"summary_large_image\" \/>\n<meta name=\"twitter:site\" content=\"@trimacoinc\" \/>\n<meta name=\"twitter:label1\" content=\"Tiempo de lectura\" \/>\n\t<meta name=\"twitter:data1\" content=\"2 minutos\" \/>\n<!-- \/ Yoast SEO plugin. -->","yoast_head_json":{"title":"Productos de protecci\u00f3n de pisos","description":"Trimaco tiene una variedad de productos de protecci\u00f3n de superficies, como papel de resina y pel\u00edcula protectora para todo tipo de pisos. \u00a1Explore nuestros productos de la industria de pisos!","robots":{"index":"index","follow":"follow","max-snippet":"max-snippet:-1","max-image-preview":"max-image-preview:large","max-video-preview":"max-video-preview:-1"},"canonical":"https:\/\/trimaco.com\/es\/industrias\/suelo\/","og_locale":"es_ES","og_type":"article","og_title":"Productos de protecci\u00f3n de pisos","og_description":"Trimaco tiene una variedad de productos de protecci\u00f3n de superficies, como papel de resina y pel\u00edcula protectora para todo tipo de pisos. \u00a1Explore nuestros productos de la industria de pisos!","og_url":"https:\/\/trimaco.com\/es\/industrias\/suelo\/","og_site_name":"Trimaco","article_publisher":"https:\/\/www.facebook.com\/pages\/Trimaco\/346858225385747?ref=ts","article_modified_time":"2021-12-16T18:22:06+00:00","og_image":[{"width":432,"height":432,"url":"https:\/\/trimaco.com\/wp-content\/uploads\/2018\/06\/June28-2018.jpg","type":"image\/jpeg"}],"twitter_card":"summary_large_image","twitter_site":"@trimacoinc","twitter_misc":{"Tiempo de lectura":"2 minutos"},"schema":{"@context":"https:\/\/schema.org","@graph":[{"@type":"WebPage","@id":"https:\/\/trimaco.com\/es\/industrias\/suelo\/","url":"https:\/\/trimaco.com\/es\/industrias\/suelo\/","name":"Productos de protecci\u00f3n de pisos","isPartOf":{"@id":"https:\/\/trimaco.com\/#website"},"primaryImageOfPage":{"@id":"https:\/\/trimaco.com\/es\/industrias\/suelo\/#primaryimage"},"image":{"@id":"https:\/\/trimaco.com\/es\/industrias\/suelo\/#primaryimage"},"thumbnailUrl":"https:\/\/trimaco.com\/wp-content\/uploads\/2018\/06\/June28-2018.jpg","datePublished":"2020-09-21T14:39:19+00:00","dateModified":"2021-12-16T18:22:06+00:00","description":"Trimaco tiene una variedad de productos de protecci\u00f3n de superficies, como papel de resina y pel\u00edcula protectora para todo tipo de pisos. \u00a1Explore nuestros productos de la industria de pisos!","breadcrumb":{"@id":"https:\/\/trimaco.com\/es\/industrias\/suelo\/#breadcrumb"},"inLanguage":"es","potentialAction":[{"@type":"ReadAction","target":["https:\/\/trimaco.com\/es\/industrias\/suelo\/"]}]},{"@type":"ImageObject","inLanguage":"es","@id":"https:\/\/trimaco.com\/es\/industrias\/suelo\/#primaryimage","url":"https:\/\/trimaco.com\/wp-content\/uploads\/2018\/06\/June28-2018.jpg","contentUrl":"https:\/\/trimaco.com\/wp-content\/uploads\/2018\/06\/June28-2018.jpg","width":432,"height":432,"caption":"installing X-paper"},{"@type":"BreadcrumbList","@id":"https:\/\/trimaco.com\/es\/industrias\/suelo\/#breadcrumb","itemListElement":[{"@type":"ListItem","position":1,"name":"Home","item":"https:\/\/trimaco.com\/"},{"@type":"ListItem","position":2,"name":"Industrias","item":"https:\/\/trimaco.com\/industries\/"},{"@type":"ListItem","position":3,"name":"Suelo"}]},{"@type":"WebSite","@id":"https:\/\/trimaco.com\/#website","url":"https:\/\/trimaco.com\/","name":"Trimaco","description":"Total Jobsite Protection\u2122","publisher":{"@id":"https:\/\/trimaco.com\/#organization"},"potentialAction":[{"@type":"SearchAction","target":{"@type":"EntryPoint","urlTemplate":"https:\/\/trimaco.com\/?s={search_term_string}"},"query-input":{"@type":"PropertyValueSpecification","valueRequired":true,"valueName":"search_term_string"}}],"inLanguage":"es"},{"@type":"Organization","@id":"https:\/\/trimaco.com\/#organization","name":"Trimaco","url":"https:\/\/trimaco.com\/","logo":{"@type":"ImageObject","inLanguage":"es","@id":"https:\/\/trimaco.com\/#\/schema\/logo\/image\/","url":"https:\/\/trimaco.com\/wp-content\/uploads\/2016\/08\/login-logo.png","contentUrl":"https:\/\/trimaco.com\/wp-content\/uploads\/2016\/08\/login-logo.png","width":450,"height":69,"caption":"Trimaco"},"image":{"@id":"https:\/\/trimaco.com\/#\/schema\/logo\/image\/"},"sameAs":["https:\/\/www.facebook.com\/pages\/Trimaco\/346858225385747?ref=ts","https:\/\/x.com\/trimacoinc","https:\/\/www.instagram.com\/trimaco_inc\/","https:\/\/pinterest.com\/trimaco\/","https:\/\/www.youtube.com\/c\/trimacoinc"]}]}},"_links":{"self":[{"href":"https:\/\/trimaco.com\/es\/wp-json\/wp\/v2\/pages\/9848","targetHints":{"allow":["GET"]}}],"collection":[{"href":"https:\/\/trimaco.com\/es\/wp-json\/wp\/v2\/pages"}],"about":[{"href":"https:\/\/trimaco.com\/es\/wp-json\/wp\/v2\/types\/page"}],"author":[{"embeddable":true,"href":"https:\/\/trimaco.com\/es\/wp-json\/wp\/v2\/users\/9"}],"replies":[{"embeddable":true,"href":"https:\/\/trimaco.com\/es\/wp-json\/wp\/v2\/comments?post=9848"}],"version-history":[{"count":0,"href":"https:\/\/trimaco.com\/es\/wp-json\/wp\/v2\/pages\/9848\/revisions"}],"up":[{"embeddable":true,"href":"https:\/\/trimaco.com\/es\/wp-json\/wp\/v2\/pages\/9846"}],"wp:featuredmedia":[{"embeddable":true,"href":"https:\/\/trimaco.com\/es\/wp-json\/wp\/v2\/media\/20763"}],"wp:attachment":[{"href":"https:\/\/trimaco.com\/es\/wp-json\/wp\/v2\/media?parent=9848"}],"curies":[{"name":"wp","href":"https:\/\/api.w.org\/{rel}","templated":true}]}}