{"id":9841,"date":"2020-09-21T10:27:20","date_gmt":"2020-09-21T14:27:20","guid":{"rendered":"https:\/\/trimaco.wpengine.com\/carreras\/"},"modified":"2022-03-25T10:13:50","modified_gmt":"2022-03-25T14:13:50","slug":"carreras","status":"publish","type":"page","link":"https:\/\/trimaco.com\/es\/carreras\/","title":{"rendered":"Carreras"},"content":{"rendered":"<h2>\nCarreras en Trimaco<\/h2>\n<p>\nCon sus ra\u00edces en 1906, los cimientos de Trimaco se basan en la experiencia, la integridad, la innovaci\u00f3n y el soporte al cliente.Valoramos la creaci\u00f3n y construcci\u00f3n de relaciones con todos nuestros clientes para ofrecer los mejores productos posibles. Trimaco es un l\u00edder de fabricaci\u00f3n en las industrias de pintura, de construcci\u00f3n, de pisos, marina, restauraci\u00f3n de desastres, mantenimiento de instalaciones y automotriz. Ofrecemos una amplia selecci\u00f3n de productos de protecci\u00f3n de calidad para sitios de trabajo y proyectos personales. Nuestro objetivo es ser su \u00fanica fuente de protecci\u00f3n total en el lugar de trabajo.<\/p>\n<p>Estamos ubicados en Morrisville, Carolina del Norte, pero tenemos plantas convenientemente ubicadas en todo el pa\u00eds e internacionalmente para entregas a tiempo.<br \/>\n\u00bfTe interesan las carreras actuales de Trimaco? <\/p>\n<p>\u00a1Echa un vistazo a estas posiciones abiertas, o <a href=\"https:\/\/trimaco.com\/es\/contactenos\/\">cont\u00e1ctenos<\/a> hoy!\n<\/p>\n<h2>Oportunidades de carrera y posiciones abiertas:<\/h2>\n<p><\/p>\n<h3>\nMorrisville<\/h3>\n<p><em>Ninguna en este momento<\/em><\/p>\n<p><\/p>\n<h3>\nManning<\/h3>\n<p><em>Ninguna en este momento<\/em><\/li>\n<\/ul>\n<p><\/p>\n<h3>\nElk Grove<\/h3>\n<p><em>Ninguna en este momento<\/em><\/li>\n<\/ul>\n<p><\/p>\n<h3>\nSorpresa, AZ<\/h3>\n<p><em>Ninguna en este momento<\/em><\/p>\n<p><\/p>\n<h3>Ridgefield  <\/h3>\n<p><em>Ninguna en este momento<\/em><\/p>\n","protected":false},"excerpt":{"rendered":"<p>Carreras en Trimaco Con sus ra\u00edces en 1906, los cimientos de Trimaco se basan en la experiencia, la integridad, la innovaci\u00f3n y el soporte al cliente.Valoramos la creaci\u00f3n y construcci\u00f3n de relaciones con todos nuestros<a class=\"read-more\" href=\"https:\/\/trimaco.com\/es\/carreras\/\"> &#8230;Continue Reading<\/a><\/p>\n","protected":false},"author":9,"featured_media":0,"parent":0,"menu_order":0,"comment_status":"closed","ping_status":"closed","template":"","meta":{"_acf_changed":false,"footnotes":""},"class_list":["post-9841","page","type-page","status-publish","hentry"],"acf":[],"yoast_head":"<!-- This site is optimized with the Yoast SEO plugin v27.3 - https:\/\/yoast.com\/product\/yoast-seo-wordpress\/ -->\n<title>Carreras y Oportunidades de Trabajo - Trimaco<\/title>\n<meta name=\"description\" content=\"Echa un vistazo a las carreras actuales de Trimaco y posiciones abiertas! Valorizamos la integridad, la innovaci\u00f3n y el servicio de atenci\u00f3n al cliente.\" \/>\n<meta name=\"robots\" content=\"index, follow, max-snippet:-1, max-image-preview:large, max-video-preview:-1\" \/>\n<link rel=\"canonical\" href=\"https:\/\/trimaco.com\/es\/carreras\/\" \/>\n<meta property=\"og:locale\" content=\"es_ES\" \/>\n<meta property=\"og:type\" content=\"article\" \/>\n<meta property=\"og:title\" content=\"Carreras y Oportunidades de Trabajo - Trimaco\" \/>\n<meta property=\"og:description\" content=\"Echa un vistazo a las carreras actuales de Trimaco y posiciones abiertas! Valorizamos la integridad, la innovaci\u00f3n y el servicio de atenci\u00f3n al cliente.\" \/>\n<meta property=\"og:url\" content=\"https:\/\/trimaco.com\/es\/carreras\/\" \/>\n<meta property=\"og:site_name\" content=\"Trimaco\" \/>\n<meta property=\"article:publisher\" content=\"https:\/\/www.facebook.com\/pages\/Trimaco\/346858225385747?ref=ts\" \/>\n<meta property=\"article:modified_time\" content=\"2022-03-25T14:13:50+00:00\" \/>\n<meta name=\"twitter:card\" content=\"summary_large_image\" \/>\n<meta name=\"twitter:site\" content=\"@trimacoinc\" \/>\n<meta name=\"twitter:label1\" content=\"Tiempo de lectura\" \/>\n\t<meta name=\"twitter:data1\" content=\"1 minuto\" \/>\n<!-- \/ Yoast SEO plugin. -->","yoast_head_json":{"title":"Carreras y Oportunidades de Trabajo - Trimaco","description":"Echa un vistazo a las carreras actuales de Trimaco y posiciones abiertas! Valorizamos la integridad, la innovaci\u00f3n y el servicio de atenci\u00f3n al cliente.","robots":{"index":"index","follow":"follow","max-snippet":"max-snippet:-1","max-image-preview":"max-image-preview:large","max-video-preview":"max-video-preview:-1"},"canonical":"https:\/\/trimaco.com\/es\/carreras\/","og_locale":"es_ES","og_type":"article","og_title":"Carreras y Oportunidades de Trabajo - Trimaco","og_description":"Echa un vistazo a las carreras actuales de Trimaco y posiciones abiertas! Valorizamos la integridad, la innovaci\u00f3n y el servicio de atenci\u00f3n al cliente.","og_url":"https:\/\/trimaco.com\/es\/carreras\/","og_site_name":"Trimaco","article_publisher":"https:\/\/www.facebook.com\/pages\/Trimaco\/346858225385747?ref=ts","article_modified_time":"2022-03-25T14:13:50+00:00","twitter_card":"summary_large_image","twitter_site":"@trimacoinc","twitter_misc":{"Tiempo de lectura":"1 minuto"},"schema":{"@context":"https:\/\/schema.org","@graph":[{"@type":"WebPage","@id":"https:\/\/trimaco.com\/es\/carreras\/","url":"https:\/\/trimaco.com\/es\/carreras\/","name":"Carreras y Oportunidades de Trabajo - Trimaco","isPartOf":{"@id":"https:\/\/trimaco.com\/#website"},"datePublished":"2020-09-21T14:27:20+00:00","dateModified":"2022-03-25T14:13:50+00:00","description":"Echa un vistazo a las carreras actuales de Trimaco y posiciones abiertas! Valorizamos la integridad, la innovaci\u00f3n y el servicio de atenci\u00f3n al cliente.","breadcrumb":{"@id":"https:\/\/trimaco.com\/es\/carreras\/#breadcrumb"},"inLanguage":"es","potentialAction":[{"@type":"ReadAction","target":["https:\/\/trimaco.com\/es\/carreras\/"]}]},{"@type":"BreadcrumbList","@id":"https:\/\/trimaco.com\/es\/carreras\/#breadcrumb","itemListElement":[{"@type":"ListItem","position":1,"name":"Home","item":"https:\/\/trimaco.com\/"},{"@type":"ListItem","position":2,"name":"Carreras"}]},{"@type":"WebSite","@id":"https:\/\/trimaco.com\/#website","url":"https:\/\/trimaco.com\/","name":"Trimaco","description":"Total Jobsite Protection\u2122","publisher":{"@id":"https:\/\/trimaco.com\/#organization"},"potentialAction":[{"@type":"SearchAction","target":{"@type":"EntryPoint","urlTemplate":"https:\/\/trimaco.com\/?s={search_term_string}"},"query-input":{"@type":"PropertyValueSpecification","valueRequired":true,"valueName":"search_term_string"}}],"inLanguage":"es"},{"@type":"Organization","@id":"https:\/\/trimaco.com\/#organization","name":"Trimaco","url":"https:\/\/trimaco.com\/","logo":{"@type":"ImageObject","inLanguage":"es","@id":"https:\/\/trimaco.com\/#\/schema\/logo\/image\/","url":"https:\/\/trimaco.com\/wp-content\/uploads\/2016\/08\/login-logo.png","contentUrl":"https:\/\/trimaco.com\/wp-content\/uploads\/2016\/08\/login-logo.png","width":450,"height":69,"caption":"Trimaco"},"image":{"@id":"https:\/\/trimaco.com\/#\/schema\/logo\/image\/"},"sameAs":["https:\/\/www.facebook.com\/pages\/Trimaco\/346858225385747?ref=ts","https:\/\/x.com\/trimacoinc","https:\/\/www.instagram.com\/trimaco_inc\/","https:\/\/pinterest.com\/trimaco\/","https:\/\/www.youtube.com\/c\/trimacoinc"]}]}},"_links":{"self":[{"href":"https:\/\/trimaco.com\/es\/wp-json\/wp\/v2\/pages\/9841","targetHints":{"allow":["GET"]}}],"collection":[{"href":"https:\/\/trimaco.com\/es\/wp-json\/wp\/v2\/pages"}],"about":[{"href":"https:\/\/trimaco.com\/es\/wp-json\/wp\/v2\/types\/page"}],"author":[{"embeddable":true,"href":"https:\/\/trimaco.com\/es\/wp-json\/wp\/v2\/users\/9"}],"replies":[{"embeddable":true,"href":"https:\/\/trimaco.com\/es\/wp-json\/wp\/v2\/comments?post=9841"}],"version-history":[{"count":0,"href":"https:\/\/trimaco.com\/es\/wp-json\/wp\/v2\/pages\/9841\/revisions"}],"wp:attachment":[{"href":"https:\/\/trimaco.com\/es\/wp-json\/wp\/v2\/media?parent=9841"}],"curies":[{"name":"wp","href":"https:\/\/api.w.org\/{rel}","templated":true}]}}