{"id":24613,"date":"2025-07-01T17:28:13","date_gmt":"2025-07-01T21:28:13","guid":{"rendered":"https:\/\/trimaco.com\/?page_id=24613"},"modified":"2025-07-01T17:56:25","modified_gmt":"2025-07-01T21:56:25","slug":"stainless-steel-corner-guards","status":"publish","type":"page","link":"https:\/\/trimaco.com\/es\/productos\/proteccion-miscelanea-para-la-superficie\/stainless-steel-corner-guards\/","title":{"rendered":"Cantoneras de acero inoxidable"},"content":{"rendered":"<h2>Protecci\u00f3n de esquinas para paredes<\/h2>\n<p>Los protectores de esquinas de acero inoxidable de Trimaco est\u00e1n dise\u00f1ados para proteger las esquinas del desgaste diario en \u00e1reas de alto tr\u00e1fico. Ya sea que se trate de un bullicioso pasillo de hospital, un almac\u00e9n concurrido o una cocina comercial, estos protectores duraderos ayudan a evitar rasgu\u00f1os, abolladuras y da\u00f1os, manteniendo su espacio con un aspecto n\u00edtido y profesional. <\/p>\n<p>Fabricado en acero inoxidable de alta calidad, cada protector cuenta con un \u00e1ngulo preciso de 90 grados para un ajuste ce\u00f1ido y seguro. La instalaci\u00f3n es sencilla con cinta antiadherente preaplicada. Para instalar, simplemente despegue el respaldo, presione firmemente en su lugar. Para obtener los mejores resultados, aseg\u00farese de que la superficie est\u00e9 limpia y seca antes de la aplicaci\u00f3n.   <\/p>\n<p>Disponibles en tres anchos y dos opciones de altura, nuestros protectores de esquina est\u00e1n dise\u00f1ados para satisfacer las demandas de cualquier proyecto. \u00bfExplorando materiales alternativos? Descubra nuestra l\u00ednea completa de protectores de esquina, que incluye <a href=\"https:\/\/trimaco.com\/blog\/wall-corner-guards-from-trimaco\/\" target=\"_blank\">PVC<\/a> y <a href=\"https:\/\/trimaco.com\/es\/productos\/proteccion-miscelanea-para-la-superficie\/stay-put-flexible-plastic-corner-guards\/\" target=\"_blank\">opciones flexibles<\/a>.  <\/p>\n<ul>\n<li>El protector de esquinas protege las \u00e1reas de alto tr\u00e1fico de ara\u00f1azos, golpes y abolladuras<\/li>\n<li>Ideal para entornos comerciales, industriales, de alta resoluci\u00f3n y sanitarios  <\/li>\n<li>F\u00e1cil instalaci\u00f3n de pelar y pegar<\/li>\n<li>Disponible en m\u00faltiples tama\u00f1os y opciones magn\u00e9ticas<\/li>\n<ul>\n<br \/><em>Cantoneras de acero inoxidable<\/em><\/p>\n<table>\n<tbody>\n<tr>\n<th>ART\u00cdCULO #<\/th>\n<th>ANCHO<\/th>\n<th>ALTURA<\/th>\n<\/tr>\n<tr>\n<td>\n CS5142A<\/td>\n<td>1 1\/8&#8243;<\/td>\n<td>4&#8242;<\/td>\n<\/tr>\n<tr>\n<td>\n CS5143A<\/td>\n<td>2 1\/2&#8243;<\/td>\n<td>4&#8242;<\/td>\n<\/tr>\n<tr>\n<td>\n CS5144A<\/td>\n<td>3 1\/2&#8243;<\/td>\n<td>4&#8242;<\/td>\n<\/tr>\n<tr>\n<td>\n CS5182A<\/td>\n<td>1 1\/8&#8243;<\/td>\n<td>8&#8242;<\/td>\n<\/tr>\n<tr>\n<td>\n CS5183A<\/td>\n<td>2 1\/2&#8243;<\/td>\n<td>8&#8242;<\/td>\n<\/tr>\n<tr>\n<td>\n CS5184A<\/td>\n<td>3 1\/2&#8243;<\/td>\n<td>8&#8242;<\/td>\n<\/tr>\n<\/tbody>\n<\/table>\n<p><em>Cantoneras magn\u00e9ticas de acero inoxidable<\/em><\/p>\n<table>\n<tbody>\n<tr>\n<th>ART\u00cdCULO #<\/th>\n<th>ANCHO<\/th>\n<th>ALTURA<\/th>\n<\/tr>\n<tr>\n<td>\n CS5242A<\/td>\n<td>1 1\/8&#8243;<\/td>\n<td>4&#8242;<\/td>\n<\/tr>\n<tr>\n<td>\n CS5243A<\/td>\n<td>2 1\/2&#8243;<\/td>\n<td>4&#8242;<\/td>\n<\/tr>\n<tr>\n<td>\n CS5244A<\/td>\n<td>3 1\/2&#8243;<\/td>\n<td>4&#8242;<\/td>\n<\/tr>\n<tr>\n<td>\n CS5282A<\/td>\n<td>1 1\/8&#8243;<\/td>\n<td>8&#8242;<\/td>\n<\/tr>\n<tr>\n<td>\n CS5283A<\/td>\n<td>2 1\/2&#8243;<\/td>\n<td>8&#8242;<\/td>\n<\/tr>\n<\/tbody>\n<\/table>\n","protected":false},"excerpt":{"rendered":"<p>Protecci\u00f3n de esquinas para paredes Los protectores de esquinas de acero inoxidable de Trimaco est\u00e1n dise\u00f1ados para proteger las esquinas del desgaste diario en \u00e1reas de alto tr\u00e1fico. Ya sea que se trate de un<a class=\"read-more\" href=\"https:\/\/trimaco.com\/es\/productos\/proteccion-miscelanea-para-la-superficie\/stainless-steel-corner-guards\/\"> &#8230;Continue Reading<\/a><\/p>\n","protected":false},"author":9,"featured_media":24521,"parent":16466,"menu_order":0,"comment_status":"closed","ping_status":"closed","template":"page_products-grandchild.php","meta":{"_acf_changed":false,"footnotes":""},"class_list":["post-24613","page","type-page","status-publish","has-post-thumbnail","hentry"],"acf":[],"yoast_head":"<!-- This site is optimized with the Yoast SEO plugin v27.4 - https:\/\/yoast.com\/product\/yoast-seo-wordpress\/ -->\n<title>Cantoneras de acero inoxidable - Trimaco<\/title>\n<meta name=\"description\" content=\"Proteja las esquinas con los protectores de esquina de acero inoxidable de Trimaco: duraderos, f\u00e1ciles de instalar e ideales para espacios comerciales de alto tr\u00e1fico.\" \/>\n<meta name=\"robots\" content=\"index, follow, max-snippet:-1, max-image-preview:large, max-video-preview:-1\" \/>\n<link rel=\"canonical\" href=\"https:\/\/trimaco.com\/es\/productos\/proteccion-miscelanea-para-la-superficie\/stainless-steel-corner-guards\/\" \/>\n<meta property=\"og:locale\" content=\"es_ES\" \/>\n<meta property=\"og:type\" content=\"article\" \/>\n<meta property=\"og:title\" content=\"Cantoneras de acero inoxidable - Trimaco\" \/>\n<meta property=\"og:description\" content=\"Proteja las esquinas con los protectores de esquina de acero inoxidable de Trimaco: duraderos, f\u00e1ciles de instalar e ideales para espacios comerciales de alto tr\u00e1fico.\" \/>\n<meta property=\"og:url\" content=\"https:\/\/trimaco.com\/es\/productos\/proteccion-miscelanea-para-la-superficie\/stainless-steel-corner-guards\/\" \/>\n<meta property=\"og:site_name\" content=\"Trimaco\" \/>\n<meta property=\"article:publisher\" content=\"https:\/\/www.facebook.com\/pages\/Trimaco\/346858225385747?ref=ts\" \/>\n<meta property=\"article:modified_time\" content=\"2025-07-01T21:56:25+00:00\" \/>\n<meta property=\"og:image\" content=\"https:\/\/trimaco.com\/wp-content\/uploads\/2025\/06\/CS5144A_CS5184A_CS5244A_action1.jpg\" \/>\n\t<meta property=\"og:image:width\" content=\"300\" \/>\n\t<meta property=\"og:image:height\" content=\"300\" \/>\n\t<meta property=\"og:image:type\" content=\"image\/jpeg\" \/>\n<meta name=\"twitter:card\" content=\"summary_large_image\" \/>\n<meta name=\"twitter:site\" content=\"@trimacoinc\" \/>\n<meta name=\"twitter:label1\" content=\"Tiempo de lectura\" \/>\n\t<meta name=\"twitter:data1\" content=\"2 minutos\" \/>\n<!-- \/ Yoast SEO plugin. -->","yoast_head_json":{"title":"Cantoneras de acero inoxidable - Trimaco","description":"Proteja las esquinas con los protectores de esquina de acero inoxidable de Trimaco: duraderos, f\u00e1ciles de instalar e ideales para espacios comerciales de alto tr\u00e1fico.","robots":{"index":"index","follow":"follow","max-snippet":"max-snippet:-1","max-image-preview":"max-image-preview:large","max-video-preview":"max-video-preview:-1"},"canonical":"https:\/\/trimaco.com\/es\/productos\/proteccion-miscelanea-para-la-superficie\/stainless-steel-corner-guards\/","og_locale":"es_ES","og_type":"article","og_title":"Cantoneras de acero inoxidable - Trimaco","og_description":"Proteja las esquinas con los protectores de esquina de acero inoxidable de Trimaco: duraderos, f\u00e1ciles de instalar e ideales para espacios comerciales de alto tr\u00e1fico.","og_url":"https:\/\/trimaco.com\/es\/productos\/proteccion-miscelanea-para-la-superficie\/stainless-steel-corner-guards\/","og_site_name":"Trimaco","article_publisher":"https:\/\/www.facebook.com\/pages\/Trimaco\/346858225385747?ref=ts","article_modified_time":"2025-07-01T21:56:25+00:00","og_image":[{"width":300,"height":300,"url":"https:\/\/trimaco.com\/wp-content\/uploads\/2025\/06\/CS5144A_CS5184A_CS5244A_action1.jpg","type":"image\/jpeg"}],"twitter_card":"summary_large_image","twitter_site":"@trimacoinc","twitter_misc":{"Tiempo de lectura":"2 minutos"},"schema":{"@context":"https:\/\/schema.org","@graph":[{"@type":"WebPage","@id":"https:\/\/trimaco.com\/es\/productos\/proteccion-miscelanea-para-la-superficie\/stainless-steel-corner-guards\/","url":"https:\/\/trimaco.com\/es\/productos\/proteccion-miscelanea-para-la-superficie\/stainless-steel-corner-guards\/","name":"Cantoneras de acero inoxidable - Trimaco","isPartOf":{"@id":"https:\/\/trimaco.com\/#website"},"primaryImageOfPage":{"@id":"https:\/\/trimaco.com\/es\/productos\/proteccion-miscelanea-para-la-superficie\/stainless-steel-corner-guards\/#primaryimage"},"image":{"@id":"https:\/\/trimaco.com\/es\/productos\/proteccion-miscelanea-para-la-superficie\/stainless-steel-corner-guards\/#primaryimage"},"thumbnailUrl":"https:\/\/trimaco.com\/wp-content\/uploads\/2025\/06\/CS5144A_CS5184A_CS5244A_action1.jpg","datePublished":"2025-07-01T21:28:13+00:00","dateModified":"2025-07-01T21:56:25+00:00","description":"Proteja las esquinas con los protectores de esquina de acero inoxidable de Trimaco: duraderos, f\u00e1ciles de instalar e ideales para espacios comerciales de alto tr\u00e1fico.","breadcrumb":{"@id":"https:\/\/trimaco.com\/es\/productos\/proteccion-miscelanea-para-la-superficie\/stainless-steel-corner-guards\/#breadcrumb"},"inLanguage":"es","potentialAction":[{"@type":"ReadAction","target":["https:\/\/trimaco.com\/es\/productos\/proteccion-miscelanea-para-la-superficie\/stainless-steel-corner-guards\/"]}]},{"@type":"ImageObject","inLanguage":"es","@id":"https:\/\/trimaco.com\/es\/productos\/proteccion-miscelanea-para-la-superficie\/stainless-steel-corner-guards\/#primaryimage","url":"https:\/\/trimaco.com\/wp-content\/uploads\/2025\/06\/CS5144A_CS5184A_CS5244A_action1.jpg","contentUrl":"https:\/\/trimaco.com\/wp-content\/uploads\/2025\/06\/CS5144A_CS5184A_CS5244A_action1.jpg","width":300,"height":300,"caption":"stainless steel corner guard out of package"},{"@type":"BreadcrumbList","@id":"https:\/\/trimaco.com\/es\/productos\/proteccion-miscelanea-para-la-superficie\/stainless-steel-corner-guards\/#breadcrumb","itemListElement":[{"@type":"ListItem","position":1,"name":"Home","item":"https:\/\/trimaco.com\/"},{"@type":"ListItem","position":2,"name":"Productos","item":"https:\/\/trimaco.com\/es\/productos\/"},{"@type":"ListItem","position":3,"name":"Protecci\u00f3n miscel\u00e1nea para la superficie","item":"https:\/\/trimaco.com\/products\/misc-surface-protection\/"},{"@type":"ListItem","position":4,"name":"Cantoneras de acero inoxidable"}]},{"@type":"WebSite","@id":"https:\/\/trimaco.com\/#website","url":"https:\/\/trimaco.com\/","name":"Trimaco","description":"Total Jobsite Protection\u2122","publisher":{"@id":"https:\/\/trimaco.com\/#organization"},"potentialAction":[{"@type":"SearchAction","target":{"@type":"EntryPoint","urlTemplate":"https:\/\/trimaco.com\/?s={search_term_string}"},"query-input":{"@type":"PropertyValueSpecification","valueRequired":true,"valueName":"search_term_string"}}],"inLanguage":"es"},{"@type":"Organization","@id":"https:\/\/trimaco.com\/#organization","name":"Trimaco","url":"https:\/\/trimaco.com\/","logo":{"@type":"ImageObject","inLanguage":"es","@id":"https:\/\/trimaco.com\/#\/schema\/logo\/image\/","url":"https:\/\/trimaco.com\/wp-content\/uploads\/2016\/08\/login-logo.png","contentUrl":"https:\/\/trimaco.com\/wp-content\/uploads\/2016\/08\/login-logo.png","width":450,"height":69,"caption":"Trimaco"},"image":{"@id":"https:\/\/trimaco.com\/#\/schema\/logo\/image\/"},"sameAs":["https:\/\/www.facebook.com\/pages\/Trimaco\/346858225385747?ref=ts","https:\/\/x.com\/trimacoinc","https:\/\/www.instagram.com\/trimaco_inc\/","https:\/\/pinterest.com\/trimaco\/","https:\/\/www.youtube.com\/c\/trimacoinc"]}]}},"_links":{"self":[{"href":"https:\/\/trimaco.com\/es\/wp-json\/wp\/v2\/pages\/24613","targetHints":{"allow":["GET"]}}],"collection":[{"href":"https:\/\/trimaco.com\/es\/wp-json\/wp\/v2\/pages"}],"about":[{"href":"https:\/\/trimaco.com\/es\/wp-json\/wp\/v2\/types\/page"}],"author":[{"embeddable":true,"href":"https:\/\/trimaco.com\/es\/wp-json\/wp\/v2\/users\/9"}],"replies":[{"embeddable":true,"href":"https:\/\/trimaco.com\/es\/wp-json\/wp\/v2\/comments?post=24613"}],"version-history":[{"count":0,"href":"https:\/\/trimaco.com\/es\/wp-json\/wp\/v2\/pages\/24613\/revisions"}],"up":[{"embeddable":true,"href":"https:\/\/trimaco.com\/es\/wp-json\/wp\/v2\/pages\/16466"}],"wp:featuredmedia":[{"embeddable":true,"href":"https:\/\/trimaco.com\/es\/wp-json\/wp\/v2\/media\/24521"}],"wp:attachment":[{"href":"https:\/\/trimaco.com\/es\/wp-json\/wp\/v2\/media?parent=24613"}],"curies":[{"name":"wp","href":"https:\/\/api.w.org\/{rel}","templated":true}]}}