{"id":19445,"date":"2023-02-01T10:30:47","date_gmt":"2023-02-01T14:30:47","guid":{"rendered":"https:\/\/trimaco.wpengine.com\/?page_id=19445"},"modified":"2024-09-05T13:13:19","modified_gmt":"2024-09-05T17:13:19","slug":"trimaco-e-z-up-magnetic-peel-stick-zipper","status":"publish","type":"page","link":"https:\/\/trimaco.com\/es\/productos\/sistemas-de-contencion-de-polvo-soluciones\/trimaco-e-z-up-magnetic-peel-stick-zipper\/","title":{"rendered":"Trimaco E-Z Up\u00ae Pelador Magn\u00e9tico + Cremallera Stick"},"content":{"rendered":"<h2>Cremallera para unidades de contenci\u00f3n de polvo<\/h2>\n<p>Cuando se usa con l\u00e1minas de pl\u00e1stico y la cinta adhesiva de doble cara incluida, la cremallera magn\u00e9tica de Trimaco crea una unidad de contenci\u00f3n de polvo instant\u00e1nea. La cremallera magn\u00e9tica crea una entrada de cierre autom\u00e1tico, lo que permite que sus manos lleven escaleras, herramientas y <a href=\"https:\/\/trimaco.com\/products\/heavy-duty-surface-protection\/\">productos de protecci\u00f3n de superficies<\/a> dentro y fuera del sistema de contenci\u00f3n de polvo. No hay necesidad de perder el tiempo deteni\u00e9ndose y dejando caer sus herramientas. De hecho, la cremallera magn\u00e9tica hace que la entrada y salida del lugar de trabajo sea <a href=\"https:\/\/youtu.be\/XHRt2_uY53c\">3 veces m\u00e1s r\u00e1pida que una cremallera tradicional<\/a>. <\/p>\n<p>Para instalarlo, aplique <a href=\"https:\/\/trimaco.com\/es\/products\/dust-containment\/e-z-double-sided-tape\/\">la cinta adhesiva de doble cara E-Z Up\u00ae de Trimaco<\/a> en la parte posterior de la cremallera magn\u00e9tica, retire la cinta de liberaci\u00f3n y presione lentamente sobre l\u00e1minas de pl\u00e1stico, vinilo o lona. Corta el material pl\u00e1stico entre la cremallera para crear una entrada. Ideal para aplicaciones dom\u00e9sticas, de construcci\u00f3n, de restauraci\u00f3n de desastres y marinas.<\/p>\n<p>\u00daselo con nuestros <a href=\"https:\/\/trimaco.com\/es\/products\/dust-containment\/dust-containment-poles-12ft\/\">postes E-Z Up<\/a> para crear una barrera contra el polvo completa en el lugar de trabajo. <a href=\"https:\/\/trimaco.com\/es\/products\/dust-containment\/\">\u00a1Obtenga m\u00e1s informaci\u00f3n<\/a> sobre todos los postes E-Z Up y los accesorios de la unidad de contenci\u00f3n de polvo de Trimaco!<\/p>\n<ul>\n<li>Crea una puerta de manos libres instant\u00e1nea<\/li>\n<li>Cremallera de contenci\u00f3n de polvo de cierre autom\u00e1tico<\/li>\n<li>La cremallera se puede aplicar a l\u00e1minas de pl\u00e1stico, vinilo y lonas<\/li>\n<li>Mide 2.25&#8242; x 6.66&#8242;<\/li>\n<\/ul>\n<p><em>Trimaco E-Z Up\u00ae Peeling Magn\u00e9tico + Cremallera Stick<\/em><\/p>\n<table>\n<tbody>\n<tr>\n<th># DE ART\u00cdCULO<\/th>\n<th>PAQUETE DE<\/th>\n<th>TAMA\u00d1O<\/th>\n<\/tr>\n<tr>\n<td>06188<\/td>\n<td>4\/caja<\/td>\n<td>2.25&#8243; x 6.7&#8242;<\/td>\n<\/tr>\n<\/tbody>\n<\/table>\n","protected":false},"excerpt":{"rendered":"<p>Utilizada con l\u00e1minas de pl\u00e1stico y cinta adhesiva de doble cara, la cremallera magn\u00e9tica Trimaco Magnetic Peel + Stick ayuda a crear unidades r\u00e1pidas de contenci\u00f3n de polvo.<\/p>\n","protected":false},"author":9,"featured_media":19511,"parent":14093,"menu_order":0,"comment_status":"closed","ping_status":"closed","template":"page_products-grandchild.php","meta":{"_acf_changed":false,"footnotes":""},"class_list":["post-19445","page","type-page","status-publish","has-post-thumbnail","hentry"],"acf":[],"yoast_head":"<!-- This site is optimized with the Yoast SEO plugin v27.3 - https:\/\/yoast.com\/product\/yoast-seo-wordpress\/ -->\n<title>Trimaco E-Z Up\u00ae Pelador Magn\u00e9tico + Cremallera Stick - Trimaco<\/title>\n<meta name=\"description\" content=\"Utilizada con l\u00e1minas de pl\u00e1stico y cinta adhesiva de doble cara, la cremallera magn\u00e9tica Trimaco Magnetic Peel + Stick ayuda a crear unidades r\u00e1pidas de contenci\u00f3n de polvo.\" \/>\n<meta name=\"robots\" content=\"index, follow, max-snippet:-1, max-image-preview:large, max-video-preview:-1\" \/>\n<link rel=\"canonical\" href=\"https:\/\/trimaco.com\/es\/productos\/sistemas-de-contencion-de-polvo-soluciones\/trimaco-e-z-up-magnetic-peel-stick-zipper\/\" \/>\n<meta property=\"og:locale\" content=\"es_ES\" \/>\n<meta property=\"og:type\" content=\"article\" \/>\n<meta property=\"og:title\" content=\"Trimaco E-Z Up\u00ae Pelador Magn\u00e9tico + Cremallera Stick - Trimaco\" \/>\n<meta property=\"og:description\" content=\"Utilizada con l\u00e1minas de pl\u00e1stico y cinta adhesiva de doble cara, la cremallera magn\u00e9tica Trimaco Magnetic Peel + Stick ayuda a crear unidades r\u00e1pidas de contenci\u00f3n de polvo.\" \/>\n<meta property=\"og:url\" content=\"https:\/\/trimaco.com\/es\/productos\/sistemas-de-contencion-de-polvo-soluciones\/trimaco-e-z-up-magnetic-peel-stick-zipper\/\" \/>\n<meta property=\"og:site_name\" content=\"Trimaco\" \/>\n<meta property=\"article:publisher\" content=\"https:\/\/www.facebook.com\/pages\/Trimaco\/346858225385747?ref=ts\" \/>\n<meta property=\"article:modified_time\" content=\"2024-09-05T17:13:19+00:00\" \/>\n<meta property=\"og:image\" content=\"https:\/\/trimaco.com\/wp-content\/uploads\/2023\/02\/EZUP_MagneticZipper_action_3_sq-500x500-1.jpg\" \/>\n\t<meta property=\"og:image:width\" content=\"500\" \/>\n\t<meta property=\"og:image:height\" content=\"500\" \/>\n\t<meta property=\"og:image:type\" content=\"image\/jpeg\" \/>\n<meta name=\"twitter:card\" content=\"summary_large_image\" \/>\n<meta name=\"twitter:site\" content=\"@trimacoinc\" \/>\n<meta name=\"twitter:label1\" content=\"Tiempo de lectura\" \/>\n\t<meta name=\"twitter:data1\" content=\"2 minutos\" \/>\n<!-- \/ Yoast SEO plugin. -->","yoast_head_json":{"title":"Trimaco E-Z Up\u00ae Pelador Magn\u00e9tico + Cremallera Stick - Trimaco","description":"Utilizada con l\u00e1minas de pl\u00e1stico y cinta adhesiva de doble cara, la cremallera magn\u00e9tica Trimaco Magnetic Peel + Stick ayuda a crear unidades r\u00e1pidas de contenci\u00f3n de polvo.","robots":{"index":"index","follow":"follow","max-snippet":"max-snippet:-1","max-image-preview":"max-image-preview:large","max-video-preview":"max-video-preview:-1"},"canonical":"https:\/\/trimaco.com\/es\/productos\/sistemas-de-contencion-de-polvo-soluciones\/trimaco-e-z-up-magnetic-peel-stick-zipper\/","og_locale":"es_ES","og_type":"article","og_title":"Trimaco E-Z Up\u00ae Pelador Magn\u00e9tico + Cremallera Stick - Trimaco","og_description":"Utilizada con l\u00e1minas de pl\u00e1stico y cinta adhesiva de doble cara, la cremallera magn\u00e9tica Trimaco Magnetic Peel + Stick ayuda a crear unidades r\u00e1pidas de contenci\u00f3n de polvo.","og_url":"https:\/\/trimaco.com\/es\/productos\/sistemas-de-contencion-de-polvo-soluciones\/trimaco-e-z-up-magnetic-peel-stick-zipper\/","og_site_name":"Trimaco","article_publisher":"https:\/\/www.facebook.com\/pages\/Trimaco\/346858225385747?ref=ts","article_modified_time":"2024-09-05T17:13:19+00:00","og_image":[{"width":500,"height":500,"url":"https:\/\/trimaco.com\/wp-content\/uploads\/2023\/02\/EZUP_MagneticZipper_action_3_sq-500x500-1.jpg","type":"image\/jpeg"}],"twitter_card":"summary_large_image","twitter_site":"@trimacoinc","twitter_misc":{"Tiempo de lectura":"2 minutos"},"schema":{"@context":"https:\/\/schema.org","@graph":[{"@type":"WebPage","@id":"https:\/\/trimaco.com\/es\/productos\/sistemas-de-contencion-de-polvo-soluciones\/trimaco-e-z-up-magnetic-peel-stick-zipper\/","url":"https:\/\/trimaco.com\/es\/productos\/sistemas-de-contencion-de-polvo-soluciones\/trimaco-e-z-up-magnetic-peel-stick-zipper\/","name":"Trimaco E-Z Up\u00ae Pelador Magn\u00e9tico + Cremallera Stick - Trimaco","isPartOf":{"@id":"https:\/\/trimaco.com\/#website"},"primaryImageOfPage":{"@id":"https:\/\/trimaco.com\/es\/productos\/sistemas-de-contencion-de-polvo-soluciones\/trimaco-e-z-up-magnetic-peel-stick-zipper\/#primaryimage"},"image":{"@id":"https:\/\/trimaco.com\/es\/productos\/sistemas-de-contencion-de-polvo-soluciones\/trimaco-e-z-up-magnetic-peel-stick-zipper\/#primaryimage"},"thumbnailUrl":"https:\/\/trimaco.com\/wp-content\/uploads\/2023\/02\/EZUP_MagneticZipper_action_3_sq-500x500-1.jpg","datePublished":"2023-02-01T14:30:47+00:00","dateModified":"2024-09-05T17:13:19+00:00","description":"Utilizada con l\u00e1minas de pl\u00e1stico y cinta adhesiva de doble cara, la cremallera magn\u00e9tica Trimaco Magnetic Peel + Stick ayuda a crear unidades r\u00e1pidas de contenci\u00f3n de polvo.","breadcrumb":{"@id":"https:\/\/trimaco.com\/es\/productos\/sistemas-de-contencion-de-polvo-soluciones\/trimaco-e-z-up-magnetic-peel-stick-zipper\/#breadcrumb"},"inLanguage":"es","potentialAction":[{"@type":"ReadAction","target":["https:\/\/trimaco.com\/es\/productos\/sistemas-de-contencion-de-polvo-soluciones\/trimaco-e-z-up-magnetic-peel-stick-zipper\/"]}]},{"@type":"ImageObject","inLanguage":"es","@id":"https:\/\/trimaco.com\/es\/productos\/sistemas-de-contencion-de-polvo-soluciones\/trimaco-e-z-up-magnetic-peel-stick-zipper\/#primaryimage","url":"https:\/\/trimaco.com\/wp-content\/uploads\/2023\/02\/EZUP_MagneticZipper_action_3_sq-500x500-1.jpg","contentUrl":"https:\/\/trimaco.com\/wp-content\/uploads\/2023\/02\/EZUP_MagneticZipper_action_3_sq-500x500-1.jpg","width":500,"height":500,"caption":"magnetic zipper"},{"@type":"BreadcrumbList","@id":"https:\/\/trimaco.com\/es\/productos\/sistemas-de-contencion-de-polvo-soluciones\/trimaco-e-z-up-magnetic-peel-stick-zipper\/#breadcrumb","itemListElement":[{"@type":"ListItem","position":1,"name":"Home","item":"https:\/\/trimaco.com\/"},{"@type":"ListItem","position":2,"name":"Productos","item":"https:\/\/trimaco.com\/es\/productos\/"},{"@type":"ListItem","position":3,"name":"Sistemas de contenci\u00f3n de polvo","item":"https:\/\/trimaco.com\/es\/productos\/sistemas-de-contencion-de-polvo-soluciones\/"},{"@type":"ListItem","position":4,"name":"Trimaco E-Z Up\u00ae Pelador Magn\u00e9tico + Cremallera Stick"}]},{"@type":"WebSite","@id":"https:\/\/trimaco.com\/#website","url":"https:\/\/trimaco.com\/","name":"Trimaco","description":"Total Jobsite Protection\u2122","publisher":{"@id":"https:\/\/trimaco.com\/#organization"},"potentialAction":[{"@type":"SearchAction","target":{"@type":"EntryPoint","urlTemplate":"https:\/\/trimaco.com\/?s={search_term_string}"},"query-input":{"@type":"PropertyValueSpecification","valueRequired":true,"valueName":"search_term_string"}}],"inLanguage":"es"},{"@type":"Organization","@id":"https:\/\/trimaco.com\/#organization","name":"Trimaco","url":"https:\/\/trimaco.com\/","logo":{"@type":"ImageObject","inLanguage":"es","@id":"https:\/\/trimaco.com\/#\/schema\/logo\/image\/","url":"https:\/\/trimaco.com\/wp-content\/uploads\/2016\/08\/login-logo.png","contentUrl":"https:\/\/trimaco.com\/wp-content\/uploads\/2016\/08\/login-logo.png","width":450,"height":69,"caption":"Trimaco"},"image":{"@id":"https:\/\/trimaco.com\/#\/schema\/logo\/image\/"},"sameAs":["https:\/\/www.facebook.com\/pages\/Trimaco\/346858225385747?ref=ts","https:\/\/x.com\/trimacoinc","https:\/\/www.instagram.com\/trimaco_inc\/","https:\/\/pinterest.com\/trimaco\/","https:\/\/www.youtube.com\/c\/trimacoinc"]}]}},"_links":{"self":[{"href":"https:\/\/trimaco.com\/es\/wp-json\/wp\/v2\/pages\/19445","targetHints":{"allow":["GET"]}}],"collection":[{"href":"https:\/\/trimaco.com\/es\/wp-json\/wp\/v2\/pages"}],"about":[{"href":"https:\/\/trimaco.com\/es\/wp-json\/wp\/v2\/types\/page"}],"author":[{"embeddable":true,"href":"https:\/\/trimaco.com\/es\/wp-json\/wp\/v2\/users\/9"}],"replies":[{"embeddable":true,"href":"https:\/\/trimaco.com\/es\/wp-json\/wp\/v2\/comments?post=19445"}],"version-history":[{"count":0,"href":"https:\/\/trimaco.com\/es\/wp-json\/wp\/v2\/pages\/19445\/revisions"}],"up":[{"embeddable":true,"href":"https:\/\/trimaco.com\/es\/wp-json\/wp\/v2\/pages\/14093"}],"wp:featuredmedia":[{"embeddable":true,"href":"https:\/\/trimaco.com\/es\/wp-json\/wp\/v2\/media\/19511"}],"wp:attachment":[{"href":"https:\/\/trimaco.com\/es\/wp-json\/wp\/v2\/media?parent=19445"}],"curies":[{"name":"wp","href":"https:\/\/api.w.org\/{rel}","templated":true}]}}