{"id":18155,"date":"2022-03-16T14:46:10","date_gmt":"2022-03-16T18:46:10","guid":{"rendered":"https:\/\/trimaco.wpengine.com\/productos\/papel-de-suelo\/easy-mask-brown-liner-paper\/"},"modified":"2024-04-08T16:56:56","modified_gmt":"2024-04-08T20:56:56","slug":"easy-mask-brown-liner-paper","status":"publish","type":"page","link":"https:\/\/trimaco.com\/es\/productos\/papel-de-suelo\/easy-mask-brown-liner-paper\/","title":{"rendered":"Easy Mask\u00ae Papel de Estraza"},"content":{"rendered":"<h2>Papel de protecci\u00f3n de suelo<\/h2>\n<p>El papel caf\u00e9 para recubrir Easy Mask\u00ae de Trimaco es un protector de suelo temporal. Este papel para pisos se puede usar como barrera contra la humedad, una capa inferior en proyectos de pisos o techos y como protecci\u00f3n de superficies durante proyectos de pintura y remodelaci\u00f3n.<\/p>\n<p>El papel caf\u00e9 para recubrir es una gran alternativa al papel de colofonia roja tradicional, pero no incluye tinte. Los rollos de papel caf\u00e9 son f\u00e1ciles de usar y son una opci\u00f3n econ\u00f3mica y est\u00e1n orgullosamente hechos en los Estados Unidos. El papel para pisos tambi\u00e9n se puede usar para proteger mesones de cocina, gabinetes y otras superficies planas. Explore la l\u00ednea completa de <a href=\"https:\/\/trimaco.com\/es\/productos\/papel-de-suelo\/\">papel para pisos<\/a> de Trimaco, que incluye <a href=\"https:\/\/trimaco.com\/es\/productos\/papel-de-suelo\/papel-de-constructor-para-proteccion-de-suelos\/\">Papel de constructor<\/a>, <a href=\"https:\/\/trimaco.com\/es\/productos\/papel-de-suelo\/papel-de-suelo-de-resina-rojo-y-cafe\/\">Papel de colofonia caf\u00e9<\/a> y <a href=\"https:\/\/trimaco.com\/es\/productos\/papel-de-suelo\/papel-reforzado\/\">caf\u00e9 Kraft reforzado<\/a>. <\/p>\n<ul>\n<li>Los rollos de papel caf\u00e9 est\u00e1n disponibles en 2 tama\u00f1os<\/li>\n<li>El papel de protecci\u00f3n de superficies es f\u00e1cil de instalar<\/li>\n<li>Protecci\u00f3n econ\u00f3mica para superficies<\/li>\n<li>Hecho en los EE.UU.<\/li>\n<\/ul>\n<p><em>Papel caf\u00e9 para recubrir<\/em><\/p>\n<table>\n<tbody>\n<tr>\n<th># DE ART\u00cdCULO<\/th>\n<th>PAQUETE DE<\/th>\n<th>TAMA\u00d1O<\/th>\n<\/tr>\n<tr>\n<td>L3536144<\/td>\n<td>63 rollos\/pallet<\/td>\n<td>36&#8243; x 144&#8242;<\/td>\n<\/tr>\n<tr>\n<td>L3572144<\/td>\n<td><\/td>\n<td>72&#8243; x 144&#8242;<\/td>\n<\/tr>\n<\/tbody>\n<\/table>\n","protected":false},"excerpt":{"rendered":"<p>El papel caf\u00e9 para recubrir Easy Mask\u00ae de Trimaco es un protector temporal para suelos.<\/p>\n","protected":false},"author":9,"featured_media":16841,"parent":13505,"menu_order":5,"comment_status":"closed","ping_status":"closed","template":"page_products-grandchild.php","meta":{"_acf_changed":false,"footnotes":""},"class_list":["post-18155","page","type-page","status-publish","has-post-thumbnail","hentry"],"acf":[],"yoast_head":"<!-- This site is optimized with the Yoast SEO plugin v27.3 - https:\/\/yoast.com\/product\/yoast-seo-wordpress\/ -->\n<title>Easy Mask\u00ae Papel de Estraza - Protecci\u00f3n Temporaria<\/title>\n<meta name=\"description\" content=\"Easy Mask\u00ae papel de estraza proporciona protecci\u00f3n temporal de qualquier superficie. Los rollos de papel marr\u00f3n son una opci\u00f3n econ\u00f3mica.\" \/>\n<meta name=\"robots\" content=\"index, follow, max-snippet:-1, max-image-preview:large, max-video-preview:-1\" \/>\n<link rel=\"canonical\" href=\"https:\/\/trimaco.com\/es\/productos\/papel-de-suelo\/easy-mask-brown-liner-paper\/\" \/>\n<meta property=\"og:locale\" content=\"es_ES\" \/>\n<meta property=\"og:type\" content=\"article\" \/>\n<meta property=\"og:title\" content=\"Easy Mask\u00ae Papel de Estraza - Protecci\u00f3n Temporaria\" \/>\n<meta property=\"og:description\" content=\"Easy Mask\u00ae papel de estraza proporciona protecci\u00f3n temporal de qualquier superficie. Los rollos de papel marr\u00f3n son una opci\u00f3n econ\u00f3mica.\" \/>\n<meta property=\"og:url\" content=\"https:\/\/trimaco.com\/es\/productos\/papel-de-suelo\/easy-mask-brown-liner-paper\/\" \/>\n<meta property=\"og:site_name\" content=\"Trimaco\" \/>\n<meta property=\"article:publisher\" content=\"https:\/\/www.facebook.com\/pages\/Trimaco\/346858225385747?ref=ts\" \/>\n<meta property=\"article:modified_time\" content=\"2024-04-08T20:56:56+00:00\" \/>\n<meta property=\"og:image\" content=\"https:\/\/trimaco.com\/wp-content\/uploads\/2016\/11\/builderspaper-2.jpg\" \/>\n\t<meta property=\"og:image:width\" content=\"1000\" \/>\n\t<meta property=\"og:image:height\" content=\"1000\" \/>\n\t<meta property=\"og:image:type\" content=\"image\/jpeg\" \/>\n<meta name=\"twitter:card\" content=\"summary_large_image\" \/>\n<meta name=\"twitter:site\" content=\"@trimacoinc\" \/>\n<meta name=\"twitter:label1\" content=\"Tiempo de lectura\" \/>\n\t<meta name=\"twitter:data1\" content=\"1 minuto\" \/>\n<!-- \/ Yoast SEO plugin. -->","yoast_head_json":{"title":"Easy Mask\u00ae Papel de Estraza - Protecci\u00f3n Temporaria","description":"Easy Mask\u00ae papel de estraza proporciona protecci\u00f3n temporal de qualquier superficie. Los rollos de papel marr\u00f3n son una opci\u00f3n econ\u00f3mica.","robots":{"index":"index","follow":"follow","max-snippet":"max-snippet:-1","max-image-preview":"max-image-preview:large","max-video-preview":"max-video-preview:-1"},"canonical":"https:\/\/trimaco.com\/es\/productos\/papel-de-suelo\/easy-mask-brown-liner-paper\/","og_locale":"es_ES","og_type":"article","og_title":"Easy Mask\u00ae Papel de Estraza - Protecci\u00f3n Temporaria","og_description":"Easy Mask\u00ae papel de estraza proporciona protecci\u00f3n temporal de qualquier superficie. Los rollos de papel marr\u00f3n son una opci\u00f3n econ\u00f3mica.","og_url":"https:\/\/trimaco.com\/es\/productos\/papel-de-suelo\/easy-mask-brown-liner-paper\/","og_site_name":"Trimaco","article_publisher":"https:\/\/www.facebook.com\/pages\/Trimaco\/346858225385747?ref=ts","article_modified_time":"2024-04-08T20:56:56+00:00","og_image":[{"width":1000,"height":1000,"url":"https:\/\/trimaco.com\/wp-content\/uploads\/2016\/11\/builderspaper-2.jpg","type":"image\/jpeg"}],"twitter_card":"summary_large_image","twitter_site":"@trimacoinc","twitter_misc":{"Tiempo de lectura":"1 minuto"},"schema":{"@context":"https:\/\/schema.org","@graph":[{"@type":"WebPage","@id":"https:\/\/trimaco.com\/es\/productos\/papel-de-suelo\/easy-mask-brown-liner-paper\/","url":"https:\/\/trimaco.com\/es\/productos\/papel-de-suelo\/easy-mask-brown-liner-paper\/","name":"Easy Mask\u00ae Papel de Estraza - Protecci\u00f3n Temporaria","isPartOf":{"@id":"https:\/\/trimaco.com\/#website"},"primaryImageOfPage":{"@id":"https:\/\/trimaco.com\/es\/productos\/papel-de-suelo\/easy-mask-brown-liner-paper\/#primaryimage"},"image":{"@id":"https:\/\/trimaco.com\/es\/productos\/papel-de-suelo\/easy-mask-brown-liner-paper\/#primaryimage"},"thumbnailUrl":"https:\/\/trimaco.com\/wp-content\/uploads\/2016\/11\/builderspaper-2.jpg","datePublished":"2022-03-16T18:46:10+00:00","dateModified":"2024-04-08T20:56:56+00:00","description":"Easy Mask\u00ae papel de estraza proporciona protecci\u00f3n temporal de qualquier superficie. Los rollos de papel marr\u00f3n son una opci\u00f3n econ\u00f3mica.","breadcrumb":{"@id":"https:\/\/trimaco.com\/es\/productos\/papel-de-suelo\/easy-mask-brown-liner-paper\/#breadcrumb"},"inLanguage":"es","potentialAction":[{"@type":"ReadAction","target":["https:\/\/trimaco.com\/es\/productos\/papel-de-suelo\/easy-mask-brown-liner-paper\/"]}]},{"@type":"ImageObject","inLanguage":"es","@id":"https:\/\/trimaco.com\/es\/productos\/papel-de-suelo\/easy-mask-brown-liner-paper\/#primaryimage","url":"https:\/\/trimaco.com\/wp-content\/uploads\/2016\/11\/builderspaper-2.jpg","contentUrl":"https:\/\/trimaco.com\/wp-content\/uploads\/2016\/11\/builderspaper-2.jpg","width":1000,"height":1000,"caption":"brown paper rolls"},{"@type":"BreadcrumbList","@id":"https:\/\/trimaco.com\/es\/productos\/papel-de-suelo\/easy-mask-brown-liner-paper\/#breadcrumb","itemListElement":[{"@type":"ListItem","position":1,"name":"Home","item":"https:\/\/trimaco.com\/"},{"@type":"ListItem","position":2,"name":"Productos","item":"https:\/\/trimaco.com\/es\/productos\/"},{"@type":"ListItem","position":3,"name":"Papel de suelo","item":"https:\/\/trimaco.com\/es\/productos\/papel-de-suelo\/"},{"@type":"ListItem","position":4,"name":"Easy Mask\u00ae Papel de Estraza"}]},{"@type":"WebSite","@id":"https:\/\/trimaco.com\/#website","url":"https:\/\/trimaco.com\/","name":"Trimaco","description":"Total Jobsite Protection\u2122","publisher":{"@id":"https:\/\/trimaco.com\/#organization"},"potentialAction":[{"@type":"SearchAction","target":{"@type":"EntryPoint","urlTemplate":"https:\/\/trimaco.com\/?s={search_term_string}"},"query-input":{"@type":"PropertyValueSpecification","valueRequired":true,"valueName":"search_term_string"}}],"inLanguage":"es"},{"@type":"Organization","@id":"https:\/\/trimaco.com\/#organization","name":"Trimaco","url":"https:\/\/trimaco.com\/","logo":{"@type":"ImageObject","inLanguage":"es","@id":"https:\/\/trimaco.com\/#\/schema\/logo\/image\/","url":"https:\/\/trimaco.com\/wp-content\/uploads\/2016\/08\/login-logo.png","contentUrl":"https:\/\/trimaco.com\/wp-content\/uploads\/2016\/08\/login-logo.png","width":450,"height":69,"caption":"Trimaco"},"image":{"@id":"https:\/\/trimaco.com\/#\/schema\/logo\/image\/"},"sameAs":["https:\/\/www.facebook.com\/pages\/Trimaco\/346858225385747?ref=ts","https:\/\/x.com\/trimacoinc","https:\/\/www.instagram.com\/trimaco_inc\/","https:\/\/pinterest.com\/trimaco\/","https:\/\/www.youtube.com\/c\/trimacoinc"]}]}},"_links":{"self":[{"href":"https:\/\/trimaco.com\/es\/wp-json\/wp\/v2\/pages\/18155","targetHints":{"allow":["GET"]}}],"collection":[{"href":"https:\/\/trimaco.com\/es\/wp-json\/wp\/v2\/pages"}],"about":[{"href":"https:\/\/trimaco.com\/es\/wp-json\/wp\/v2\/types\/page"}],"author":[{"embeddable":true,"href":"https:\/\/trimaco.com\/es\/wp-json\/wp\/v2\/users\/9"}],"replies":[{"embeddable":true,"href":"https:\/\/trimaco.com\/es\/wp-json\/wp\/v2\/comments?post=18155"}],"version-history":[{"count":0,"href":"https:\/\/trimaco.com\/es\/wp-json\/wp\/v2\/pages\/18155\/revisions"}],"up":[{"embeddable":true,"href":"https:\/\/trimaco.com\/es\/wp-json\/wp\/v2\/pages\/13505"}],"wp:featuredmedia":[{"embeddable":true,"href":"https:\/\/trimaco.com\/es\/wp-json\/wp\/v2\/media\/16841"}],"wp:attachment":[{"href":"https:\/\/trimaco.com\/es\/wp-json\/wp\/v2\/media?parent=18155"}],"curies":[{"name":"wp","href":"https:\/\/api.w.org\/{rel}","templated":true}]}}