{"id":18075,"date":"2022-03-14T13:46:10","date_gmt":"2022-03-14T17:46:10","guid":{"rendered":"https:\/\/trimaco.wpengine.com\/catalogo-de-productos-2\/"},"modified":"2022-03-14T13:46:10","modified_gmt":"2022-03-14T17:46:10","slug":"catalogo-de-productos-2","status":"publish","type":"page","link":"https:\/\/trimaco.com\/es\/catalogo-de-productos-2\/","title":{"rendered":"Cat\u00e1logo de productos"},"content":{"rendered":"<p>Desde <a href=\"https:\/\/trimaco.com\/es\/productos\/proteccion-de-superficies-de-servicio-pesado\/\">la protecci\u00f3n<\/a> del suelo y la superficie hasta el equipo personal de <a href=\"https:\/\/trimaco.com\/es\/productos\/prendas-de-proteccion\/\">protecci\u00f3n,Trimaco<\/a> se esfuerza por ser su \u00fanica fuente para la protecci\u00f3n total en el lugar de trabajo. Para obtener m\u00e1s informaci\u00f3n sobre todos los productos de Trimaco, \u00a1echa un vistazo a nuestro cat\u00e1logo de productos a continuaci\u00f3n!<\/p>\n<p><iframe data-src=\"https:\/\/cdn.flipsnack.com\/widget\/v2\/widget.html?hash=ftmszy0au\" width=\"100%\" height=\"480\" seamless=\"seamless\" scrolling=\"no\" frameborder=\"0\" allowfullscreen=\"\" src=\"data:image\/svg+xml;base64,PHN2ZyB3aWR0aD0iMSIgaGVpZ2h0PSIxIiB4bWxucz0iaHR0cDovL3d3dy53My5vcmcvMjAwMC9zdmciPjwvc3ZnPg==\" class=\"lazyload\" data-load-mode=\"1\"><\/iframe><\/p>\n<p><a href=\"https:\/\/trimaco.com\/upload\/TrimacoCatalogUS0122_email.pdf\" target=\"_blank\" rel=\"noopener noreferrer\">cat\u00e1logo de descargas<\/a><\/p>\n","protected":false},"excerpt":{"rendered":"<p>Desde la protecci\u00f3n del suelo y la superficie hasta el equipo personal de protecci\u00f3n,Trimaco se esfuerza por ser su \u00fanica fuente para la protecci\u00f3n total en el lugar de trabajo. Para obtener m\u00e1s informaci\u00f3n sobre<a class=\"read-more\" href=\"https:\/\/trimaco.com\/es\/catalogo-de-productos-2\/\"> &#8230;Continue Reading<\/a><\/p>\n","protected":false},"author":9,"featured_media":0,"parent":0,"menu_order":0,"comment_status":"closed","ping_status":"closed","template":"","meta":{"_acf_changed":false,"footnotes":""},"class_list":["post-18075","page","type-page","status-publish","hentry"],"acf":[],"yoast_head":"<!-- This site is optimized with the Yoast SEO plugin v27.3 - https:\/\/yoast.com\/product\/yoast-seo-wordpress\/ -->\n<title>Protecci\u00f3n total del sitio de trabajo - Cat\u00e1logo de productos - Trimaco<\/title>\n<meta name=\"description\" content=\"Trimaco se esfuerza por ser su \u00fanica fuente para la protecci\u00f3n total en el lugar de trabajo. Explore el cat\u00e1logo m\u00e1s reciente de Trimaco para todas las necesidades de protecci\u00f3n de pintura y superficie.\" \/>\n<meta name=\"robots\" content=\"index, follow, max-snippet:-1, max-image-preview:large, max-video-preview:-1\" \/>\n<link rel=\"canonical\" href=\"https:\/\/trimaco.com\/catalogo-de-productos\/\" \/>\n<meta property=\"og:locale\" content=\"es_ES\" \/>\n<meta property=\"og:type\" content=\"article\" \/>\n<meta property=\"og:title\" content=\"Protecci\u00f3n total del sitio de trabajo - Cat\u00e1logo de productos - Trimaco\" \/>\n<meta property=\"og:description\" content=\"Trimaco se esfuerza por ser su \u00fanica fuente para la protecci\u00f3n total en el lugar de trabajo. Explore el cat\u00e1logo m\u00e1s reciente de Trimaco para todas las necesidades de protecci\u00f3n de pintura y superficie.\" \/>\n<meta property=\"og:url\" content=\"https:\/\/trimaco.com\/catalogo-de-productos\/\" \/>\n<meta property=\"og:site_name\" content=\"Trimaco\" \/>\n<meta property=\"article:publisher\" content=\"https:\/\/www.facebook.com\/pages\/Trimaco\/346858225385747?ref=ts\" \/>\n<meta name=\"twitter:card\" content=\"summary_large_image\" \/>\n<meta name=\"twitter:site\" content=\"@trimacoinc\" \/>\n<!-- \/ Yoast SEO plugin. -->","yoast_head_json":{"title":"Protecci\u00f3n total del sitio de trabajo - Cat\u00e1logo de productos - Trimaco","description":"Trimaco se esfuerza por ser su \u00fanica fuente para la protecci\u00f3n total en el lugar de trabajo. Explore el cat\u00e1logo m\u00e1s reciente de Trimaco para todas las necesidades de protecci\u00f3n de pintura y superficie.","robots":{"index":"index","follow":"follow","max-snippet":"max-snippet:-1","max-image-preview":"max-image-preview:large","max-video-preview":"max-video-preview:-1"},"canonical":"https:\/\/trimaco.com\/catalogo-de-productos\/","og_locale":"es_ES","og_type":"article","og_title":"Protecci\u00f3n total del sitio de trabajo - Cat\u00e1logo de productos - Trimaco","og_description":"Trimaco se esfuerza por ser su \u00fanica fuente para la protecci\u00f3n total en el lugar de trabajo. Explore el cat\u00e1logo m\u00e1s reciente de Trimaco para todas las necesidades de protecci\u00f3n de pintura y superficie.","og_url":"https:\/\/trimaco.com\/catalogo-de-productos\/","og_site_name":"Trimaco","article_publisher":"https:\/\/www.facebook.com\/pages\/Trimaco\/346858225385747?ref=ts","twitter_card":"summary_large_image","twitter_site":"@trimacoinc","schema":{"@context":"https:\/\/schema.org","@graph":[{"@type":"WebPage","@id":"https:\/\/trimaco.com\/catalogo-de-productos\/","url":"https:\/\/trimaco.com\/catalogo-de-productos\/","name":"Protecci\u00f3n total del sitio de trabajo - Cat\u00e1logo de productos - Trimaco","isPartOf":{"@id":"https:\/\/trimaco.com\/#website"},"datePublished":"2022-03-14T17:46:10+00:00","description":"Trimaco se esfuerza por ser su \u00fanica fuente para la protecci\u00f3n total en el lugar de trabajo. Explore el cat\u00e1logo m\u00e1s reciente de Trimaco para todas las necesidades de protecci\u00f3n de pintura y superficie.","breadcrumb":{"@id":"https:\/\/trimaco.com\/catalogo-de-productos\/#breadcrumb"},"inLanguage":"es","potentialAction":[{"@type":"ReadAction","target":["https:\/\/trimaco.com\/catalogo-de-productos\/"]}]},{"@type":"BreadcrumbList","@id":"https:\/\/trimaco.com\/catalogo-de-productos\/#breadcrumb","itemListElement":[{"@type":"ListItem","position":1,"name":"Home","item":"https:\/\/trimaco.com\/"},{"@type":"ListItem","position":2,"name":"Cat\u00e1logo de productos"}]},{"@type":"WebSite","@id":"https:\/\/trimaco.com\/#website","url":"https:\/\/trimaco.com\/","name":"Trimaco","description":"Total Jobsite Protection\u2122","publisher":{"@id":"https:\/\/trimaco.com\/#organization"},"potentialAction":[{"@type":"SearchAction","target":{"@type":"EntryPoint","urlTemplate":"https:\/\/trimaco.com\/?s={search_term_string}"},"query-input":{"@type":"PropertyValueSpecification","valueRequired":true,"valueName":"search_term_string"}}],"inLanguage":"es"},{"@type":"Organization","@id":"https:\/\/trimaco.com\/#organization","name":"Trimaco","url":"https:\/\/trimaco.com\/","logo":{"@type":"ImageObject","inLanguage":"es","@id":"https:\/\/trimaco.com\/#\/schema\/logo\/image\/","url":"https:\/\/trimaco.com\/wp-content\/uploads\/2016\/08\/login-logo.png","contentUrl":"https:\/\/trimaco.com\/wp-content\/uploads\/2016\/08\/login-logo.png","width":450,"height":69,"caption":"Trimaco"},"image":{"@id":"https:\/\/trimaco.com\/#\/schema\/logo\/image\/"},"sameAs":["https:\/\/www.facebook.com\/pages\/Trimaco\/346858225385747?ref=ts","https:\/\/x.com\/trimacoinc","https:\/\/www.instagram.com\/trimaco_inc\/","https:\/\/pinterest.com\/trimaco\/","https:\/\/www.youtube.com\/c\/trimacoinc"]}]}},"_links":{"self":[{"href":"https:\/\/trimaco.com\/es\/wp-json\/wp\/v2\/pages\/18075","targetHints":{"allow":["GET"]}}],"collection":[{"href":"https:\/\/trimaco.com\/es\/wp-json\/wp\/v2\/pages"}],"about":[{"href":"https:\/\/trimaco.com\/es\/wp-json\/wp\/v2\/types\/page"}],"author":[{"embeddable":true,"href":"https:\/\/trimaco.com\/es\/wp-json\/wp\/v2\/users\/9"}],"replies":[{"embeddable":true,"href":"https:\/\/trimaco.com\/es\/wp-json\/wp\/v2\/comments?post=18075"}],"version-history":[{"count":0,"href":"https:\/\/trimaco.com\/es\/wp-json\/wp\/v2\/pages\/18075\/revisions"}],"wp:attachment":[{"href":"https:\/\/trimaco.com\/es\/wp-json\/wp\/v2\/media?parent=18075"}],"curies":[{"name":"wp","href":"https:\/\/api.w.org\/{rel}","templated":true}]}}