{"id":17447,"date":"2022-02-17T14:39:03","date_gmt":"2022-02-17T18:39:03","guid":{"rendered":"https:\/\/trimaco.wpengine.com\/por-que-trimaco\/"},"modified":"2024-03-06T10:33:00","modified_gmt":"2024-03-06T14:33:00","slug":"por-que-trimaco","status":"publish","type":"page","link":"https:\/\/trimaco.com\/es\/por-que-trimaco\/","title":{"rendered":"Por qu\u00e9 Debes Elegir Products Trimaco"},"content":{"rendered":"<h2>Proporcionando confianza en la protecci\u00f3n del lugar de trabajo desde 1906<\/h2>\n<p>\u00bfQu\u00e9 entendemos por confianza? Trabajas duro para mantener a tus clientes contentos y tus clientes se dan cuenta cuando pones un esfuerzo adicional. \u00bfPor qu\u00e9 no dejar que los productos Trimaco te ayuden en el camino? Ofrecemos una amplia selecci\u00f3n de productos de protecci\u00f3n de superficies, personales y en el lugar de trabajo, desde <a href=\"https:\/\/trimaco.com\/es\/productos\/sistemas-de-contencion-de-polvo-soluciones\/\">la contenci\u00f3n del polvo<\/a> hasta <a href=\"https:\/\/trimaco.com\/es\/productos\/prendas-de-proteccion\/\">el desgaste protector<\/a>, los pa\u00f1os de limpieza y <a href=\"https:\/\/trimaco.com\/es\/productos\/proteccion-de-superficies-de-servicio-pesado\/\">la protecci\u00f3n de superficies de alta resistencia<\/a>. Tambi\u00e9n llevamos <a href=\"https:\/\/trimaco.com\/es\/productos\/panos-colgantes\/\">dropcloths de<\/a> alta calidad, <a href=\"https:\/\/trimaco.com\/es\/productos\/papel-para-enmascarar\/\">papel de enmascaramiento<\/a>, <a href=\"https:\/\/trimaco.com\/es\/productos\/cintas-de-enmascarar-profesionales\/\">cinta<\/a> adhesiva y <a href=\"https:\/\/trimaco.com\/es\/productos\/coladores-de-pintura\/\">coladores de pintura<\/a>. Las necesidades de nuestros clientes impulsan nuestra innovaci\u00f3n, y le ayudaremos a hacer el trabajo bien, la primera vez, con confianza. Vendemos nuestros productos a trav\u00e9s de distribuidores en todo el pa\u00eds.<\/p>\n<p><img decoding=\"async\" data-src=\"https:\/\/trimaco.com\/wp-content\/uploads\/2020\/08\/map-optimized.jpg\" alt=\"ubicaciones de trimaco\" width=\"600\" height=\"352\" class=\"size-full wp-image-9645 lazyload\" align=\"right\" style=\"--smush-placeholder-width: 600px; --smush-placeholder-aspect-ratio: 600\/352;padding: 15px\" data-srcset=\"https:\/\/trimaco.com\/wp-content\/uploads\/2020\/08\/map-optimized.jpg 600w, https:\/\/trimaco.com\/wp-content\/uploads\/2020\/08\/map-optimized-300x176.jpg 300w\" data-sizes=\"(max-width: 600px) 100vw, 600px\" src=\"data:image\/svg+xml;base64,PHN2ZyB3aWR0aD0iMSIgaGVpZ2h0PSIxIiB4bWxucz0iaHR0cDovL3d3dy53My5vcmcvMjAwMC9zdmciPjwvc3ZnPg==\" \/><\/p>\n<h2>Qui\u00e9nes somos<\/h2>\n<p>Con sus ra\u00edces en 1906, la fundaci\u00f3n de Trimaco se basa en la experiencia, la integridad, la innovaci\u00f3n y el soporte al cliente. Valoramos la creaci\u00f3n y construcci\u00f3n de relaciones con todos nuestros clientes para ofrecer los mejores productos posibles. Trimaco es un l\u00edder de fabricaci\u00f3n en las industrias de pintura, construcci\u00f3n, pisos, marina, restauraci\u00f3n de desastres, mantenimiento de instalaciones y automoci\u00f3n. Ofrecemos una amplia selecci\u00f3n de productos de protecci\u00f3n de calidad para sitios de trabajo y proyectos personales. <\/p>\n<p>Nuestro objetivo es ser su \u00fanica fuente para la protecci\u00f3n total del lugar de trabajo&#x2122;. <a href=\"https:\/\/trimaco.com\/es\/contactenos\/\">Tenemos nuestra sede en Morrisville, Carolina del Norte,<\/a> pero tenemos plantas convenientemente ubicadas en todo el pa\u00eds e internacionalmente para la entrega a tiempo. Nuestras ubicaciones incluyen, Surprise, AZ; Manning, Carolina del Sur; Ridgefield, WA; y Elk Grove Village, IL. Tambi\u00e9n exportamos bienes y productos a nivel internacional.<\/p>\n<p><img decoding=\"async\" data-src=\"https:\/\/trimaco.com\/wp-content\/uploads\/2020\/08\/circle-process.jpg\" alt=\"protecci\u00f3n del lugar de trabajo\" width=\"500\" height=\"501\" class=\"size-full wp-image-9646 lazyload\" align=\"left\" style=\"--smush-placeholder-width: 500px; --smush-placeholder-aspect-ratio: 500\/501;padding-right: 15px\" data-srcset=\"https:\/\/trimaco.com\/wp-content\/uploads\/2020\/08\/circle-process.jpg 400w, https:\/\/trimaco.com\/wp-content\/uploads\/2020\/08\/circle-process-300x300.jpg 300w, https:\/\/trimaco.com\/wp-content\/uploads\/2020\/08\/circle-process-244x244.jpg 244w\" data-sizes=\"(max-width: 500px) 100vw, 500px\" src=\"data:image\/svg+xml;base64,PHN2ZyB3aWR0aD0iMSIgaGVpZ2h0PSIxIiB4bWxucz0iaHR0cDovL3d3dy53My5vcmcvMjAwMC9zdmciPjwvc3ZnPg==\" \/><\/p>\n<h2>Soporte de c\u00edrculo completo, durante todo el d\u00eda<\/h2>\n<p>Estamos comprometidos con nuestros clientes a trav\u00e9s de nuestra extensa fuerza de ventas, esfuerzos de marketing, innovaci\u00f3n de productos, compras y un equipo de servicio al cliente amigable, y con una dedicaci\u00f3n inigualable a nuestros clientes, brindamos soporte de c\u00edrculo completo, durante todo el d\u00eda. Como l\u00edder en innovaci\u00f3n y l\u00edder de la industria en protecci\u00f3n de superficies, nuestro compromiso con la calidad no termina en el piso del producto. <\/p>\n<p>Contamos con plantas ubicadas estrat\u00e9gicamente en todo Estados Unidos para tener los productos en sus manos lo m\u00e1s r\u00e1pido posible sin sacrificar tiempo ni calidad, asegurando una experiencia del cliente consistente e incomparable. Para obtener informaci\u00f3n m\u00e1s detallada sobre los productos que ofrecemos, consulte nuestro cat\u00e1logo, hojas de ventas y videos en nuestro p\u00e1gina <a href=\"https:\/\/trimaco.com\/es\/recursos\/\">de recursos<\/a>. Nos esforzamos por fabricar los mejores productos de protecci\u00f3n del lugar de trabajo y entreg\u00e1rselos lo m\u00e1s r\u00e1pido posible.<\/p>\n<p><em>Para clientes hispanohablantes, por favor visite nuestra <a href=\"https:\/\/trimaco.com\/es\/trimaco-brindando-confianza-desde-1906\/\">pagina introductora<\/a>.<\/em><\/p>\n<p><\/p>\n<h2>Con qui\u00e9n trabajamos<\/h2>\n<ul>\n<li>Principales minoristas nacionales y regionales<\/li>\n<li>Centros de Mejoras para el Hogar<\/li>\n<li>Cooperativas de hardware<\/li>\n<li>Distribuidores<\/li>\n<li>Clientes Internacionales<\/li>\n<\/ul>\n<p>&nbsp;<\/p>\n<p>&nbsp;<\/p>\n<p>&nbsp;<\/p>\n<h2>Presencia mundial<\/h2>\n<p>La presencia internacional de Trimaco contin\u00faa creciendo, a medida que crece la demanda dentro de la industria. Adem\u00e1s de las oficinas y plantas nacionales, tambi\u00e9n trabajamos y tenemos distribuidores en todo el mundo, incluidos el <a href=\"https:\/\/trimaco.com\/en-gb\/\">Reino Unido<\/a> y <a href=\"https:\/\/trimaco.com\/en-au\/\">Australia<\/a>. \u00bfInteresado en aprender m\u00e1s sobre nuestros productos o distribuidores? <a href=\"https:\/\/trimaco.com\/es\/contactenos\/\">\u00a1cont\u00e1ctenos!<\/a><\/p>\n<p>\n&nbsp;<br \/>\n<img decoding=\"async\" class=\"alignleft size-full wp-image-8921 lazyload\" data-src=\"https:\/\/trimaco.com\/wp-content\/uploads\/2023\/09\/map-trimaco-products-0923-1.jpg\" alt=\"Mapa del Mundo\" width=\"1024\" height=\"525\" src=\"data:image\/svg+xml;base64,PHN2ZyB3aWR0aD0iMSIgaGVpZ2h0PSIxIiB4bWxucz0iaHR0cDovL3d3dy53My5vcmcvMjAwMC9zdmciPjwvc3ZnPg==\" style=\"--smush-placeholder-width: 1024px; --smush-placeholder-aspect-ratio: 1024\/525;\"><\/p>\n","protected":false},"excerpt":{"rendered":"<p>Proporcionando confianza en la protecci\u00f3n del lugar de trabajo desde 1906 \u00bfQu\u00e9 entendemos por confianza? Trabajas duro para mantener a tus clientes contentos y tus clientes se dan cuenta cuando pones un esfuerzo adicional. \u00bfPor<a class=\"read-more\" href=\"https:\/\/trimaco.com\/es\/por-que-trimaco\/\"> &#8230;Continue Reading<\/a><\/p>\n","protected":false},"author":9,"featured_media":0,"parent":0,"menu_order":0,"comment_status":"closed","ping_status":"closed","template":"","meta":{"_acf_changed":false,"footnotes":""},"class_list":["post-17447","page","type-page","status-publish","hentry"],"acf":[],"yoast_head":"<!-- This site is optimized with the Yoast SEO plugin v27.3 - https:\/\/yoast.com\/product\/yoast-seo-wordpress\/ -->\n<title>Por qu\u00e9 Utilizar Productos Trimaco - Historia y Calidad<\/title>\n<meta name=\"description\" content=\"Estamos comprometidos con nuestros clientes a trav\u00e9s de nuestra fuerza de ventas, marketing, innovaci\u00f3n de productos, compras y servicio al cliente.\" \/>\n<meta name=\"robots\" content=\"index, follow, max-snippet:-1, max-image-preview:large, max-video-preview:-1\" \/>\n<link rel=\"canonical\" href=\"https:\/\/trimaco.com\/es\/por-que-trimaco\/\" \/>\n<meta property=\"og:locale\" content=\"es_ES\" \/>\n<meta property=\"og:type\" content=\"article\" \/>\n<meta property=\"og:title\" content=\"Por qu\u00e9 Utilizar Productos Trimaco - Historia y Calidad\" \/>\n<meta property=\"og:description\" content=\"Estamos comprometidos con nuestros clientes a trav\u00e9s de nuestra fuerza de ventas, marketing, innovaci\u00f3n de productos, compras y servicio al cliente.\" \/>\n<meta property=\"og:url\" content=\"https:\/\/trimaco.com\/es\/por-que-trimaco\/\" \/>\n<meta property=\"og:site_name\" content=\"Trimaco\" \/>\n<meta property=\"article:publisher\" content=\"https:\/\/www.facebook.com\/pages\/Trimaco\/346858225385747?ref=ts\" \/>\n<meta property=\"article:modified_time\" content=\"2024-03-06T14:33:00+00:00\" \/>\n<meta property=\"og:image\" content=\"https:\/\/trimaco.com\/wp-content\/uploads\/2020\/08\/map-optimized.jpg\" \/>\n<meta name=\"twitter:card\" content=\"summary_large_image\" \/>\n<meta name=\"twitter:site\" content=\"@trimacoinc\" \/>\n<meta name=\"twitter:label1\" content=\"Tiempo de lectura\" \/>\n\t<meta name=\"twitter:data1\" content=\"3 minutos\" \/>\n<!-- \/ Yoast SEO plugin. -->","yoast_head_json":{"title":"Por qu\u00e9 Utilizar Productos Trimaco - Historia y Calidad","description":"Estamos comprometidos con nuestros clientes a trav\u00e9s de nuestra fuerza de ventas, marketing, innovaci\u00f3n de productos, compras y servicio al cliente.","robots":{"index":"index","follow":"follow","max-snippet":"max-snippet:-1","max-image-preview":"max-image-preview:large","max-video-preview":"max-video-preview:-1"},"canonical":"https:\/\/trimaco.com\/es\/por-que-trimaco\/","og_locale":"es_ES","og_type":"article","og_title":"Por qu\u00e9 Utilizar Productos Trimaco - Historia y Calidad","og_description":"Estamos comprometidos con nuestros clientes a trav\u00e9s de nuestra fuerza de ventas, marketing, innovaci\u00f3n de productos, compras y servicio al cliente.","og_url":"https:\/\/trimaco.com\/es\/por-que-trimaco\/","og_site_name":"Trimaco","article_publisher":"https:\/\/www.facebook.com\/pages\/Trimaco\/346858225385747?ref=ts","article_modified_time":"2024-03-06T14:33:00+00:00","og_image":[{"url":"https:\/\/trimaco.com\/wp-content\/uploads\/2020\/08\/map-optimized.jpg","type":"","width":"","height":""}],"twitter_card":"summary_large_image","twitter_site":"@trimacoinc","twitter_misc":{"Tiempo de lectura":"3 minutos"},"schema":{"@context":"https:\/\/schema.org","@graph":[{"@type":"WebPage","@id":"https:\/\/trimaco.com\/es\/por-que-trimaco\/","url":"https:\/\/trimaco.com\/es\/por-que-trimaco\/","name":"Por qu\u00e9 Utilizar Productos Trimaco - Historia y Calidad","isPartOf":{"@id":"https:\/\/trimaco.com\/#website"},"primaryImageOfPage":{"@id":"https:\/\/trimaco.com\/es\/por-que-trimaco\/#primaryimage"},"image":{"@id":"https:\/\/trimaco.com\/es\/por-que-trimaco\/#primaryimage"},"thumbnailUrl":"https:\/\/trimaco.com\/wp-content\/uploads\/2020\/08\/map-optimized.jpg","datePublished":"2022-02-17T18:39:03+00:00","dateModified":"2024-03-06T14:33:00+00:00","description":"Estamos comprometidos con nuestros clientes a trav\u00e9s de nuestra fuerza de ventas, marketing, innovaci\u00f3n de productos, compras y servicio al cliente.","breadcrumb":{"@id":"https:\/\/trimaco.com\/es\/por-que-trimaco\/#breadcrumb"},"inLanguage":"es","potentialAction":[{"@type":"ReadAction","target":["https:\/\/trimaco.com\/es\/por-que-trimaco\/"]}]},{"@type":"ImageObject","inLanguage":"es","@id":"https:\/\/trimaco.com\/es\/por-que-trimaco\/#primaryimage","url":"https:\/\/trimaco.com\/wp-content\/uploads\/2020\/08\/map-optimized.jpg","contentUrl":"https:\/\/trimaco.com\/wp-content\/uploads\/2020\/08\/map-optimized.jpg"},{"@type":"BreadcrumbList","@id":"https:\/\/trimaco.com\/es\/por-que-trimaco\/#breadcrumb","itemListElement":[{"@type":"ListItem","position":1,"name":"Home","item":"https:\/\/trimaco.com\/"},{"@type":"ListItem","position":2,"name":"Por qu\u00e9 Debes Elegir Products Trimaco"}]},{"@type":"WebSite","@id":"https:\/\/trimaco.com\/#website","url":"https:\/\/trimaco.com\/","name":"Trimaco","description":"Total Jobsite Protection\u2122","publisher":{"@id":"https:\/\/trimaco.com\/#organization"},"potentialAction":[{"@type":"SearchAction","target":{"@type":"EntryPoint","urlTemplate":"https:\/\/trimaco.com\/?s={search_term_string}"},"query-input":{"@type":"PropertyValueSpecification","valueRequired":true,"valueName":"search_term_string"}}],"inLanguage":"es"},{"@type":"Organization","@id":"https:\/\/trimaco.com\/#organization","name":"Trimaco","url":"https:\/\/trimaco.com\/","logo":{"@type":"ImageObject","inLanguage":"es","@id":"https:\/\/trimaco.com\/#\/schema\/logo\/image\/","url":"https:\/\/trimaco.com\/wp-content\/uploads\/2016\/08\/login-logo.png","contentUrl":"https:\/\/trimaco.com\/wp-content\/uploads\/2016\/08\/login-logo.png","width":450,"height":69,"caption":"Trimaco"},"image":{"@id":"https:\/\/trimaco.com\/#\/schema\/logo\/image\/"},"sameAs":["https:\/\/www.facebook.com\/pages\/Trimaco\/346858225385747?ref=ts","https:\/\/x.com\/trimacoinc","https:\/\/www.instagram.com\/trimaco_inc\/","https:\/\/pinterest.com\/trimaco\/","https:\/\/www.youtube.com\/c\/trimacoinc"]}]}},"_links":{"self":[{"href":"https:\/\/trimaco.com\/es\/wp-json\/wp\/v2\/pages\/17447","targetHints":{"allow":["GET"]}}],"collection":[{"href":"https:\/\/trimaco.com\/es\/wp-json\/wp\/v2\/pages"}],"about":[{"href":"https:\/\/trimaco.com\/es\/wp-json\/wp\/v2\/types\/page"}],"author":[{"embeddable":true,"href":"https:\/\/trimaco.com\/es\/wp-json\/wp\/v2\/users\/9"}],"replies":[{"embeddable":true,"href":"https:\/\/trimaco.com\/es\/wp-json\/wp\/v2\/comments?post=17447"}],"version-history":[{"count":0,"href":"https:\/\/trimaco.com\/es\/wp-json\/wp\/v2\/pages\/17447\/revisions"}],"wp:attachment":[{"href":"https:\/\/trimaco.com\/es\/wp-json\/wp\/v2\/media?parent=17447"}],"curies":[{"name":"wp","href":"https:\/\/api.w.org\/{rel}","templated":true}]}}