{"id":16859,"date":"2022-01-14T11:34:24","date_gmt":"2022-01-14T15:34:24","guid":{"rendered":"https:\/\/trimaco.wpengine.com\/?page_id=16859"},"modified":"2022-04-07T14:16:15","modified_gmt":"2022-04-07T18:16:15","slug":"pullover-body-paint-pants","status":"publish","type":"page","link":"https:\/\/trimaco.com\/es\/productos\/prendas-de-proteccion\/pullover-body-paint-pants\/","title":{"rendered":"Pantalones de pintor de jersey"},"content":{"rendered":"<h2>Pantalones de pintor blancos reutilizables<\/h2>\n<p>\u00bfCansado de ensuciar sus pantalones mientras trabaja? Los pantalones de pintor de Trimaco son la respuesta. Estos pantalones pullover blancos para pintar proporcionan una protecci\u00f3n confiable contra el exceso de pulverizaci\u00f3n y otras part\u00edculas en el aire. <\/p>\n<p>\u00bfQu\u00e9 hace que nuestros pantalones de pintor sean diferentes? Nuestros pantalones est\u00e1n dise\u00f1ados con un material de poli\u00e9ster duradero que los hace livianos, transpirables y se pueden colocar f\u00e1cilmente sobre su propia ropa. Aunque es de talla \u00fanica, los pantalones de pintor incluyen un cord\u00f3n ajustable y tobillos el\u00e1sticos para facilitar los ajustes de altura.<\/p>\n<p>Adem\u00e1s, estos pantalones incluyen un lazo para martillos, dos bolsillos delanteros, dos bolsillos traseros y un bolsillo para herramientas. La entrepierna mide 34 pulgadas (86,36cm) La cintura se extiende de 28 pulgadas a 43 pulgadas (71,12 cm a 109,22cm) Los PPP son lavables, reutilizables y no dejan pelusa.<\/p>\n<ul>\n<li>Los pantalones se pueden utilizar para todo tipo de trabajos de pintura<\/li>\n<li>Cuenta con 6 bolsillos y lazo para martillo<\/li>\n<li>La cintura y los tobillos el\u00e1sticos proporcionan un ajuste personalizado<\/li>\n<li>Lavable, reutilizable y no deja pelusa<\/li>\n<li>100% poli\u00e9ster<\/li>\n<li>EPP f\u00e1cil de colocar<\/li>\n<\/ul>\n<p>\u00bfBusca EPP de cuerpo completo? \u00a1Aseg\u00farese de explorar nuestros <a href=\"https:\/\/trimaco.com\/es\/productos\/prendas-de-proteccion\/overoles-protectores-profesionales-tyvek-de-dupont\/\">overoles Tyvek DE DuPont<\/a>, <a href=\"https:\/\/trimaco.com\/es\/productos\/prendas-de-proteccion\/protectores-de-zapatos-y-botas-misc-tyvek-de-dupont\/\">Forros para zapatos<\/a> y <a href=\"https:\/\/trimaco.com\/es\/productos\/prendas-de-proteccion\/\">m\u00e1s<\/a>!<\/p>\n<p><em>Pantalones para Pintar tipo Pull Over de Trimaco<\/em><\/p>\n<table>\n<tbody>\n<tr>\n<th># DE ART\u00cdCULO<\/th>\n<th>PAQUETE DE<\/th>\n<th>TAMA\u00d1O<\/th>\n<\/tr>\n<tr>\n<td>15535<\/td>\n<td>6<\/td>\n<td>Talla \u00fanica, le queda a la mayor\u00eda<\/td>\n<\/tr>\n<\/tbody>\n<\/table>\n","protected":false},"excerpt":{"rendered":"<p>Los pantalones de pintura pullover de Trimaco proporcionan una protecci\u00f3n confiable contra el exceso de pintura y otras part\u00edculas en el aire.<\/p>\n","protected":false},"author":9,"featured_media":19601,"parent":14409,"menu_order":5,"comment_status":"closed","ping_status":"closed","template":"page_products-grandchild.php","meta":{"_acf_changed":false,"footnotes":""},"class_list":["post-16859","page","type-page","status-publish","has-post-thumbnail","hentry"],"acf":[],"yoast_head":"<!-- This site is optimized with the Yoast SEO plugin v27.1.1 - https:\/\/yoast.com\/product\/yoast-seo-wordpress\/ -->\n<title>Pantalones de pintor de jersey - Trimaco<\/title>\n<meta name=\"description\" content=\"Los pantalones para pintar tipo pullover de Trimaco proporcionan una protecci\u00f3n confiable contra el exceso de pintura y otras part\u00edculas en el aire. \u00a1Conozca m\u00e1s!\" \/>\n<meta name=\"robots\" content=\"index, follow, max-snippet:-1, max-image-preview:large, max-video-preview:-1\" \/>\n<link rel=\"canonical\" href=\"https:\/\/trimaco.com\/es\/productos\/prendas-de-proteccion\/pullover-body-paint-pants\/\" \/>\n<meta property=\"og:locale\" content=\"es_ES\" \/>\n<meta property=\"og:type\" content=\"article\" \/>\n<meta property=\"og:title\" content=\"Pantalones de pintor de jersey - Trimaco\" \/>\n<meta property=\"og:description\" content=\"Los pantalones para pintar tipo pullover de Trimaco proporcionan una protecci\u00f3n confiable contra el exceso de pintura y otras part\u00edculas en el aire. \u00a1Conozca m\u00e1s!\" \/>\n<meta property=\"og:url\" content=\"https:\/\/trimaco.com\/es\/productos\/prendas-de-proteccion\/pullover-body-paint-pants\/\" \/>\n<meta property=\"og:site_name\" content=\"Trimaco\" \/>\n<meta property=\"article:publisher\" content=\"https:\/\/www.facebook.com\/pages\/Trimaco\/346858225385747?ref=ts\" \/>\n<meta property=\"article:modified_time\" content=\"2022-04-07T18:16:15+00:00\" \/>\n<meta property=\"og:image\" content=\"https:\/\/trimaco.com\/wp-content\/uploads\/2023\/02\/PaintPants_action_2_sq-500x500-1.jpg\" \/>\n\t<meta property=\"og:image:width\" content=\"500\" \/>\n\t<meta property=\"og:image:height\" content=\"500\" \/>\n\t<meta property=\"og:image:type\" content=\"image\/jpeg\" \/>\n<meta name=\"twitter:card\" content=\"summary_large_image\" \/>\n<meta name=\"twitter:site\" content=\"@trimacoinc\" \/>\n<meta name=\"twitter:label1\" content=\"Tiempo de lectura\" \/>\n\t<meta name=\"twitter:data1\" content=\"1 minuto\" \/>\n<!-- \/ Yoast SEO plugin. -->","yoast_head_json":{"title":"Pantalones de pintor de jersey - Trimaco","description":"Los pantalones para pintar tipo pullover de Trimaco proporcionan una protecci\u00f3n confiable contra el exceso de pintura y otras part\u00edculas en el aire. \u00a1Conozca m\u00e1s!","robots":{"index":"index","follow":"follow","max-snippet":"max-snippet:-1","max-image-preview":"max-image-preview:large","max-video-preview":"max-video-preview:-1"},"canonical":"https:\/\/trimaco.com\/es\/productos\/prendas-de-proteccion\/pullover-body-paint-pants\/","og_locale":"es_ES","og_type":"article","og_title":"Pantalones de pintor de jersey - Trimaco","og_description":"Los pantalones para pintar tipo pullover de Trimaco proporcionan una protecci\u00f3n confiable contra el exceso de pintura y otras part\u00edculas en el aire. \u00a1Conozca m\u00e1s!","og_url":"https:\/\/trimaco.com\/es\/productos\/prendas-de-proteccion\/pullover-body-paint-pants\/","og_site_name":"Trimaco","article_publisher":"https:\/\/www.facebook.com\/pages\/Trimaco\/346858225385747?ref=ts","article_modified_time":"2022-04-07T18:16:15+00:00","og_image":[{"width":500,"height":500,"url":"https:\/\/trimaco.com\/wp-content\/uploads\/2023\/02\/PaintPants_action_2_sq-500x500-1.jpg","type":"image\/jpeg"}],"twitter_card":"summary_large_image","twitter_site":"@trimacoinc","twitter_misc":{"Tiempo de lectura":"1 minuto"},"schema":{"@context":"https:\/\/schema.org","@graph":[{"@type":"WebPage","@id":"https:\/\/trimaco.com\/es\/productos\/prendas-de-proteccion\/pullover-body-paint-pants\/","url":"https:\/\/trimaco.com\/es\/productos\/prendas-de-proteccion\/pullover-body-paint-pants\/","name":"Pantalones de pintor de jersey - Trimaco","isPartOf":{"@id":"https:\/\/trimaco.com\/#website"},"primaryImageOfPage":{"@id":"https:\/\/trimaco.com\/es\/productos\/prendas-de-proteccion\/pullover-body-paint-pants\/#primaryimage"},"image":{"@id":"https:\/\/trimaco.com\/es\/productos\/prendas-de-proteccion\/pullover-body-paint-pants\/#primaryimage"},"thumbnailUrl":"https:\/\/trimaco.com\/wp-content\/uploads\/2023\/02\/PaintPants_action_2_sq-500x500-1.jpg","datePublished":"2022-01-14T15:34:24+00:00","dateModified":"2022-04-07T18:16:15+00:00","description":"Los pantalones para pintar tipo pullover de Trimaco proporcionan una protecci\u00f3n confiable contra el exceso de pintura y otras part\u00edculas en el aire. \u00a1Conozca m\u00e1s!","breadcrumb":{"@id":"https:\/\/trimaco.com\/es\/productos\/prendas-de-proteccion\/pullover-body-paint-pants\/#breadcrumb"},"inLanguage":"es","potentialAction":[{"@type":"ReadAction","target":["https:\/\/trimaco.com\/es\/productos\/prendas-de-proteccion\/pullover-body-paint-pants\/"]}]},{"@type":"ImageObject","inLanguage":"es","@id":"https:\/\/trimaco.com\/es\/productos\/prendas-de-proteccion\/pullover-body-paint-pants\/#primaryimage","url":"https:\/\/trimaco.com\/wp-content\/uploads\/2023\/02\/PaintPants_action_2_sq-500x500-1.jpg","contentUrl":"https:\/\/trimaco.com\/wp-content\/uploads\/2023\/02\/PaintPants_action_2_sq-500x500-1.jpg","width":500,"height":500,"caption":"paint pants"},{"@type":"BreadcrumbList","@id":"https:\/\/trimaco.com\/es\/productos\/prendas-de-proteccion\/pullover-body-paint-pants\/#breadcrumb","itemListElement":[{"@type":"ListItem","position":1,"name":"Home","item":"https:\/\/trimaco.com\/"},{"@type":"ListItem","position":2,"name":"Productos","item":"https:\/\/trimaco.com\/es\/productos\/"},{"@type":"ListItem","position":3,"name":"Ropa y Equipo Protector","item":"https:\/\/trimaco.com\/products\/protective-wear\/"},{"@type":"ListItem","position":4,"name":"Pantalones de pintor de jersey"}]},{"@type":"WebSite","@id":"https:\/\/trimaco.com\/#website","url":"https:\/\/trimaco.com\/","name":"Trimaco","description":"Total Jobsite Protection\u2122","publisher":{"@id":"https:\/\/trimaco.com\/#organization"},"potentialAction":[{"@type":"SearchAction","target":{"@type":"EntryPoint","urlTemplate":"https:\/\/trimaco.com\/?s={search_term_string}"},"query-input":{"@type":"PropertyValueSpecification","valueRequired":true,"valueName":"search_term_string"}}],"inLanguage":"es"},{"@type":"Organization","@id":"https:\/\/trimaco.com\/#organization","name":"Trimaco","url":"https:\/\/trimaco.com\/","logo":{"@type":"ImageObject","inLanguage":"es","@id":"https:\/\/trimaco.com\/#\/schema\/logo\/image\/","url":"https:\/\/trimaco.com\/wp-content\/uploads\/2016\/08\/login-logo.png","contentUrl":"https:\/\/trimaco.com\/wp-content\/uploads\/2016\/08\/login-logo.png","width":450,"height":69,"caption":"Trimaco"},"image":{"@id":"https:\/\/trimaco.com\/#\/schema\/logo\/image\/"},"sameAs":["https:\/\/www.facebook.com\/pages\/Trimaco\/346858225385747?ref=ts","https:\/\/x.com\/trimacoinc","https:\/\/www.instagram.com\/trimaco_inc\/","https:\/\/pinterest.com\/trimaco\/","https:\/\/www.youtube.com\/c\/trimacoinc"]}]}},"_links":{"self":[{"href":"https:\/\/trimaco.com\/es\/wp-json\/wp\/v2\/pages\/16859","targetHints":{"allow":["GET"]}}],"collection":[{"href":"https:\/\/trimaco.com\/es\/wp-json\/wp\/v2\/pages"}],"about":[{"href":"https:\/\/trimaco.com\/es\/wp-json\/wp\/v2\/types\/page"}],"author":[{"embeddable":true,"href":"https:\/\/trimaco.com\/es\/wp-json\/wp\/v2\/users\/9"}],"replies":[{"embeddable":true,"href":"https:\/\/trimaco.com\/es\/wp-json\/wp\/v2\/comments?post=16859"}],"version-history":[{"count":0,"href":"https:\/\/trimaco.com\/es\/wp-json\/wp\/v2\/pages\/16859\/revisions"}],"up":[{"embeddable":true,"href":"https:\/\/trimaco.com\/es\/wp-json\/wp\/v2\/pages\/14409"}],"wp:featuredmedia":[{"embeddable":true,"href":"https:\/\/trimaco.com\/es\/wp-json\/wp\/v2\/media\/19601"}],"wp:attachment":[{"href":"https:\/\/trimaco.com\/es\/wp-json\/wp\/v2\/media?parent=16859"}],"curies":[{"name":"wp","href":"https:\/\/api.w.org\/{rel}","templated":true}]}}