{"id":16540,"date":"2021-12-03T16:49:55","date_gmt":"2021-12-03T20:49:55","guid":{"rendered":"https:\/\/trimaco.wpengine.com\/condiciones-de-uso-2\/"},"modified":"2022-03-25T10:15:40","modified_gmt":"2022-03-25T14:15:40","slug":"condiciones-de-uso-2","status":"publish","type":"page","link":"https:\/\/trimaco.com\/es\/condiciones-de-uso-2\/","title":{"rendered":"Condiciones de uso"},"content":{"rendered":"<h2>Aviso de aceptaci\u00f3n<\/h2>\n<p>Los materiales en este sitio web (&#8220;Sitio&#8221;) son proporcionados por TRIMACO, Inc. como un servicio al cliente. Al descargar, ver, copiar, imprimir o utilizar cualquier parte del Sitio, usted acepta estos T\u00e9rminos de uso. Si no est\u00e1 de acuerdo con estos T\u00e9rminos de uso, no descargue, vea, copie, imprima ni utilice ninguna parte del Sitio. Estos T\u00e9rminos de uso pueden ser revisados en cualquier momento por actualizaciones de esta p\u00e1gina.<\/p>\n<h2>Derechos de autor<\/h2>\n<p>Todos los materiales en este Sitio, incluidos texto, gr\u00e1ficos, logotipos, iconos, im\u00e1genes y archivos de audio o video, son propiedad de TRIMACO o sus proveedores de contenido, y est\u00e1n protegidos por las leyes de derechos de autor estadounidenses e internacionales. La compilaci\u00f3n de todo el contenido de este Sitio es propiedad exclusiva de TRIMACO y tambi\u00e9n est\u00e1 protegida por las leyes de derechos de autor estadounidenses e internacionales. Puede descargar, ver, copiar e imprimir los materiales en este Sitio solo para uso personal, informativo, no comercial e interno, siempre que no elimine ni altere ninguna marca comercial, marca de servicio o logotipo, o cualquier derecho de autor u otros avisos de propiedad. No obstante, lo anterior, puede descargar, ver, copiar e imprimir las especificaciones y detalles de los productos y sistemas ofrecidos por TRIMACO para su uso o incorporaci\u00f3n en las especificaciones y detalles que est\u00e1 desarrollando para un proyecto que utiliza esos sistemas o productos. Dicho uso estar\u00e1 sujeto a la renuncia de garant\u00eda, limitaci\u00f3n de responsabilidad y otros t\u00e9rminos y condiciones contenidos en este documento. A excepci\u00f3n de lo dispuesto anteriormente, no puede descargar, ver, copiar, imprimir, reproducir, distribuir, volver a publicar, mostrar, publicar, transmitir o modificar ninguna parte del Sitio en ninguna forma o por ning\u00fan medio sin el consentimiento previo por escrito de TRIMACO (incluso reflejando cualquier parte del Sitio). TRIMACO puede revocar cualquiera de los derechos otorgados en estos T\u00e9rminos de uso en cualquier momento sin previo aviso, y esos derechos terminan autom\u00e1ticamente sin previo aviso si usted viola cualquiera de estos T\u00e9rminos de uso. Tras la revocaci\u00f3n o terminaci\u00f3n de dichos derechos, debe destruir cualquier copia digital o impresa que tenga de cualquier parte del Sitio. El uso no autorizado de cualquier material en este Sitio puede violar las leyes de derechos de autor, las leyes de marcas comerciales y otras leyes de los Estados Unidos y otras jurisdicciones. Todos los derechos no otorgados expresamente en estos T\u00e9rminos de Uso est\u00e1n reservados.<\/p>\n<h2>Marca<\/h2>\n<p>Las marcas comerciales, marcas de servicio y logotipos utilizados en este sitio (&#8220;Marcas comerciales&#8221;) son marcas comerciales registradas o no registradas de TRIMACO. Nada en este Sitio se interpretar\u00e1 como una concesi\u00f3n (por implicaci\u00f3n, impedimento o de otro modo) de ninguna licencia o derecho de uso de ninguna Marca comercial sin el consentimiento previo por escrito de TRIMACO o de cualquier tercero que posea una Marca comercial que se muestre en el Sitio. TRIMACO no reclama las Marcas Comerciales de otros que puedan mostrarse en el Sitio. En particular, TRIMACO proh\u00edbe el uso de cualquier Marca Comercial como enlace a este Sitio o a cualquier otro sitio.<\/p>\n<h2>Enlaces a otros sitios<\/h2>\n<p>Para comodidad de los usuarios, el Sitio puede contener enlaces a sitios que no son de TRIMACO. TRIMACO no tiene control ni acepta ninguna responsabilidad por el contenido o el rendimiento de los sitios que no son de TRIMACO, y un enlace a un sitio que no es de TRIMACO no significa que TRIMACO respalde o haga ninguna representaci\u00f3n sobre ese sitio, su rendimiento, su contenido, su propietario o los productos o servicios de su propietario.<\/p>\n<h2>Disponibilidad global y leyes aplicables<\/h2>\n<p>El Sitio puede contener referencias a productos, servicios o programas de TRIMACO que no est\u00e1n disponibles en su pa\u00eds. Dichas referencias no tienen la intenci\u00f3n de anunciar dichos productos, servicios o programas en su pa\u00eds. TRIMACO no garantiza que el acceso al Sitio est\u00e9 permitido bajo las leyes de naciones que no sean los Estados Unidos, y el acceso al Sitio est\u00e1 prohibido en cualquier lugar donde dicho acceso viole la ley local. Usted es responsable del cumplimiento de todas las leyes aplicables que rigen su acceso al Sitio. El uso del Sitio y cualquier reclamo relacionado con \u00e9l o su contenido se rigen por las leyes del estado de Ohio, EE. UU. y la ley federal que controla de los EE. UU., sin tener en cuenta las disposiciones de conflicto de leyes.<\/p>\n<h2>Descargo de responsabilidad de garant\u00eda<\/h2>\n<p>La informaci\u00f3n contenida en el Sitio puede contener imprecisiones t\u00e9cnicas o errores tipogr\u00e1ficos. Tanto el Sitio como los productos y servicios descritos en el Sitio pueden ser cambiados en cualquier momento sin previo aviso. TRIMACO no asume ninguna responsabilidad, y no ser\u00e1 responsable de ning\u00fan da\u00f1o o virus u otro c\u00f3digo incapacitante que pueda infectar su equipo inform\u00e1tico, software u otra propiedad como resultado de su descarga, visualizaci\u00f3n o uso del Sitio o cualquiera de sus contenidos, o cualquier sitio al que el Sitio contenga un enlace, o su contenido. EL SITIO Y SUS CONTENIDOS SE PRESENTAN &#8220;TAL CUAL&#8221; SIN GARANT\u00cdAS DE NING\u00daN TIPO, YA SEAN EXPRESAS O IMPL\u00cdCITAS. EN LA MAYOR MEDIDA POSIBLE BAJO LA LEY APLICABLE, TRIMACO RENUNCIA EXPRESAMENTE A TODAS LAS GARANT\u00cdAS, INCLUIDAS, ENTRE OTRAS, LAS GARANT\u00cdAS DE COMERCIABILIDAD, IDONEIDAD PARA UN PROP\u00d3SITO PARTICULAR Y NO INFRACCI\u00d3N DE LOS DERECHOS DE PROPIEDAD INTELECTUAL, CON RESPECTO AL SITIO Y CUALQUIER SITIO AL QUE EL SITIO CONTENGA UN ENLACE.<\/p>\n<h2>Limitaci\u00f3n de responsabilidad<\/h2>\n<p>EN NING\u00daN CASO TRIMACO SER\u00c1 RESPONSABLE DE NING\u00daN DA\u00d1O CONSECUENTE, INCIDENTAL, INDIRECTO, ESPECIAL O PUNITIVO, O CUALQUIER DA\u00d1O, SUFRIDO COMO RESULTADO DE DESCARGAR, VER, COPIAR, IMPRIMIR, DISTRIBUIR, MODIFICAR, CONFIAR, O DE OTRA MANERA USAR O NO PODER USAR CUALQUIER PARTE DEL SITIO O CUALQUIER SITIO AL QUE EL SITIO CONTENGA UN ENLACE, INCLUYENDO CUALQUIER INTERRUPCI\u00d3N DEL NEGOCIO, RETRASO EN EL TRABAJO O P\u00c9RDIDA DE DATOS, GANANCIAS, INGRESOS U OTRA VENTAJA ECON\u00d3MICA, YA SEA QUE DICHOS DA\u00d1OS SE RECLAMEN BAJO CONTRATO, EN AGRAVIO O DE OTRA MANERA, E INCLUSO SI TRIMACO HA SIDO ADVERTIDO DE LA POSIBILIDAD DE TALES DA\u00d1OS.<\/p>\n","protected":false},"excerpt":{"rendered":"<p>Aviso de aceptaci\u00f3n Los materiales en este sitio web (&#8220;Sitio&#8221;) son proporcionados por TRIMACO, Inc. como un servicio al cliente. Al descargar, ver, copiar, imprimir o utilizar cualquier parte del Sitio, usted acepta estos T\u00e9rminos<a class=\"read-more\" href=\"https:\/\/trimaco.com\/es\/condiciones-de-uso-2\/\"> &#8230;Continue Reading<\/a><\/p>\n","protected":false},"author":2,"featured_media":0,"parent":0,"menu_order":0,"comment_status":"closed","ping_status":"closed","template":"page_faqs.php","meta":{"_acf_changed":false,"footnotes":""},"class_list":["post-16540","page","type-page","status-publish","hentry"],"acf":[],"yoast_head":"<!-- This site is optimized with the Yoast SEO plugin v27.3 - https:\/\/yoast.com\/product\/yoast-seo-wordpress\/ -->\n<title>Condiciones de uso - Trimaco<\/title>\n<meta name=\"description\" content=\"Al descargar, ver, copiar, imprimir o usar cualquier parte de este sitio estar\u00e1s aceptando estos T\u00e9rminos.\" \/>\n<meta name=\"robots\" content=\"index, follow, max-snippet:-1, max-image-preview:large, max-video-preview:-1\" \/>\n<link rel=\"canonical\" href=\"https:\/\/trimaco.com\/es\/condiciones-de-uso-2\/\" \/>\n<meta property=\"og:locale\" content=\"es_ES\" \/>\n<meta property=\"og:type\" content=\"article\" \/>\n<meta property=\"og:title\" content=\"Condiciones de uso - Trimaco\" \/>\n<meta property=\"og:description\" content=\"Al descargar, ver, copiar, imprimir o usar cualquier parte de este sitio estar\u00e1s aceptando estos T\u00e9rminos.\" \/>\n<meta property=\"og:url\" content=\"https:\/\/trimaco.com\/es\/condiciones-de-uso-2\/\" \/>\n<meta property=\"og:site_name\" content=\"Trimaco\" \/>\n<meta property=\"article:publisher\" content=\"https:\/\/www.facebook.com\/pages\/Trimaco\/346858225385747?ref=ts\" \/>\n<meta property=\"article:modified_time\" content=\"2022-03-25T14:15:40+00:00\" \/>\n<meta name=\"twitter:card\" content=\"summary_large_image\" \/>\n<meta name=\"twitter:site\" content=\"@trimacoinc\" \/>\n<meta name=\"twitter:label1\" content=\"Tiempo de lectura\" \/>\n\t<meta name=\"twitter:data1\" content=\"5 minutos\" \/>\n<!-- \/ Yoast SEO plugin. -->","yoast_head_json":{"title":"Condiciones de uso - Trimaco","description":"Al descargar, ver, copiar, imprimir o usar cualquier parte de este sitio estar\u00e1s aceptando estos T\u00e9rminos.","robots":{"index":"index","follow":"follow","max-snippet":"max-snippet:-1","max-image-preview":"max-image-preview:large","max-video-preview":"max-video-preview:-1"},"canonical":"https:\/\/trimaco.com\/es\/condiciones-de-uso-2\/","og_locale":"es_ES","og_type":"article","og_title":"Condiciones de uso - Trimaco","og_description":"Al descargar, ver, copiar, imprimir o usar cualquier parte de este sitio estar\u00e1s aceptando estos T\u00e9rminos.","og_url":"https:\/\/trimaco.com\/es\/condiciones-de-uso-2\/","og_site_name":"Trimaco","article_publisher":"https:\/\/www.facebook.com\/pages\/Trimaco\/346858225385747?ref=ts","article_modified_time":"2022-03-25T14:15:40+00:00","twitter_card":"summary_large_image","twitter_site":"@trimacoinc","twitter_misc":{"Tiempo de lectura":"5 minutos"},"schema":{"@context":"https:\/\/schema.org","@graph":[{"@type":"WebPage","@id":"https:\/\/trimaco.com\/es\/condiciones-de-uso-2\/","url":"https:\/\/trimaco.com\/es\/condiciones-de-uso-2\/","name":"Condiciones de uso - Trimaco","isPartOf":{"@id":"https:\/\/trimaco.com\/#website"},"datePublished":"2021-12-03T20:49:55+00:00","dateModified":"2022-03-25T14:15:40+00:00","description":"Al descargar, ver, copiar, imprimir o usar cualquier parte de este sitio estar\u00e1s aceptando estos T\u00e9rminos.","breadcrumb":{"@id":"https:\/\/trimaco.com\/es\/condiciones-de-uso-2\/#breadcrumb"},"inLanguage":"es","potentialAction":[{"@type":"ReadAction","target":["https:\/\/trimaco.com\/es\/condiciones-de-uso-2\/"]}]},{"@type":"BreadcrumbList","@id":"https:\/\/trimaco.com\/es\/condiciones-de-uso-2\/#breadcrumb","itemListElement":[{"@type":"ListItem","position":1,"name":"Home","item":"https:\/\/trimaco.com\/"},{"@type":"ListItem","position":2,"name":"Condiciones de uso"}]},{"@type":"WebSite","@id":"https:\/\/trimaco.com\/#website","url":"https:\/\/trimaco.com\/","name":"Trimaco","description":"Total Jobsite Protection\u2122","publisher":{"@id":"https:\/\/trimaco.com\/#organization"},"potentialAction":[{"@type":"SearchAction","target":{"@type":"EntryPoint","urlTemplate":"https:\/\/trimaco.com\/?s={search_term_string}"},"query-input":{"@type":"PropertyValueSpecification","valueRequired":true,"valueName":"search_term_string"}}],"inLanguage":"es"},{"@type":"Organization","@id":"https:\/\/trimaco.com\/#organization","name":"Trimaco","url":"https:\/\/trimaco.com\/","logo":{"@type":"ImageObject","inLanguage":"es","@id":"https:\/\/trimaco.com\/#\/schema\/logo\/image\/","url":"https:\/\/trimaco.com\/wp-content\/uploads\/2016\/08\/login-logo.png","contentUrl":"https:\/\/trimaco.com\/wp-content\/uploads\/2016\/08\/login-logo.png","width":450,"height":69,"caption":"Trimaco"},"image":{"@id":"https:\/\/trimaco.com\/#\/schema\/logo\/image\/"},"sameAs":["https:\/\/www.facebook.com\/pages\/Trimaco\/346858225385747?ref=ts","https:\/\/x.com\/trimacoinc","https:\/\/www.instagram.com\/trimaco_inc\/","https:\/\/pinterest.com\/trimaco\/","https:\/\/www.youtube.com\/c\/trimacoinc"]}]}},"_links":{"self":[{"href":"https:\/\/trimaco.com\/es\/wp-json\/wp\/v2\/pages\/16540","targetHints":{"allow":["GET"]}}],"collection":[{"href":"https:\/\/trimaco.com\/es\/wp-json\/wp\/v2\/pages"}],"about":[{"href":"https:\/\/trimaco.com\/es\/wp-json\/wp\/v2\/types\/page"}],"author":[{"embeddable":true,"href":"https:\/\/trimaco.com\/es\/wp-json\/wp\/v2\/users\/2"}],"replies":[{"embeddable":true,"href":"https:\/\/trimaco.com\/es\/wp-json\/wp\/v2\/comments?post=16540"}],"version-history":[{"count":0,"href":"https:\/\/trimaco.com\/es\/wp-json\/wp\/v2\/pages\/16540\/revisions"}],"wp:attachment":[{"href":"https:\/\/trimaco.com\/es\/wp-json\/wp\/v2\/media?parent=16540"}],"curies":[{"name":"wp","href":"https:\/\/api.w.org\/{rel}","templated":true}]}}