{"id":16538,"date":"2021-12-03T16:45:19","date_gmt":"2021-12-03T20:45:19","guid":{"rendered":"https:\/\/trimaco.wpengine.com\/recursos\/conviertete-en-suscriptor\/"},"modified":"2024-06-11T14:14:15","modified_gmt":"2024-06-11T18:14:15","slug":"conviertete-en-suscriptor","status":"publish","type":"page","link":"https:\/\/trimaco.com\/es\/recursos\/conviertete-en-suscriptor\/","title":{"rendered":"Registrate para recibir nuestro boletin informativo"},"content":{"rendered":"<p>Mant\u00e9ngase al d\u00eda con todas las \u00faltimas noticias de Trimaco. Desde lanzamientos de nuevos productos, hasta actualizaciones de ferias comerciales y m\u00e1s. \u00a1Nunca pierdas el ritmo y suscr\u00edbete a nuestro bolet\u00edn mensual! <\/p>\n<p>\u00bfBusca informaci\u00f3n adicional o est\u00e1 interesado en almacenar nuestros productos? <a href=\"https:\/\/trimaco.com\/es\/contactenos\/\">P\u00f3ngase en contacto con nosotros<\/a> hoy mismo y estaremos encantados de ayudarle.<\/p>\n<h2>\u00a1Suscr\u00edbete a los correos electr\u00f3nicos mensuales de Trimaco!<\/h2>\n<link rel='stylesheet' id='formidable-css' href='https:\/\/trimaco.com\/wp-content\/plugins\/formidable\/css\/formidableforms.css?ver=3241511' type='text\/css' media='all' \/>\n<div class=\"frm_forms  with_frm_style frm_style_formidable-style\" id=\"frm_form_21_container\" data-token=\"d5f68a19d6cce780880ee4caed8a06fe\">\n<form enctype=\"multipart\/form-data\" method=\"post\" class=\"frm-show-form  frm_pro_form \" id=\"form_contact-form339f870458\" data-token=\"d5f68a19d6cce780880ee4caed8a06fe\">\n<div class=\"frm_form_fields \">\n<fieldset>\n<legend class=\"frm_screen_reader\">Become a Subscriber <\/legend>\r\n\r\n<div class=\"frm_fields_container\">\n<input type=\"hidden\" name=\"frm_action\" value=\"create\" \/>\n<input type=\"hidden\" name=\"form_id\" value=\"21\" \/>\n<input type=\"hidden\" name=\"frm_hide_fields_21\" id=\"frm_hide_fields_21\" value=\"\" \/>\n<input type=\"hidden\" name=\"form_key\" value=\"contact-form339f870458\" \/>\n<input type=\"hidden\" name=\"item_meta[0]\" value=\"\" \/>\n<input type=\"hidden\" id=\"frm_submit_entry_21\" name=\"frm_submit_entry_21\" value=\"547f773ee3\" \/><input type=\"hidden\" name=\"_wp_http_referer\" value=\"\/es\/wp-json\/wp\/v2\/pages\/16538\" \/><div id=\"frm_field_475_container\" class=\"frm_form_field form-field  frm_required_field frm_inside_container frm12\">\r\n    <label for=\"field_qh4icy\" class=\"frm_primary_label\">Customer Full Name\r\n        <span class=\"frm_required\"><\/span>\r\n    <\/label>\r\n    <input  type=\"text\" id=\"field_qh4icy\" name=\"item_meta[475]\" value=\"\"  data-reqmsg=\"Customer Full Name cannot be blank.\" aria-required=\"true\" data-invmsg=\"Name is invalid\" aria-invalid=\"false\"   \/>\r\n    \r\n    \r\n<\/div>\n<div id=\"frm_field_674_container\" class=\"frm_form_field form-field  frm_required_field frm_inside_container frm12\">\r\n    <label for=\"field_h3k9u\" class=\"frm_primary_label\">Customer Full Name\r\n        <span class=\"frm_required\"><\/span>\r\n    <\/label>\r\n    <input  type=\"text\" id=\"field_h3k9u\" name=\"item_meta[674]\" value=\"\"  data-reqmsg=\"Customer Full Name cannot be blank.\" aria-required=\"true\" data-invmsg=\"Name is invalid\" aria-invalid=\"false\"   \/>\r\n    \r\n    \r\n<\/div>\n<div id=\"frm_field_476_container\" class=\"frm_form_field form-field  frm_required_field frm_inside_container frm12\">\r\n    <label for=\"field_29yf4d\" class=\"frm_primary_label\">Email\r\n        <span class=\"frm_required\"><\/span>\r\n    <\/label>\r\n    <input type=\"email\" id=\"field_29yf4d\" name=\"item_meta[476]\" value=\"\"  data-reqmsg=\"Email cannot be blank.\" aria-required=\"true\" data-invmsg=\"Please enter a valid email address\" aria-invalid=\"false\"  \/>\r\n    \r\n    \r\n<\/div>\n<div id=\"frm_field_478_container\" class=\"frm_form_field form-field  frm_inside_container frm12\">\r\n    <label for=\"field_hd1und3a161cedc\" class=\"frm_primary_label\">Phone\r\n        <span class=\"frm_required\"><\/span>\r\n    <\/label>\r\n    <input type=\"tel\" id=\"field_hd1und3a161cedc\" name=\"item_meta[478]\" value=\"\"  data-invmsg=\"Phone is invalid\" aria-invalid=\"false\" pattern=\"((\\+\\d{1,3}(-|.| )?\\(?\\d\\)?(-| |.)?\\d{1,5})|(\\(?\\d{2,6}\\)?))(-|.| )?(\\d{3,4})(-|.| )?(\\d{4})(( x| ext)\\d{1,5}){0,1}$\"  \/>\r\n    \r\n    \r\n<\/div>\n<div id=\"frm_field_480_container\" class=\"frm_form_field form-field  frm_hidden_container vertical_radio\">\r\n    <label for=\"field_q30aufe861cef7d\" class=\"frm_primary_label\">Checkboxes\r\n        <span class=\"frm_required\"><\/span>\r\n    <\/label>\r\n    <div class=\"frm_opt_container\">\t\t<div class=\"frm_checkbox\" id=\"frm_checkbox_480-0\">\t\t\t<label  for=\"field_q30aufe861cef7d-0\">\n\t\t\t<input type=\"checkbox\" name=\"item_meta[480][]\" id=\"field_q30aufe861cef7d-0\" value=\"Subscribe to receive our latest news\"  data-invmsg=\"Checkboxes no es v\u00e1lido\"   \/> Subscribe to receive our latest news<\/label><\/div>\n<\/div>\r\n    \r\n    \r\n<\/div>\n<div id=\"frm_field_640_container\" class=\"frm_form_field form-field  frm_inline_container\">\r\n\t<label for=\"g-recaptcha-response\" id=\"field_jx068_label\" class=\"frm_primary_label\">Captcha\r\n\t\t<span class=\"frm_required\" aria-hidden=\"true\"><\/span>\r\n\t<\/label>\r\n\t<div  id=\"field_jx068\" class=\"frm-g-recaptcha\" data-sitekey=\"6LdJG80qAAAAAC-72YzHOz5J2dVUiwArIeHpxe4P\" data-size=\"invisible\" data-theme=\"light\"><\/div>\r\n\t\r\n\t\r\n<\/div>\n<div id=\"frm_field_628_container\" class=\"frm_form_field form-field \">\r\n\t<div class=\"frm_submit\">\r\n\r\n<button class=\"frm_button_submit frm_final_submit\" type=\"submit\"   formnovalidate=\"formnovalidate\">Submit<\/button>\r\n\r\n<\/div>\r\n<\/div>\n\t<input type=\"hidden\" name=\"item_key\" value=\"\" \/>\n\t<input name=\"frm_state\" type=\"hidden\" value=\"2LWxji8Z8rRHbxcQTRFapi4AkT1HVcfFCRgG9fEiwIyEma695IXEsQtF9Jf0FxBs\" \/><\/div>\n<\/fieldset>\n<\/div>\n\n<p style=\"display: none !important;\" class=\"akismet-fields-container\" data-prefix=\"ak_\"><label>&#916;<textarea name=\"ak_hp_textarea\" cols=\"45\" rows=\"8\" maxlength=\"100\"><\/textarea><\/label><input type=\"hidden\" id=\"ak_js_1\" name=\"ak_js\" value=\"143\"\/><script>document.getElementById( \"ak_js_1\" ).setAttribute( \"value\", ( new Date() ).getTime() );<\/script><\/p><\/form>\n<\/div>\n\n<p><em>Al enviar este formulario, usted acepta recibir comunicaciones futuras de Trimaco. Para obtener m\u00e1s informaci\u00f3n, consulte nuestra <a href=\"https:\/\/trimaco.com\/es\/politica-de-privacidad-de-trimaco\/\">pol\u00edtica de privacidad<\/a>.<\/em><\/p>\n","protected":false},"excerpt":{"rendered":"<p>Mant\u00e9ngase al d\u00eda con todas las \u00faltimas noticias de Trimaco. Desde lanzamientos de nuevos productos, hasta actualizaciones de ferias comerciales y m\u00e1s. \u00a1Nunca pierdas el ritmo y suscr\u00edbete a nuestro bolet\u00edn mensual! \u00bfBusca informaci\u00f3n adicional<a class=\"read-more\" href=\"https:\/\/trimaco.com\/es\/recursos\/conviertete-en-suscriptor\/\"> &#8230;Continue Reading<\/a><\/p>\n","protected":false},"author":9,"featured_media":0,"parent":16536,"menu_order":0,"comment_status":"closed","ping_status":"closed","template":"page_distributor.php","meta":{"_acf_changed":false,"footnotes":""},"class_list":["post-16538","page","type-page","status-publish","hentry"],"acf":[],"yoast_head":"<!-- This site is optimized with the Yoast SEO plugin v27.3 - https:\/\/yoast.com\/product\/yoast-seo-wordpress\/ -->\n<title>Suscr\u00edbase a los boletines mensuales de Trimaco- Trimaco<\/title>\n<meta name=\"description\" content=\"Mant\u00e9ngase al d\u00eda sobre los lanzamientos de nuevos productos, actualizaciones de ferias comerciales y m\u00e1s. \u00a1Suscr\u00edbase a nuestro boletin!\" \/>\n<meta name=\"robots\" content=\"index, follow, max-snippet:-1, max-image-preview:large, max-video-preview:-1\" \/>\n<link rel=\"canonical\" href=\"https:\/\/trimaco.com\/es\/recursos\/conviertete-en-suscriptor\/\" \/>\n<meta property=\"og:locale\" content=\"es_ES\" \/>\n<meta property=\"og:type\" content=\"article\" \/>\n<meta property=\"og:title\" content=\"Suscr\u00edbase a los boletines mensuales de Trimaco- Trimaco\" \/>\n<meta property=\"og:description\" content=\"Mant\u00e9ngase al d\u00eda sobre los lanzamientos de nuevos productos, actualizaciones de ferias comerciales y m\u00e1s. \u00a1Suscr\u00edbase a nuestro boletin!\" \/>\n<meta property=\"og:url\" content=\"https:\/\/trimaco.com\/es\/recursos\/conviertete-en-suscriptor\/\" \/>\n<meta property=\"og:site_name\" content=\"Trimaco\" \/>\n<meta property=\"article:publisher\" content=\"https:\/\/www.facebook.com\/pages\/Trimaco\/346858225385747?ref=ts\" \/>\n<meta property=\"article:modified_time\" content=\"2024-06-11T18:14:15+00:00\" \/>\n<meta name=\"twitter:card\" content=\"summary_large_image\" \/>\n<meta name=\"twitter:site\" content=\"@trimacoinc\" \/>\n<meta name=\"twitter:label1\" content=\"Tiempo de lectura\" \/>\n\t<meta name=\"twitter:data1\" content=\"1 minuto\" \/>\n<!-- \/ Yoast SEO plugin. -->","yoast_head_json":{"title":"Suscr\u00edbase a los boletines mensuales de Trimaco- Trimaco","description":"Mant\u00e9ngase al d\u00eda sobre los lanzamientos de nuevos productos, actualizaciones de ferias comerciales y m\u00e1s. \u00a1Suscr\u00edbase a nuestro boletin!","robots":{"index":"index","follow":"follow","max-snippet":"max-snippet:-1","max-image-preview":"max-image-preview:large","max-video-preview":"max-video-preview:-1"},"canonical":"https:\/\/trimaco.com\/es\/recursos\/conviertete-en-suscriptor\/","og_locale":"es_ES","og_type":"article","og_title":"Suscr\u00edbase a los boletines mensuales de Trimaco- Trimaco","og_description":"Mant\u00e9ngase al d\u00eda sobre los lanzamientos de nuevos productos, actualizaciones de ferias comerciales y m\u00e1s. \u00a1Suscr\u00edbase a nuestro boletin!","og_url":"https:\/\/trimaco.com\/es\/recursos\/conviertete-en-suscriptor\/","og_site_name":"Trimaco","article_publisher":"https:\/\/www.facebook.com\/pages\/Trimaco\/346858225385747?ref=ts","article_modified_time":"2024-06-11T18:14:15+00:00","twitter_card":"summary_large_image","twitter_site":"@trimacoinc","twitter_misc":{"Tiempo de lectura":"1 minuto"},"schema":{"@context":"https:\/\/schema.org","@graph":[{"@type":"WebPage","@id":"https:\/\/trimaco.com\/es\/recursos\/conviertete-en-suscriptor\/","url":"https:\/\/trimaco.com\/es\/recursos\/conviertete-en-suscriptor\/","name":"Suscr\u00edbase a los boletines mensuales de Trimaco- Trimaco","isPartOf":{"@id":"https:\/\/trimaco.com\/#website"},"datePublished":"2021-12-03T20:45:19+00:00","dateModified":"2024-06-11T18:14:15+00:00","description":"Mant\u00e9ngase al d\u00eda sobre los lanzamientos de nuevos productos, actualizaciones de ferias comerciales y m\u00e1s. \u00a1Suscr\u00edbase a nuestro boletin!","breadcrumb":{"@id":"https:\/\/trimaco.com\/es\/recursos\/conviertete-en-suscriptor\/#breadcrumb"},"inLanguage":"es","potentialAction":[{"@type":"ReadAction","target":["https:\/\/trimaco.com\/es\/recursos\/conviertete-en-suscriptor\/"]}]},{"@type":"BreadcrumbList","@id":"https:\/\/trimaco.com\/es\/recursos\/conviertete-en-suscriptor\/#breadcrumb","itemListElement":[{"@type":"ListItem","position":1,"name":"Home","item":"https:\/\/trimaco.com\/"},{"@type":"ListItem","position":2,"name":"Recursos","item":"https:\/\/trimaco.com\/es\/recursos\/"},{"@type":"ListItem","position":3,"name":"Registrate para recibir nuestro boletin informativo"}]},{"@type":"WebSite","@id":"https:\/\/trimaco.com\/#website","url":"https:\/\/trimaco.com\/","name":"Trimaco","description":"Total Jobsite Protection\u2122","publisher":{"@id":"https:\/\/trimaco.com\/#organization"},"potentialAction":[{"@type":"SearchAction","target":{"@type":"EntryPoint","urlTemplate":"https:\/\/trimaco.com\/?s={search_term_string}"},"query-input":{"@type":"PropertyValueSpecification","valueRequired":true,"valueName":"search_term_string"}}],"inLanguage":"es"},{"@type":"Organization","@id":"https:\/\/trimaco.com\/#organization","name":"Trimaco","url":"https:\/\/trimaco.com\/","logo":{"@type":"ImageObject","inLanguage":"es","@id":"https:\/\/trimaco.com\/#\/schema\/logo\/image\/","url":"https:\/\/trimaco.com\/wp-content\/uploads\/2016\/08\/login-logo.png","contentUrl":"https:\/\/trimaco.com\/wp-content\/uploads\/2016\/08\/login-logo.png","width":450,"height":69,"caption":"Trimaco"},"image":{"@id":"https:\/\/trimaco.com\/#\/schema\/logo\/image\/"},"sameAs":["https:\/\/www.facebook.com\/pages\/Trimaco\/346858225385747?ref=ts","https:\/\/x.com\/trimacoinc","https:\/\/www.instagram.com\/trimaco_inc\/","https:\/\/pinterest.com\/trimaco\/","https:\/\/www.youtube.com\/c\/trimacoinc"]}]}},"_links":{"self":[{"href":"https:\/\/trimaco.com\/es\/wp-json\/wp\/v2\/pages\/16538","targetHints":{"allow":["GET"]}}],"collection":[{"href":"https:\/\/trimaco.com\/es\/wp-json\/wp\/v2\/pages"}],"about":[{"href":"https:\/\/trimaco.com\/es\/wp-json\/wp\/v2\/types\/page"}],"author":[{"embeddable":true,"href":"https:\/\/trimaco.com\/es\/wp-json\/wp\/v2\/users\/9"}],"replies":[{"embeddable":true,"href":"https:\/\/trimaco.com\/es\/wp-json\/wp\/v2\/comments?post=16538"}],"version-history":[{"count":0,"href":"https:\/\/trimaco.com\/es\/wp-json\/wp\/v2\/pages\/16538\/revisions"}],"up":[{"embeddable":true,"href":"https:\/\/trimaco.com\/es\/wp-json\/wp\/v2\/pages\/16536"}],"wp:attachment":[{"href":"https:\/\/trimaco.com\/es\/wp-json\/wp\/v2\/media?parent=16538"}],"curies":[{"name":"wp","href":"https:\/\/api.w.org\/{rel}","templated":true}]}}