{"id":16535,"date":"2021-12-03T16:24:59","date_gmt":"2021-12-03T20:24:59","guid":{"rendered":"https:\/\/trimaco.wpengine.com\/productos\/papel-de-enmascarar-de-uso-automotriz\/papel-de-enmascaramiento-para-pintura-automotriz\/"},"modified":"2024-04-04T09:41:54","modified_gmt":"2024-04-04T13:41:54","slug":"papel-de-enmascaramiento-para-pintura-automotriz","status":"publish","type":"page","link":"https:\/\/trimaco.com\/es\/productos\/papel-para-enmascarar\/papel-de-enmascaramiento-para-pintura-automotriz\/","title":{"rendered":"Papel de enmascaramiento para pintura automotriz"},"content":{"rendered":"<p>Trimaco tiene una amplia variedad de opciones de papel de enmascaramiento de pintura automotriz. Lea a continuaci\u00f3n para decidir cu\u00e1l papel de enmascaramiento de pintura automotriz es el m\u00e1s adecuado para su trabajo de carrocer\u00eda. El papel de enmascaramiento automotriz tambi\u00e9n se puede usar dentro de la <a href=\"https:\/\/trimaco.com\/es\/industrias\/industria-marina\/\">Industria Marina<\/a>, para una protecci\u00f3n total del sitio de trabajo&#x2122;.<\/p>\n<h2>PAPEL DE ENMASCARAMIENTO RECUBIERTO DE PL\u00c1STICO POLY-GOLD<\/h2>\n<p>Papel con un recubrimiento que nunca se descascara, ideal para lijar en h\u00famedo.<\/p>\n<h3>55 METROS (180.44&#8242;)<\/h3>\n<table>\n<tbody>\n<tr>\n<th># DE ART\u00cdCULO<\/th>\n<th>PAQUETE DE<\/th>\n<th>TAMA\u00d1O<\/th>\n<\/tr>\n<tr>\n<td>17606<\/td>\n<td>12<\/td>\n<td>147 mm (6&#8243;)<\/td>\n<\/tr>\n<tr>\n<td>17612<\/td>\n<td>12<\/td>\n<td>293 mm (12&#8243;)<\/td>\n<\/tr>\n<tr>\n<td>17618<\/td>\n<td>12<\/td>\n<td>440 mm (18&#8243;)<\/td>\n<\/tr>\n<\/table>\n<h3>225 METROS (738&#8242;)<\/h3>\n<table>\n<tbody>\n<tr>\n<th># DE ART\u00cdCULO<\/th>\n<th>PAQUETE DE<\/th>\n<th>TAMA\u00d1O<\/th>\n<\/tr>\n<tr>\n<td>17506<\/td>\n<td>6<\/td>\n<td>147 mm (6&#8243;)<\/td>\n<\/tr>\n<tr>\n<td>17512<\/td>\n<td>3<\/td>\n<td>293 mm (12&#8243;)<\/td>\n<\/tr>\n<tr>\n<td>17518<\/td>\n<td>2<\/td>\n<td>440 mm (18&#8243;)<\/td>\n<\/tr>\n<tr>\n<td>17536<\/td>\n<td>1<\/td>\n<td>880 mm (36&#8243;)<\/td>\n<\/tr>\n<\/table>\n<h2>PAPEL DE ENMASCARAMIENTO BLANCO<\/h2>\n<p>El papel evita el traspaso de pintura. Ideal para lijar en h\u00famedo, imprimar y terminar<\/p>\n<h3>55 METROS (180.44&#8242;)<\/h3>\n<table>\n<tbody>\n<tr>\n<th># DE ART\u00cdCULO<\/th>\n<th>PAQUETE DE<\/th>\n<th>TAMA\u00d1O<\/th>\n<\/tr>\n<tr>\n<td>12506<\/td>\n<td>12<\/td>\n<td>147 mm (6&#8243;)<\/td>\n<\/tr>\n<tr>\n<td>12512<\/td>\n<td>12<\/td>\n<td>293 mm (12&#8243;)<\/td>\n<\/tr>\n<tr>\n<td>12518<\/td>\n<td>12<\/td>\n<td>440 mm (18&#8243;)<\/td>\n<\/tr>\n<\/table>\n<h3>225 METROS (738&#8242;)<\/h3>\n<table>\n<tbody>\n<tr>\n<th># DE ART\u00cdCULO<\/th>\n<th>PAQUETE DE<\/th>\n<th>TAMA\u00d1O<\/th>\n<\/tr>\n<tr>\n<td>12406<\/td>\n<td>6<\/td>\n<td>147 mm (6&#8243;)<\/td>\n<\/tr>\n<tr>\n<td>12412<\/td>\n<td>3<\/td>\n<td>293 mm (12&#8243;)<\/td>\n<\/tr>\n<tr>\n<td>12418<\/td>\n<td>2<\/td>\n<td>440 mm (18&#8243;)<\/td>\n<\/tr>\n<tr>\n<td>12436<\/td>\n<td>1<\/td>\n<td>880 mm (36&#8243;)<\/td>\n<\/tr>\n<\/table>\n<h2>PAPEL DE ENMASCARAMIENTO RECUBIERTO DE AZUL POLIETILENO<\/h2>\n<p>Papel de peri\u00f3dico con laminado.<\/p>\n<h3>55 METROS (180.44&#8242;)<\/h3>\n<table>\n<tbody>\n<tr>\n<th># DE ART\u00cdCULO<\/th>\n<th>PAQUETE DE<\/th>\n<th>TAMA\u00d1O<\/th>\n<\/tr>\n<tr>\n<td>18206<\/td>\n<td>12<\/td>\n<td>147 mm (6&#8243;)<\/td>\n<\/tr>\n<tr>\n<td>18212<\/td>\n<td>12<\/td>\n<td>293 mm (12&#8243;)<\/td>\n<\/tr>\n<tr>\n<td>18218<\/td>\n<td>12<\/td>\n<td>440 mm (18&#8243;)<\/td>\n<\/tr>\n<\/table>\n<h3>225 METROS (738&#8242;)<\/h3>\n<table>\n<tbody>\n<tr>\n<th># DE ART\u00cdCULO<\/th>\n<th>PAQUETE DE<\/th>\n<th>TAMA\u00d1O<\/th>\n<\/tr>\n<tr>\n<td>18006<\/td>\n<td>6<\/td>\n<td>147 mm (6&#8243;)<\/td>\n<\/tr>\n<tr>\n<td>18012<\/td>\n<td>3<\/td>\n<td>293 mm (12&#8243;)<\/td>\n<\/tr>\n<tr>\n<td>18018<\/td>\n<td>2<\/td>\n<td>440 mm (18&#8243;)<\/td>\n<\/tr>\n<tr>\n<td>18036<\/td>\n<td>1<\/td>\n<td>880 mm (36&#8243;)<\/td>\n<\/tr>\n<\/table>\n<h3>300 METROS (984&#8242;)<\/h3>\n<table>\n<tbody>\n<tr>\n<th># DE ART\u00cdCULO<\/th>\n<th>PAQUETE DE<\/th>\n<th>TAMA\u00d1O<\/th>\n<\/tr>\n<tr>\n<td>18306<\/td>\n<td>6<\/td>\n<td>147 mm (6&#8243;)<\/td>\n<\/tr>\n<tr>\n<td>18312<\/td>\n<td>3<\/td>\n<td>293 mm (12&#8243;)<\/td>\n<\/tr>\n<tr>\n<td>18318<\/td>\n<td>2<\/td>\n<td>440 mm (18&#8243;)<\/td>\n<\/tr>\n<tr>\n<td>18336<\/td>\n<td>1<\/td>\n<td>880 mm (36&#8243;)<\/td>\n<\/tr>\n<\/table>\n<h2>PAPEL DE ENMASCARAMIENTO VERDE DE 30LBS<\/h2>\n<p>El papel de 30 libras es ideal para aplicar la primera capa.<\/p>\n<h3>55 METROS (180.44&#8242;)<\/h3>\n<table>\n<tbody>\n<tr>\n<th># DE ART\u00cdCULO<\/th>\n<th>PAQUETE DE<\/th>\n<th>TAMA\u00d1O<\/th>\n<\/tr>\n<tr>\n<td>13106<\/td>\n<td>12<\/td>\n<td>147 mm (6&#8243;)<\/td>\n<\/tr>\n<tr>\n<td>13112<\/td>\n<td>12<\/td>\n<td>293 mm (12&#8243;)<\/td>\n<\/tr>\n<tr>\n<td>13118<\/td>\n<td>12<\/td>\n<td>440 mm (18&#8243;)<\/td>\n<\/tr>\n<\/table>\n<h3>225 METROS (738&#8242;)<\/h3>\n<table>\n<tbody>\n<tr>\n<th># DE ART\u00cdCULO<\/th>\n<th>PAQUETE DE<\/th>\n<th>TAMA\u00d1O<\/th>\n<\/tr>\n<tr>\n<td>13706<\/td>\n<td>6<\/td>\n<td>147 mm (6&#8243;)<\/td>\n<\/tr>\n<tr>\n<td>13712<\/td>\n<td>3<\/td>\n<td>293 mm (12&#8243;)<\/td>\n<\/tr>\n<tr>\n<td>13718<\/td>\n<td>2<\/td>\n<td>440 mm (18&#8243;)<\/td>\n<\/tr>\n<tr>\n<td>13736<\/td>\n<td>1<\/td>\n<td>880 mm (36&#8243;)<\/td>\n<\/tr>\n<\/table>\n<h3>300 METROS (984&#8242;)<\/h3>\n<table>\n<tbody>\n<tr>\n<th># DE ART\u00cdCULO<\/th>\n<th>PAQUETE DE<\/th>\n<th>TAMA\u00d1O<\/th>\n<\/tr>\n<tr>\n<td>13006<\/td>\n<td>6<\/td>\n<td>147 mm (6&#8243;)<\/td>\n<\/tr>\n<tr>\n<td>13012<\/td>\n<td>3<\/td>\n<td>293 mm (12&#8243;)<\/td>\n<\/tr>\n<tr>\n<td>13018<\/td>\n<td>2<\/td>\n<td>440 mm (18&#8243;)<\/td>\n<\/tr>\n<tr>\n<td>13036<\/td>\n<td>1<\/td>\n<td>880 mm (36&#8243;)<\/td>\n<\/tr>\n<\/table>\n<h2>PAPEL DE ENMASCARAR VERDE DE 35LBS<\/h2>\n<p>El papel de 35 libras es ideal para aplicar la primera capa y la de acabado.<\/p>\n<h3>150 METROS (492&#8242;)<\/h3>\n<table>\n<tbody>\n<tr>\n<th># DE ART\u00cdCULO<\/th>\n<th>PAQUETE DE<\/th>\n<th>TAMA\u00d1O<\/th>\n<\/tr>\n<tr>\n<td>13606<\/td>\n<td>6<\/td>\n<td>147 mm (6&#8243;)<\/td>\n<\/tr>\n<tr>\n<td>13612<\/td>\n<td>3<\/td>\n<td>293 mm (12&#8243;)<\/td>\n<\/tr>\n<tr>\n<td>13618<\/td>\n<td>2<\/td>\n<td>440 mm (18&#8243;)<\/td>\n<\/tr>\n<tr>\n<td>13636<\/td>\n<td>1<\/td>\n<td>880 mm (36&#8243;)<\/td>\n<\/tr>\n<\/table>\n<h2>PAPEL DE ENMASCARAR VERDE DE 40LBS<\/h2>\n<p>El papel de 40 libras es ideal para aplicar la primera capa y la de acabado.<\/p>\n<h3>125 METROS (410.1&#8242;)<\/h3>\n<table>\n<tbody>\n<tr>\n<th># DE ART\u00cdCULO<\/th>\n<th>PAQUETE DE<\/th>\n<th>TAMA\u00d1O<\/th>\n<\/tr>\n<tr>\n<td>14406<\/td>\n<td>6<\/td>\n<td>147 mm (6&#8243;)<\/td>\n<\/tr>\n<tr>\n<td>14412<\/td>\n<td>3<\/td>\n<td>293 mm (12&#8243;)<\/td>\n<\/tr>\n<tr>\n<td>14418<\/td>\n<td>2<\/td>\n<td>440 mm (18&#8243;)<\/td>\n<\/tr>\n<tr>\n<td>14436<\/td>\n<td>1<\/td>\n<td>880 mm (36&#8243;)<\/td>\n<\/tr>\n<\/table>\n<h3>165 METROS (541.34&#8242;)<\/h3>\n<table>\n<tbody>\n<tr>\n<th># DE ART\u00cdCULO<\/th>\n<th>PAQUETE DE<\/th>\n<th>TAMA\u00d1O<\/th>\n<\/tr>\n<tr>\n<td>14006<\/td>\n<td>6<\/td>\n<td>147 mm (6&#8243;)<\/td>\n<\/tr>\n<tr>\n<td>14012<\/td>\n<td>3<\/td>\n<td>293 mm (12&#8243;)<\/td>\n<\/tr>\n<tr>\n<td>14018<\/td>\n<td>2<\/td>\n<td>440 mm (18&#8243;)<\/td>\n<\/tr>\n<tr>\n<td>14036<\/td>\n<td>1<\/td>\n<td>880 mm (36&#8243;)<\/td>\n<\/tr>\n<\/table>\n","protected":false},"excerpt":{"rendered":"<p>Desde poli-oro hasta verde de 30bs. tenemos lo que necesitas.<\/p>\n","protected":false},"author":2,"featured_media":17745,"parent":14541,"menu_order":15,"comment_status":"closed","ping_status":"closed","template":"page_products-grandchild.php","meta":{"_acf_changed":false,"footnotes":""},"class_list":["post-16535","page","type-page","status-publish","has-post-thumbnail","hentry"],"acf":[],"yoast_head":"<!-- This site is optimized with the Yoast SEO plugin v27.3 - https:\/\/yoast.com\/product\/yoast-seo-wordpress\/ -->\n<title>Papel de enmascaramiento para pintura automotriz Protecci\u00f3n contra el exceso de rociado- Trimaco<\/title>\n<meta name=\"description\" content=\"El papel automotriz proporciona una mejor protecci\u00f3n contra el traspaso de pintura que el papel de enmascaramiento normal.\" \/>\n<meta name=\"robots\" content=\"index, follow, max-snippet:-1, max-image-preview:large, max-video-preview:-1\" \/>\n<link rel=\"canonical\" href=\"https:\/\/trimaco.com\/es\/productos\/papel-para-enmascarar\/papel-de-enmascaramiento-para-pintura-automotriz\/\" \/>\n<meta property=\"og:locale\" content=\"es_ES\" \/>\n<meta property=\"og:type\" content=\"article\" \/>\n<meta property=\"og:title\" content=\"Papel de enmascaramiento para pintura automotriz Protecci\u00f3n contra el exceso de rociado- Trimaco\" \/>\n<meta property=\"og:description\" content=\"El papel automotriz proporciona una mejor protecci\u00f3n contra el traspaso de pintura que el papel de enmascaramiento normal.\" \/>\n<meta property=\"og:url\" content=\"https:\/\/trimaco.com\/es\/productos\/papel-para-enmascarar\/papel-de-enmascaramiento-para-pintura-automotriz\/\" \/>\n<meta property=\"og:site_name\" content=\"Trimaco\" \/>\n<meta property=\"article:publisher\" content=\"https:\/\/www.facebook.com\/pages\/Trimaco\/346858225385747?ref=ts\" \/>\n<meta property=\"article:modified_time\" content=\"2024-04-04T13:41:54+00:00\" \/>\n<meta property=\"og:image\" content=\"https:\/\/trimaco.com\/wp-content\/uploads\/2022\/02\/auto-paper-1.webp\" \/>\n\t<meta property=\"og:image:width\" content=\"220\" \/>\n\t<meta property=\"og:image:height\" content=\"220\" \/>\n\t<meta property=\"og:image:type\" content=\"image\/webp\" \/>\n<meta name=\"twitter:card\" content=\"summary_large_image\" \/>\n<meta name=\"twitter:site\" content=\"@trimacoinc\" \/>\n<meta name=\"twitter:label1\" content=\"Tiempo de lectura\" \/>\n\t<meta name=\"twitter:data1\" content=\"3 minutos\" \/>\n<!-- \/ Yoast SEO plugin. -->","yoast_head_json":{"title":"Papel de enmascaramiento para pintura automotriz Protecci\u00f3n contra el exceso de rociado- Trimaco","description":"El papel automotriz proporciona una mejor protecci\u00f3n contra el traspaso de pintura que el papel de enmascaramiento normal.","robots":{"index":"index","follow":"follow","max-snippet":"max-snippet:-1","max-image-preview":"max-image-preview:large","max-video-preview":"max-video-preview:-1"},"canonical":"https:\/\/trimaco.com\/es\/productos\/papel-para-enmascarar\/papel-de-enmascaramiento-para-pintura-automotriz\/","og_locale":"es_ES","og_type":"article","og_title":"Papel de enmascaramiento para pintura automotriz Protecci\u00f3n contra el exceso de rociado- Trimaco","og_description":"El papel automotriz proporciona una mejor protecci\u00f3n contra el traspaso de pintura que el papel de enmascaramiento normal.","og_url":"https:\/\/trimaco.com\/es\/productos\/papel-para-enmascarar\/papel-de-enmascaramiento-para-pintura-automotriz\/","og_site_name":"Trimaco","article_publisher":"https:\/\/www.facebook.com\/pages\/Trimaco\/346858225385747?ref=ts","article_modified_time":"2024-04-04T13:41:54+00:00","og_image":[{"width":220,"height":220,"url":"https:\/\/trimaco.com\/wp-content\/uploads\/2022\/02\/auto-paper-1.webp","type":"image\/webp"}],"twitter_card":"summary_large_image","twitter_site":"@trimacoinc","twitter_misc":{"Tiempo de lectura":"3 minutos"},"schema":{"@context":"https:\/\/schema.org","@graph":[{"@type":"WebPage","@id":"https:\/\/trimaco.com\/es\/productos\/papel-para-enmascarar\/papel-de-enmascaramiento-para-pintura-automotriz\/","url":"https:\/\/trimaco.com\/es\/productos\/papel-para-enmascarar\/papel-de-enmascaramiento-para-pintura-automotriz\/","name":"Papel de enmascaramiento para pintura automotriz Protecci\u00f3n contra el exceso de rociado- Trimaco","isPartOf":{"@id":"https:\/\/trimaco.com\/#website"},"primaryImageOfPage":{"@id":"https:\/\/trimaco.com\/es\/productos\/papel-para-enmascarar\/papel-de-enmascaramiento-para-pintura-automotriz\/#primaryimage"},"image":{"@id":"https:\/\/trimaco.com\/es\/productos\/papel-para-enmascarar\/papel-de-enmascaramiento-para-pintura-automotriz\/#primaryimage"},"thumbnailUrl":"https:\/\/trimaco.com\/wp-content\/uploads\/2022\/02\/auto-paper-1.webp","datePublished":"2021-12-03T20:24:59+00:00","dateModified":"2024-04-04T13:41:54+00:00","description":"El papel automotriz proporciona una mejor protecci\u00f3n contra el traspaso de pintura que el papel de enmascaramiento normal.","breadcrumb":{"@id":"https:\/\/trimaco.com\/es\/productos\/papel-para-enmascarar\/papel-de-enmascaramiento-para-pintura-automotriz\/#breadcrumb"},"inLanguage":"es","potentialAction":[{"@type":"ReadAction","target":["https:\/\/trimaco.com\/es\/productos\/papel-para-enmascarar\/papel-de-enmascaramiento-para-pintura-automotriz\/"]}]},{"@type":"ImageObject","inLanguage":"es","@id":"https:\/\/trimaco.com\/es\/productos\/papel-para-enmascarar\/papel-de-enmascaramiento-para-pintura-automotriz\/#primaryimage","url":"https:\/\/trimaco.com\/wp-content\/uploads\/2022\/02\/auto-paper-1.webp","contentUrl":"https:\/\/trimaco.com\/wp-content\/uploads\/2022\/02\/auto-paper-1.webp","width":220,"height":220,"caption":"paint spraying with automotive paper"},{"@type":"BreadcrumbList","@id":"https:\/\/trimaco.com\/es\/productos\/papel-para-enmascarar\/papel-de-enmascaramiento-para-pintura-automotriz\/#breadcrumb","itemListElement":[{"@type":"ListItem","position":1,"name":"Home","item":"https:\/\/trimaco.com\/"},{"@type":"ListItem","position":2,"name":"Productos","item":"https:\/\/trimaco.com\/es\/productos\/"},{"@type":"ListItem","position":3,"name":"Papel contacto para enmascarar","item":"https:\/\/trimaco.com\/es\/productos\/papel-para-enmascarar\/"},{"@type":"ListItem","position":4,"name":"Papel de enmascaramiento para pintura automotriz"}]},{"@type":"WebSite","@id":"https:\/\/trimaco.com\/#website","url":"https:\/\/trimaco.com\/","name":"Trimaco","description":"Total Jobsite Protection\u2122","publisher":{"@id":"https:\/\/trimaco.com\/#organization"},"potentialAction":[{"@type":"SearchAction","target":{"@type":"EntryPoint","urlTemplate":"https:\/\/trimaco.com\/?s={search_term_string}"},"query-input":{"@type":"PropertyValueSpecification","valueRequired":true,"valueName":"search_term_string"}}],"inLanguage":"es"},{"@type":"Organization","@id":"https:\/\/trimaco.com\/#organization","name":"Trimaco","url":"https:\/\/trimaco.com\/","logo":{"@type":"ImageObject","inLanguage":"es","@id":"https:\/\/trimaco.com\/#\/schema\/logo\/image\/","url":"https:\/\/trimaco.com\/wp-content\/uploads\/2016\/08\/login-logo.png","contentUrl":"https:\/\/trimaco.com\/wp-content\/uploads\/2016\/08\/login-logo.png","width":450,"height":69,"caption":"Trimaco"},"image":{"@id":"https:\/\/trimaco.com\/#\/schema\/logo\/image\/"},"sameAs":["https:\/\/www.facebook.com\/pages\/Trimaco\/346858225385747?ref=ts","https:\/\/x.com\/trimacoinc","https:\/\/www.instagram.com\/trimaco_inc\/","https:\/\/pinterest.com\/trimaco\/","https:\/\/www.youtube.com\/c\/trimacoinc"]}]}},"_links":{"self":[{"href":"https:\/\/trimaco.com\/es\/wp-json\/wp\/v2\/pages\/16535","targetHints":{"allow":["GET"]}}],"collection":[{"href":"https:\/\/trimaco.com\/es\/wp-json\/wp\/v2\/pages"}],"about":[{"href":"https:\/\/trimaco.com\/es\/wp-json\/wp\/v2\/types\/page"}],"author":[{"embeddable":true,"href":"https:\/\/trimaco.com\/es\/wp-json\/wp\/v2\/users\/2"}],"replies":[{"embeddable":true,"href":"https:\/\/trimaco.com\/es\/wp-json\/wp\/v2\/comments?post=16535"}],"version-history":[{"count":0,"href":"https:\/\/trimaco.com\/es\/wp-json\/wp\/v2\/pages\/16535\/revisions"}],"up":[{"embeddable":true,"href":"https:\/\/trimaco.com\/es\/wp-json\/wp\/v2\/pages\/14541"}],"wp:featuredmedia":[{"embeddable":true,"href":"https:\/\/trimaco.com\/es\/wp-json\/wp\/v2\/media\/17745"}],"wp:attachment":[{"href":"https:\/\/trimaco.com\/es\/wp-json\/wp\/v2\/media?parent=16535"}],"curies":[{"name":"wp","href":"https:\/\/api.w.org\/{rel}","templated":true}]}}