{"id":16533,"date":"2021-12-03T16:20:30","date_gmt":"2021-12-03T20:20:30","guid":{"rendered":"https:\/\/trimaco.wpengine.com\/productos\/misc\/cubierta-protectora-de-lona-para-puertas\/"},"modified":"2024-04-09T09:42:13","modified_gmt":"2024-04-09T13:42:13","slug":"cubierta-protectora-de-lona-para-puertas","status":"publish","type":"page","link":"https:\/\/trimaco.com\/es\/productos\/misc\/cubierta-protectora-de-lona-para-puertas\/","title":{"rendered":"Cubierta protectora de lona para puertas"},"content":{"rendered":"<p>La cubierta protectora de lona para puertas de Trimaco est\u00e1 hecha de lona primera calidad y proporciona una protecci\u00f3n temporal para puertas que es r\u00e1pida y f\u00e1cil. Dise\u00f1ado con cuerdas de amarre para un soporte reforzado. Esta cubierta protectora para puertas est\u00e1 hecha de lona primera calidad y es f\u00e1cil de instalar y limpiar. La lona absorbente protege la superficie de la puerta de salpicaduras de pintura, exceso de rociado de pintura, ara\u00f1azos, polvo y suciedad. Simplemente deslice la cubierta de forma \u00fanica sobre el borde de la puerta y ate las cuerdas internas para mantenerla en su lugar. <\/p>\n<p>\u00a1La cubierta de lona para puertas de Trimaco es una soluci\u00f3n simple y f\u00e1cil para mantener la mayor\u00eda de las puertas de tama\u00f1o est\u00e1ndar protegidas durante la construcci\u00f3n, los trabajos de pintura, las renovaciones del hogar y m\u00e1s!<\/p>\n<ul>\n<li>Protecci\u00f3n temporal de puertas para trabajos de construcci\u00f3n y residenciales<\/li>\n<li>F\u00e1cil instalaci\u00f3n y desmontaje<\/li>\n<li>Disponible en 3&#8217;x7\u2032 y 4&#8217;x7&#8242;<\/li>\n<li>Lona de alta calidad<\/li>\n<li>\u00a1M\u00e1s f\u00e1cil que quitar puertas para la preparaci\u00f3n!<\/li>\n<\/ul>\n<p>\u00bfBusca una protecci\u00f3n total en el lugar de trabajo&#x2122;? Desde <a href=\"https:\/\/trimaco.com\/es\/productos\/proteccion-de-superficies-de-servicio-pesado\/\">protecci\u00f3n temporal<\/a> del suelo hasta postes de <a href=\"https:\/\/trimaco.com\/es\/productos\/sistemas-de-contencion-de-polvo-soluciones\/\">barrera contra el polvo<\/a> y <a href=\"https:\/\/trimaco.com\/es\/productos\/peliculas-protectoras-de-superficie\/pelicula-protectora-adhesiva-para-ventanas-easymask\/\">pel\u00edcula de protecci\u00f3n de ventanas<\/a>. Sea cual sea la superficie, Trimaco lo tiene cubierto.<\/p>\n<p><em>Cubierta protectora para puertas hecha de lona<\/em><\/p>\n<table>\n<tbody>\n<tr>\n<th># DE ART\u00cdCULO<\/th>\n<th>PAQUETE DE<\/th>\n<th>TAMA\u00d1O<\/th>\n<\/tr>\n<tr>\n<td>13212<\/td>\n<td>12<\/td>\n<td>3&#8242; x 7&#8242;<\/td>\n<\/tr>\n<tr>\n<td>13214<\/td>\n<td>12<\/td>\n<td>4&#8242; x 7&#8242;<\/td>\n<\/tr>\n<\/tbody>\n<\/table>\n","protected":false},"excerpt":{"rendered":"<p>Cubierta protectora para puertas hecha de lona primera calidad con cuerdas para amarrar, protege las puertas.<\/p>\n","protected":false},"author":2,"featured_media":17965,"parent":16523,"menu_order":7,"comment_status":"closed","ping_status":"closed","template":"page_products-grandchild.php","meta":{"_acf_changed":false,"footnotes":""},"class_list":["post-16533","page","type-page","status-publish","has-post-thumbnail","hentry"],"acf":[],"yoast_head":"<!-- This site is optimized with the Yoast SEO plugin v27.5 - https:\/\/yoast.com\/product\/yoast-seo-wordpress\/ -->\n<title>Cubierta protectora de lona para puertas - Trimaco<\/title>\n<meta name=\"description\" content=\"Cubierta protectora para puertas hecha de lona primera calidad con cuerdas para amarrar, protege las puertas al pintar y del exceso de pintura. \u00a1M\u00e1s f\u00e1cil que quitar puertas para la preparaci\u00f3n!\" \/>\n<meta name=\"robots\" content=\"index, follow, max-snippet:-1, max-image-preview:large, max-video-preview:-1\" \/>\n<link rel=\"canonical\" href=\"https:\/\/trimaco.com\/es\/productos\/misc\/cubierta-protectora-de-lona-para-puertas\/\" \/>\n<meta property=\"og:locale\" content=\"es_ES\" \/>\n<meta property=\"og:type\" content=\"article\" \/>\n<meta property=\"og:title\" content=\"Cubierta protectora de lona para puertas - Trimaco\" \/>\n<meta property=\"og:description\" content=\"Cubierta protectora para puertas hecha de lona primera calidad con cuerdas para amarrar, protege las puertas al pintar y del exceso de pintura. \u00a1M\u00e1s f\u00e1cil que quitar puertas para la preparaci\u00f3n!\" \/>\n<meta property=\"og:url\" content=\"https:\/\/trimaco.com\/es\/productos\/misc\/cubierta-protectora-de-lona-para-puertas\/\" \/>\n<meta property=\"og:site_name\" content=\"Trimaco\" \/>\n<meta property=\"article:publisher\" content=\"https:\/\/www.facebook.com\/pages\/Trimaco\/346858225385747?ref=ts\" \/>\n<meta property=\"article:modified_time\" content=\"2024-04-09T13:42:13+00:00\" \/>\n<meta property=\"og:image\" content=\"https:\/\/trimaco.com\/wp-content\/uploads\/2022\/02\/doorjacket-1.webp\" \/>\n\t<meta property=\"og:image:width\" content=\"284\" \/>\n\t<meta property=\"og:image:height\" content=\"283\" \/>\n\t<meta property=\"og:image:type\" content=\"image\/webp\" \/>\n<meta name=\"twitter:card\" content=\"summary_large_image\" \/>\n<meta name=\"twitter:site\" content=\"@trimacoinc\" \/>\n<meta name=\"twitter:label1\" content=\"Tiempo de lectura\" \/>\n\t<meta name=\"twitter:data1\" content=\"2 minutos\" \/>\n<!-- \/ Yoast SEO plugin. -->","yoast_head_json":{"title":"Cubierta protectora de lona para puertas - Trimaco","description":"Cubierta protectora para puertas hecha de lona primera calidad con cuerdas para amarrar, protege las puertas al pintar y del exceso de pintura. \u00a1M\u00e1s f\u00e1cil que quitar puertas para la preparaci\u00f3n!","robots":{"index":"index","follow":"follow","max-snippet":"max-snippet:-1","max-image-preview":"max-image-preview:large","max-video-preview":"max-video-preview:-1"},"canonical":"https:\/\/trimaco.com\/es\/productos\/misc\/cubierta-protectora-de-lona-para-puertas\/","og_locale":"es_ES","og_type":"article","og_title":"Cubierta protectora de lona para puertas - Trimaco","og_description":"Cubierta protectora para puertas hecha de lona primera calidad con cuerdas para amarrar, protege las puertas al pintar y del exceso de pintura. \u00a1M\u00e1s f\u00e1cil que quitar puertas para la preparaci\u00f3n!","og_url":"https:\/\/trimaco.com\/es\/productos\/misc\/cubierta-protectora-de-lona-para-puertas\/","og_site_name":"Trimaco","article_publisher":"https:\/\/www.facebook.com\/pages\/Trimaco\/346858225385747?ref=ts","article_modified_time":"2024-04-09T13:42:13+00:00","og_image":[{"width":284,"height":283,"url":"https:\/\/trimaco.com\/wp-content\/uploads\/2022\/02\/doorjacket-1.webp","type":"image\/webp"}],"twitter_card":"summary_large_image","twitter_site":"@trimacoinc","twitter_misc":{"Tiempo de lectura":"2 minutos"},"schema":{"@context":"https:\/\/schema.org","@graph":[{"@type":"WebPage","@id":"https:\/\/trimaco.com\/es\/productos\/misc\/cubierta-protectora-de-lona-para-puertas\/","url":"https:\/\/trimaco.com\/es\/productos\/misc\/cubierta-protectora-de-lona-para-puertas\/","name":"Cubierta protectora de lona para puertas - Trimaco","isPartOf":{"@id":"https:\/\/trimaco.com\/#website"},"primaryImageOfPage":{"@id":"https:\/\/trimaco.com\/es\/productos\/misc\/cubierta-protectora-de-lona-para-puertas\/#primaryimage"},"image":{"@id":"https:\/\/trimaco.com\/es\/productos\/misc\/cubierta-protectora-de-lona-para-puertas\/#primaryimage"},"thumbnailUrl":"https:\/\/trimaco.com\/wp-content\/uploads\/2022\/02\/doorjacket-1.webp","datePublished":"2021-12-03T20:20:30+00:00","dateModified":"2024-04-09T13:42:13+00:00","description":"Cubierta protectora para puertas hecha de lona primera calidad con cuerdas para amarrar, protege las puertas al pintar y del exceso de pintura. \u00a1M\u00e1s f\u00e1cil que quitar puertas para la preparaci\u00f3n!","breadcrumb":{"@id":"https:\/\/trimaco.com\/es\/productos\/misc\/cubierta-protectora-de-lona-para-puertas\/#breadcrumb"},"inLanguage":"es","potentialAction":[{"@type":"ReadAction","target":["https:\/\/trimaco.com\/es\/productos\/misc\/cubierta-protectora-de-lona-para-puertas\/"]}]},{"@type":"ImageObject","inLanguage":"es","@id":"https:\/\/trimaco.com\/es\/productos\/misc\/cubierta-protectora-de-lona-para-puertas\/#primaryimage","url":"https:\/\/trimaco.com\/wp-content\/uploads\/2022\/02\/doorjacket-1.webp","contentUrl":"https:\/\/trimaco.com\/wp-content\/uploads\/2022\/02\/doorjacket-1.webp","width":284,"height":283,"caption":"Canvas door jacket on door in office"},{"@type":"BreadcrumbList","@id":"https:\/\/trimaco.com\/es\/productos\/misc\/cubierta-protectora-de-lona-para-puertas\/#breadcrumb","itemListElement":[{"@type":"ListItem","position":1,"name":"Home","item":"https:\/\/trimaco.com\/"},{"@type":"ListItem","position":2,"name":"Productos","item":"https:\/\/trimaco.com\/es\/productos\/"},{"@type":"ListItem","position":3,"name":"Misc","item":"https:\/\/trimaco.com\/es\/productos\/misc\/"},{"@type":"ListItem","position":4,"name":"Cubierta protectora de lona para puertas"}]},{"@type":"WebSite","@id":"https:\/\/trimaco.com\/#website","url":"https:\/\/trimaco.com\/","name":"Trimaco","description":"Total Jobsite Protection\u2122","publisher":{"@id":"https:\/\/trimaco.com\/#organization"},"potentialAction":[{"@type":"SearchAction","target":{"@type":"EntryPoint","urlTemplate":"https:\/\/trimaco.com\/?s={search_term_string}"},"query-input":{"@type":"PropertyValueSpecification","valueRequired":true,"valueName":"search_term_string"}}],"inLanguage":"es"},{"@type":"Organization","@id":"https:\/\/trimaco.com\/#organization","name":"Trimaco","url":"https:\/\/trimaco.com\/","logo":{"@type":"ImageObject","inLanguage":"es","@id":"https:\/\/trimaco.com\/#\/schema\/logo\/image\/","url":"https:\/\/trimaco.com\/wp-content\/uploads\/2016\/08\/login-logo.png","contentUrl":"https:\/\/trimaco.com\/wp-content\/uploads\/2016\/08\/login-logo.png","width":450,"height":69,"caption":"Trimaco"},"image":{"@id":"https:\/\/trimaco.com\/#\/schema\/logo\/image\/"},"sameAs":["https:\/\/www.facebook.com\/pages\/Trimaco\/346858225385747?ref=ts","https:\/\/x.com\/trimacoinc","https:\/\/www.instagram.com\/trimaco_inc\/","https:\/\/pinterest.com\/trimaco\/","https:\/\/www.youtube.com\/c\/trimacoinc"]}]}},"_links":{"self":[{"href":"https:\/\/trimaco.com\/es\/wp-json\/wp\/v2\/pages\/16533","targetHints":{"allow":["GET"]}}],"collection":[{"href":"https:\/\/trimaco.com\/es\/wp-json\/wp\/v2\/pages"}],"about":[{"href":"https:\/\/trimaco.com\/es\/wp-json\/wp\/v2\/types\/page"}],"author":[{"embeddable":true,"href":"https:\/\/trimaco.com\/es\/wp-json\/wp\/v2\/users\/2"}],"replies":[{"embeddable":true,"href":"https:\/\/trimaco.com\/es\/wp-json\/wp\/v2\/comments?post=16533"}],"version-history":[{"count":0,"href":"https:\/\/trimaco.com\/es\/wp-json\/wp\/v2\/pages\/16533\/revisions"}],"up":[{"embeddable":true,"href":"https:\/\/trimaco.com\/es\/wp-json\/wp\/v2\/pages\/16523"}],"wp:featuredmedia":[{"embeddable":true,"href":"https:\/\/trimaco.com\/es\/wp-json\/wp\/v2\/media\/17965"}],"wp:attachment":[{"href":"https:\/\/trimaco.com\/es\/wp-json\/wp\/v2\/media?parent=16533"}],"curies":[{"name":"wp","href":"https:\/\/api.w.org\/{rel}","templated":true}]}}