{"id":16531,"date":"2021-12-03T16:17:05","date_gmt":"2021-12-03T20:17:05","guid":{"rendered":"https:\/\/trimaco.wpengine.com\/productos\/misc\/precaucion-peligro-de-plomo-cinta-de-barrera-advertencia-contra-el-plomo\/"},"modified":"2024-04-09T09:42:00","modified_gmt":"2024-04-09T13:42:00","slug":"precaucion-peligro-de-plomo-cinta-de-barrera-advertencia-contra-el-plomo","status":"publish","type":"page","link":"https:\/\/trimaco.com\/es\/productos\/misc\/precaucion-peligro-de-plomo-cinta-de-barrera-advertencia-contra-el-plomo\/","title":{"rendered":"PRECAUCI\u00d3N PELIGRO DE PLOMO Cinta de Barrera advertencia contra el plomo"},"content":{"rendered":"<p>Cinta de barrera f\u00e1cil de leer con el mensaje &#8220;Peligro. \u00c1rea de trabajo de riesgo de plomo. Prohibida la entrada. No fumar, comer ni beber&#8221;. \u00daselo para bloquear y notificar las zonas de peligro de plomo. <\/p>\n<p><em>Cinta de barrera de precauci\u00f3n contra riesgos de plomo<\/em><\/p>\n<table>\n<tbody>\n<tr>\n<th># DE ART\u00cdCULO<\/th>\n<th>PAQUETE DE<\/th>\n<th>TAMA\u00d1O<\/th>\n<\/tr>\n<tr>\n<td>28807<\/td>\n<td>4 Rollos<\/td>\n<td>3&#8243; x 300&#8242;<\/td>\n<\/tr>\n<\/tbody>\n<\/table>\n","protected":false},"excerpt":{"rendered":"<p>\u00daselo para bloquear y notificar las zonas de peligro de plomo.<\/p>\n","protected":false},"author":2,"featured_media":17960,"parent":16523,"menu_order":6,"comment_status":"closed","ping_status":"closed","template":"page_products-grandchild.php","meta":{"_acf_changed":false,"footnotes":""},"class_list":["post-16531","page","type-page","status-publish","has-post-thumbnail","hentry"],"acf":[],"yoast_head":"<!-- This site is optimized with the Yoast SEO plugin v27.1.1 - https:\/\/yoast.com\/product\/yoast-seo-wordpress\/ -->\n<title>Cinta de barrera de Precauci\u00f3n para peligro de plomo - Trimaco<\/title>\n<meta name=\"description\" content=\"La Cinta de barrera f\u00e1cil de leer con el mensaje &quot;Peligro: \u00c1rea de trabajo de riesgo de plomo. Prohibida la entrada. No fumar, comer ni beber&quot;. \u00a1Mantenga a todos a salvo!\" \/>\n<meta name=\"robots\" content=\"index, follow, max-snippet:-1, max-image-preview:large, max-video-preview:-1\" \/>\n<link rel=\"canonical\" href=\"https:\/\/trimaco.com\/es\/productos\/misc\/precaucion-peligro-de-plomo-cinta-de-barrera-advertencia-contra-el-plomo\/\" \/>\n<meta property=\"og:locale\" content=\"es_ES\" \/>\n<meta property=\"og:type\" content=\"article\" \/>\n<meta property=\"og:title\" content=\"Cinta de barrera de Precauci\u00f3n para peligro de plomo - Trimaco\" \/>\n<meta property=\"og:description\" content=\"La Cinta de barrera f\u00e1cil de leer con el mensaje &quot;Peligro: \u00c1rea de trabajo de riesgo de plomo. Prohibida la entrada. No fumar, comer ni beber&quot;. \u00a1Mantenga a todos a salvo!\" \/>\n<meta property=\"og:url\" content=\"https:\/\/trimaco.com\/es\/productos\/misc\/precaucion-peligro-de-plomo-cinta-de-barrera-advertencia-contra-el-plomo\/\" \/>\n<meta property=\"og:site_name\" content=\"Trimaco\" \/>\n<meta property=\"article:publisher\" content=\"https:\/\/www.facebook.com\/pages\/Trimaco\/346858225385747?ref=ts\" \/>\n<meta property=\"article:modified_time\" content=\"2024-04-09T13:42:00+00:00\" \/>\n<meta property=\"og:image\" content=\"https:\/\/trimaco.com\/wp-content\/uploads\/2022\/02\/lead-tape-1.webp\" \/>\n\t<meta property=\"og:image:width\" content=\"284\" \/>\n\t<meta property=\"og:image:height\" content=\"283\" \/>\n\t<meta property=\"og:image:type\" content=\"image\/webp\" \/>\n<meta name=\"twitter:card\" content=\"summary_large_image\" \/>\n<meta name=\"twitter:site\" content=\"@trimacoinc\" \/>\n<meta name=\"twitter:label1\" content=\"Tiempo de lectura\" \/>\n\t<meta name=\"twitter:data1\" content=\"1 minuto\" \/>\n<!-- \/ Yoast SEO plugin. -->","yoast_head_json":{"title":"Cinta de barrera de Precauci\u00f3n para peligro de plomo - Trimaco","description":"La Cinta de barrera f\u00e1cil de leer con el mensaje \"Peligro: \u00c1rea de trabajo de riesgo de plomo. Prohibida la entrada. No fumar, comer ni beber\". \u00a1Mantenga a todos a salvo!","robots":{"index":"index","follow":"follow","max-snippet":"max-snippet:-1","max-image-preview":"max-image-preview:large","max-video-preview":"max-video-preview:-1"},"canonical":"https:\/\/trimaco.com\/es\/productos\/misc\/precaucion-peligro-de-plomo-cinta-de-barrera-advertencia-contra-el-plomo\/","og_locale":"es_ES","og_type":"article","og_title":"Cinta de barrera de Precauci\u00f3n para peligro de plomo - Trimaco","og_description":"La Cinta de barrera f\u00e1cil de leer con el mensaje \"Peligro: \u00c1rea de trabajo de riesgo de plomo. Prohibida la entrada. No fumar, comer ni beber\". \u00a1Mantenga a todos a salvo!","og_url":"https:\/\/trimaco.com\/es\/productos\/misc\/precaucion-peligro-de-plomo-cinta-de-barrera-advertencia-contra-el-plomo\/","og_site_name":"Trimaco","article_publisher":"https:\/\/www.facebook.com\/pages\/Trimaco\/346858225385747?ref=ts","article_modified_time":"2024-04-09T13:42:00+00:00","og_image":[{"width":284,"height":283,"url":"https:\/\/trimaco.com\/wp-content\/uploads\/2022\/02\/lead-tape-1.webp","type":"image\/webp"}],"twitter_card":"summary_large_image","twitter_site":"@trimacoinc","twitter_misc":{"Tiempo de lectura":"1 minuto"},"schema":{"@context":"https:\/\/schema.org","@graph":[{"@type":"WebPage","@id":"https:\/\/trimaco.com\/es\/productos\/misc\/precaucion-peligro-de-plomo-cinta-de-barrera-advertencia-contra-el-plomo\/","url":"https:\/\/trimaco.com\/es\/productos\/misc\/precaucion-peligro-de-plomo-cinta-de-barrera-advertencia-contra-el-plomo\/","name":"Cinta de barrera de Precauci\u00f3n para peligro de plomo - Trimaco","isPartOf":{"@id":"https:\/\/trimaco.com\/#website"},"primaryImageOfPage":{"@id":"https:\/\/trimaco.com\/es\/productos\/misc\/precaucion-peligro-de-plomo-cinta-de-barrera-advertencia-contra-el-plomo\/#primaryimage"},"image":{"@id":"https:\/\/trimaco.com\/es\/productos\/misc\/precaucion-peligro-de-plomo-cinta-de-barrera-advertencia-contra-el-plomo\/#primaryimage"},"thumbnailUrl":"https:\/\/trimaco.com\/wp-content\/uploads\/2022\/02\/lead-tape-1.webp","datePublished":"2021-12-03T20:17:05+00:00","dateModified":"2024-04-09T13:42:00+00:00","description":"La Cinta de barrera f\u00e1cil de leer con el mensaje \"Peligro: \u00c1rea de trabajo de riesgo de plomo. Prohibida la entrada. No fumar, comer ni beber\". \u00a1Mantenga a todos a salvo!","breadcrumb":{"@id":"https:\/\/trimaco.com\/es\/productos\/misc\/precaucion-peligro-de-plomo-cinta-de-barrera-advertencia-contra-el-plomo\/#breadcrumb"},"inLanguage":"es","potentialAction":[{"@type":"ReadAction","target":["https:\/\/trimaco.com\/es\/productos\/misc\/precaucion-peligro-de-plomo-cinta-de-barrera-advertencia-contra-el-plomo\/"]}]},{"@type":"ImageObject","inLanguage":"es","@id":"https:\/\/trimaco.com\/es\/productos\/misc\/precaucion-peligro-de-plomo-cinta-de-barrera-advertencia-contra-el-plomo\/#primaryimage","url":"https:\/\/trimaco.com\/wp-content\/uploads\/2022\/02\/lead-tape-1.webp","contentUrl":"https:\/\/trimaco.com\/wp-content\/uploads\/2022\/02\/lead-tape-1.webp","width":284,"height":283,"caption":"rolling out caution tape with \"CAUTION LEAD HAZARD\" warning"},{"@type":"BreadcrumbList","@id":"https:\/\/trimaco.com\/es\/productos\/misc\/precaucion-peligro-de-plomo-cinta-de-barrera-advertencia-contra-el-plomo\/#breadcrumb","itemListElement":[{"@type":"ListItem","position":1,"name":"Home","item":"https:\/\/trimaco.com\/"},{"@type":"ListItem","position":2,"name":"Productos","item":"https:\/\/trimaco.com\/es\/productos\/"},{"@type":"ListItem","position":3,"name":"Misc","item":"https:\/\/trimaco.com\/es\/productos\/misc\/"},{"@type":"ListItem","position":4,"name":"PRECAUCI\u00d3N PELIGRO DE PLOMO Cinta de Barrera advertencia contra el plomo"}]},{"@type":"WebSite","@id":"https:\/\/trimaco.com\/#website","url":"https:\/\/trimaco.com\/","name":"Trimaco","description":"Total Jobsite Protection\u2122","publisher":{"@id":"https:\/\/trimaco.com\/#organization"},"potentialAction":[{"@type":"SearchAction","target":{"@type":"EntryPoint","urlTemplate":"https:\/\/trimaco.com\/?s={search_term_string}"},"query-input":{"@type":"PropertyValueSpecification","valueRequired":true,"valueName":"search_term_string"}}],"inLanguage":"es"},{"@type":"Organization","@id":"https:\/\/trimaco.com\/#organization","name":"Trimaco","url":"https:\/\/trimaco.com\/","logo":{"@type":"ImageObject","inLanguage":"es","@id":"https:\/\/trimaco.com\/#\/schema\/logo\/image\/","url":"https:\/\/trimaco.com\/wp-content\/uploads\/2016\/08\/login-logo.png","contentUrl":"https:\/\/trimaco.com\/wp-content\/uploads\/2016\/08\/login-logo.png","width":450,"height":69,"caption":"Trimaco"},"image":{"@id":"https:\/\/trimaco.com\/#\/schema\/logo\/image\/"},"sameAs":["https:\/\/www.facebook.com\/pages\/Trimaco\/346858225385747?ref=ts","https:\/\/x.com\/trimacoinc","https:\/\/www.instagram.com\/trimaco_inc\/","https:\/\/pinterest.com\/trimaco\/","https:\/\/www.youtube.com\/c\/trimacoinc"]}]}},"_links":{"self":[{"href":"https:\/\/trimaco.com\/es\/wp-json\/wp\/v2\/pages\/16531","targetHints":{"allow":["GET"]}}],"collection":[{"href":"https:\/\/trimaco.com\/es\/wp-json\/wp\/v2\/pages"}],"about":[{"href":"https:\/\/trimaco.com\/es\/wp-json\/wp\/v2\/types\/page"}],"author":[{"embeddable":true,"href":"https:\/\/trimaco.com\/es\/wp-json\/wp\/v2\/users\/2"}],"replies":[{"embeddable":true,"href":"https:\/\/trimaco.com\/es\/wp-json\/wp\/v2\/comments?post=16531"}],"version-history":[{"count":0,"href":"https:\/\/trimaco.com\/es\/wp-json\/wp\/v2\/pages\/16531\/revisions"}],"up":[{"embeddable":true,"href":"https:\/\/trimaco.com\/es\/wp-json\/wp\/v2\/pages\/16523"}],"wp:featuredmedia":[{"embeddable":true,"href":"https:\/\/trimaco.com\/es\/wp-json\/wp\/v2\/media\/17960"}],"wp:attachment":[{"href":"https:\/\/trimaco.com\/es\/wp-json\/wp\/v2\/media?parent=16531"}],"curies":[{"name":"wp","href":"https:\/\/api.w.org\/{rel}","templated":true}]}}