{"id":16525,"date":"2021-12-03T16:04:24","date_gmt":"2021-12-03T20:04:24","guid":{"rendered":"https:\/\/trimaco.wpengine.com\/productos\/misc\/cubiertas-protectoras-ligeras-para-automoviles\/"},"modified":"2024-04-09T09:41:18","modified_gmt":"2024-04-09T13:41:18","slug":"cubiertas-protectoras-ligeras-para-automoviles","status":"publish","type":"page","link":"https:\/\/trimaco.com\/es\/productos\/misc\/cubiertas-protectoras-ligeras-para-automoviles\/","title":{"rendered":"Cubiertas protectoras ligeras para autom\u00f3viles"},"content":{"rendered":"<p>La cubierta ligera y completa del panel protege el autom\u00f3vil del exceso de pintura y la suciedad. Hecha de material no tejido, la cubierta tiene costuras de doble costura y un borde el\u00e1stico que se ajusta al tama\u00f1o del autom\u00f3vil. Desde veh\u00edculos de tama\u00f1o mediano hasta veh\u00edculos deportivos utilitarios (SUV), tenemos el tama\u00f1o adecuado para su autom\u00f3vil. Aseg\u00farese tambi\u00e9n de adquirir algunas de nuestras toallas de taller que hacen <a href=\"https:\/\/trimaco.com\/es\/productos\/trapos-y-limpiaparabrisas\/toallas-rojas-supertuff-para-el-taller-mecanico\/\">excelentes trapos para limpieza mec\u00e1nica<\/a>. <\/p>\n<p><em>Cubiertas para autom\u00f3viles SuperTuff&#x2122;<\/em><\/p>\n<table>\n<tbody>\n<tr>\n<th># DE ART\u00cdCULO<\/th>\n<th>ESPECIFICACIONES<\/th>\n<th>PAQUETES\/CAJA<\/th>\n<th>TAMA\u00d1O<\/th>\n<\/tr>\n<tr>\n<td>08105<\/td>\n<td>Cubierta de coche de tama\u00f1o completo<\/td>\n<td>6<\/td>\n<td>12&#8217;x 24&#8242;<\/td>\n<\/tr>\n<tr>\n<td>08107<\/td>\n<td>Cami\u00f3n\/Furgoneta\/SUV<\/td>\n<td>6<\/td>\n<td>18&#8242; x 24&#8242;<\/td>\n<\/tr>\n<tr>\n<td>36002<\/td>\n<td>Talla \u00fanica le queda a todos<\/td>\n<td>4<\/td>\n<td>Talla \u00fanica<\/td>\n<\/tr>\n<\/tbody>\n<\/table>\n","protected":false},"excerpt":{"rendered":"<p>La cubierta ligera y completa del panel protege el autom\u00f3vil del exceso de pintura. <\/p>\n","protected":false},"author":2,"featured_media":17931,"parent":16523,"menu_order":1,"comment_status":"closed","ping_status":"closed","template":"page_products-grandchild.php","meta":{"_acf_changed":false,"footnotes":""},"class_list":["post-16525","page","type-page","status-publish","has-post-thumbnail","hentry"],"acf":[],"yoast_head":"<!-- This site is optimized with the Yoast SEO plugin v27.3 - https:\/\/yoast.com\/product\/yoast-seo-wordpress\/ -->\n<title>Cubiertas protectoras para autom\u00f3viles de servicio pesado- Trimaco<\/title>\n<meta name=\"description\" content=\"La cubierta ligera y de panel completo para autom\u00f3viles protege el autom\u00f3vil del exceso de pintura. \u00a1Las costuras de doble costura y borde el\u00e1stico mantienen su autom\u00f3vil seguro!\" \/>\n<meta name=\"robots\" content=\"index, follow, max-snippet:-1, max-image-preview:large, max-video-preview:-1\" \/>\n<link rel=\"canonical\" href=\"https:\/\/trimaco.com\/es\/productos\/misc\/cubiertas-protectoras-ligeras-para-automoviles\/\" \/>\n<meta property=\"og:locale\" content=\"es_ES\" \/>\n<meta property=\"og:type\" content=\"article\" \/>\n<meta property=\"og:title\" content=\"Cubiertas protectoras para autom\u00f3viles de servicio pesado- Trimaco\" \/>\n<meta property=\"og:description\" content=\"La cubierta ligera y de panel completo para autom\u00f3viles protege el autom\u00f3vil del exceso de pintura. \u00a1Las costuras de doble costura y borde el\u00e1stico mantienen su autom\u00f3vil seguro!\" \/>\n<meta property=\"og:url\" content=\"https:\/\/trimaco.com\/es\/productos\/misc\/cubiertas-protectoras-ligeras-para-automoviles\/\" \/>\n<meta property=\"og:site_name\" content=\"Trimaco\" \/>\n<meta property=\"article:publisher\" content=\"https:\/\/www.facebook.com\/pages\/Trimaco\/346858225385747?ref=ts\" \/>\n<meta property=\"article:modified_time\" content=\"2024-04-09T13:41:18+00:00\" \/>\n<meta property=\"og:image\" content=\"https:\/\/trimaco.com\/wp-content\/uploads\/2022\/02\/carcover-2.webp\" \/>\n\t<meta property=\"og:image:width\" content=\"284\" \/>\n\t<meta property=\"og:image:height\" content=\"283\" \/>\n\t<meta property=\"og:image:type\" content=\"image\/webp\" \/>\n<meta name=\"twitter:card\" content=\"summary_large_image\" \/>\n<meta name=\"twitter:site\" content=\"@trimacoinc\" \/>\n<meta name=\"twitter:label1\" content=\"Tiempo de lectura\" \/>\n\t<meta name=\"twitter:data1\" content=\"1 minuto\" \/>\n<!-- \/ Yoast SEO plugin. -->","yoast_head_json":{"title":"Cubiertas protectoras para autom\u00f3viles de servicio pesado- Trimaco","description":"La cubierta ligera y de panel completo para autom\u00f3viles protege el autom\u00f3vil del exceso de pintura. \u00a1Las costuras de doble costura y borde el\u00e1stico mantienen su autom\u00f3vil seguro!","robots":{"index":"index","follow":"follow","max-snippet":"max-snippet:-1","max-image-preview":"max-image-preview:large","max-video-preview":"max-video-preview:-1"},"canonical":"https:\/\/trimaco.com\/es\/productos\/misc\/cubiertas-protectoras-ligeras-para-automoviles\/","og_locale":"es_ES","og_type":"article","og_title":"Cubiertas protectoras para autom\u00f3viles de servicio pesado- Trimaco","og_description":"La cubierta ligera y de panel completo para autom\u00f3viles protege el autom\u00f3vil del exceso de pintura. \u00a1Las costuras de doble costura y borde el\u00e1stico mantienen su autom\u00f3vil seguro!","og_url":"https:\/\/trimaco.com\/es\/productos\/misc\/cubiertas-protectoras-ligeras-para-automoviles\/","og_site_name":"Trimaco","article_publisher":"https:\/\/www.facebook.com\/pages\/Trimaco\/346858225385747?ref=ts","article_modified_time":"2024-04-09T13:41:18+00:00","og_image":[{"width":284,"height":283,"url":"https:\/\/trimaco.com\/wp-content\/uploads\/2022\/02\/carcover-2.webp","type":"image\/webp"}],"twitter_card":"summary_large_image","twitter_site":"@trimacoinc","twitter_misc":{"Tiempo de lectura":"1 minuto"},"schema":{"@context":"https:\/\/schema.org","@graph":[{"@type":"WebPage","@id":"https:\/\/trimaco.com\/es\/productos\/misc\/cubiertas-protectoras-ligeras-para-automoviles\/","url":"https:\/\/trimaco.com\/es\/productos\/misc\/cubiertas-protectoras-ligeras-para-automoviles\/","name":"Cubiertas protectoras para autom\u00f3viles de servicio pesado- Trimaco","isPartOf":{"@id":"https:\/\/trimaco.com\/#website"},"primaryImageOfPage":{"@id":"https:\/\/trimaco.com\/es\/productos\/misc\/cubiertas-protectoras-ligeras-para-automoviles\/#primaryimage"},"image":{"@id":"https:\/\/trimaco.com\/es\/productos\/misc\/cubiertas-protectoras-ligeras-para-automoviles\/#primaryimage"},"thumbnailUrl":"https:\/\/trimaco.com\/wp-content\/uploads\/2022\/02\/carcover-2.webp","datePublished":"2021-12-03T20:04:24+00:00","dateModified":"2024-04-09T13:41:18+00:00","description":"La cubierta ligera y de panel completo para autom\u00f3viles protege el autom\u00f3vil del exceso de pintura. \u00a1Las costuras de doble costura y borde el\u00e1stico mantienen su autom\u00f3vil seguro!","breadcrumb":{"@id":"https:\/\/trimaco.com\/es\/productos\/misc\/cubiertas-protectoras-ligeras-para-automoviles\/#breadcrumb"},"inLanguage":"es","potentialAction":[{"@type":"ReadAction","target":["https:\/\/trimaco.com\/es\/productos\/misc\/cubiertas-protectoras-ligeras-para-automoviles\/"]}]},{"@type":"ImageObject","inLanguage":"es","@id":"https:\/\/trimaco.com\/es\/productos\/misc\/cubiertas-protectoras-ligeras-para-automoviles\/#primaryimage","url":"https:\/\/trimaco.com\/wp-content\/uploads\/2022\/02\/carcover-2.webp","contentUrl":"https:\/\/trimaco.com\/wp-content\/uploads\/2022\/02\/carcover-2.webp","width":284,"height":283,"caption":"Putting on a car cover"},{"@type":"BreadcrumbList","@id":"https:\/\/trimaco.com\/es\/productos\/misc\/cubiertas-protectoras-ligeras-para-automoviles\/#breadcrumb","itemListElement":[{"@type":"ListItem","position":1,"name":"Home","item":"https:\/\/trimaco.com\/"},{"@type":"ListItem","position":2,"name":"Productos","item":"https:\/\/trimaco.com\/es\/productos\/"},{"@type":"ListItem","position":3,"name":"Misc","item":"https:\/\/trimaco.com\/es\/productos\/misc\/"},{"@type":"ListItem","position":4,"name":"Cubiertas protectoras ligeras para autom\u00f3viles"}]},{"@type":"WebSite","@id":"https:\/\/trimaco.com\/#website","url":"https:\/\/trimaco.com\/","name":"Trimaco","description":"Total Jobsite Protection\u2122","publisher":{"@id":"https:\/\/trimaco.com\/#organization"},"potentialAction":[{"@type":"SearchAction","target":{"@type":"EntryPoint","urlTemplate":"https:\/\/trimaco.com\/?s={search_term_string}"},"query-input":{"@type":"PropertyValueSpecification","valueRequired":true,"valueName":"search_term_string"}}],"inLanguage":"es"},{"@type":"Organization","@id":"https:\/\/trimaco.com\/#organization","name":"Trimaco","url":"https:\/\/trimaco.com\/","logo":{"@type":"ImageObject","inLanguage":"es","@id":"https:\/\/trimaco.com\/#\/schema\/logo\/image\/","url":"https:\/\/trimaco.com\/wp-content\/uploads\/2016\/08\/login-logo.png","contentUrl":"https:\/\/trimaco.com\/wp-content\/uploads\/2016\/08\/login-logo.png","width":450,"height":69,"caption":"Trimaco"},"image":{"@id":"https:\/\/trimaco.com\/#\/schema\/logo\/image\/"},"sameAs":["https:\/\/www.facebook.com\/pages\/Trimaco\/346858225385747?ref=ts","https:\/\/x.com\/trimacoinc","https:\/\/www.instagram.com\/trimaco_inc\/","https:\/\/pinterest.com\/trimaco\/","https:\/\/www.youtube.com\/c\/trimacoinc"]}]}},"_links":{"self":[{"href":"https:\/\/trimaco.com\/es\/wp-json\/wp\/v2\/pages\/16525","targetHints":{"allow":["GET"]}}],"collection":[{"href":"https:\/\/trimaco.com\/es\/wp-json\/wp\/v2\/pages"}],"about":[{"href":"https:\/\/trimaco.com\/es\/wp-json\/wp\/v2\/types\/page"}],"author":[{"embeddable":true,"href":"https:\/\/trimaco.com\/es\/wp-json\/wp\/v2\/users\/2"}],"replies":[{"embeddable":true,"href":"https:\/\/trimaco.com\/es\/wp-json\/wp\/v2\/comments?post=16525"}],"version-history":[{"count":0,"href":"https:\/\/trimaco.com\/es\/wp-json\/wp\/v2\/pages\/16525\/revisions"}],"up":[{"embeddable":true,"href":"https:\/\/trimaco.com\/es\/wp-json\/wp\/v2\/pages\/16523"}],"wp:featuredmedia":[{"embeddable":true,"href":"https:\/\/trimaco.com\/es\/wp-json\/wp\/v2\/media\/17931"}],"wp:attachment":[{"href":"https:\/\/trimaco.com\/es\/wp-json\/wp\/v2\/media?parent=16525"}],"curies":[{"name":"wp","href":"https:\/\/api.w.org\/{rel}","templated":true}]}}