{"id":16471,"date":"2021-11-04T11:10:12","date_gmt":"2021-11-04T15:10:12","guid":{"rendered":"https:\/\/trimaco.wpengine.com\/trimaco-brindando-confianza-desde-1906\/"},"modified":"2021-12-16T14:22:29","modified_gmt":"2021-12-16T18:22:29","slug":"trimaco-brindando-confianza-desde-1906","status":"publish","type":"page","link":"https:\/\/trimaco.com\/es\/trimaco-brindando-confianza-desde-1906\/","title":{"rendered":"Trimaco \/ Brindando Confianza Desde 1906"},"content":{"rendered":"<p>\u00bfQu\u00e9 queremos decir con confianza? Que usted trabaja muy duro para mantener a sus clientes felices y que sus clientes noten cuando usted pone un esfuerzo extra. \u00bfEntonces por qu\u00e9 no dejar que los productos de Trimaco le ayuden a lo largo del camino? Nosotros ofrecemos una extensa selecci\u00f3n de productos para la protecci\u00f3n de superficies, personal y para el sitio de trabajo. Con nuestras ra\u00edces remont\u00e1ndose a 1906, las necesidades de nuestros clientes impulsan nuestra innovaci\u00f3n. Nosotros le ayudaremos a hacer el trabajo bien, la primera vez con confianza. Nosotros vendemos nuestros productos a trav\u00e9s de distribuidores en toda la naci\u00f3n.<\/p>\n<h2>PROTECCION DE SUPERFICIES PARA TRABAJOS PESADOS<\/h2>\n<p>Trimaco tiene todo lo que usted necesita para proteger cualquier superficie, sin importar la aplicaci\u00f3n. Nuestros productos de grado profesional trabajan perfectamente con pisos de madera, superficies de acero inoxidable, mesones de cocina, alfombras, concreto y m\u00e1s.<\/p>\n<p>Cualquiera que sea su profesi\u00f3n, siempre debe proteger la propiedad de sus clientes. Nuestra variedad de pel\u00edculas protectoras, capas y cubiertas pueden resistir el agua, pintura, manchas, tr\u00e1fico pesado, montacargas y m\u00e1s.<\/p>\n<h2>PAPEL PARA PISOS<\/h2>\n<p>Trimaco tiene todo lo que usted necesita para proteger cualquier superficie, sin importar la aplicaci\u00f3n. Nuestros productos de grado profesional trabajan perfectamente con pisos de madera, superficies de acero inoxidable, mesones de cocina, alfombras, concreto y m\u00e1s.<\/p>\n<p>Cualquiera que sea su profesi\u00f3n, siempre debe proteger la propiedad de sus clientes. Nuestra variedad de pel\u00edculas protectoras, capas y cubiertas pueden resistir el agua, pintura, manchas, tr\u00e1fico pesado, montacargas y m\u00e1s.<\/p>\n<h2>PAPEL PARA PISOS<\/h2>\n<p>Papel rojo de colofonia. Papel para constructor, papel para piso o papel para contratista &#8211; cuando se trata de cubiertas protectoras para piso, nadie le gana a la selecci\u00f3n de papeles para piso de Trimaco. Nuestros papeles para piso de grado profesional proteger\u00e1n sus pisos de madera, de vinilo, lin\u00f3leo, concreto, alfombras y dem\u00e1s. Mantenga sus pisos protegidos de manchas, pintura, goma y suciedad.<\/p>\n<h2>CINTAS PARA TRABAJOS PESADOS<\/h2>\n<p>Nuestras Cintas para trabajos pesados, son la soluci\u00f3n perfecta para una gran variedad de productos para protecci\u00f3n de superficies. Desde cinta temporal hasta cinta permanente, nosotros tenemos el producto que usted necesita para unir, sellar, adherir y proteger. Nuestras cintas adhesivas de doble lado con malla de refuerzo son las mejores para pegar alfombras y pisos.<\/p>\n<h2>PELICULAS PROTECTORAS<\/h2>\n<p>Desde pel\u00edculas protectoras para ventanas hasta pel\u00edculas protectoras para pisos. Trimaco tiene todos los productos que usted necesita para proteger cualquier superficie. Nuestra pel\u00edcula protectora adhesiva para alfombras es de grado profesional que prot\u00e9g\u00e9 contra suciedad, basura y manchas, mientras que nuestra pel\u00edcula protectora para mesones ofrece calidad m\u00e1xima de protecci\u00f3n que act\u00faa como un guarda superficie contra rasgu\u00f1os y manchas. Con nuestra amplia selecci\u00f3n de pel\u00edculas protectoras, usted puede estar seguro de encontrar una que se ajuste a sus necesidades.<\/p>\n<h2>CINTAS DE ENMASCARAR<\/h2>\n<p>Lo tenemos protegido con cintas de enmascarar de grado profesional que har\u00e1n su pr\u00f3ximo trabajo de pintura m\u00e1s f\u00e1cil que nunca. Nuestras cintas para enmascarar son perfectas para una gran variedad de aplicaciones, especialmente si est\u00e1 haciendo un trabajo de cinta de l\u00ednea fina. Nosotros ofrecemos cinta de papel crep\u00e9 para uso en general y cinta de papel liso para trabajos en superficies delicadas. Nuestra cinta de papel caf\u00e9 con un borde adhesivo sensible a la presi\u00f3n hace que enmascarar sea r\u00e1pido y f\u00e1cil, atrapando salpicaduras de pintura. \u00a1Actualice sus viejos rollos de cinta para pintar \u00a1Nuestra cinta de enmascarar de alto rendimiento es la \u00faltima cinta que necesitar\u00e1!<\/p>\n<h3>Otros productos<\/h3>\n<ul>\n<li><a href=\"https:\/\/trimaco.com\/es\/productos\/trapos-y-limpiaparabrisas\/\">TRAPOS Y LIMPIADORES<\/a><\/li>\n<li><a href=\"https:\/\/trimaco.com\/es\/productos\/productos-de-limpieza-miscelaneos\/\">PRODUCTOS MISCELANEOS PARA LIMPIAR<\/a><\/li>\n<li><a href=\"https:\/\/trimaco.com\/es\/productos\/prendas-de-proteccion\/\">ROPA PROTECTORA<\/a><\/li>\n<li><a href=\"https:\/\/trimaco.com\/es\/productos\/papel-para-enmascarar\/\">PAPEL DE ENMASCARAR<\/a><\/li>\n<li><a href=\"https:\/\/trimaco.com\/es\/productos\/productos-de-enmascarar-de-plastico\/\">PRODUCTOS PARA ENMASCARAR<\/a><\/li>\n<li><a href=\"https:\/\/trimaco.com\/es\/productos\/panos-colgantes\/\">PA\u00d1OS RECOGEGOTAS<\/a><\/li>\n<li><a href=\"https:\/\/trimaco.com\/es\/productos\/coladores-de-pintura\/\">COLADORES DE PINTURA<\/a><\/li>\n<li><a href=\"https:\/\/trimaco.com\/es\/productos\/guantes\/\">GUANTES<\/a><\/li>\n<li><a href=\"https:\/\/trimaco.com\/es\/productos\/proteccion-miscelanea-para-la-superficie\/\">PROTECCION MISCELANEA PARA SUPERFICIES<\/a><\/li>\n<li><a href=\"https:\/\/trimaco.com\/es\/productos\/sistemas-de-contencion-de-polvo-soluciones\/\">CONTENCION DE POLVO<\/a><\/li>\n<li><a href=\"https:\/\/trimaco.com\/es\/productos\/misc\/\">MISCELANEOS<\/a><\/li>\n<li><a href=\"https:\/\/trimaco.com\/es\/productos\/accesorios-del-sistema-envirowash-de-envirosolutions\/\">ACCESORIOS PARA SISTEMA ENVIROWASH<\/a><\/li>\n<\/ul>\n<h2>Cont\u00e1ctenos<\/h2>\n<h3>\u00bfTIENE ALGUNA PREGUNTA PARA NUESTRO EQUIPO?<\/h3>\n<p>Estaremos felices de ayudarlo. Llene el <a href=\"https:\/\/trimaco.com\/es\/contactenos\/\">formulario de contacto<\/a> o ll\u00e1menos al 1.800.325.7356 y lo contactaremos a la brevedad posible.<\/p>\n","protected":false},"excerpt":{"rendered":"<p>\u00bfQu\u00e9 queremos decir con confianza? Que usted trabaja muy duro para mantener a sus clientes felices y que sus clientes noten cuando usted pone un esfuerzo extra. \u00bfEntonces por qu\u00e9 no dejar que los productos<a class=\"read-more\" href=\"https:\/\/trimaco.com\/es\/trimaco-brindando-confianza-desde-1906\/\"> &#8230;Continue Reading<\/a><\/p>\n","protected":false},"author":2,"featured_media":0,"parent":0,"menu_order":0,"comment_status":"closed","ping_status":"closed","template":"","meta":{"_acf_changed":false,"footnotes":""},"class_list":["post-16471","page","type-page","status-publish","hentry"],"acf":[],"yoast_head":"<!-- This site is optimized with the Yoast SEO plugin v27.4 - https:\/\/yoast.com\/product\/yoast-seo-wordpress\/ -->\n<title>Trimaco \/ Brindando Confianza Desde 1906 - Trimaco<\/title>\n<meta name=\"description\" content=\"Trimaco ofrece una extensa selecci\u00f3n de productos que te ayudar\u00e1n a proteger diversos tipos de superficies mientras pintas o trabajas en renovaciones.\" \/>\n<meta name=\"robots\" content=\"index, follow, max-snippet:-1, max-image-preview:large, max-video-preview:-1\" \/>\n<link rel=\"canonical\" href=\"https:\/\/trimaco.com\/es\/trimaco-brindando-confianza-desde-1906\/\" \/>\n<meta property=\"og:locale\" content=\"es_ES\" \/>\n<meta property=\"og:type\" content=\"article\" \/>\n<meta property=\"og:title\" content=\"Trimaco \/ Brindando Confianza Desde 1906 - Trimaco\" \/>\n<meta property=\"og:description\" content=\"Trimaco ofrece una extensa selecci\u00f3n de productos que te ayudar\u00e1n a proteger diversos tipos de superficies mientras pintas o trabajas en renovaciones.\" \/>\n<meta property=\"og:url\" content=\"https:\/\/trimaco.com\/es\/trimaco-brindando-confianza-desde-1906\/\" \/>\n<meta property=\"og:site_name\" content=\"Trimaco\" \/>\n<meta property=\"article:publisher\" content=\"https:\/\/www.facebook.com\/pages\/Trimaco\/346858225385747?ref=ts\" \/>\n<meta property=\"article:modified_time\" content=\"2021-12-16T18:22:29+00:00\" \/>\n<meta name=\"twitter:card\" content=\"summary_large_image\" \/>\n<meta name=\"twitter:site\" content=\"@trimacoinc\" \/>\n<meta name=\"twitter:label1\" content=\"Tiempo de lectura\" \/>\n\t<meta name=\"twitter:data1\" content=\"3 minutos\" \/>\n<!-- \/ Yoast SEO plugin. -->","yoast_head_json":{"title":"Trimaco \/ Brindando Confianza Desde 1906 - Trimaco","description":"Trimaco ofrece una extensa selecci\u00f3n de productos que te ayudar\u00e1n a proteger diversos tipos de superficies mientras pintas o trabajas en renovaciones.","robots":{"index":"index","follow":"follow","max-snippet":"max-snippet:-1","max-image-preview":"max-image-preview:large","max-video-preview":"max-video-preview:-1"},"canonical":"https:\/\/trimaco.com\/es\/trimaco-brindando-confianza-desde-1906\/","og_locale":"es_ES","og_type":"article","og_title":"Trimaco \/ Brindando Confianza Desde 1906 - Trimaco","og_description":"Trimaco ofrece una extensa selecci\u00f3n de productos que te ayudar\u00e1n a proteger diversos tipos de superficies mientras pintas o trabajas en renovaciones.","og_url":"https:\/\/trimaco.com\/es\/trimaco-brindando-confianza-desde-1906\/","og_site_name":"Trimaco","article_publisher":"https:\/\/www.facebook.com\/pages\/Trimaco\/346858225385747?ref=ts","article_modified_time":"2021-12-16T18:22:29+00:00","twitter_card":"summary_large_image","twitter_site":"@trimacoinc","twitter_misc":{"Tiempo de lectura":"3 minutos"},"schema":{"@context":"https:\/\/schema.org","@graph":[{"@type":"WebPage","@id":"https:\/\/trimaco.com\/es\/trimaco-brindando-confianza-desde-1906\/","url":"https:\/\/trimaco.com\/es\/trimaco-brindando-confianza-desde-1906\/","name":"Trimaco \/ Brindando Confianza Desde 1906 - Trimaco","isPartOf":{"@id":"https:\/\/trimaco.com\/#website"},"datePublished":"2021-11-04T15:10:12+00:00","dateModified":"2021-12-16T18:22:29+00:00","description":"Trimaco ofrece una extensa selecci\u00f3n de productos que te ayudar\u00e1n a proteger diversos tipos de superficies mientras pintas o trabajas en renovaciones.","breadcrumb":{"@id":"https:\/\/trimaco.com\/es\/trimaco-brindando-confianza-desde-1906\/#breadcrumb"},"inLanguage":"es","potentialAction":[{"@type":"ReadAction","target":["https:\/\/trimaco.com\/es\/trimaco-brindando-confianza-desde-1906\/"]}]},{"@type":"BreadcrumbList","@id":"https:\/\/trimaco.com\/es\/trimaco-brindando-confianza-desde-1906\/#breadcrumb","itemListElement":[{"@type":"ListItem","position":1,"name":"Home","item":"https:\/\/trimaco.com\/"},{"@type":"ListItem","position":2,"name":"Trimaco \/ Brindando Confianza Desde 1906"}]},{"@type":"WebSite","@id":"https:\/\/trimaco.com\/#website","url":"https:\/\/trimaco.com\/","name":"Trimaco","description":"Total Jobsite Protection\u2122","publisher":{"@id":"https:\/\/trimaco.com\/#organization"},"potentialAction":[{"@type":"SearchAction","target":{"@type":"EntryPoint","urlTemplate":"https:\/\/trimaco.com\/?s={search_term_string}"},"query-input":{"@type":"PropertyValueSpecification","valueRequired":true,"valueName":"search_term_string"}}],"inLanguage":"es"},{"@type":"Organization","@id":"https:\/\/trimaco.com\/#organization","name":"Trimaco","url":"https:\/\/trimaco.com\/","logo":{"@type":"ImageObject","inLanguage":"es","@id":"https:\/\/trimaco.com\/#\/schema\/logo\/image\/","url":"https:\/\/trimaco.com\/wp-content\/uploads\/2016\/08\/login-logo.png","contentUrl":"https:\/\/trimaco.com\/wp-content\/uploads\/2016\/08\/login-logo.png","width":450,"height":69,"caption":"Trimaco"},"image":{"@id":"https:\/\/trimaco.com\/#\/schema\/logo\/image\/"},"sameAs":["https:\/\/www.facebook.com\/pages\/Trimaco\/346858225385747?ref=ts","https:\/\/x.com\/trimacoinc","https:\/\/www.instagram.com\/trimaco_inc\/","https:\/\/pinterest.com\/trimaco\/","https:\/\/www.youtube.com\/c\/trimacoinc"]}]}},"_links":{"self":[{"href":"https:\/\/trimaco.com\/es\/wp-json\/wp\/v2\/pages\/16471","targetHints":{"allow":["GET"]}}],"collection":[{"href":"https:\/\/trimaco.com\/es\/wp-json\/wp\/v2\/pages"}],"about":[{"href":"https:\/\/trimaco.com\/es\/wp-json\/wp\/v2\/types\/page"}],"author":[{"embeddable":true,"href":"https:\/\/trimaco.com\/es\/wp-json\/wp\/v2\/users\/2"}],"replies":[{"embeddable":true,"href":"https:\/\/trimaco.com\/es\/wp-json\/wp\/v2\/comments?post=16471"}],"version-history":[{"count":0,"href":"https:\/\/trimaco.com\/es\/wp-json\/wp\/v2\/pages\/16471\/revisions"}],"wp:attachment":[{"href":"https:\/\/trimaco.com\/es\/wp-json\/wp\/v2\/media?parent=16471"}],"curies":[{"name":"wp","href":"https:\/\/api.w.org\/{rel}","templated":true}]}}