{"id":16468,"date":"2021-11-03T15:04:40","date_gmt":"2021-11-03T19:04:40","guid":{"rendered":"https:\/\/trimaco.wpengine.com\/productos\/proteccion-miscelanea-para-la-superficie\/protectores-de-esquina-de-pared\/"},"modified":"2025-07-01T17:40:36","modified_gmt":"2025-07-01T21:40:36","slug":"protectores-de-esquina-de-pared","status":"publish","type":"page","link":"https:\/\/trimaco.com\/es\/productos\/proteccion-miscelanea-para-la-superficie\/protectores-de-esquina-de-pared\/","title":{"rendered":"Protectores de esquina de pared"},"content":{"rendered":"<h3>\u00bfEsquinas da\u00f1adas? Nunca m\u00e1s.<\/h3>\n<p>Ponga fin a las esquinas da\u00f1adas con protectores de esquina de pl\u00e1stico comercial y residencial. Los protectores de esquina resguardan las \u00e1reas de alto impacto y tr\u00e1fico. Todos los protectores de esquina tienen un \u00e1ngulo de 90 grados. Los tornillos y clavos especialmente dise\u00f1ados se pueden atravesar sin da\u00f1ar los protectores. As\u00ed que d\u00edgale adi\u00f3s a las esquinas da\u00f1adas. Cada protector de esquina de pl\u00e1stico es transparente. <em>* NOTA: No es pre perforado: los tornillos \/ clavos especialmente dise\u00f1ados se pueden atravezar a trav\u00e9s de estos protectores de esquina sin da\u00f1ar el protector de esquina.<\/em> Aseg\u00farese de agarrar tambi\u00e9n algunos de <a href=\"https:\/\/trimaco.com\/es\/productos\/proteccion-miscelanea-para-la-superficie\/protector-de-jamba-de-puerta-supertuff\/\">nuestros protectores de jamba de puerta.<\/a><\/p>\n<p><em>PVC Corner Guards<\/em><\/p>\n<table>\n<tbody>\n<tr>\n<th>ITEM #<\/th>\n<th>SPEC<\/th>\n<th>PACK<\/th>\n<th>SIZE<\/th>\n<\/tr>\n<tr>\n<td>CS3142A-02<\/td>\n<td>PVC<\/td>\n<td>6<\/td>\n<td>1 1\/8&#8243; x 1 1\/8&#8243; x 4&#8242;<\/td>\n<\/tr>\n<tr>\n<td>CS3143A-02<\/td>\n<td>PVC<\/td>\n<td>6<\/td>\n<td>1 1\/8&#8243; x 1 1\/8&#8243; x 8&#8242;<\/td>\n<\/tr>\n<tr>\n<td>CS3182A-02<\/td>\n<td>PVC<\/td>\n<td>6<\/td>\n<td>2 1\/2&#8243;&#8221; x 1 1\/8&#8243; x 4&#8242;<\/td>\n<\/tr>\n<tr>\n<td>CS3183A-02<\/td>\n<td>PVC<\/td>\n<td>6<\/td>\n<td>2 1\/2&#8243; x 1 1\/8&#8243; x 8&#8242;<\/td>\n<\/tr>\n<\/tbody>\n<\/table>\n<p><em>Clear Plastic Corner Guards<\/em><\/p>\n<table>\n<tbody>\n<tr>\n<th>ITEM #<\/th>\n<th>SPEC<\/th>\n<th>PACK<\/th>\n<th>SIZE<\/th>\n<\/tr>\n<tr>\n<td>01434<\/td>\n<td>Nail-on*<\/td>\n<td>18<\/td>\n<td>5\/8&#8243; x 5\/8&#8243; x 4&#8242; (1.6cm x 1.6cm x 1.22m)<\/td>\n<\/tr>\n<tr>\n<td>01834<\/td>\n<td>Nail-on*<\/td>\n<td>18<\/td>\n<td>5\/8&#8243; x 5\/8&#8243; x 8&#8242; (1.6cm x 1.6cm x 2.44m)<\/td>\n<\/tr>\n<tr>\n<td>11434A<\/td>\n<td>Self-stick<\/td>\n<td>18<\/td>\n<td>5\/8&#8243; x 5\/8&#8243; x 4&#8242; (1.6cm x 1.6cm x 1.22m)<\/td>\n<\/tr>\n<tr>\n<td>11834A<\/td>\n<td>Self-stick<\/td>\n<td>18<\/td>\n<td>5\/8&#8243; x 5\/8&#8243; x 8&#8242; (1.6cm x 1.6cm x 2.44m)<\/td>\n<\/tr>\n<tr>\n<td>01184G<\/td>\n<td>Hole-punched<\/td>\n<td>12<\/td>\n<td>1 1\/8&#8243; x 1 1\/8&#8243; x 4&#8242; (2.9cm x 2.9cm x 1.22m)<\/td>\n<\/tr>\n<tr>\n<td>01188G<\/td>\n<td>Hole-punched<\/td>\n<td>8<\/td>\n<td>1 1\/8&#8243; x 1 1\/8&#8243; x 8&#8242; (2.9cm x 2.9cm x 2.44m)<\/td>\n<\/tr>\n<\/tbody>\n<\/table>\n","protected":false},"excerpt":{"rendered":"<p>Los Protectores ayudan en \u00e1reas bien transitadas.<\/p>\n","protected":false},"author":2,"featured_media":17923,"parent":16466,"menu_order":1,"comment_status":"closed","ping_status":"closed","template":"page_products-grandchild.php","meta":{"_acf_changed":false,"footnotes":""},"class_list":["post-16468","page","type-page","status-publish","has-post-thumbnail","hentry"],"acf":[],"yoast_head":"<!-- This site is optimized with the Yoast SEO plugin v27.5 - https:\/\/yoast.com\/product\/yoast-seo-wordpress\/ -->\n<title>Protectores de esquinas - Trimaco<\/title>\n<meta name=\"description\" content=\"Ponga fin a las esquinas de paredes da\u00f1adas con protectores de esquina para paredes comerciales y residenciales con los protectores de esquina resguardan.\" \/>\n<meta name=\"robots\" content=\"index, follow, max-snippet:-1, max-image-preview:large, max-video-preview:-1\" \/>\n<link rel=\"canonical\" href=\"https:\/\/trimaco.com\/es\/productos\/proteccion-miscelanea-para-la-superficie\/protectores-de-esquina-de-pared\/\" \/>\n<meta property=\"og:locale\" content=\"es_ES\" \/>\n<meta property=\"og:type\" content=\"article\" \/>\n<meta property=\"og:title\" content=\"Protectores de esquinas - Trimaco\" \/>\n<meta property=\"og:description\" content=\"Ponga fin a las esquinas de paredes da\u00f1adas con protectores de esquina para paredes comerciales y residenciales con los protectores de esquina resguardan.\" \/>\n<meta property=\"og:url\" content=\"https:\/\/trimaco.com\/es\/productos\/proteccion-miscelanea-para-la-superficie\/protectores-de-esquina-de-pared\/\" \/>\n<meta property=\"og:site_name\" content=\"Trimaco\" \/>\n<meta property=\"article:publisher\" content=\"https:\/\/www.facebook.com\/pages\/Trimaco\/346858225385747?ref=ts\" \/>\n<meta property=\"article:modified_time\" content=\"2025-07-01T21:40:36+00:00\" \/>\n<meta property=\"og:image\" content=\"https:\/\/trimaco.com\/wp-content\/uploads\/2022\/02\/cornerguard-1-244x244-1.webp\" \/>\n\t<meta property=\"og:image:width\" content=\"219\" \/>\n\t<meta property=\"og:image:height\" content=\"219\" \/>\n\t<meta property=\"og:image:type\" content=\"image\/webp\" \/>\n<meta name=\"twitter:card\" content=\"summary_large_image\" \/>\n<meta name=\"twitter:site\" content=\"@trimacoinc\" \/>\n<meta name=\"twitter:label1\" content=\"Tiempo de lectura\" \/>\n\t<meta name=\"twitter:data1\" content=\"1 minuto\" \/>\n<!-- \/ Yoast SEO plugin. -->","yoast_head_json":{"title":"Protectores de esquinas - Trimaco","description":"Ponga fin a las esquinas de paredes da\u00f1adas con protectores de esquina para paredes comerciales y residenciales con los protectores de esquina resguardan.","robots":{"index":"index","follow":"follow","max-snippet":"max-snippet:-1","max-image-preview":"max-image-preview:large","max-video-preview":"max-video-preview:-1"},"canonical":"https:\/\/trimaco.com\/es\/productos\/proteccion-miscelanea-para-la-superficie\/protectores-de-esquina-de-pared\/","og_locale":"es_ES","og_type":"article","og_title":"Protectores de esquinas - Trimaco","og_description":"Ponga fin a las esquinas de paredes da\u00f1adas con protectores de esquina para paredes comerciales y residenciales con los protectores de esquina resguardan.","og_url":"https:\/\/trimaco.com\/es\/productos\/proteccion-miscelanea-para-la-superficie\/protectores-de-esquina-de-pared\/","og_site_name":"Trimaco","article_publisher":"https:\/\/www.facebook.com\/pages\/Trimaco\/346858225385747?ref=ts","article_modified_time":"2025-07-01T21:40:36+00:00","og_image":[{"width":219,"height":219,"url":"https:\/\/trimaco.com\/wp-content\/uploads\/2022\/02\/cornerguard-1-244x244-1.webp","type":"image\/webp"}],"twitter_card":"summary_large_image","twitter_site":"@trimacoinc","twitter_misc":{"Tiempo de lectura":"1 minuto"},"schema":{"@context":"https:\/\/schema.org","@graph":[{"@type":"WebPage","@id":"https:\/\/trimaco.com\/es\/productos\/proteccion-miscelanea-para-la-superficie\/protectores-de-esquina-de-pared\/","url":"https:\/\/trimaco.com\/es\/productos\/proteccion-miscelanea-para-la-superficie\/protectores-de-esquina-de-pared\/","name":"Protectores de esquinas - Trimaco","isPartOf":{"@id":"https:\/\/trimaco.com\/#website"},"primaryImageOfPage":{"@id":"https:\/\/trimaco.com\/es\/productos\/proteccion-miscelanea-para-la-superficie\/protectores-de-esquina-de-pared\/#primaryimage"},"image":{"@id":"https:\/\/trimaco.com\/es\/productos\/proteccion-miscelanea-para-la-superficie\/protectores-de-esquina-de-pared\/#primaryimage"},"thumbnailUrl":"https:\/\/trimaco.com\/wp-content\/uploads\/2022\/02\/cornerguard-1-244x244-1.webp","datePublished":"2021-11-03T19:04:40+00:00","dateModified":"2025-07-01T21:40:36+00:00","description":"Ponga fin a las esquinas de paredes da\u00f1adas con protectores de esquina para paredes comerciales y residenciales con los protectores de esquina resguardan.","breadcrumb":{"@id":"https:\/\/trimaco.com\/es\/productos\/proteccion-miscelanea-para-la-superficie\/protectores-de-esquina-de-pared\/#breadcrumb"},"inLanguage":"es","potentialAction":[{"@type":"ReadAction","target":["https:\/\/trimaco.com\/es\/productos\/proteccion-miscelanea-para-la-superficie\/protectores-de-esquina-de-pared\/"]}]},{"@type":"ImageObject","inLanguage":"es","@id":"https:\/\/trimaco.com\/es\/productos\/proteccion-miscelanea-para-la-superficie\/protectores-de-esquina-de-pared\/#primaryimage","url":"https:\/\/trimaco.com\/wp-content\/uploads\/2022\/02\/cornerguard-1-244x244-1.webp","contentUrl":"https:\/\/trimaco.com\/wp-content\/uploads\/2022\/02\/cornerguard-1-244x244-1.webp","width":219,"height":219,"caption":"clear plastic corner guard on wall"},{"@type":"BreadcrumbList","@id":"https:\/\/trimaco.com\/es\/productos\/proteccion-miscelanea-para-la-superficie\/protectores-de-esquina-de-pared\/#breadcrumb","itemListElement":[{"@type":"ListItem","position":1,"name":"Home","item":"https:\/\/trimaco.com\/"},{"@type":"ListItem","position":2,"name":"Productos","item":"https:\/\/trimaco.com\/es\/productos\/"},{"@type":"ListItem","position":3,"name":"Protecci\u00f3n miscel\u00e1nea para la superficie","item":"https:\/\/trimaco.com\/products\/misc-surface-protection\/"},{"@type":"ListItem","position":4,"name":"Protectores de esquina de pared"}]},{"@type":"WebSite","@id":"https:\/\/trimaco.com\/#website","url":"https:\/\/trimaco.com\/","name":"Trimaco","description":"Total Jobsite Protection\u2122","publisher":{"@id":"https:\/\/trimaco.com\/#organization"},"potentialAction":[{"@type":"SearchAction","target":{"@type":"EntryPoint","urlTemplate":"https:\/\/trimaco.com\/?s={search_term_string}"},"query-input":{"@type":"PropertyValueSpecification","valueRequired":true,"valueName":"search_term_string"}}],"inLanguage":"es"},{"@type":"Organization","@id":"https:\/\/trimaco.com\/#organization","name":"Trimaco","url":"https:\/\/trimaco.com\/","logo":{"@type":"ImageObject","inLanguage":"es","@id":"https:\/\/trimaco.com\/#\/schema\/logo\/image\/","url":"https:\/\/trimaco.com\/wp-content\/uploads\/2016\/08\/login-logo.png","contentUrl":"https:\/\/trimaco.com\/wp-content\/uploads\/2016\/08\/login-logo.png","width":450,"height":69,"caption":"Trimaco"},"image":{"@id":"https:\/\/trimaco.com\/#\/schema\/logo\/image\/"},"sameAs":["https:\/\/www.facebook.com\/pages\/Trimaco\/346858225385747?ref=ts","https:\/\/x.com\/trimacoinc","https:\/\/www.instagram.com\/trimaco_inc\/","https:\/\/pinterest.com\/trimaco\/","https:\/\/www.youtube.com\/c\/trimacoinc"]}]}},"_links":{"self":[{"href":"https:\/\/trimaco.com\/es\/wp-json\/wp\/v2\/pages\/16468","targetHints":{"allow":["GET"]}}],"collection":[{"href":"https:\/\/trimaco.com\/es\/wp-json\/wp\/v2\/pages"}],"about":[{"href":"https:\/\/trimaco.com\/es\/wp-json\/wp\/v2\/types\/page"}],"author":[{"embeddable":true,"href":"https:\/\/trimaco.com\/es\/wp-json\/wp\/v2\/users\/2"}],"replies":[{"embeddable":true,"href":"https:\/\/trimaco.com\/es\/wp-json\/wp\/v2\/comments?post=16468"}],"version-history":[{"count":0,"href":"https:\/\/trimaco.com\/es\/wp-json\/wp\/v2\/pages\/16468\/revisions"}],"up":[{"embeddable":true,"href":"https:\/\/trimaco.com\/es\/wp-json\/wp\/v2\/pages\/16466"}],"wp:featuredmedia":[{"embeddable":true,"href":"https:\/\/trimaco.com\/es\/wp-json\/wp\/v2\/media\/17923"}],"wp:attachment":[{"href":"https:\/\/trimaco.com\/es\/wp-json\/wp\/v2\/media?parent=16468"}],"curies":[{"name":"wp","href":"https:\/\/api.w.org\/{rel}","templated":true}]}}