{"id":16466,"date":"2021-11-03T14:52:14","date_gmt":"2021-11-03T18:52:14","guid":{"rendered":"https:\/\/trimaco.wpengine.com\/productos\/proteccion-miscelanea-para-la-superficie\/"},"modified":"2022-02-17T16:47:15","modified_gmt":"2022-02-17T20:47:15","slug":"proteccion-miscelanea-para-la-superficie","status":"publish","type":"page","link":"https:\/\/trimaco.com\/es\/productos\/proteccion-miscelanea-para-la-superficie\/","title":{"rendered":"Protecci\u00f3n miscel\u00e1nea para la superficie"},"content":{"rendered":"<p>Trimaco ofrece una amplia gama de productos de protecci\u00f3n de superficies y pisos en el sitio de trabajo. Desde <a href=\"https:\/\/trimaco.com\/es\/productos\/proteccion-de-superficies-de-servicio-pesado\/\">protectores de superficie de alta resistencia<\/a> y pel\u00edculas de protecci\u00f3n de alfombras hasta soluciones de protecci\u00f3n de mesones e incluso contenci\u00f3n de polvo. Pero, \u00bfqu\u00e9 pasa con esas superficies \u00fanicas y miscel\u00e1neas? Ellas tambi\u00e9n necesitan protecci\u00f3n.<\/p>\n<p>Si bien ofrecemos una amplia variedad de productos de protecci\u00f3n de superficies y pisos resistentes al agua y al deslizamiento, a veces se necesita a\u00fan m\u00e1s. Estos otros productos miscel\u00e1neos de protecci\u00f3n de superficies proteger\u00e1n puertas, pisos y paredes de golpes y ara\u00f1azos. <\/p>\n","protected":false},"excerpt":{"rendered":"<p>Trimaco ofrece una amplia gama de productos de protecci\u00f3n de superficies y pisos en el sitio de trabajo. Desde protectores de superficie de alta resistencia y pel\u00edculas de protecci\u00f3n de alfombras hasta soluciones de protecci\u00f3n<a class=\"read-more\" href=\"https:\/\/trimaco.com\/es\/productos\/proteccion-miscelanea-para-la-superficie\/\"> &#8230;Continue Reading<\/a><\/p>\n","protected":false},"author":9,"featured_media":13903,"parent":10374,"menu_order":9,"comment_status":"closed","ping_status":"closed","template":"page_products-child.php","meta":{"_acf_changed":false,"footnotes":""},"class_list":["post-16466","page","type-page","status-publish","has-post-thumbnail","hentry"],"acf":[],"yoast_head":"<!-- This site is optimized with the Yoast SEO plugin v27.3 - https:\/\/yoast.com\/product\/yoast-seo-wordpress\/ -->\n<title>Productos miscel\u00e1neos de protecci\u00f3n de superficies y pisos- Trimaco<\/title>\n<meta name=\"description\" content=\"\u00bfTiene una superficie \u00fanica que necesita proteger? Tenemos el art\u00edculo de protecci\u00f3n de superficies que busca. Eche un vistazo a nuestros productos de protecci\u00f3n de superficies y suelos.\" \/>\n<meta name=\"robots\" content=\"index, follow, max-snippet:-1, max-image-preview:large, max-video-preview:-1\" \/>\n<link rel=\"canonical\" href=\"https:\/\/trimaco.com\/products\/misc-surface-protection\/\" \/>\n<meta property=\"og:locale\" content=\"es_ES\" \/>\n<meta property=\"og:type\" content=\"article\" \/>\n<meta property=\"og:title\" content=\"Productos miscel\u00e1neos de protecci\u00f3n de superficies y pisos- Trimaco\" \/>\n<meta property=\"og:description\" content=\"\u00bfTiene una superficie \u00fanica que necesita proteger? Tenemos el art\u00edculo de protecci\u00f3n de superficies que busca. Eche un vistazo a nuestros productos de protecci\u00f3n de superficies y suelos.\" \/>\n<meta property=\"og:url\" content=\"https:\/\/trimaco.com\/products\/misc-surface-protection\/\" \/>\n<meta property=\"og:site_name\" content=\"Trimaco\" \/>\n<meta property=\"article:publisher\" content=\"https:\/\/www.facebook.com\/pages\/Trimaco\/346858225385747?ref=ts\" \/>\n<meta property=\"article:modified_time\" content=\"2022-02-17T20:47:15+00:00\" \/>\n<meta property=\"og:image\" content=\"https:\/\/trimaco.com\/wp-content\/uploads\/2021\/05\/doorjambprotector-2-244x244-1.jpg\" \/>\n\t<meta property=\"og:image:width\" content=\"219\" \/>\n\t<meta property=\"og:image:height\" content=\"219\" \/>\n\t<meta property=\"og:image:type\" content=\"image\/jpeg\" \/>\n<meta name=\"twitter:card\" content=\"summary_large_image\" \/>\n<meta name=\"twitter:site\" content=\"@trimacoinc\" \/>\n<meta name=\"twitter:label1\" content=\"Tiempo de lectura\" \/>\n\t<meta name=\"twitter:data1\" content=\"1 minuto\" \/>\n<!-- \/ Yoast SEO plugin. -->","yoast_head_json":{"title":"Productos miscel\u00e1neos de protecci\u00f3n de superficies y pisos- Trimaco","description":"\u00bfTiene una superficie \u00fanica que necesita proteger? Tenemos el art\u00edculo de protecci\u00f3n de superficies que busca. Eche un vistazo a nuestros productos de protecci\u00f3n de superficies y suelos.","robots":{"index":"index","follow":"follow","max-snippet":"max-snippet:-1","max-image-preview":"max-image-preview:large","max-video-preview":"max-video-preview:-1"},"canonical":"https:\/\/trimaco.com\/products\/misc-surface-protection\/","og_locale":"es_ES","og_type":"article","og_title":"Productos miscel\u00e1neos de protecci\u00f3n de superficies y pisos- Trimaco","og_description":"\u00bfTiene una superficie \u00fanica que necesita proteger? Tenemos el art\u00edculo de protecci\u00f3n de superficies que busca. Eche un vistazo a nuestros productos de protecci\u00f3n de superficies y suelos.","og_url":"https:\/\/trimaco.com\/products\/misc-surface-protection\/","og_site_name":"Trimaco","article_publisher":"https:\/\/www.facebook.com\/pages\/Trimaco\/346858225385747?ref=ts","article_modified_time":"2022-02-17T20:47:15+00:00","og_image":[{"width":219,"height":219,"url":"https:\/\/trimaco.com\/wp-content\/uploads\/2021\/05\/doorjambprotector-2-244x244-1.jpg","type":"image\/jpeg"}],"twitter_card":"summary_large_image","twitter_site":"@trimacoinc","twitter_misc":{"Tiempo de lectura":"1 minuto"},"schema":{"@context":"https:\/\/schema.org","@graph":[{"@type":"WebPage","@id":"https:\/\/trimaco.com\/products\/misc-surface-protection\/","url":"https:\/\/trimaco.com\/products\/misc-surface-protection\/","name":"Productos miscel\u00e1neos de protecci\u00f3n de superficies y pisos- Trimaco","isPartOf":{"@id":"https:\/\/trimaco.com\/#website"},"primaryImageOfPage":{"@id":"https:\/\/trimaco.com\/products\/misc-surface-protection\/#primaryimage"},"image":{"@id":"https:\/\/trimaco.com\/products\/misc-surface-protection\/#primaryimage"},"thumbnailUrl":"https:\/\/trimaco.com\/wp-content\/uploads\/2021\/05\/doorjambprotector-2-244x244-1.jpg","datePublished":"2021-11-03T18:52:14+00:00","dateModified":"2022-02-17T20:47:15+00:00","description":"\u00bfTiene una superficie \u00fanica que necesita proteger? Tenemos el art\u00edculo de protecci\u00f3n de superficies que busca. Eche un vistazo a nuestros productos de protecci\u00f3n de superficies y suelos.","breadcrumb":{"@id":"https:\/\/trimaco.com\/products\/misc-surface-protection\/#breadcrumb"},"inLanguage":"es","potentialAction":[{"@type":"ReadAction","target":["https:\/\/trimaco.com\/products\/misc-surface-protection\/"]}]},{"@type":"ImageObject","inLanguage":"es","@id":"https:\/\/trimaco.com\/products\/misc-surface-protection\/#primaryimage","url":"https:\/\/trimaco.com\/wp-content\/uploads\/2021\/05\/doorjambprotector-2-244x244-1.jpg","contentUrl":"https:\/\/trimaco.com\/wp-content\/uploads\/2021\/05\/doorjambprotector-2-244x244-1.jpg","width":219,"height":219,"caption":"installing a door jamb protector"},{"@type":"BreadcrumbList","@id":"https:\/\/trimaco.com\/products\/misc-surface-protection\/#breadcrumb","itemListElement":[{"@type":"ListItem","position":1,"name":"Home","item":"https:\/\/trimaco.com\/"},{"@type":"ListItem","position":2,"name":"Productos","item":"https:\/\/trimaco.com\/es\/productos\/"},{"@type":"ListItem","position":3,"name":"Protecci\u00f3n miscel\u00e1nea para la superficie"}]},{"@type":"WebSite","@id":"https:\/\/trimaco.com\/#website","url":"https:\/\/trimaco.com\/","name":"Trimaco","description":"Total Jobsite Protection\u2122","publisher":{"@id":"https:\/\/trimaco.com\/#organization"},"potentialAction":[{"@type":"SearchAction","target":{"@type":"EntryPoint","urlTemplate":"https:\/\/trimaco.com\/?s={search_term_string}"},"query-input":{"@type":"PropertyValueSpecification","valueRequired":true,"valueName":"search_term_string"}}],"inLanguage":"es"},{"@type":"Organization","@id":"https:\/\/trimaco.com\/#organization","name":"Trimaco","url":"https:\/\/trimaco.com\/","logo":{"@type":"ImageObject","inLanguage":"es","@id":"https:\/\/trimaco.com\/#\/schema\/logo\/image\/","url":"https:\/\/trimaco.com\/wp-content\/uploads\/2016\/08\/login-logo.png","contentUrl":"https:\/\/trimaco.com\/wp-content\/uploads\/2016\/08\/login-logo.png","width":450,"height":69,"caption":"Trimaco"},"image":{"@id":"https:\/\/trimaco.com\/#\/schema\/logo\/image\/"},"sameAs":["https:\/\/www.facebook.com\/pages\/Trimaco\/346858225385747?ref=ts","https:\/\/x.com\/trimacoinc","https:\/\/www.instagram.com\/trimaco_inc\/","https:\/\/pinterest.com\/trimaco\/","https:\/\/www.youtube.com\/c\/trimacoinc"]}]}},"_links":{"self":[{"href":"https:\/\/trimaco.com\/es\/wp-json\/wp\/v2\/pages\/16466","targetHints":{"allow":["GET"]}}],"collection":[{"href":"https:\/\/trimaco.com\/es\/wp-json\/wp\/v2\/pages"}],"about":[{"href":"https:\/\/trimaco.com\/es\/wp-json\/wp\/v2\/types\/page"}],"author":[{"embeddable":true,"href":"https:\/\/trimaco.com\/es\/wp-json\/wp\/v2\/users\/9"}],"replies":[{"embeddable":true,"href":"https:\/\/trimaco.com\/es\/wp-json\/wp\/v2\/comments?post=16466"}],"version-history":[{"count":0,"href":"https:\/\/trimaco.com\/es\/wp-json\/wp\/v2\/pages\/16466\/revisions"}],"up":[{"embeddable":true,"href":"https:\/\/trimaco.com\/es\/wp-json\/wp\/v2\/pages\/10374"}],"wp:featuredmedia":[{"embeddable":true,"href":"https:\/\/trimaco.com\/es\/wp-json\/wp\/v2\/media\/13903"}],"wp:attachment":[{"href":"https:\/\/trimaco.com\/es\/wp-json\/wp\/v2\/media?parent=16466"}],"curies":[{"name":"wp","href":"https:\/\/api.w.org\/{rel}","templated":true}]}}