{"id":16459,"date":"2021-11-03T14:25:47","date_gmt":"2021-11-03T18:25:47","guid":{"rendered":"https:\/\/trimaco.wpengine.com\/productos\/guantes\/guantes-de-goma-de-latex-de-alta-calidad\/"},"modified":"2024-04-09T09:47:56","modified_gmt":"2024-04-09T13:47:56","slug":"guantes-de-goma-de-latex-de-alta-calidad","status":"publish","type":"page","link":"https:\/\/trimaco.com\/es\/productos\/guantes\/guantes-de-goma-de-latex-de-alta-calidad\/","title":{"rendered":"Guantes de goma de l\u00e1tex de alta calidad"},"content":{"rendered":"<h3>Guantes de repintado + Guantes de limpieza<\/h3>\n<p>Estos guantes de trabajo de goma ligeros est\u00e1n hechos de l\u00e1tex amarillo de alta calidad para proporcionar protecci\u00f3n impermeable. La variedad recubierta de neopreno ofrece una mayor protecci\u00f3n contra \u00e1cidos, c\u00e1usticos, limpiadores, aceites, \u00e1lcalis y otros productos qu\u00edmicos. Explore la l\u00ednea completa de <a href=\"https:\/\/trimaco.com\/es\/productos\/guantes\/\">guantes<\/a>de trabajo de Trimaco. <\/p>\n<p><em>Guantes de goma de l\u00e1tex sin forrar, servicio general<\/em><\/p>\n<ul>\n<li>Para pintura, jardiner\u00eda y uso dom\u00e9stico en general<\/li>\n<li>Protecci\u00f3n reutilizable e impermeable<\/li>\n<li>Contiene l\u00e1tex de caucho natural de alta calidad<\/li>\n<\/ul>\n<table>\n<tbody>\n<tr>\n<th># DE ART\u00cdCULO<\/th>\n<th>ESPECIFICACIONES<\/th>\n<th>PAQUETE DE<\/th>\n<th>TAMA\u00d1O<\/th>\n<\/tr>\n<tr>\n<td>01812<\/td>\n<td>1pr<\/td>\n<td>6<\/td>\n<td>X Grande<\/td>\n<\/tr>\n<\/tbody>\n<\/table>\n<p><em>Guantes de l\u00e1tex recubiertos de neopreno<\/em><\/p>\n<ul>\n<li>Protecci\u00f3n contra \u00e1cidos y limpiadores<\/li>\n<li>Resistente a la abrasi\u00f3n y al desgarro<\/li>\n<li>C\u00f3modo y reutilizable<\/li>\n<\/ul>\n<table>\n<tbody>\n<tr>\n<th># DE ART\u00cdCULO<\/th>\n<th>ESPECIFICACIONES<\/th>\n<th>PAQUETE DE<\/th>\n<th>TAMA\u00d1O<\/th>\n<\/tr>\n<tr>\n<td>01915<\/td>\n<td>1pr<\/td>\n<td>12<\/td>\n<td>L\/XL<\/td>\n<\/tr>\n<\/tbody>\n<\/table>\n","protected":false},"excerpt":{"rendered":"<p>Estos guantes ligeros est\u00e1n hechos de l\u00e1tex amarillo de alta calidad para proporcionar protecci\u00f3n impermeable.<\/p>\n","protected":false},"author":2,"featured_media":17872,"parent":16454,"menu_order":2,"comment_status":"closed","ping_status":"closed","template":"page_products-grandchild.php","meta":{"_acf_changed":false,"footnotes":""},"class_list":["post-16459","page","type-page","status-publish","has-post-thumbnail","hentry"],"acf":[],"yoast_head":"<!-- This site is optimized with the Yoast SEO plugin v27.4 - https:\/\/yoast.com\/product\/yoast-seo-wordpress\/ -->\n<title>Guantes de trabajo de goma Guantes recubiertos de neopreno - Trimaco<\/title>\n<meta name=\"description\" content=\"Nuestros guantes de trabajo de goma recubiertos de neopreno ofrecen la mejor protecci\u00f3n contra sustancias duras como \u00e1cidos, c\u00e1usticos, limpiadores, aceites, \u00e1lcalis y otros productos qu\u00edmicos.\" \/>\n<meta name=\"robots\" content=\"index, follow, max-snippet:-1, max-image-preview:large, max-video-preview:-1\" \/>\n<link rel=\"canonical\" href=\"https:\/\/trimaco.com\/es\/productos\/guantes\/guantes-de-goma-de-latex-de-alta-calidad\/\" \/>\n<meta property=\"og:locale\" content=\"es_ES\" \/>\n<meta property=\"og:type\" content=\"article\" \/>\n<meta property=\"og:title\" content=\"Guantes de trabajo de goma Guantes recubiertos de neopreno - Trimaco\" \/>\n<meta property=\"og:description\" content=\"Nuestros guantes de trabajo de goma recubiertos de neopreno ofrecen la mejor protecci\u00f3n contra sustancias duras como \u00e1cidos, c\u00e1usticos, limpiadores, aceites, \u00e1lcalis y otros productos qu\u00edmicos.\" \/>\n<meta property=\"og:url\" content=\"https:\/\/trimaco.com\/es\/productos\/guantes\/guantes-de-goma-de-latex-de-alta-calidad\/\" \/>\n<meta property=\"og:site_name\" content=\"Trimaco\" \/>\n<meta property=\"article:publisher\" content=\"https:\/\/www.facebook.com\/pages\/Trimaco\/346858225385747?ref=ts\" \/>\n<meta property=\"article:modified_time\" content=\"2024-04-09T13:47:56+00:00\" \/>\n<meta property=\"og:image\" content=\"https:\/\/trimaco.com\/wp-content\/uploads\/2022\/02\/latex-rubber-gloves-1.webp\" \/>\n\t<meta property=\"og:image:width\" content=\"284\" \/>\n\t<meta property=\"og:image:height\" content=\"283\" \/>\n\t<meta property=\"og:image:type\" content=\"image\/webp\" \/>\n<meta name=\"twitter:card\" content=\"summary_large_image\" \/>\n<meta name=\"twitter:site\" content=\"@trimacoinc\" \/>\n<meta name=\"twitter:label1\" content=\"Tiempo de lectura\" \/>\n\t<meta name=\"twitter:data1\" content=\"1 minuto\" \/>\n<!-- \/ Yoast SEO plugin. -->","yoast_head_json":{"title":"Guantes de trabajo de goma Guantes recubiertos de neopreno - Trimaco","description":"Nuestros guantes de trabajo de goma recubiertos de neopreno ofrecen la mejor protecci\u00f3n contra sustancias duras como \u00e1cidos, c\u00e1usticos, limpiadores, aceites, \u00e1lcalis y otros productos qu\u00edmicos.","robots":{"index":"index","follow":"follow","max-snippet":"max-snippet:-1","max-image-preview":"max-image-preview:large","max-video-preview":"max-video-preview:-1"},"canonical":"https:\/\/trimaco.com\/es\/productos\/guantes\/guantes-de-goma-de-latex-de-alta-calidad\/","og_locale":"es_ES","og_type":"article","og_title":"Guantes de trabajo de goma Guantes recubiertos de neopreno - Trimaco","og_description":"Nuestros guantes de trabajo de goma recubiertos de neopreno ofrecen la mejor protecci\u00f3n contra sustancias duras como \u00e1cidos, c\u00e1usticos, limpiadores, aceites, \u00e1lcalis y otros productos qu\u00edmicos.","og_url":"https:\/\/trimaco.com\/es\/productos\/guantes\/guantes-de-goma-de-latex-de-alta-calidad\/","og_site_name":"Trimaco","article_publisher":"https:\/\/www.facebook.com\/pages\/Trimaco\/346858225385747?ref=ts","article_modified_time":"2024-04-09T13:47:56+00:00","og_image":[{"width":284,"height":283,"url":"https:\/\/trimaco.com\/wp-content\/uploads\/2022\/02\/latex-rubber-gloves-1.webp","type":"image\/webp"}],"twitter_card":"summary_large_image","twitter_site":"@trimacoinc","twitter_misc":{"Tiempo de lectura":"1 minuto"},"schema":{"@context":"https:\/\/schema.org","@graph":[{"@type":"WebPage","@id":"https:\/\/trimaco.com\/es\/productos\/guantes\/guantes-de-goma-de-latex-de-alta-calidad\/","url":"https:\/\/trimaco.com\/es\/productos\/guantes\/guantes-de-goma-de-latex-de-alta-calidad\/","name":"Guantes de trabajo de goma Guantes recubiertos de neopreno - Trimaco","isPartOf":{"@id":"https:\/\/trimaco.com\/#website"},"primaryImageOfPage":{"@id":"https:\/\/trimaco.com\/es\/productos\/guantes\/guantes-de-goma-de-latex-de-alta-calidad\/#primaryimage"},"image":{"@id":"https:\/\/trimaco.com\/es\/productos\/guantes\/guantes-de-goma-de-latex-de-alta-calidad\/#primaryimage"},"thumbnailUrl":"https:\/\/trimaco.com\/wp-content\/uploads\/2022\/02\/latex-rubber-gloves-1.webp","datePublished":"2021-11-03T18:25:47+00:00","dateModified":"2024-04-09T13:47:56+00:00","description":"Nuestros guantes de trabajo de goma recubiertos de neopreno ofrecen la mejor protecci\u00f3n contra sustancias duras como \u00e1cidos, c\u00e1usticos, limpiadores, aceites, \u00e1lcalis y otros productos qu\u00edmicos.","breadcrumb":{"@id":"https:\/\/trimaco.com\/es\/productos\/guantes\/guantes-de-goma-de-latex-de-alta-calidad\/#breadcrumb"},"inLanguage":"es","potentialAction":[{"@type":"ReadAction","target":["https:\/\/trimaco.com\/es\/productos\/guantes\/guantes-de-goma-de-latex-de-alta-calidad\/"]}]},{"@type":"ImageObject","inLanguage":"es","@id":"https:\/\/trimaco.com\/es\/productos\/guantes\/guantes-de-goma-de-latex-de-alta-calidad\/#primaryimage","url":"https:\/\/trimaco.com\/wp-content\/uploads\/2022\/02\/latex-rubber-gloves-1.webp","contentUrl":"https:\/\/trimaco.com\/wp-content\/uploads\/2022\/02\/latex-rubber-gloves-1.webp","width":284,"height":283,"caption":"latex rubber gloves"},{"@type":"BreadcrumbList","@id":"https:\/\/trimaco.com\/es\/productos\/guantes\/guantes-de-goma-de-latex-de-alta-calidad\/#breadcrumb","itemListElement":[{"@type":"ListItem","position":1,"name":"Home","item":"https:\/\/trimaco.com\/"},{"@type":"ListItem","position":2,"name":"Productos","item":"https:\/\/trimaco.com\/es\/productos\/"},{"@type":"ListItem","position":3,"name":"Guantes","item":"https:\/\/trimaco.com\/es\/productos\/guantes\/"},{"@type":"ListItem","position":4,"name":"Guantes de goma de l\u00e1tex de alta calidad"}]},{"@type":"WebSite","@id":"https:\/\/trimaco.com\/#website","url":"https:\/\/trimaco.com\/","name":"Trimaco","description":"Total Jobsite Protection\u2122","publisher":{"@id":"https:\/\/trimaco.com\/#organization"},"potentialAction":[{"@type":"SearchAction","target":{"@type":"EntryPoint","urlTemplate":"https:\/\/trimaco.com\/?s={search_term_string}"},"query-input":{"@type":"PropertyValueSpecification","valueRequired":true,"valueName":"search_term_string"}}],"inLanguage":"es"},{"@type":"Organization","@id":"https:\/\/trimaco.com\/#organization","name":"Trimaco","url":"https:\/\/trimaco.com\/","logo":{"@type":"ImageObject","inLanguage":"es","@id":"https:\/\/trimaco.com\/#\/schema\/logo\/image\/","url":"https:\/\/trimaco.com\/wp-content\/uploads\/2016\/08\/login-logo.png","contentUrl":"https:\/\/trimaco.com\/wp-content\/uploads\/2016\/08\/login-logo.png","width":450,"height":69,"caption":"Trimaco"},"image":{"@id":"https:\/\/trimaco.com\/#\/schema\/logo\/image\/"},"sameAs":["https:\/\/www.facebook.com\/pages\/Trimaco\/346858225385747?ref=ts","https:\/\/x.com\/trimacoinc","https:\/\/www.instagram.com\/trimaco_inc\/","https:\/\/pinterest.com\/trimaco\/","https:\/\/www.youtube.com\/c\/trimacoinc"]}]}},"_links":{"self":[{"href":"https:\/\/trimaco.com\/es\/wp-json\/wp\/v2\/pages\/16459","targetHints":{"allow":["GET"]}}],"collection":[{"href":"https:\/\/trimaco.com\/es\/wp-json\/wp\/v2\/pages"}],"about":[{"href":"https:\/\/trimaco.com\/es\/wp-json\/wp\/v2\/types\/page"}],"author":[{"embeddable":true,"href":"https:\/\/trimaco.com\/es\/wp-json\/wp\/v2\/users\/2"}],"replies":[{"embeddable":true,"href":"https:\/\/trimaco.com\/es\/wp-json\/wp\/v2\/comments?post=16459"}],"version-history":[{"count":0,"href":"https:\/\/trimaco.com\/es\/wp-json\/wp\/v2\/pages\/16459\/revisions"}],"up":[{"embeddable":true,"href":"https:\/\/trimaco.com\/es\/wp-json\/wp\/v2\/pages\/16454"}],"wp:featuredmedia":[{"embeddable":true,"href":"https:\/\/trimaco.com\/es\/wp-json\/wp\/v2\/media\/17872"}],"wp:attachment":[{"href":"https:\/\/trimaco.com\/es\/wp-json\/wp\/v2\/media?parent=16459"}],"curies":[{"name":"wp","href":"https:\/\/api.w.org\/{rel}","templated":true}]}}