{"id":16455,"date":"2021-11-03T14:15:12","date_gmt":"2021-11-03T18:15:12","guid":{"rendered":"https:\/\/trimaco.wpengine.com\/productos\/guantes\/guantes-de-latex-protectores-profesionales\/"},"modified":"2024-04-09T09:47:43","modified_gmt":"2024-04-09T13:47:43","slug":"guantes-de-latex-protectores-profesionales","status":"publish","type":"page","link":"https:\/\/trimaco.com\/es\/productos\/guantes\/guantes-de-latex-protectores-profesionales\/","title":{"rendered":"Guantes de l\u00e1tex protectores, profesionales"},"content":{"rendered":"<p>Los guantes de l\u00e1tex ligeramente empolvados y econ\u00f3micos ofrecen una protecci\u00f3n ligera. Disponible en blanco o azul. Los guantes azules son de 15mil para una fuerza extra. Todos los guantes est\u00e1n en paquetes de cajas dispensadoras. Obtenga m\u00e1s informaci\u00f3n sobre la l\u00ednea completa de <a href=\"https:\/\/trimaco.com\/es\/productos\/guantes\/\">guantes<\/a> y <a href=\"https:\/\/trimaco.com\/es\/productos\/prendas-de-proteccion\/\">ropa protectora de Trimaco.<\/a>  <\/p>\n<p><em>Guantes de l\u00e1tex<\/em><\/p>\n<table>\n<tbody>\n<tr>\n<th># DE ART\u00cdCULO<\/th>\n<th>ESPECIFICACIONES<\/th>\n<th>PAQUETE DE<\/th>\n<th>TAMA\u00d1O<\/th>\n<\/tr>\n<tr>\n<td>01911<\/td>\n<td>Guantes de l\u00e1tex blanco \u2013 100ct<\/td>\n<td>4bx\/cj<\/td>\n<td>grande<\/td>\n<\/tr>\n<tr>\n<td>01912<\/td>\n<td>Guantes de l\u00e1tex blanco \u2013 100ct<\/td>\n<td>4bx\/cj<\/td>\n<td>X Grande<\/td>\n<\/tr>\n<tr>\n<td>01917<\/td>\n<td>Guantes de l\u00e1tex AZUL DE 15mil \u2013 50ct<\/td>\n<td>10bx\/cj<\/td>\n<td>Le queda a la mayor\u00eda<\/td>\n<\/tr>\n<\/tbody>\n<\/table>\n","protected":false},"excerpt":{"rendered":"<p>Los guantes ligeramente empolvados y econ\u00f3micos ofrecen una protecci\u00f3n ligera.<\/p>\n","protected":false},"author":2,"featured_media":17867,"parent":16454,"menu_order":0,"comment_status":"closed","ping_status":"closed","template":"page_products-grandchild.php","meta":{"_acf_changed":false,"footnotes":""},"class_list":["post-16455","page","type-page","status-publish","has-post-thumbnail","hentry"],"acf":[],"yoast_head":"<!-- This site is optimized with the Yoast SEO plugin v27.5 - https:\/\/yoast.com\/product\/yoast-seo-wordpress\/ -->\n<title>Guantes de l\u00e1tex - Protectores, ligeros y econ\u00f3micos - Trimaco<\/title>\n<meta name=\"description\" content=\"Obtenga m\u00e1s informaci\u00f3n sobre los guantes de l\u00e1tex ligeramente empolvados y econ\u00f3micos de Trimaco. Estos guantes ofrecen una protecci\u00f3n ligera. Disponibles en blanco o azul.\" \/>\n<meta name=\"robots\" content=\"index, follow, max-snippet:-1, max-image-preview:large, max-video-preview:-1\" \/>\n<link rel=\"canonical\" href=\"https:\/\/trimaco.com\/es\/productos\/guantes\/guantes-de-latex-protectores-profesionales\/\" \/>\n<meta property=\"og:locale\" content=\"es_ES\" \/>\n<meta property=\"og:type\" content=\"article\" \/>\n<meta property=\"og:title\" content=\"Guantes de l\u00e1tex - Protectores, ligeros y econ\u00f3micos - Trimaco\" \/>\n<meta property=\"og:description\" content=\"Obtenga m\u00e1s informaci\u00f3n sobre los guantes de l\u00e1tex ligeramente empolvados y econ\u00f3micos de Trimaco. Estos guantes ofrecen una protecci\u00f3n ligera. Disponibles en blanco o azul.\" \/>\n<meta property=\"og:url\" content=\"https:\/\/trimaco.com\/es\/productos\/guantes\/guantes-de-latex-protectores-profesionales\/\" \/>\n<meta property=\"og:site_name\" content=\"Trimaco\" \/>\n<meta property=\"article:publisher\" content=\"https:\/\/www.facebook.com\/pages\/Trimaco\/346858225385747?ref=ts\" \/>\n<meta property=\"article:modified_time\" content=\"2024-04-09T13:47:43+00:00\" \/>\n<meta property=\"og:image\" content=\"https:\/\/trimaco.com\/wp-content\/uploads\/2022\/02\/latexgloves-1.webp\" \/>\n\t<meta property=\"og:image:width\" content=\"284\" \/>\n\t<meta property=\"og:image:height\" content=\"283\" \/>\n\t<meta property=\"og:image:type\" content=\"image\/webp\" \/>\n<meta name=\"twitter:card\" content=\"summary_large_image\" \/>\n<meta name=\"twitter:site\" content=\"@trimacoinc\" \/>\n<meta name=\"twitter:label1\" content=\"Tiempo de lectura\" \/>\n\t<meta name=\"twitter:data1\" content=\"1 minuto\" \/>\n<!-- \/ Yoast SEO plugin. -->","yoast_head_json":{"title":"Guantes de l\u00e1tex - Protectores, ligeros y econ\u00f3micos - Trimaco","description":"Obtenga m\u00e1s informaci\u00f3n sobre los guantes de l\u00e1tex ligeramente empolvados y econ\u00f3micos de Trimaco. Estos guantes ofrecen una protecci\u00f3n ligera. Disponibles en blanco o azul.","robots":{"index":"index","follow":"follow","max-snippet":"max-snippet:-1","max-image-preview":"max-image-preview:large","max-video-preview":"max-video-preview:-1"},"canonical":"https:\/\/trimaco.com\/es\/productos\/guantes\/guantes-de-latex-protectores-profesionales\/","og_locale":"es_ES","og_type":"article","og_title":"Guantes de l\u00e1tex - Protectores, ligeros y econ\u00f3micos - Trimaco","og_description":"Obtenga m\u00e1s informaci\u00f3n sobre los guantes de l\u00e1tex ligeramente empolvados y econ\u00f3micos de Trimaco. Estos guantes ofrecen una protecci\u00f3n ligera. Disponibles en blanco o azul.","og_url":"https:\/\/trimaco.com\/es\/productos\/guantes\/guantes-de-latex-protectores-profesionales\/","og_site_name":"Trimaco","article_publisher":"https:\/\/www.facebook.com\/pages\/Trimaco\/346858225385747?ref=ts","article_modified_time":"2024-04-09T13:47:43+00:00","og_image":[{"width":284,"height":283,"url":"https:\/\/trimaco.com\/wp-content\/uploads\/2022\/02\/latexgloves-1.webp","type":"image\/webp"}],"twitter_card":"summary_large_image","twitter_site":"@trimacoinc","twitter_misc":{"Tiempo de lectura":"1 minuto"},"schema":{"@context":"https:\/\/schema.org","@graph":[{"@type":"WebPage","@id":"https:\/\/trimaco.com\/es\/productos\/guantes\/guantes-de-latex-protectores-profesionales\/","url":"https:\/\/trimaco.com\/es\/productos\/guantes\/guantes-de-latex-protectores-profesionales\/","name":"Guantes de l\u00e1tex - Protectores, ligeros y econ\u00f3micos - Trimaco","isPartOf":{"@id":"https:\/\/trimaco.com\/#website"},"primaryImageOfPage":{"@id":"https:\/\/trimaco.com\/es\/productos\/guantes\/guantes-de-latex-protectores-profesionales\/#primaryimage"},"image":{"@id":"https:\/\/trimaco.com\/es\/productos\/guantes\/guantes-de-latex-protectores-profesionales\/#primaryimage"},"thumbnailUrl":"https:\/\/trimaco.com\/wp-content\/uploads\/2022\/02\/latexgloves-1.webp","datePublished":"2021-11-03T18:15:12+00:00","dateModified":"2024-04-09T13:47:43+00:00","description":"Obtenga m\u00e1s informaci\u00f3n sobre los guantes de l\u00e1tex ligeramente empolvados y econ\u00f3micos de Trimaco. Estos guantes ofrecen una protecci\u00f3n ligera. Disponibles en blanco o azul.","breadcrumb":{"@id":"https:\/\/trimaco.com\/es\/productos\/guantes\/guantes-de-latex-protectores-profesionales\/#breadcrumb"},"inLanguage":"es","potentialAction":[{"@type":"ReadAction","target":["https:\/\/trimaco.com\/es\/productos\/guantes\/guantes-de-latex-protectores-profesionales\/"]}]},{"@type":"ImageObject","inLanguage":"es","@id":"https:\/\/trimaco.com\/es\/productos\/guantes\/guantes-de-latex-protectores-profesionales\/#primaryimage","url":"https:\/\/trimaco.com\/wp-content\/uploads\/2022\/02\/latexgloves-1.webp","contentUrl":"https:\/\/trimaco.com\/wp-content\/uploads\/2022\/02\/latexgloves-1.webp","width":284,"height":283,"caption":"Hand protected with latex gloves staining a furniture leg"},{"@type":"BreadcrumbList","@id":"https:\/\/trimaco.com\/es\/productos\/guantes\/guantes-de-latex-protectores-profesionales\/#breadcrumb","itemListElement":[{"@type":"ListItem","position":1,"name":"Home","item":"https:\/\/trimaco.com\/"},{"@type":"ListItem","position":2,"name":"Productos","item":"https:\/\/trimaco.com\/es\/productos\/"},{"@type":"ListItem","position":3,"name":"Guantes","item":"https:\/\/trimaco.com\/es\/productos\/guantes\/"},{"@type":"ListItem","position":4,"name":"Guantes de l\u00e1tex protectores, profesionales"}]},{"@type":"WebSite","@id":"https:\/\/trimaco.com\/#website","url":"https:\/\/trimaco.com\/","name":"Trimaco","description":"Total Jobsite Protection\u2122","publisher":{"@id":"https:\/\/trimaco.com\/#organization"},"potentialAction":[{"@type":"SearchAction","target":{"@type":"EntryPoint","urlTemplate":"https:\/\/trimaco.com\/?s={search_term_string}"},"query-input":{"@type":"PropertyValueSpecification","valueRequired":true,"valueName":"search_term_string"}}],"inLanguage":"es"},{"@type":"Organization","@id":"https:\/\/trimaco.com\/#organization","name":"Trimaco","url":"https:\/\/trimaco.com\/","logo":{"@type":"ImageObject","inLanguage":"es","@id":"https:\/\/trimaco.com\/#\/schema\/logo\/image\/","url":"https:\/\/trimaco.com\/wp-content\/uploads\/2016\/08\/login-logo.png","contentUrl":"https:\/\/trimaco.com\/wp-content\/uploads\/2016\/08\/login-logo.png","width":450,"height":69,"caption":"Trimaco"},"image":{"@id":"https:\/\/trimaco.com\/#\/schema\/logo\/image\/"},"sameAs":["https:\/\/www.facebook.com\/pages\/Trimaco\/346858225385747?ref=ts","https:\/\/x.com\/trimacoinc","https:\/\/www.instagram.com\/trimaco_inc\/","https:\/\/pinterest.com\/trimaco\/","https:\/\/www.youtube.com\/c\/trimacoinc"]}]}},"_links":{"self":[{"href":"https:\/\/trimaco.com\/es\/wp-json\/wp\/v2\/pages\/16455","targetHints":{"allow":["GET"]}}],"collection":[{"href":"https:\/\/trimaco.com\/es\/wp-json\/wp\/v2\/pages"}],"about":[{"href":"https:\/\/trimaco.com\/es\/wp-json\/wp\/v2\/types\/page"}],"author":[{"embeddable":true,"href":"https:\/\/trimaco.com\/es\/wp-json\/wp\/v2\/users\/2"}],"replies":[{"embeddable":true,"href":"https:\/\/trimaco.com\/es\/wp-json\/wp\/v2\/comments?post=16455"}],"version-history":[{"count":0,"href":"https:\/\/trimaco.com\/es\/wp-json\/wp\/v2\/pages\/16455\/revisions"}],"up":[{"embeddable":true,"href":"https:\/\/trimaco.com\/es\/wp-json\/wp\/v2\/pages\/16454"}],"wp:featuredmedia":[{"embeddable":true,"href":"https:\/\/trimaco.com\/es\/wp-json\/wp\/v2\/media\/17867"}],"wp:attachment":[{"href":"https:\/\/trimaco.com\/es\/wp-json\/wp\/v2\/media?parent=16455"}],"curies":[{"name":"wp","href":"https:\/\/api.w.org\/{rel}","templated":true}]}}