{"id":16453,"date":"2021-11-03T14:07:42","date_gmt":"2021-11-03T18:07:42","guid":{"rendered":"https:\/\/trimaco.wpengine.com\/productos\/coladores-de-pintura\/coladores-de-bomba-de-pintura-barniz-y-laca\/"},"modified":"2024-04-09T09:37:57","modified_gmt":"2024-04-09T13:37:57","slug":"coladores-de-bomba-de-pintura-barniz-y-laca","status":"publish","type":"page","link":"https:\/\/trimaco.com\/es\/productos\/coladores-de-pintura\/coladores-de-bomba-de-pintura-barniz-y-laca\/","title":{"rendered":"Coladores de bomba de pintura, barniz y laca"},"content":{"rendered":"<p>El colador de bomba SuperTuff&#x2122; de Trimaco es ideal para filtrar pintura, barniz o laca para eliminar la basura u objetos extra\u00f1os que se introducen en la unidad de pulverizaci\u00f3n. Dise\u00f1ado para su uso con tomas de bombas de presi\u00f3n. Malla de 600 micras. Tambi\u00e9n es posible que desee probar otros de nuestros productos como e<a href=\"https:\/\/trimaco.com\/es\/productos\/coladores-de-pintura\/bolsa-coladora-para-pintura-y-tinturas-supertuff-de-poliester\/\">l colador de bolsa<\/a>. <\/p>\n<ul>\n<li>Colador de nylon para pintura, barniz o laca<\/li>\n<li>Lazos de cord\u00f3n sobre la v\u00e1lvula de admisi\u00f3n de la bomba de presi\u00f3n<\/li>\n<li>Elimina la obstrucci\u00f3n de la unidad de pulverizaci\u00f3n<\/li>\n<\/ul>\n<p><em>Colador de bomba SuperTuff&#x2122;<\/em><\/p>\n<table>\n<tbody>\n<tr>\n<th># DE ART\u00cdCULO<\/th>\n<th>CONTENIDO<\/th>\n<th>PAQUETE DE<\/th>\n<th>TAMA\u00d1O<\/th>\n<\/tr>\n<tr>\n<td>11534<\/td>\n<td>con el\u00e1stico<\/td>\n<td>12<\/td>\n<td>Medio<\/td>\n<\/tr>\n<tr>\n<td>11530<\/td>\n<td>con cord\u00f3n<\/td>\n<td>12<\/td>\n<td>Medio<\/td>\n<\/tr>\n<tr>\n<td>30138<\/td>\n<td>con cord\u00f3n &#8211; 3pk<\/td>\n<td>24<\/td>\n<td>Medio<\/td>\n<\/tr>\n<\/tbody>\n<\/table>\n","protected":false},"excerpt":{"rendered":"<p>El colador evita la obstrucci\u00f3n del equipo de pulverizaci\u00f3n.<\/p>\n","protected":false},"author":2,"featured_media":17861,"parent":16447,"menu_order":3,"comment_status":"closed","ping_status":"closed","template":"page_products-grandchild.php","meta":{"_acf_changed":false,"footnotes":""},"class_list":["post-16453","page","type-page","status-publish","has-post-thumbnail","hentry"],"acf":[],"yoast_head":"<!-- This site is optimized with the Yoast SEO plugin v27.3 - https:\/\/yoast.com\/product\/yoast-seo-wordpress\/ -->\n<title>Colador de bomba para pintura, barniz y lacas - Trimaco<\/title>\n<meta name=\"description\" content=\"El colador de bomba de Trimaco es ideal para filtrar pintura, barniz o laca y eliminar objetos extra\u00f1os que se introducen en la unidad de pulverizaci\u00f3n.\" \/>\n<meta name=\"robots\" content=\"index, follow, max-snippet:-1, max-image-preview:large, max-video-preview:-1\" \/>\n<link rel=\"canonical\" href=\"https:\/\/trimaco.com\/es\/productos\/coladores-de-pintura\/coladores-de-bomba-de-pintura-barniz-y-laca\/\" \/>\n<meta property=\"og:locale\" content=\"es_ES\" \/>\n<meta property=\"og:type\" content=\"article\" \/>\n<meta property=\"og:title\" content=\"Colador de bomba para pintura, barniz y lacas - Trimaco\" \/>\n<meta property=\"og:description\" content=\"El colador de bomba de Trimaco es ideal para filtrar pintura, barniz o laca y eliminar objetos extra\u00f1os que se introducen en la unidad de pulverizaci\u00f3n.\" \/>\n<meta property=\"og:url\" content=\"https:\/\/trimaco.com\/es\/productos\/coladores-de-pintura\/coladores-de-bomba-de-pintura-barniz-y-laca\/\" \/>\n<meta property=\"og:site_name\" content=\"Trimaco\" \/>\n<meta property=\"article:publisher\" content=\"https:\/\/www.facebook.com\/pages\/Trimaco\/346858225385747?ref=ts\" \/>\n<meta property=\"article:modified_time\" content=\"2024-04-09T13:37:57+00:00\" \/>\n<meta property=\"og:image\" content=\"https:\/\/trimaco.com\/wp-content\/uploads\/2022\/02\/pump-strainer-1.webp\" \/>\n\t<meta property=\"og:image:width\" content=\"284\" \/>\n\t<meta property=\"og:image:height\" content=\"283\" \/>\n\t<meta property=\"og:image:type\" content=\"image\/webp\" \/>\n<meta name=\"twitter:card\" content=\"summary_large_image\" \/>\n<meta name=\"twitter:site\" content=\"@trimacoinc\" \/>\n<meta name=\"twitter:label1\" content=\"Tiempo de lectura\" \/>\n\t<meta name=\"twitter:data1\" content=\"1 minuto\" \/>\n<!-- \/ Yoast SEO plugin. -->","yoast_head_json":{"title":"Colador de bomba para pintura, barniz y lacas - Trimaco","description":"El colador de bomba de Trimaco es ideal para filtrar pintura, barniz o laca y eliminar objetos extra\u00f1os que se introducen en la unidad de pulverizaci\u00f3n.","robots":{"index":"index","follow":"follow","max-snippet":"max-snippet:-1","max-image-preview":"max-image-preview:large","max-video-preview":"max-video-preview:-1"},"canonical":"https:\/\/trimaco.com\/es\/productos\/coladores-de-pintura\/coladores-de-bomba-de-pintura-barniz-y-laca\/","og_locale":"es_ES","og_type":"article","og_title":"Colador de bomba para pintura, barniz y lacas - Trimaco","og_description":"El colador de bomba de Trimaco es ideal para filtrar pintura, barniz o laca y eliminar objetos extra\u00f1os que se introducen en la unidad de pulverizaci\u00f3n.","og_url":"https:\/\/trimaco.com\/es\/productos\/coladores-de-pintura\/coladores-de-bomba-de-pintura-barniz-y-laca\/","og_site_name":"Trimaco","article_publisher":"https:\/\/www.facebook.com\/pages\/Trimaco\/346858225385747?ref=ts","article_modified_time":"2024-04-09T13:37:57+00:00","og_image":[{"width":284,"height":283,"url":"https:\/\/trimaco.com\/wp-content\/uploads\/2022\/02\/pump-strainer-1.webp","type":"image\/webp"}],"twitter_card":"summary_large_image","twitter_site":"@trimacoinc","twitter_misc":{"Tiempo de lectura":"1 minuto"},"schema":{"@context":"https:\/\/schema.org","@graph":[{"@type":"WebPage","@id":"https:\/\/trimaco.com\/es\/productos\/coladores-de-pintura\/coladores-de-bomba-de-pintura-barniz-y-laca\/","url":"https:\/\/trimaco.com\/es\/productos\/coladores-de-pintura\/coladores-de-bomba-de-pintura-barniz-y-laca\/","name":"Colador de bomba para pintura, barniz y lacas - Trimaco","isPartOf":{"@id":"https:\/\/trimaco.com\/#website"},"primaryImageOfPage":{"@id":"https:\/\/trimaco.com\/es\/productos\/coladores-de-pintura\/coladores-de-bomba-de-pintura-barniz-y-laca\/#primaryimage"},"image":{"@id":"https:\/\/trimaco.com\/es\/productos\/coladores-de-pintura\/coladores-de-bomba-de-pintura-barniz-y-laca\/#primaryimage"},"thumbnailUrl":"https:\/\/trimaco.com\/wp-content\/uploads\/2022\/02\/pump-strainer-1.webp","datePublished":"2021-11-03T18:07:42+00:00","dateModified":"2024-04-09T13:37:57+00:00","description":"El colador de bomba de Trimaco es ideal para filtrar pintura, barniz o laca y eliminar objetos extra\u00f1os que se introducen en la unidad de pulverizaci\u00f3n.","breadcrumb":{"@id":"https:\/\/trimaco.com\/es\/productos\/coladores-de-pintura\/coladores-de-bomba-de-pintura-barniz-y-laca\/#breadcrumb"},"inLanguage":"es","potentialAction":[{"@type":"ReadAction","target":["https:\/\/trimaco.com\/es\/productos\/coladores-de-pintura\/coladores-de-bomba-de-pintura-barniz-y-laca\/"]}]},{"@type":"ImageObject","inLanguage":"es","@id":"https:\/\/trimaco.com\/es\/productos\/coladores-de-pintura\/coladores-de-bomba-de-pintura-barniz-y-laca\/#primaryimage","url":"https:\/\/trimaco.com\/wp-content\/uploads\/2022\/02\/pump-strainer-1.webp","contentUrl":"https:\/\/trimaco.com\/wp-content\/uploads\/2022\/02\/pump-strainer-1.webp","width":284,"height":283,"caption":"pump strainer"},{"@type":"BreadcrumbList","@id":"https:\/\/trimaco.com\/es\/productos\/coladores-de-pintura\/coladores-de-bomba-de-pintura-barniz-y-laca\/#breadcrumb","itemListElement":[{"@type":"ListItem","position":1,"name":"Home","item":"https:\/\/trimaco.com\/"},{"@type":"ListItem","position":2,"name":"Productos","item":"https:\/\/trimaco.com\/es\/productos\/"},{"@type":"ListItem","position":3,"name":"Coladores de pintura","item":"https:\/\/trimaco.com\/es\/productos\/coladores-de-pintura\/"},{"@type":"ListItem","position":4,"name":"Coladores de bomba de pintura, barniz y laca"}]},{"@type":"WebSite","@id":"https:\/\/trimaco.com\/#website","url":"https:\/\/trimaco.com\/","name":"Trimaco","description":"Total Jobsite Protection\u2122","publisher":{"@id":"https:\/\/trimaco.com\/#organization"},"potentialAction":[{"@type":"SearchAction","target":{"@type":"EntryPoint","urlTemplate":"https:\/\/trimaco.com\/?s={search_term_string}"},"query-input":{"@type":"PropertyValueSpecification","valueRequired":true,"valueName":"search_term_string"}}],"inLanguage":"es"},{"@type":"Organization","@id":"https:\/\/trimaco.com\/#organization","name":"Trimaco","url":"https:\/\/trimaco.com\/","logo":{"@type":"ImageObject","inLanguage":"es","@id":"https:\/\/trimaco.com\/#\/schema\/logo\/image\/","url":"https:\/\/trimaco.com\/wp-content\/uploads\/2016\/08\/login-logo.png","contentUrl":"https:\/\/trimaco.com\/wp-content\/uploads\/2016\/08\/login-logo.png","width":450,"height":69,"caption":"Trimaco"},"image":{"@id":"https:\/\/trimaco.com\/#\/schema\/logo\/image\/"},"sameAs":["https:\/\/www.facebook.com\/pages\/Trimaco\/346858225385747?ref=ts","https:\/\/x.com\/trimacoinc","https:\/\/www.instagram.com\/trimaco_inc\/","https:\/\/pinterest.com\/trimaco\/","https:\/\/www.youtube.com\/c\/trimacoinc"]}]}},"_links":{"self":[{"href":"https:\/\/trimaco.com\/es\/wp-json\/wp\/v2\/pages\/16453","targetHints":{"allow":["GET"]}}],"collection":[{"href":"https:\/\/trimaco.com\/es\/wp-json\/wp\/v2\/pages"}],"about":[{"href":"https:\/\/trimaco.com\/es\/wp-json\/wp\/v2\/types\/page"}],"author":[{"embeddable":true,"href":"https:\/\/trimaco.com\/es\/wp-json\/wp\/v2\/users\/2"}],"replies":[{"embeddable":true,"href":"https:\/\/trimaco.com\/es\/wp-json\/wp\/v2\/comments?post=16453"}],"version-history":[{"count":0,"href":"https:\/\/trimaco.com\/es\/wp-json\/wp\/v2\/pages\/16453\/revisions"}],"up":[{"embeddable":true,"href":"https:\/\/trimaco.com\/es\/wp-json\/wp\/v2\/pages\/16447"}],"wp:featuredmedia":[{"embeddable":true,"href":"https:\/\/trimaco.com\/es\/wp-json\/wp\/v2\/media\/17861"}],"wp:attachment":[{"href":"https:\/\/trimaco.com\/es\/wp-json\/wp\/v2\/media?parent=16453"}],"curies":[{"name":"wp","href":"https:\/\/api.w.org\/{rel}","templated":true}]}}