{"id":16452,"date":"2021-11-03T14:03:54","date_gmt":"2021-11-03T18:03:54","guid":{"rendered":"https:\/\/trimaco.wpengine.com\/productos\/coladores-de-pintura\/supertuff-coladores-de-manchas-y-pintura-de-cono-de-poliester\/"},"modified":"2024-04-09T09:37:33","modified_gmt":"2024-04-09T13:37:33","slug":"supertuff-coladores-de-manchas-y-pintura-de-cono-de-poliester","status":"publish","type":"page","link":"https:\/\/trimaco.com\/es\/productos\/coladores-de-pintura\/supertuff-coladores-de-manchas-y-pintura-de-cono-de-poliester\/","title":{"rendered":"SuperTuff\u2122 coladores de manchas y pintura de cono de poli\u00e9ster"},"content":{"rendered":"<p>Los coladores de cono para pinturas y tintes SuperTuff&#x2122; son ideales para eliminar el polvo no deseado y otras impurezas en peque\u00f1as cantidades de pintura. Hecho con malla sint\u00e9tica en lugar de algod\u00f3n, lo que significa tama\u00f1os de poro m\u00e1s precisos, mejor filtraci\u00f3n y purificaci\u00f3n de la pintura y un colado m\u00e1s r\u00e1pido. Los coladores de malla media trabajan en pinturas a base de l\u00e1tex o aceite, y los coladores de cono de malla fina son especialmente adecuados para todas las lacas y esmaltes. Las mallas s\u00faper finas est\u00e1n dise\u00f1adas especialmente para la capa base o los acabados de la capa transparente, pero tambi\u00e9n proporcionan una pintura superior para todas las pinturas, incluidas las que son a base de agua. Consulte la tabla a continuaci\u00f3n para conocer los tama\u00f1os de malla disponibles. <\/p>\n<p>El soporte de colador de cono de Trimaco es un soporte conveniente y resistente que mantiene su colador de cono en su lugar mientras vierte pintura. La construcci\u00f3n simple de alambre es robusta y f\u00e1cil de manejar. \u00a1Hace que el esfuerzo sea r\u00e1pido y reduce el desorden! Echa un vistazo a toda nuestra colecci\u00f3n de productos <a href=\"https:\/\/trimaco.com\/es\/productos\/coladores-de-pintura\/\">de coladores<\/a> de pintura.<\/p>\n<ul>\n<li>Para colar todas las pinturas y tinturas<\/li>\n<li>Construcci\u00f3n fuerte y duradera en forma de cono<\/li>\n<li>Elimina las impurezas en pinturas a base de l\u00e1tex o aceite<\/li>\n<li>La malla fina es especialmente adecuada para lacas y esmaltes<\/li>\n<li>Fabricado con malla sint\u00e9tica<\/li>\n<\/ul>\n<\/ul>\n<p><em>Colador de cono SuperTuff&#x2122;<\/em><\/p>\n<table>\n<tbody>\n<tr>\n<th># DE ART\u00cdCULO<\/th>\n<th>CONTENIDO<\/th>\n<th>PAQUETE DE<\/th>\n<th>TAMA\u00d1O<\/th>\n<\/tr>\n<tr>\n<td>11101<\/td>\n<td>Bolsa de coladores de cono \u2013 4ct<\/td>\n<td>25<\/td>\n<td>malla mediana \u2013 226 micras<\/td>\n<\/tr>\n<tr>\n<td>11105<\/td>\n<td>Bolsa de coladores de cono \u2013 1000ct<\/td>\n<td>1<\/td>\n<td>malla mediana \u2013 226 micras<\/td>\n<\/tr>\n<tr>\n<td>11105\/250<\/td>\n<td>Manga de coladores de cono \u2013 250ct<\/td>\n<td>1<\/td>\n<td>malla mediana \u2013 226 micras<\/td>\n<\/tr>\n<tr>\n<td>11105\/100<\/td>\n<td>Caja de coladores de cono \u2013 100ct<\/td>\n<td>1<\/td>\n<td>malla mediana \u2013 226 micras<\/td>\n<\/tr>\n<tr>\n<td>11107<\/td>\n<td>Caja de coladores de cono \u2013 1,000ct<\/td>\n<td>1<\/td>\n<td>malla fina \u2013 190 micras<\/td>\n<\/tr>\n<tr>\n<td>11107\/250<\/td>\n<td>Manga de coladores de cono \u2013 250ct<\/td>\n<td>1<\/td>\n<td>malla fina \u2013 190 micras<\/td>\n<\/tr>\n<tr>\n<td>11109<\/td>\n<td>Caja de coladores de cono \u2013 1,000ct<\/td>\n<td>1<\/td>\n<td>super fina \u2013 125 micras<\/td>\n<\/tr>\n<\/tbody>\n<\/table>\n<p><em>Soporte de colador de cono<\/em><\/p>\n<table>\n<tbody>\n<tr>\n<th># DE ART\u00cdCULO<\/th>\n<th>CONTENIDO<\/th>\n<th>PAQUETE DE<\/th>\n<th>TAMA\u00d1O<\/th>\n<\/tr>\n<tr>\n<td>30118<\/td>\n<td>Soporte de colador de cono<\/td>\n<td>1<\/td>\n<td>Talla \u00fanica<\/td>\n<\/tr>\n<\/tbody>\n<\/table>\n","protected":false},"excerpt":{"rendered":"<p>Disponibles en varias micras, estos peque\u00f1os coladores son ideales para pintar y manchar.<\/p>\n","protected":false},"author":2,"featured_media":17855,"parent":16447,"menu_order":2,"comment_status":"closed","ping_status":"closed","template":"page_products-grandchild.php","meta":{"_acf_changed":false,"footnotes":""},"class_list":["post-16452","page","type-page","status-publish","has-post-thumbnail","hentry"],"acf":[],"yoast_head":"<!-- This site is optimized with the Yoast SEO plugin v27.5 - https:\/\/yoast.com\/product\/yoast-seo-wordpress\/ -->\n<title>Coladores de cono para pinturas y tintes - Trimaco<\/title>\n<meta name=\"description\" content=\"Los coladores de cono son ideales para eliminar el polvo no deseado y otras impurezas de peque\u00f1as cantidades de pintura. Hecho con malla sint\u00e9tica.\" \/>\n<meta name=\"robots\" content=\"index, follow, max-snippet:-1, max-image-preview:large, max-video-preview:-1\" \/>\n<link rel=\"canonical\" href=\"https:\/\/trimaco.com\/es\/productos\/coladores-de-pintura\/supertuff-coladores-de-manchas-y-pintura-de-cono-de-poliester\/\" \/>\n<meta property=\"og:locale\" content=\"es_ES\" \/>\n<meta property=\"og:type\" content=\"article\" \/>\n<meta property=\"og:title\" content=\"Coladores de cono para pinturas y tintes - Trimaco\" \/>\n<meta property=\"og:description\" content=\"Los coladores de cono son ideales para eliminar el polvo no deseado y otras impurezas de peque\u00f1as cantidades de pintura. Hecho con malla sint\u00e9tica.\" \/>\n<meta property=\"og:url\" content=\"https:\/\/trimaco.com\/es\/productos\/coladores-de-pintura\/supertuff-coladores-de-manchas-y-pintura-de-cono-de-poliester\/\" \/>\n<meta property=\"og:site_name\" content=\"Trimaco\" \/>\n<meta property=\"article:publisher\" content=\"https:\/\/www.facebook.com\/pages\/Trimaco\/346858225385747?ref=ts\" \/>\n<meta property=\"article:modified_time\" content=\"2024-04-09T13:37:33+00:00\" \/>\n<meta property=\"og:image\" content=\"https:\/\/trimaco.com\/wp-content\/uploads\/2022\/02\/conestrainer-1.webp\" \/>\n\t<meta property=\"og:image:width\" content=\"284\" \/>\n\t<meta property=\"og:image:height\" content=\"283\" \/>\n\t<meta property=\"og:image:type\" content=\"image\/webp\" \/>\n<meta name=\"twitter:card\" content=\"summary_large_image\" \/>\n<meta name=\"twitter:site\" content=\"@trimacoinc\" \/>\n<meta name=\"twitter:label1\" content=\"Tiempo de lectura\" \/>\n\t<meta name=\"twitter:data1\" content=\"2 minutos\" \/>\n<!-- \/ Yoast SEO plugin. -->","yoast_head_json":{"title":"Coladores de cono para pinturas y tintes - Trimaco","description":"Los coladores de cono son ideales para eliminar el polvo no deseado y otras impurezas de peque\u00f1as cantidades de pintura. Hecho con malla sint\u00e9tica.","robots":{"index":"index","follow":"follow","max-snippet":"max-snippet:-1","max-image-preview":"max-image-preview:large","max-video-preview":"max-video-preview:-1"},"canonical":"https:\/\/trimaco.com\/es\/productos\/coladores-de-pintura\/supertuff-coladores-de-manchas-y-pintura-de-cono-de-poliester\/","og_locale":"es_ES","og_type":"article","og_title":"Coladores de cono para pinturas y tintes - Trimaco","og_description":"Los coladores de cono son ideales para eliminar el polvo no deseado y otras impurezas de peque\u00f1as cantidades de pintura. Hecho con malla sint\u00e9tica.","og_url":"https:\/\/trimaco.com\/es\/productos\/coladores-de-pintura\/supertuff-coladores-de-manchas-y-pintura-de-cono-de-poliester\/","og_site_name":"Trimaco","article_publisher":"https:\/\/www.facebook.com\/pages\/Trimaco\/346858225385747?ref=ts","article_modified_time":"2024-04-09T13:37:33+00:00","og_image":[{"width":284,"height":283,"url":"https:\/\/trimaco.com\/wp-content\/uploads\/2022\/02\/conestrainer-1.webp","type":"image\/webp"}],"twitter_card":"summary_large_image","twitter_site":"@trimacoinc","twitter_misc":{"Tiempo de lectura":"2 minutos"},"schema":{"@context":"https:\/\/schema.org","@graph":[{"@type":"WebPage","@id":"https:\/\/trimaco.com\/es\/productos\/coladores-de-pintura\/supertuff-coladores-de-manchas-y-pintura-de-cono-de-poliester\/","url":"https:\/\/trimaco.com\/es\/productos\/coladores-de-pintura\/supertuff-coladores-de-manchas-y-pintura-de-cono-de-poliester\/","name":"Coladores de cono para pinturas y tintes - Trimaco","isPartOf":{"@id":"https:\/\/trimaco.com\/#website"},"primaryImageOfPage":{"@id":"https:\/\/trimaco.com\/es\/productos\/coladores-de-pintura\/supertuff-coladores-de-manchas-y-pintura-de-cono-de-poliester\/#primaryimage"},"image":{"@id":"https:\/\/trimaco.com\/es\/productos\/coladores-de-pintura\/supertuff-coladores-de-manchas-y-pintura-de-cono-de-poliester\/#primaryimage"},"thumbnailUrl":"https:\/\/trimaco.com\/wp-content\/uploads\/2022\/02\/conestrainer-1.webp","datePublished":"2021-11-03T18:03:54+00:00","dateModified":"2024-04-09T13:37:33+00:00","description":"Los coladores de cono son ideales para eliminar el polvo no deseado y otras impurezas de peque\u00f1as cantidades de pintura. Hecho con malla sint\u00e9tica.","breadcrumb":{"@id":"https:\/\/trimaco.com\/es\/productos\/coladores-de-pintura\/supertuff-coladores-de-manchas-y-pintura-de-cono-de-poliester\/#breadcrumb"},"inLanguage":"es","potentialAction":[{"@type":"ReadAction","target":["https:\/\/trimaco.com\/es\/productos\/coladores-de-pintura\/supertuff-coladores-de-manchas-y-pintura-de-cono-de-poliester\/"]}]},{"@type":"ImageObject","inLanguage":"es","@id":"https:\/\/trimaco.com\/es\/productos\/coladores-de-pintura\/supertuff-coladores-de-manchas-y-pintura-de-cono-de-poliester\/#primaryimage","url":"https:\/\/trimaco.com\/wp-content\/uploads\/2022\/02\/conestrainer-1.webp","contentUrl":"https:\/\/trimaco.com\/wp-content\/uploads\/2022\/02\/conestrainer-1.webp","width":284,"height":283,"caption":"Paint flowing through a cone strainer"},{"@type":"BreadcrumbList","@id":"https:\/\/trimaco.com\/es\/productos\/coladores-de-pintura\/supertuff-coladores-de-manchas-y-pintura-de-cono-de-poliester\/#breadcrumb","itemListElement":[{"@type":"ListItem","position":1,"name":"Home","item":"https:\/\/trimaco.com\/"},{"@type":"ListItem","position":2,"name":"Productos","item":"https:\/\/trimaco.com\/es\/productos\/"},{"@type":"ListItem","position":3,"name":"Coladores de pintura","item":"https:\/\/trimaco.com\/es\/productos\/coladores-de-pintura\/"},{"@type":"ListItem","position":4,"name":"SuperTuff\u2122 coladores de manchas y pintura de cono de poli\u00e9ster"}]},{"@type":"WebSite","@id":"https:\/\/trimaco.com\/#website","url":"https:\/\/trimaco.com\/","name":"Trimaco","description":"Total Jobsite Protection\u2122","publisher":{"@id":"https:\/\/trimaco.com\/#organization"},"potentialAction":[{"@type":"SearchAction","target":{"@type":"EntryPoint","urlTemplate":"https:\/\/trimaco.com\/?s={search_term_string}"},"query-input":{"@type":"PropertyValueSpecification","valueRequired":true,"valueName":"search_term_string"}}],"inLanguage":"es"},{"@type":"Organization","@id":"https:\/\/trimaco.com\/#organization","name":"Trimaco","url":"https:\/\/trimaco.com\/","logo":{"@type":"ImageObject","inLanguage":"es","@id":"https:\/\/trimaco.com\/#\/schema\/logo\/image\/","url":"https:\/\/trimaco.com\/wp-content\/uploads\/2016\/08\/login-logo.png","contentUrl":"https:\/\/trimaco.com\/wp-content\/uploads\/2016\/08\/login-logo.png","width":450,"height":69,"caption":"Trimaco"},"image":{"@id":"https:\/\/trimaco.com\/#\/schema\/logo\/image\/"},"sameAs":["https:\/\/www.facebook.com\/pages\/Trimaco\/346858225385747?ref=ts","https:\/\/x.com\/trimacoinc","https:\/\/www.instagram.com\/trimaco_inc\/","https:\/\/pinterest.com\/trimaco\/","https:\/\/www.youtube.com\/c\/trimacoinc"]}]}},"_links":{"self":[{"href":"https:\/\/trimaco.com\/es\/wp-json\/wp\/v2\/pages\/16452","targetHints":{"allow":["GET"]}}],"collection":[{"href":"https:\/\/trimaco.com\/es\/wp-json\/wp\/v2\/pages"}],"about":[{"href":"https:\/\/trimaco.com\/es\/wp-json\/wp\/v2\/types\/page"}],"author":[{"embeddable":true,"href":"https:\/\/trimaco.com\/es\/wp-json\/wp\/v2\/users\/2"}],"replies":[{"embeddable":true,"href":"https:\/\/trimaco.com\/es\/wp-json\/wp\/v2\/comments?post=16452"}],"version-history":[{"count":0,"href":"https:\/\/trimaco.com\/es\/wp-json\/wp\/v2\/pages\/16452\/revisions"}],"up":[{"embeddable":true,"href":"https:\/\/trimaco.com\/es\/wp-json\/wp\/v2\/pages\/16447"}],"wp:featuredmedia":[{"embeddable":true,"href":"https:\/\/trimaco.com\/es\/wp-json\/wp\/v2\/media\/17855"}],"wp:attachment":[{"href":"https:\/\/trimaco.com\/es\/wp-json\/wp\/v2\/media?parent=16452"}],"curies":[{"name":"wp","href":"https:\/\/api.w.org\/{rel}","templated":true}]}}