{"id":16451,"date":"2021-11-03T13:58:36","date_gmt":"2021-11-03T17:58:36","guid":{"rendered":"https:\/\/trimaco.wpengine.com\/productos\/coladores-de-pintura\/colador-de-pintura-y-tinturas-ez-strainer\/"},"modified":"2024-04-09T09:37:21","modified_gmt":"2024-04-09T13:37:21","slug":"colador-de-pintura-y-tinturas-ez-strainer","status":"publish","type":"page","link":"https:\/\/trimaco.com\/es\/productos\/coladores-de-pintura\/colador-de-pintura-y-tinturas-ez-strainer\/","title":{"rendered":"Colador de pintura y tinturas EZ-Strainer"},"content":{"rendered":"<p>Para colar r\u00e1pidamente la pintura o tinturas con o sin entradas sin aire. Permite que el pulverizador de pintura acceda a pintura limpia mientras el colador contin\u00faa filtrando el resto de la pintura en la cubeta. El colador de pintura de bolsa el\u00e1stica de 5 galones proporciona un ajuste firme en cualquier tama\u00f1o de tubo de recogida. Elimina las impurezas en todas las pinturas y todos los ambientes. Disponible en tama\u00f1o de 5 galones. Nuestros productos <a href=\"https:\/\/trimaco.com\/es\/productos\/coladores-de-pintura\/bolsa-coladora-para-pintura-y-tinturas-supertuff-de-poliester\/\">de coladores de pintura<\/a> de bolsa el\u00e1stica tambi\u00e9n pueden adaptarse a sus necesidades. <\/p>\n<ul>\n<li>Compatible con tomas con o sin entradas sin aire<\/li>\n<li>Malla herm\u00e9tica de poli\u00e9ster (600 micras) con abertura el\u00e1stica<\/li>\n<li>Elimina las impurezas<\/li>\n<li>Aumenta la vida \u00fatil de su bomba<\/li>\n<li>Bolsa el\u00e1stica de colador de pintura de 5 galones<\/li>\n<\/ul>\n<p><em>Colador SuperTuff&#x2122; EZ-Strainer (600 micras)<\/em><\/p>\n<table>\n<tbody>\n<tr>\n<th># DE ART\u00cdCULO<\/th>\n<th>CONTENIDO<\/th>\n<th>PAQUETE DE<\/th>\n<th>TAMA\u00d1O<\/th>\n<\/tr>\n<tr>\n<td>31307ST<\/td>\n<td>Caja dispensadora \u2013 25pk<\/td>\n<td>25<\/td>\n<td>5 galones<\/td>\n<\/tr>\n<\/tbody>\n<\/table>\n","protected":false},"excerpt":{"rendered":"<p>Colador con tapa el\u00e1stica y abertura para tubo de entrada.<\/p>\n","protected":false},"author":2,"featured_media":17850,"parent":16447,"menu_order":1,"comment_status":"closed","ping_status":"closed","template":"page_products-grandchild.php","meta":{"_acf_changed":false,"footnotes":""},"class_list":["post-16451","page","type-page","status-publish","has-post-thumbnail","hentry"],"acf":[],"yoast_head":"<!-- This site is optimized with the Yoast SEO plugin v27.5 - https:\/\/yoast.com\/product\/yoast-seo-wordpress\/ -->\n<title>Bolsa de colador de pintura de 5 galones EZ-Strainer - Trimaco<\/title>\n<meta name=\"description\" content=\"El colador EZ de Trimaco permite que el pulverizador de pintura acceda a pinturas o tinturas limpias mientras la bolsa el\u00e1stica del colador de pintura de 5 galones contin\u00faa filtr\u00e1ndose.\" \/>\n<meta name=\"robots\" content=\"index, follow, max-snippet:-1, max-image-preview:large, max-video-preview:-1\" \/>\n<link rel=\"canonical\" href=\"https:\/\/trimaco.com\/es\/productos\/coladores-de-pintura\/colador-de-pintura-y-tinturas-ez-strainer\/\" \/>\n<meta property=\"og:locale\" content=\"es_ES\" \/>\n<meta property=\"og:type\" content=\"article\" \/>\n<meta property=\"og:title\" content=\"Bolsa de colador de pintura de 5 galones EZ-Strainer - Trimaco\" \/>\n<meta property=\"og:description\" content=\"El colador EZ de Trimaco permite que el pulverizador de pintura acceda a pinturas o tinturas limpias mientras la bolsa el\u00e1stica del colador de pintura de 5 galones contin\u00faa filtr\u00e1ndose.\" \/>\n<meta property=\"og:url\" content=\"https:\/\/trimaco.com\/es\/productos\/coladores-de-pintura\/colador-de-pintura-y-tinturas-ez-strainer\/\" \/>\n<meta property=\"og:site_name\" content=\"Trimaco\" \/>\n<meta property=\"article:publisher\" content=\"https:\/\/www.facebook.com\/pages\/Trimaco\/346858225385747?ref=ts\" \/>\n<meta property=\"article:modified_time\" content=\"2024-04-09T13:37:21+00:00\" \/>\n<meta property=\"og:image\" content=\"https:\/\/trimaco.com\/wp-content\/uploads\/2022\/02\/ezstrainer-1.webp\" \/>\n\t<meta property=\"og:image:width\" content=\"284\" \/>\n\t<meta property=\"og:image:height\" content=\"283\" \/>\n\t<meta property=\"og:image:type\" content=\"image\/webp\" \/>\n<meta name=\"twitter:card\" content=\"summary_large_image\" \/>\n<meta name=\"twitter:site\" content=\"@trimacoinc\" \/>\n<meta name=\"twitter:label1\" content=\"Tiempo de lectura\" \/>\n\t<meta name=\"twitter:data1\" content=\"1 minuto\" \/>\n<!-- \/ Yoast SEO plugin. -->","yoast_head_json":{"title":"Bolsa de colador de pintura de 5 galones EZ-Strainer - Trimaco","description":"El colador EZ de Trimaco permite que el pulverizador de pintura acceda a pinturas o tinturas limpias mientras la bolsa el\u00e1stica del colador de pintura de 5 galones contin\u00faa filtr\u00e1ndose.","robots":{"index":"index","follow":"follow","max-snippet":"max-snippet:-1","max-image-preview":"max-image-preview:large","max-video-preview":"max-video-preview:-1"},"canonical":"https:\/\/trimaco.com\/es\/productos\/coladores-de-pintura\/colador-de-pintura-y-tinturas-ez-strainer\/","og_locale":"es_ES","og_type":"article","og_title":"Bolsa de colador de pintura de 5 galones EZ-Strainer - Trimaco","og_description":"El colador EZ de Trimaco permite que el pulverizador de pintura acceda a pinturas o tinturas limpias mientras la bolsa el\u00e1stica del colador de pintura de 5 galones contin\u00faa filtr\u00e1ndose.","og_url":"https:\/\/trimaco.com\/es\/productos\/coladores-de-pintura\/colador-de-pintura-y-tinturas-ez-strainer\/","og_site_name":"Trimaco","article_publisher":"https:\/\/www.facebook.com\/pages\/Trimaco\/346858225385747?ref=ts","article_modified_time":"2024-04-09T13:37:21+00:00","og_image":[{"width":284,"height":283,"url":"https:\/\/trimaco.com\/wp-content\/uploads\/2022\/02\/ezstrainer-1.webp","type":"image\/webp"}],"twitter_card":"summary_large_image","twitter_site":"@trimacoinc","twitter_misc":{"Tiempo de lectura":"1 minuto"},"schema":{"@context":"https:\/\/schema.org","@graph":[{"@type":"WebPage","@id":"https:\/\/trimaco.com\/es\/productos\/coladores-de-pintura\/colador-de-pintura-y-tinturas-ez-strainer\/","url":"https:\/\/trimaco.com\/es\/productos\/coladores-de-pintura\/colador-de-pintura-y-tinturas-ez-strainer\/","name":"Bolsa de colador de pintura de 5 galones EZ-Strainer - Trimaco","isPartOf":{"@id":"https:\/\/trimaco.com\/#website"},"primaryImageOfPage":{"@id":"https:\/\/trimaco.com\/es\/productos\/coladores-de-pintura\/colador-de-pintura-y-tinturas-ez-strainer\/#primaryimage"},"image":{"@id":"https:\/\/trimaco.com\/es\/productos\/coladores-de-pintura\/colador-de-pintura-y-tinturas-ez-strainer\/#primaryimage"},"thumbnailUrl":"https:\/\/trimaco.com\/wp-content\/uploads\/2022\/02\/ezstrainer-1.webp","datePublished":"2021-11-03T17:58:36+00:00","dateModified":"2024-04-09T13:37:21+00:00","description":"El colador EZ de Trimaco permite que el pulverizador de pintura acceda a pinturas o tinturas limpias mientras la bolsa el\u00e1stica del colador de pintura de 5 galones contin\u00faa filtr\u00e1ndose.","breadcrumb":{"@id":"https:\/\/trimaco.com\/es\/productos\/coladores-de-pintura\/colador-de-pintura-y-tinturas-ez-strainer\/#breadcrumb"},"inLanguage":"es","potentialAction":[{"@type":"ReadAction","target":["https:\/\/trimaco.com\/es\/productos\/coladores-de-pintura\/colador-de-pintura-y-tinturas-ez-strainer\/"]}]},{"@type":"ImageObject","inLanguage":"es","@id":"https:\/\/trimaco.com\/es\/productos\/coladores-de-pintura\/colador-de-pintura-y-tinturas-ez-strainer\/#primaryimage","url":"https:\/\/trimaco.com\/wp-content\/uploads\/2022\/02\/ezstrainer-1.webp","contentUrl":"https:\/\/trimaco.com\/wp-content\/uploads\/2022\/02\/ezstrainer-1.webp","width":284,"height":283,"caption":"Installing an E-Z Strainer to a paint bucket"},{"@type":"BreadcrumbList","@id":"https:\/\/trimaco.com\/es\/productos\/coladores-de-pintura\/colador-de-pintura-y-tinturas-ez-strainer\/#breadcrumb","itemListElement":[{"@type":"ListItem","position":1,"name":"Home","item":"https:\/\/trimaco.com\/"},{"@type":"ListItem","position":2,"name":"Productos","item":"https:\/\/trimaco.com\/es\/productos\/"},{"@type":"ListItem","position":3,"name":"Coladores de pintura","item":"https:\/\/trimaco.com\/es\/productos\/coladores-de-pintura\/"},{"@type":"ListItem","position":4,"name":"Colador de pintura y tinturas EZ-Strainer"}]},{"@type":"WebSite","@id":"https:\/\/trimaco.com\/#website","url":"https:\/\/trimaco.com\/","name":"Trimaco","description":"Total Jobsite Protection\u2122","publisher":{"@id":"https:\/\/trimaco.com\/#organization"},"potentialAction":[{"@type":"SearchAction","target":{"@type":"EntryPoint","urlTemplate":"https:\/\/trimaco.com\/?s={search_term_string}"},"query-input":{"@type":"PropertyValueSpecification","valueRequired":true,"valueName":"search_term_string"}}],"inLanguage":"es"},{"@type":"Organization","@id":"https:\/\/trimaco.com\/#organization","name":"Trimaco","url":"https:\/\/trimaco.com\/","logo":{"@type":"ImageObject","inLanguage":"es","@id":"https:\/\/trimaco.com\/#\/schema\/logo\/image\/","url":"https:\/\/trimaco.com\/wp-content\/uploads\/2016\/08\/login-logo.png","contentUrl":"https:\/\/trimaco.com\/wp-content\/uploads\/2016\/08\/login-logo.png","width":450,"height":69,"caption":"Trimaco"},"image":{"@id":"https:\/\/trimaco.com\/#\/schema\/logo\/image\/"},"sameAs":["https:\/\/www.facebook.com\/pages\/Trimaco\/346858225385747?ref=ts","https:\/\/x.com\/trimacoinc","https:\/\/www.instagram.com\/trimaco_inc\/","https:\/\/pinterest.com\/trimaco\/","https:\/\/www.youtube.com\/c\/trimacoinc"]}]}},"_links":{"self":[{"href":"https:\/\/trimaco.com\/es\/wp-json\/wp\/v2\/pages\/16451","targetHints":{"allow":["GET"]}}],"collection":[{"href":"https:\/\/trimaco.com\/es\/wp-json\/wp\/v2\/pages"}],"about":[{"href":"https:\/\/trimaco.com\/es\/wp-json\/wp\/v2\/types\/page"}],"author":[{"embeddable":true,"href":"https:\/\/trimaco.com\/es\/wp-json\/wp\/v2\/users\/2"}],"replies":[{"embeddable":true,"href":"https:\/\/trimaco.com\/es\/wp-json\/wp\/v2\/comments?post=16451"}],"version-history":[{"count":0,"href":"https:\/\/trimaco.com\/es\/wp-json\/wp\/v2\/pages\/16451\/revisions"}],"up":[{"embeddable":true,"href":"https:\/\/trimaco.com\/es\/wp-json\/wp\/v2\/pages\/16447"}],"wp:featuredmedia":[{"embeddable":true,"href":"https:\/\/trimaco.com\/es\/wp-json\/wp\/v2\/media\/17850"}],"wp:attachment":[{"href":"https:\/\/trimaco.com\/es\/wp-json\/wp\/v2\/media?parent=16451"}],"curies":[{"name":"wp","href":"https:\/\/api.w.org\/{rel}","templated":true}]}}