{"id":16448,"date":"2021-11-03T13:34:10","date_gmt":"2021-11-03T17:34:10","guid":{"rendered":"https:\/\/trimaco.wpengine.com\/productos\/coladores-de-pintura\/bolsa-coladora-para-pintura-y-tinturas-supertuff-de-poliester\/"},"modified":"2024-04-09T09:37:10","modified_gmt":"2024-04-09T13:37:10","slug":"bolsa-coladora-para-pintura-y-tinturas-supertuff-de-poliester","status":"publish","type":"page","link":"https:\/\/trimaco.com\/es\/productos\/coladores-de-pintura\/bolsa-coladora-para-pintura-y-tinturas-supertuff-de-poliester\/","title":{"rendered":"Bolsa coladora para pintura y tinturas SuperTuff\u00ae de poli\u00e9ster"},"content":{"rendered":"<p>Aseg\u00farese de que su pintura tenga un acabado liso, eliminando los desechos y las impurezas con Colador de pintura SuperTuff\u00ae Perfecto para colar todo tipo de pinturas, tinturas y l\u00edquidos. El colador de bolsa de pintura trabaja para eliminar escamas secas, grumos, filamentos y otras part\u00edculas de polvo de la pintura. Al eliminar las part\u00edculas no deseadas, elimina el riesgo de que los bultos de pintura seca se peguen a los rodillos o se atasquen en los pulverizadores de pintura. <\/p>\n<p>Los coladores de bolsa tienen bordes de doble costura y est\u00e1n hechos de poli\u00e9ster y malla resistente. Disponible en una variedad de tama\u00f1os, pesos de malla y estilos. Aseg\u00farese de revisar los otros <a href=\"https:\/\/trimaco.com\/es\/productos\/coladores-de-pintura\/\">coladores<\/a> de pintura de Trimaco.<\/p>\n<ul>\n<li>En Tama\u00f1os de 1 gal\u00f3n, 2 galones y 5 galones<\/li>\n<li>El colador de bolsa de pintura elimina los desechos no deseados de la pintura y tinturas<\/li>\n<li>Disponibles en 250 micras (malla fina) y 600 micras (malla regular)<\/li>\n<li>Variedades de Parte superior con o sin el\u00e1stico<\/li>\n<\/ul>\n<p><em>Coladores de malla regular\/bolsa superior lisa (600 micras)<\/em><\/p>\n<table>\n<tbody>\n<tr>\n<th># DE ART\u00cdCULO<\/th>\n<th>CONTENIDO<\/th>\n<th>PAQUETE DE<\/th>\n<th>TAMA\u00d1O<\/th>\n<\/tr>\n<tr>\n<td>11311\/25<\/td>\n<td>Caja dispensadora \u2013 25pk<\/td>\n<td>25<\/td>\n<td>1 gallon<\/td>\n<\/tr>\n<tr>\n<td>11211<\/td>\n<td>Caja dispensadora \u2013 25pk<\/td>\n<td>25<\/td>\n<td>2 gallon<\/td>\n<\/tr>\n<tr>\n<td>11313\/25<\/td>\n<td>Caja dispensadora \u2013 25pk<\/td>\n<td>25<\/td>\n<td>5 gallon<\/td>\n<\/tr>\n<\/tbody>\n<\/table>\n<p><em>Coladores de malla fina\/de bolsa sin el\u00e1stico (250 micras)<\/em><\/p>\n<table>\n<tbody>\n<tr>\n<th># DE ART\u00cdCULO<\/th>\n<th>CONTENIDO<\/th>\n<th>PAQUETE DE<\/th>\n<th>TAMA\u00d1O<\/th>\n<\/tr>\n<tr>\n<td>31101<\/td>\n<td>Caja dispensadora \u2013 25pk<\/td>\n<td>25<\/td>\n<td>1 galones<\/td>\n<\/tr>\n<tr>\n<td>31102<\/td>\n<td>Funda de \u2013 24ea<\/td>\n<td>3<\/td>\n<td>2 galones<\/td>\n<\/tr>\n<tr>\n<td>31105<\/td>\n<td>Caja dispensadora \u2013 25pk<\/td>\n<td>25<\/td>\n<td>5 galones<\/td>\n<\/tr>\n<\/tbody>\n<\/table>\n<p><em>Coladores de malla regular \/ de bolsa con el\u00e1stico en la parte superior (600 micras)<\/em><\/p>\n<table>\n<tbody>\n<tr>\n<th># DE ART\u00cdCULO<\/th>\n<th>CONTENIDO<\/th>\n<th>PAQUETE DE<\/th>\n<th>TAMA\u00d1O<\/th>\n<\/tr>\n<tr>\n<td>11511\/25<\/td>\n<td>Caja dispensadora \u2013 25pk<\/td>\n<td>25<\/td>\n<td>1 gal\u00f3n<\/td>\n<\/tr>\n<tr>\n<td>11522<\/td>\n<td>Funda de \u2013 2pk<\/td>\n<td>36<\/td>\n<td>1 gal\u00f3n<\/td>\n<\/tr>\n<tr>\n<td>11213<\/td>\n<td>Caja dispensadora \u2013 25pk<\/td>\n<td>25<\/td>\n<td>2 galones<\/td>\n<\/tr>\n<tr>\n<td>11513\/25<\/td>\n<td>Caja dispensadora \u2013 25pk<\/td>\n<td>25<\/td>\n<td>5 galones<\/td>\n<\/tr>\n<tr>\n<td>11523<\/td>\n<td>Funda de \u2013 2pk<\/td>\n<td>36<\/td>\n<td>5 galones<\/td>\n<\/tr>\n<tr>\n<td>30206<\/td>\n<td>Funda de \u2013 6pk<\/td>\n<td>12<\/td>\n<td>5 galones<\/td>\n<\/tr>\n<\/tbody>\n<\/table>\n<p><em>Coladores de malla finar \/ de bolsa con el\u00e1stico en la parte superior (250 micras)<\/em><\/p>\n<table>\n<tbody>\n<tr>\n<th># DE ART\u00cdCULO<\/th>\n<th>CONTENIDO<\/th>\n<th>PAQUETE DE<\/th>\n<th>TAMA\u00d1O<\/th>\n<\/tr>\n<tr>\n<td>31201<\/td>\n<td>Caja dispensadora \u2013 25pk<\/td>\n<td>25<\/td>\n<td>1 gal\u00f3n<\/td>\n<\/tr>\n<tr>\n<td>31202<\/td>\n<td>A granel \u2013 72pk<\/td>\n<td>72<\/td>\n<td>2 galones<\/td>\n<\/tr>\n<tr>\n<td>11516<\/td>\n<td>Caja dispensadora \u2013 25pk<\/td>\n<td>25<\/td>\n<td>5 galones<\/td>\n<\/tr>\n<tr>\n<\/tbody>\n<\/table>\n","protected":false},"excerpt":{"rendered":"<p>Elimine las impurezas de la pintura y las manchas con coladores de bolsa de poli\u00e9ster. <\/p>\n","protected":false},"author":2,"featured_media":11189,"parent":16447,"menu_order":0,"comment_status":"closed","ping_status":"closed","template":"page_products-grandchild.php","meta":{"_acf_changed":false,"footnotes":""},"class_list":["post-16448","page","type-page","status-publish","has-post-thumbnail","hentry"],"acf":[],"yoast_head":"<!-- This site is optimized with the Yoast SEO plugin v27.5 - https:\/\/yoast.com\/product\/yoast-seo-wordpress\/ -->\n<title>Bolsa coladora para pintura SuperTuff\u00ae de poli\u00e9ster - Trimaco<\/title>\n<meta name=\"description\" content=\"Aseg\u00farese de que su pintura tenga un acabado liso eliminando las impurezas con una bolsa coladora de pintura SuperTuff\u00ae. Los coladores son perfectos para todo tipo de pinturas y tinturas.\" \/>\n<meta name=\"robots\" content=\"index, follow, max-snippet:-1, max-image-preview:large, max-video-preview:-1\" \/>\n<link rel=\"canonical\" href=\"https:\/\/trimaco.com\/es\/productos\/coladores-de-pintura\/bolsa-coladora-para-pintura-y-tinturas-supertuff-de-poliester\/\" \/>\n<meta property=\"og:locale\" content=\"es_ES\" \/>\n<meta property=\"og:type\" content=\"article\" \/>\n<meta property=\"og:title\" content=\"Bolsa coladora para pintura SuperTuff\u00ae de poli\u00e9ster - Trimaco\" \/>\n<meta property=\"og:description\" content=\"Aseg\u00farese de que su pintura tenga un acabado liso eliminando las impurezas con una bolsa coladora de pintura SuperTuff\u00ae. Los coladores son perfectos para todo tipo de pinturas y tinturas.\" \/>\n<meta property=\"og:url\" content=\"https:\/\/trimaco.com\/es\/productos\/coladores-de-pintura\/bolsa-coladora-para-pintura-y-tinturas-supertuff-de-poliester\/\" \/>\n<meta property=\"og:site_name\" content=\"Trimaco\" \/>\n<meta property=\"article:publisher\" content=\"https:\/\/www.facebook.com\/pages\/Trimaco\/346858225385747?ref=ts\" \/>\n<meta property=\"article:modified_time\" content=\"2024-04-09T13:37:10+00:00\" \/>\n<meta property=\"og:image\" content=\"https:\/\/trimaco.com\/wp-content\/uploads\/2017\/02\/bagstrainer-1.jpg\" \/>\n\t<meta property=\"og:image:width\" content=\"1000\" \/>\n\t<meta property=\"og:image:height\" content=\"1000\" \/>\n\t<meta property=\"og:image:type\" content=\"image\/jpeg\" \/>\n<meta name=\"twitter:card\" content=\"summary_large_image\" \/>\n<meta name=\"twitter:site\" content=\"@trimacoinc\" \/>\n<meta name=\"twitter:label1\" content=\"Tiempo de lectura\" \/>\n\t<meta name=\"twitter:data1\" content=\"2 minutos\" \/>\n<!-- \/ Yoast SEO plugin. -->","yoast_head_json":{"title":"Bolsa coladora para pintura SuperTuff\u00ae de poli\u00e9ster - Trimaco","description":"Aseg\u00farese de que su pintura tenga un acabado liso eliminando las impurezas con una bolsa coladora de pintura SuperTuff\u00ae. Los coladores son perfectos para todo tipo de pinturas y tinturas.","robots":{"index":"index","follow":"follow","max-snippet":"max-snippet:-1","max-image-preview":"max-image-preview:large","max-video-preview":"max-video-preview:-1"},"canonical":"https:\/\/trimaco.com\/es\/productos\/coladores-de-pintura\/bolsa-coladora-para-pintura-y-tinturas-supertuff-de-poliester\/","og_locale":"es_ES","og_type":"article","og_title":"Bolsa coladora para pintura SuperTuff\u00ae de poli\u00e9ster - Trimaco","og_description":"Aseg\u00farese de que su pintura tenga un acabado liso eliminando las impurezas con una bolsa coladora de pintura SuperTuff\u00ae. Los coladores son perfectos para todo tipo de pinturas y tinturas.","og_url":"https:\/\/trimaco.com\/es\/productos\/coladores-de-pintura\/bolsa-coladora-para-pintura-y-tinturas-supertuff-de-poliester\/","og_site_name":"Trimaco","article_publisher":"https:\/\/www.facebook.com\/pages\/Trimaco\/346858225385747?ref=ts","article_modified_time":"2024-04-09T13:37:10+00:00","og_image":[{"width":1000,"height":1000,"url":"https:\/\/trimaco.com\/wp-content\/uploads\/2017\/02\/bagstrainer-1.jpg","type":"image\/jpeg"}],"twitter_card":"summary_large_image","twitter_site":"@trimacoinc","twitter_misc":{"Tiempo de lectura":"2 minutos"},"schema":{"@context":"https:\/\/schema.org","@graph":[{"@type":"WebPage","@id":"https:\/\/trimaco.com\/es\/productos\/coladores-de-pintura\/bolsa-coladora-para-pintura-y-tinturas-supertuff-de-poliester\/","url":"https:\/\/trimaco.com\/es\/productos\/coladores-de-pintura\/bolsa-coladora-para-pintura-y-tinturas-supertuff-de-poliester\/","name":"Bolsa coladora para pintura SuperTuff\u00ae de poli\u00e9ster - Trimaco","isPartOf":{"@id":"https:\/\/trimaco.com\/#website"},"primaryImageOfPage":{"@id":"https:\/\/trimaco.com\/es\/productos\/coladores-de-pintura\/bolsa-coladora-para-pintura-y-tinturas-supertuff-de-poliester\/#primaryimage"},"image":{"@id":"https:\/\/trimaco.com\/es\/productos\/coladores-de-pintura\/bolsa-coladora-para-pintura-y-tinturas-supertuff-de-poliester\/#primaryimage"},"thumbnailUrl":"https:\/\/trimaco.com\/wp-content\/uploads\/2017\/02\/bagstrainer-1.jpg","datePublished":"2021-11-03T17:34:10+00:00","dateModified":"2024-04-09T13:37:10+00:00","description":"Aseg\u00farese de que su pintura tenga un acabado liso eliminando las impurezas con una bolsa coladora de pintura SuperTuff\u00ae. Los coladores son perfectos para todo tipo de pinturas y tinturas.","breadcrumb":{"@id":"https:\/\/trimaco.com\/es\/productos\/coladores-de-pintura\/bolsa-coladora-para-pintura-y-tinturas-supertuff-de-poliester\/#breadcrumb"},"inLanguage":"es","potentialAction":[{"@type":"ReadAction","target":["https:\/\/trimaco.com\/es\/productos\/coladores-de-pintura\/bolsa-coladora-para-pintura-y-tinturas-supertuff-de-poliester\/"]}]},{"@type":"ImageObject","inLanguage":"es","@id":"https:\/\/trimaco.com\/es\/productos\/coladores-de-pintura\/bolsa-coladora-para-pintura-y-tinturas-supertuff-de-poliester\/#primaryimage","url":"https:\/\/trimaco.com\/wp-content\/uploads\/2017\/02\/bagstrainer-1.jpg","contentUrl":"https:\/\/trimaco.com\/wp-content\/uploads\/2017\/02\/bagstrainer-1.jpg","width":1000,"height":1000,"caption":"A man's hands adding a paint strainer bag to an empty paint pot"},{"@type":"BreadcrumbList","@id":"https:\/\/trimaco.com\/es\/productos\/coladores-de-pintura\/bolsa-coladora-para-pintura-y-tinturas-supertuff-de-poliester\/#breadcrumb","itemListElement":[{"@type":"ListItem","position":1,"name":"Home","item":"https:\/\/trimaco.com\/"},{"@type":"ListItem","position":2,"name":"Productos","item":"https:\/\/trimaco.com\/es\/productos\/"},{"@type":"ListItem","position":3,"name":"Coladores de pintura","item":"https:\/\/trimaco.com\/es\/productos\/coladores-de-pintura\/"},{"@type":"ListItem","position":4,"name":"Bolsa coladora para pintura y tinturas SuperTuff\u00ae de poli\u00e9ster"}]},{"@type":"WebSite","@id":"https:\/\/trimaco.com\/#website","url":"https:\/\/trimaco.com\/","name":"Trimaco","description":"Total Jobsite Protection\u2122","publisher":{"@id":"https:\/\/trimaco.com\/#organization"},"potentialAction":[{"@type":"SearchAction","target":{"@type":"EntryPoint","urlTemplate":"https:\/\/trimaco.com\/?s={search_term_string}"},"query-input":{"@type":"PropertyValueSpecification","valueRequired":true,"valueName":"search_term_string"}}],"inLanguage":"es"},{"@type":"Organization","@id":"https:\/\/trimaco.com\/#organization","name":"Trimaco","url":"https:\/\/trimaco.com\/","logo":{"@type":"ImageObject","inLanguage":"es","@id":"https:\/\/trimaco.com\/#\/schema\/logo\/image\/","url":"https:\/\/trimaco.com\/wp-content\/uploads\/2016\/08\/login-logo.png","contentUrl":"https:\/\/trimaco.com\/wp-content\/uploads\/2016\/08\/login-logo.png","width":450,"height":69,"caption":"Trimaco"},"image":{"@id":"https:\/\/trimaco.com\/#\/schema\/logo\/image\/"},"sameAs":["https:\/\/www.facebook.com\/pages\/Trimaco\/346858225385747?ref=ts","https:\/\/x.com\/trimacoinc","https:\/\/www.instagram.com\/trimaco_inc\/","https:\/\/pinterest.com\/trimaco\/","https:\/\/www.youtube.com\/c\/trimacoinc"]}]}},"_links":{"self":[{"href":"https:\/\/trimaco.com\/es\/wp-json\/wp\/v2\/pages\/16448","targetHints":{"allow":["GET"]}}],"collection":[{"href":"https:\/\/trimaco.com\/es\/wp-json\/wp\/v2\/pages"}],"about":[{"href":"https:\/\/trimaco.com\/es\/wp-json\/wp\/v2\/types\/page"}],"author":[{"embeddable":true,"href":"https:\/\/trimaco.com\/es\/wp-json\/wp\/v2\/users\/2"}],"replies":[{"embeddable":true,"href":"https:\/\/trimaco.com\/es\/wp-json\/wp\/v2\/comments?post=16448"}],"version-history":[{"count":0,"href":"https:\/\/trimaco.com\/es\/wp-json\/wp\/v2\/pages\/16448\/revisions"}],"up":[{"embeddable":true,"href":"https:\/\/trimaco.com\/es\/wp-json\/wp\/v2\/pages\/16447"}],"wp:featuredmedia":[{"embeddable":true,"href":"https:\/\/trimaco.com\/es\/wp-json\/wp\/v2\/media\/11189"}],"wp:attachment":[{"href":"https:\/\/trimaco.com\/es\/wp-json\/wp\/v2\/media?parent=16448"}],"curies":[{"name":"wp","href":"https:\/\/api.w.org\/{rel}","templated":true}]}}