{"id":16447,"date":"2021-11-03T13:28:28","date_gmt":"2021-11-03T17:28:28","guid":{"rendered":"https:\/\/trimaco.wpengine.com\/productos\/coladores-de-pintura\/"},"modified":"2024-04-04T09:34:57","modified_gmt":"2024-04-04T13:34:57","slug":"coladores-de-pintura","status":"publish","type":"page","link":"https:\/\/trimaco.com\/es\/productos\/coladores-de-pintura\/","title":{"rendered":"Coladores de pintura"},"content":{"rendered":"<p>Cuando se trata de colar pinturas, tintes y barnices, necesita un colador de bolsa adecuado para el trabajo. Nuestros <a href=\"https:\/\/trimaco.com\/es\/productos\/coladores-de-pintura\/bolsa-coladora-para-pintura-y-tinturas-supertuff-de-poliester\/\">coladores<\/a> de pintura hechos de poli\u00e9ster de alta calidad ayudar\u00e1n a eliminar una amplia variedad de impurezas para que pueda concentrarse en el trabajo a realizar. Ofrecemos un filtro <a href=\"https:\/\/trimaco.com\/es\/productos\/coladores-de-pintura\/coladores-de-bomba-de-pintura-barniz-y-laca\/\">colador de bomba<\/a> que es perfecto para su uso con pistolas de pulverizaci\u00f3n de pintura y bombas que utilizan una manguera de admisi\u00f3n, bloqueando las part\u00edculas. <\/p>\n<p>Con los filtros y filtros de malla de grado profesional de Trimaco, que var\u00edan de fino a s\u00faper fino, puede estar seguro de que su trabajo de pintura tendr\u00e1 resultados limpios.<\/p>\n","protected":false},"excerpt":{"rendered":"<p>Cuando se trata de colar pinturas, tintes y barnices, necesita un colador de bolsa adecuado para el trabajo. Nuestros coladores de pintura hechos de poli\u00e9ster de alta calidad ayudar\u00e1n a eliminar una amplia variedad de<a class=\"read-more\" href=\"https:\/\/trimaco.com\/es\/productos\/coladores-de-pintura\/\"> &#8230;Continue Reading<\/a><\/p>\n","protected":false},"author":9,"featured_media":16449,"parent":10374,"menu_order":10,"comment_status":"closed","ping_status":"closed","template":"page_products-child.php","meta":{"_acf_changed":false,"footnotes":""},"class_list":["post-16447","page","type-page","status-publish","has-post-thumbnail","hentry"],"acf":[],"yoast_head":"<!-- This site is optimized with the Yoast SEO plugin v27.5 - https:\/\/yoast.com\/product\/yoast-seo-wordpress\/ -->\n<title>Coladores de pintura, para pintura, tintes y otros l\u00edquidos - Trimaco<\/title>\n<meta name=\"description\" content=\"Los coladores de pintura de Trimaco le ayudar\u00e1n a eliminar las impurezas para garantizar un excelente acabado en todo momento.\" \/>\n<meta name=\"robots\" content=\"index, follow, max-snippet:-1, max-image-preview:large, max-video-preview:-1\" \/>\n<link rel=\"canonical\" href=\"https:\/\/trimaco.com\/es\/productos\/coladores-de-pintura\/\" \/>\n<meta property=\"og:locale\" content=\"es_ES\" \/>\n<meta property=\"og:type\" content=\"article\" \/>\n<meta property=\"og:title\" content=\"Coladores de pintura, para pintura, tintes y otros l\u00edquidos - Trimaco\" \/>\n<meta property=\"og:description\" content=\"Los coladores de pintura de Trimaco le ayudar\u00e1n a eliminar las impurezas para garantizar un excelente acabado en todo momento.\" \/>\n<meta property=\"og:url\" content=\"https:\/\/trimaco.com\/es\/productos\/coladores-de-pintura\/\" \/>\n<meta property=\"og:site_name\" content=\"Trimaco\" \/>\n<meta property=\"article:publisher\" content=\"https:\/\/www.facebook.com\/pages\/Trimaco\/346858225385747?ref=ts\" \/>\n<meta property=\"article:modified_time\" content=\"2024-04-04T13:34:57+00:00\" \/>\n<meta property=\"og:image\" content=\"https:\/\/trimaco.com\/wp-content\/uploads\/2017\/02\/bagstrainer-2.jpg\" \/>\n\t<meta property=\"og:image:width\" content=\"1000\" \/>\n\t<meta property=\"og:image:height\" content=\"1000\" \/>\n\t<meta property=\"og:image:type\" content=\"image\/jpeg\" \/>\n<meta name=\"twitter:card\" content=\"summary_large_image\" \/>\n<meta name=\"twitter:site\" content=\"@trimacoinc\" \/>\n<meta name=\"twitter:label1\" content=\"Tiempo de lectura\" \/>\n\t<meta name=\"twitter:data1\" content=\"1 minuto\" \/>\n<!-- \/ Yoast SEO plugin. -->","yoast_head_json":{"title":"Coladores de pintura, para pintura, tintes y otros l\u00edquidos - Trimaco","description":"Los coladores de pintura de Trimaco le ayudar\u00e1n a eliminar las impurezas para garantizar un excelente acabado en todo momento.","robots":{"index":"index","follow":"follow","max-snippet":"max-snippet:-1","max-image-preview":"max-image-preview:large","max-video-preview":"max-video-preview:-1"},"canonical":"https:\/\/trimaco.com\/es\/productos\/coladores-de-pintura\/","og_locale":"es_ES","og_type":"article","og_title":"Coladores de pintura, para pintura, tintes y otros l\u00edquidos - Trimaco","og_description":"Los coladores de pintura de Trimaco le ayudar\u00e1n a eliminar las impurezas para garantizar un excelente acabado en todo momento.","og_url":"https:\/\/trimaco.com\/es\/productos\/coladores-de-pintura\/","og_site_name":"Trimaco","article_publisher":"https:\/\/www.facebook.com\/pages\/Trimaco\/346858225385747?ref=ts","article_modified_time":"2024-04-04T13:34:57+00:00","og_image":[{"width":1000,"height":1000,"url":"https:\/\/trimaco.com\/wp-content\/uploads\/2017\/02\/bagstrainer-2.jpg","type":"image\/jpeg"}],"twitter_card":"summary_large_image","twitter_site":"@trimacoinc","twitter_misc":{"Tiempo de lectura":"1 minuto"},"schema":{"@context":"https:\/\/schema.org","@graph":[{"@type":"WebPage","@id":"https:\/\/trimaco.com\/es\/productos\/coladores-de-pintura\/","url":"https:\/\/trimaco.com\/es\/productos\/coladores-de-pintura\/","name":"Coladores de pintura, para pintura, tintes y otros l\u00edquidos - Trimaco","isPartOf":{"@id":"https:\/\/trimaco.com\/#website"},"primaryImageOfPage":{"@id":"https:\/\/trimaco.com\/es\/productos\/coladores-de-pintura\/#primaryimage"},"image":{"@id":"https:\/\/trimaco.com\/es\/productos\/coladores-de-pintura\/#primaryimage"},"thumbnailUrl":"https:\/\/trimaco.com\/wp-content\/uploads\/2017\/02\/bagstrainer-2.jpg","datePublished":"2021-11-03T17:28:28+00:00","dateModified":"2024-04-04T13:34:57+00:00","description":"Los coladores de pintura de Trimaco le ayudar\u00e1n a eliminar las impurezas para garantizar un excelente acabado en todo momento.","breadcrumb":{"@id":"https:\/\/trimaco.com\/es\/productos\/coladores-de-pintura\/#breadcrumb"},"inLanguage":"es","potentialAction":[{"@type":"ReadAction","target":["https:\/\/trimaco.com\/es\/productos\/coladores-de-pintura\/"]}]},{"@type":"ImageObject","inLanguage":"es","@id":"https:\/\/trimaco.com\/es\/productos\/coladores-de-pintura\/#primaryimage","url":"https:\/\/trimaco.com\/wp-content\/uploads\/2017\/02\/bagstrainer-2.jpg","contentUrl":"https:\/\/trimaco.com\/wp-content\/uploads\/2017\/02\/bagstrainer-2.jpg","width":1000,"height":1000,"caption":"paint strainer in use"},{"@type":"BreadcrumbList","@id":"https:\/\/trimaco.com\/es\/productos\/coladores-de-pintura\/#breadcrumb","itemListElement":[{"@type":"ListItem","position":1,"name":"Home","item":"https:\/\/trimaco.com\/"},{"@type":"ListItem","position":2,"name":"Productos","item":"https:\/\/trimaco.com\/es\/productos\/"},{"@type":"ListItem","position":3,"name":"Coladores de pintura"}]},{"@type":"WebSite","@id":"https:\/\/trimaco.com\/#website","url":"https:\/\/trimaco.com\/","name":"Trimaco","description":"Total Jobsite Protection\u2122","publisher":{"@id":"https:\/\/trimaco.com\/#organization"},"potentialAction":[{"@type":"SearchAction","target":{"@type":"EntryPoint","urlTemplate":"https:\/\/trimaco.com\/?s={search_term_string}"},"query-input":{"@type":"PropertyValueSpecification","valueRequired":true,"valueName":"search_term_string"}}],"inLanguage":"es"},{"@type":"Organization","@id":"https:\/\/trimaco.com\/#organization","name":"Trimaco","url":"https:\/\/trimaco.com\/","logo":{"@type":"ImageObject","inLanguage":"es","@id":"https:\/\/trimaco.com\/#\/schema\/logo\/image\/","url":"https:\/\/trimaco.com\/wp-content\/uploads\/2016\/08\/login-logo.png","contentUrl":"https:\/\/trimaco.com\/wp-content\/uploads\/2016\/08\/login-logo.png","width":450,"height":69,"caption":"Trimaco"},"image":{"@id":"https:\/\/trimaco.com\/#\/schema\/logo\/image\/"},"sameAs":["https:\/\/www.facebook.com\/pages\/Trimaco\/346858225385747?ref=ts","https:\/\/x.com\/trimacoinc","https:\/\/www.instagram.com\/trimaco_inc\/","https:\/\/pinterest.com\/trimaco\/","https:\/\/www.youtube.com\/c\/trimacoinc"]}]}},"_links":{"self":[{"href":"https:\/\/trimaco.com\/es\/wp-json\/wp\/v2\/pages\/16447","targetHints":{"allow":["GET"]}}],"collection":[{"href":"https:\/\/trimaco.com\/es\/wp-json\/wp\/v2\/pages"}],"about":[{"href":"https:\/\/trimaco.com\/es\/wp-json\/wp\/v2\/types\/page"}],"author":[{"embeddable":true,"href":"https:\/\/trimaco.com\/es\/wp-json\/wp\/v2\/users\/9"}],"replies":[{"embeddable":true,"href":"https:\/\/trimaco.com\/es\/wp-json\/wp\/v2\/comments?post=16447"}],"version-history":[{"count":0,"href":"https:\/\/trimaco.com\/es\/wp-json\/wp\/v2\/pages\/16447\/revisions"}],"up":[{"embeddable":true,"href":"https:\/\/trimaco.com\/es\/wp-json\/wp\/v2\/pages\/10374"}],"wp:featuredmedia":[{"embeddable":true,"href":"https:\/\/trimaco.com\/es\/wp-json\/wp\/v2\/media\/16449"}],"wp:attachment":[{"href":"https:\/\/trimaco.com\/es\/wp-json\/wp\/v2\/media?parent=16447"}],"curies":[{"name":"wp","href":"https:\/\/api.w.org\/{rel}","templated":true}]}}