{"id":16442,"date":"2021-11-02T14:01:58","date_gmt":"2021-11-02T18:01:58","guid":{"rendered":"https:\/\/trimaco.wpengine.com\/productos\/cintas-de-enmascarar-profesionales\/kleenedge-cinta-para-pintar-y-enmascarar-profesional-de-baja-adherencia\/"},"modified":"2025-05-19T10:30:23","modified_gmt":"2025-05-19T14:30:23","slug":"kleenedge-cinta-para-pintar-y-enmascarar-profesional-de-baja-adherencia","status":"publish","type":"page","link":"https:\/\/trimaco.com\/es\/productos\/cintas-de-enmascarar-profesionales\/kleenedge-cinta-para-pintar-y-enmascarar-profesional-de-baja-adherencia\/","title":{"rendered":"KleenEdge\u00ae Cinta para pintar y enmascarar profesional de baja adherencia"},"content":{"rendered":"<p>Easy Mask\u00ae cinta plana de papel blanco especialmente dise\u00f1ada para su uso en superficies delicadas. La cinta adhesiva de baja adherencia est\u00e1 dise\u00f1ada para pegarse y proteger superficies delicadas, pinturas reci\u00e9n curadas y la mayor\u00eda de los papeles tapices pintados. El adhesivo de baja adherencia proporciona una eliminaci\u00f3n f\u00e1cil y limpia.<\/p>\n<p>La cinta de alta calidad deja l\u00edneas rectas limpias y se puede dejar en una superficie delicada durante 14 d\u00edas.<\/p>\n<p><em>ADVERTENCIA: Pruebe la cinta adhesiva de baja adherencia durante la noche en una superficie discreta antes de aplicarla a toda la superficie.<\/em><\/p>\n<ul>\n<li>Cinta plana de papel blanco<\/li>\n<li>Trabaja en superficies delicadas, pinturas reci\u00e9n curadas, la mayor\u00eda de los papeles tapizes<\/li>\n<li>14 d\u00edas resistente a los rayos UV<\/li>\n<li>\u00a1Hecho en los Estados Unidos!<\/li>\n<li>Hojas de l\u00edneas de patatas fritas<\/li>\n<\/ul>\n<p>\u00a1Explore la l\u00ednea completa de cintas para <a href=\"https:\/\/trimaco.com\/es\/productos\/cintas-de-enmascarar-profesionales\/\">enmascarar<\/a> de Trimaco!<\/p>\n<p><em>Cinta para pintar y enmascarar de baja adherencia Easy Mask\u00ae KleenEdge\u00ae<\/em><\/p>\n<table>\n<tbody>\n<tr>\n<th># DE ART\u00cdCULO<\/th>\n<th>PAQUETE DE<\/th>\n<th>TAMA\u00d1O<\/th>\n<\/tr>\n<tr>\n<td>591260<\/td>\n<td>24<\/td>\n<td>24mm x 50m (use como 1&#8243;)<\/td>\n<\/tr>\n<tr>\n<td>591360<\/td>\n<td>12<\/td>\n<td>36mm x 50m (use como 1 1\/2&#8243;)<\/td>\n<\/tr>\n<tr>\n<td>591460<\/td>\n<td>12<\/td>\n<td>48mm x 50m (use como 2&#8243;)<\/td>\n<\/tr>\n<\/tbody>\n<\/table>\n","protected":false},"excerpt":{"rendered":"<p>Cinta para pintar plana de 14 d\u00edas para superficies delicadas.<\/p>\n","protected":false},"author":2,"featured_media":13390,"parent":14576,"menu_order":1,"comment_status":"closed","ping_status":"closed","template":"page_products-grandchild.php","meta":{"_acf_changed":false,"footnotes":""},"class_list":["post-16442","page","type-page","status-publish","has-post-thumbnail","hentry"],"acf":[],"yoast_head":"<!-- This site is optimized with the Yoast SEO plugin v27.1.1 - https:\/\/yoast.com\/product\/yoast-seo-wordpress\/ -->\n<title>Cinta de baja adherencia KleenEdge\u00ae | Trimaco<\/title>\n<meta name=\"description\" content=\"Cinta adhesiva de baja adherencia Easy Mask especialmente dise\u00f1ada para uso en superficies delicadas. Protege superficies delicadas, pinturas reci\u00e9n curadas y papel tapiz.\" \/>\n<meta name=\"robots\" content=\"index, follow, max-snippet:-1, max-image-preview:large, max-video-preview:-1\" \/>\n<link rel=\"canonical\" href=\"https:\/\/trimaco.com\/es\/productos\/cintas-de-enmascarar-profesionales\/kleenedge-cinta-para-pintar-y-enmascarar-profesional-de-baja-adherencia\/\" \/>\n<meta property=\"og:locale\" content=\"es_ES\" \/>\n<meta property=\"og:type\" content=\"article\" \/>\n<meta property=\"og:title\" content=\"Cinta de baja adherencia KleenEdge\u00ae | Trimaco\" \/>\n<meta property=\"og:description\" content=\"Cinta adhesiva de baja adherencia Easy Mask especialmente dise\u00f1ada para uso en superficies delicadas. Protege superficies delicadas, pinturas reci\u00e9n curadas y papel tapiz.\" \/>\n<meta property=\"og:url\" content=\"https:\/\/trimaco.com\/es\/productos\/cintas-de-enmascarar-profesionales\/kleenedge-cinta-para-pintar-y-enmascarar-profesional-de-baja-adherencia\/\" \/>\n<meta property=\"og:site_name\" content=\"Trimaco\" \/>\n<meta property=\"article:publisher\" content=\"https:\/\/www.facebook.com\/pages\/Trimaco\/346858225385747?ref=ts\" \/>\n<meta property=\"article:modified_time\" content=\"2025-05-19T14:30:23+00:00\" \/>\n<meta property=\"og:image\" content=\"https:\/\/trimaco.com\/wp-content\/uploads\/2017\/02\/low-tack-1.jpg\" \/>\n\t<meta property=\"og:image:width\" content=\"1000\" \/>\n\t<meta property=\"og:image:height\" content=\"1000\" \/>\n\t<meta property=\"og:image:type\" content=\"image\/jpeg\" \/>\n<meta name=\"twitter:card\" content=\"summary_large_image\" \/>\n<meta name=\"twitter:site\" content=\"@trimacoinc\" \/>\n<meta name=\"twitter:label1\" content=\"Tiempo de lectura\" \/>\n\t<meta name=\"twitter:data1\" content=\"1 minuto\" \/>\n<!-- \/ Yoast SEO plugin. -->","yoast_head_json":{"title":"Cinta de baja adherencia KleenEdge\u00ae | Trimaco","description":"Cinta adhesiva de baja adherencia Easy Mask especialmente dise\u00f1ada para uso en superficies delicadas. Protege superficies delicadas, pinturas reci\u00e9n curadas y papel tapiz.","robots":{"index":"index","follow":"follow","max-snippet":"max-snippet:-1","max-image-preview":"max-image-preview:large","max-video-preview":"max-video-preview:-1"},"canonical":"https:\/\/trimaco.com\/es\/productos\/cintas-de-enmascarar-profesionales\/kleenedge-cinta-para-pintar-y-enmascarar-profesional-de-baja-adherencia\/","og_locale":"es_ES","og_type":"article","og_title":"Cinta de baja adherencia KleenEdge\u00ae | Trimaco","og_description":"Cinta adhesiva de baja adherencia Easy Mask especialmente dise\u00f1ada para uso en superficies delicadas. Protege superficies delicadas, pinturas reci\u00e9n curadas y papel tapiz.","og_url":"https:\/\/trimaco.com\/es\/productos\/cintas-de-enmascarar-profesionales\/kleenedge-cinta-para-pintar-y-enmascarar-profesional-de-baja-adherencia\/","og_site_name":"Trimaco","article_publisher":"https:\/\/www.facebook.com\/pages\/Trimaco\/346858225385747?ref=ts","article_modified_time":"2025-05-19T14:30:23+00:00","og_image":[{"width":1000,"height":1000,"url":"https:\/\/trimaco.com\/wp-content\/uploads\/2017\/02\/low-tack-1.jpg","type":"image\/jpeg"}],"twitter_card":"summary_large_image","twitter_site":"@trimacoinc","twitter_misc":{"Tiempo de lectura":"1 minuto"},"schema":{"@context":"https:\/\/schema.org","@graph":[{"@type":"WebPage","@id":"https:\/\/trimaco.com\/es\/productos\/cintas-de-enmascarar-profesionales\/kleenedge-cinta-para-pintar-y-enmascarar-profesional-de-baja-adherencia\/","url":"https:\/\/trimaco.com\/es\/productos\/cintas-de-enmascarar-profesionales\/kleenedge-cinta-para-pintar-y-enmascarar-profesional-de-baja-adherencia\/","name":"Cinta de baja adherencia KleenEdge\u00ae | Trimaco","isPartOf":{"@id":"https:\/\/trimaco.com\/#website"},"primaryImageOfPage":{"@id":"https:\/\/trimaco.com\/es\/productos\/cintas-de-enmascarar-profesionales\/kleenedge-cinta-para-pintar-y-enmascarar-profesional-de-baja-adherencia\/#primaryimage"},"image":{"@id":"https:\/\/trimaco.com\/es\/productos\/cintas-de-enmascarar-profesionales\/kleenedge-cinta-para-pintar-y-enmascarar-profesional-de-baja-adherencia\/#primaryimage"},"thumbnailUrl":"https:\/\/trimaco.com\/wp-content\/uploads\/2017\/02\/low-tack-1.jpg","datePublished":"2021-11-02T18:01:58+00:00","dateModified":"2025-05-19T14:30:23+00:00","description":"Cinta adhesiva de baja adherencia Easy Mask especialmente dise\u00f1ada para uso en superficies delicadas. Protege superficies delicadas, pinturas reci\u00e9n curadas y papel tapiz.","breadcrumb":{"@id":"https:\/\/trimaco.com\/es\/productos\/cintas-de-enmascarar-profesionales\/kleenedge-cinta-para-pintar-y-enmascarar-profesional-de-baja-adherencia\/#breadcrumb"},"inLanguage":"es","potentialAction":[{"@type":"ReadAction","target":["https:\/\/trimaco.com\/es\/productos\/cintas-de-enmascarar-profesionales\/kleenedge-cinta-para-pintar-y-enmascarar-profesional-de-baja-adherencia\/"]}]},{"@type":"ImageObject","inLanguage":"es","@id":"https:\/\/trimaco.com\/es\/productos\/cintas-de-enmascarar-profesionales\/kleenedge-cinta-para-pintar-y-enmascarar-profesional-de-baja-adherencia\/#primaryimage","url":"https:\/\/trimaco.com\/wp-content\/uploads\/2017\/02\/low-tack-1.jpg","contentUrl":"https:\/\/trimaco.com\/wp-content\/uploads\/2017\/02\/low-tack-1.jpg","width":1000,"height":1000,"caption":"low tack tape"},{"@type":"BreadcrumbList","@id":"https:\/\/trimaco.com\/es\/productos\/cintas-de-enmascarar-profesionales\/kleenedge-cinta-para-pintar-y-enmascarar-profesional-de-baja-adherencia\/#breadcrumb","itemListElement":[{"@type":"ListItem","position":1,"name":"Home","item":"https:\/\/trimaco.com\/"},{"@type":"ListItem","position":2,"name":"Productos","item":"https:\/\/trimaco.com\/es\/productos\/"},{"@type":"ListItem","position":3,"name":"Cintas de enmascarar profesionales","item":"https:\/\/trimaco.com\/es\/productos\/cintas-de-enmascarar-profesionales\/"},{"@type":"ListItem","position":4,"name":"KleenEdge\u00ae Cinta para pintar y enmascarar profesional de baja adherencia"}]},{"@type":"WebSite","@id":"https:\/\/trimaco.com\/#website","url":"https:\/\/trimaco.com\/","name":"Trimaco","description":"Total Jobsite Protection\u2122","publisher":{"@id":"https:\/\/trimaco.com\/#organization"},"potentialAction":[{"@type":"SearchAction","target":{"@type":"EntryPoint","urlTemplate":"https:\/\/trimaco.com\/?s={search_term_string}"},"query-input":{"@type":"PropertyValueSpecification","valueRequired":true,"valueName":"search_term_string"}}],"inLanguage":"es"},{"@type":"Organization","@id":"https:\/\/trimaco.com\/#organization","name":"Trimaco","url":"https:\/\/trimaco.com\/","logo":{"@type":"ImageObject","inLanguage":"es","@id":"https:\/\/trimaco.com\/#\/schema\/logo\/image\/","url":"https:\/\/trimaco.com\/wp-content\/uploads\/2016\/08\/login-logo.png","contentUrl":"https:\/\/trimaco.com\/wp-content\/uploads\/2016\/08\/login-logo.png","width":450,"height":69,"caption":"Trimaco"},"image":{"@id":"https:\/\/trimaco.com\/#\/schema\/logo\/image\/"},"sameAs":["https:\/\/www.facebook.com\/pages\/Trimaco\/346858225385747?ref=ts","https:\/\/x.com\/trimacoinc","https:\/\/www.instagram.com\/trimaco_inc\/","https:\/\/pinterest.com\/trimaco\/","https:\/\/www.youtube.com\/c\/trimacoinc"]}]}},"_links":{"self":[{"href":"https:\/\/trimaco.com\/es\/wp-json\/wp\/v2\/pages\/16442","targetHints":{"allow":["GET"]}}],"collection":[{"href":"https:\/\/trimaco.com\/es\/wp-json\/wp\/v2\/pages"}],"about":[{"href":"https:\/\/trimaco.com\/es\/wp-json\/wp\/v2\/types\/page"}],"author":[{"embeddable":true,"href":"https:\/\/trimaco.com\/es\/wp-json\/wp\/v2\/users\/2"}],"replies":[{"embeddable":true,"href":"https:\/\/trimaco.com\/es\/wp-json\/wp\/v2\/comments?post=16442"}],"version-history":[{"count":0,"href":"https:\/\/trimaco.com\/es\/wp-json\/wp\/v2\/pages\/16442\/revisions"}],"up":[{"embeddable":true,"href":"https:\/\/trimaco.com\/es\/wp-json\/wp\/v2\/pages\/14576"}],"wp:featuredmedia":[{"embeddable":true,"href":"https:\/\/trimaco.com\/es\/wp-json\/wp\/v2\/media\/13390"}],"wp:attachment":[{"href":"https:\/\/trimaco.com\/es\/wp-json\/wp\/v2\/media?parent=16442"}],"curies":[{"name":"wp","href":"https:\/\/api.w.org\/{rel}","templated":true}]}}