{"id":14586,"date":"2021-10-01T13:50:54","date_gmt":"2021-10-01T17:50:54","guid":{"rendered":"https:\/\/trimaco.wpengine.com\/productos\/accesorios-del-sistema-envirowash-de-envirosolutions\/sistema-de-tratamiento-de-pintura-envirowash-es160p\/"},"modified":"2024-04-08T17:24:04","modified_gmt":"2024-04-08T21:24:04","slug":"sistema-de-tratamiento-de-pintura-envirowash-es160p","status":"publish","type":"page","link":"https:\/\/trimaco.com\/es\/productos\/accesorios-del-sistema-envirowash-de-envirosolutions\/sistema-de-tratamiento-de-pintura-envirowash-es160p\/","title":{"rendered":"Sistema de tratamiento de pintura EnviroWash ES160P"},"content":{"rendered":"<p>El sistema EnviroSolutions EnviroWash es un innovador sistema de tratamiento de aguas residuales de pintura a base de agua. Convierte el lavado de pintura de pinceles y rodillos en agua limpia y residuos s\u00f3lidos inertes, lo que permite una eliminaci\u00f3n de pintura m\u00e1s f\u00e1cil y segura. <\/p>\n<p>El ES160P es una unidad port\u00e1til con una capacidad de 40 galones y un tiempo de proceso de aproximadamente 2 horas. Adecuado para operaciones de 1-2 hombres, tiene un lavabo inserto construido expresamente que proporciona un \u00e1rea de lavado conveniente. Obtenga m\u00e1s informaci\u00f3n sobre todos los sistemas y <a href=\"https:\/\/trimaco.com\/es\/productos\/accesorios-del-sistema-envirowash-de-envirosolutions\/\">accesorios<\/a>EnviroSolutions EnviroWash de Trimaco<\/p>\n<ul>\n<li>Adecuado para operaciones de 1-2 hombres<\/li>\n<li>Sistema de tratamiento de aguas residuales de pintura a base de agua<\/li>\n<li>Conveniente \u00e1rea de lavado<\/li>\n<li>F\u00e1cil de transportar<\/li>\n<li>Con bombas para vaciar r\u00e1pidamente el &#8220;agua limpia&#8221;<\/li>\n<\/ul>\n<p><em>EnviroWash ES160P<\/em><\/p>\n<table>\n<tbody>\n<tr>\n<th># DE ART\u00cdCULO<\/th>\n<th>PAQUETE<\/th>\n<th>TAMA\u00d1O<\/th>\n<\/tr>\n<tr>\n<td>51609<\/td>\n<td>1<\/td>\n<td>40 galones<\/td>\n<\/tr>\n<\/tbody>\n<\/table>\n","protected":false},"excerpt":{"rendered":"<p>La unidad m\u00e1s peque\u00f1a convierte el lavado de pintura de cepillos y rodillos en agua limpia y desechos s\u00f3lidos inertes.<\/p>\n","protected":false},"author":2,"featured_media":17718,"parent":14582,"menu_order":1,"comment_status":"closed","ping_status":"closed","template":"page_products-grandchild.php","meta":{"_acf_changed":false,"footnotes":""},"class_list":["post-14586","page","type-page","status-publish","has-post-thumbnail","hentry"],"acf":[],"yoast_head":"<!-- This site is optimized with the Yoast SEO plugin v27.1.1 - https:\/\/yoast.com\/product\/yoast-seo-wordpress\/ -->\n<title>Sistema de tratamiento de aguas residuales de pintura EnviroWash ES160P - Trimaco<\/title>\n<meta name=\"description\" content=\"El sistema EnviroWash ES160P es un sistema de tratamiento de aguas residuales de pintura a base de agua que convierte el lavado de pintura en agua limpia y residuos s\u00f3lidos inertes.\" \/>\n<meta name=\"robots\" content=\"index, follow, max-snippet:-1, max-image-preview:large, max-video-preview:-1\" \/>\n<link rel=\"canonical\" href=\"https:\/\/trimaco.com\/es\/productos\/accesorios-del-sistema-envirowash-de-envirosolutions\/sistema-de-tratamiento-de-pintura-envirowash-es160p\/\" \/>\n<meta property=\"og:locale\" content=\"es_ES\" \/>\n<meta property=\"og:type\" content=\"article\" \/>\n<meta property=\"og:title\" content=\"Sistema de tratamiento de aguas residuales de pintura EnviroWash ES160P - Trimaco\" \/>\n<meta property=\"og:description\" content=\"El sistema EnviroWash ES160P es un sistema de tratamiento de aguas residuales de pintura a base de agua que convierte el lavado de pintura en agua limpia y residuos s\u00f3lidos inertes.\" \/>\n<meta property=\"og:url\" content=\"https:\/\/trimaco.com\/es\/productos\/accesorios-del-sistema-envirowash-de-envirosolutions\/sistema-de-tratamiento-de-pintura-envirowash-es160p\/\" \/>\n<meta property=\"og:site_name\" content=\"Trimaco\" \/>\n<meta property=\"article:publisher\" content=\"https:\/\/www.facebook.com\/pages\/Trimaco\/346858225385747?ref=ts\" \/>\n<meta property=\"article:modified_time\" content=\"2024-04-08T21:24:04+00:00\" \/>\n<meta property=\"og:image\" content=\"https:\/\/trimaco.com\/wp-content\/uploads\/2022\/02\/envirowash-2.webp\" \/>\n\t<meta property=\"og:image:width\" content=\"284\" \/>\n\t<meta property=\"og:image:height\" content=\"283\" \/>\n\t<meta property=\"og:image:type\" content=\"image\/webp\" \/>\n<meta name=\"twitter:card\" content=\"summary_large_image\" \/>\n<meta name=\"twitter:site\" content=\"@trimacoinc\" \/>\n<meta name=\"twitter:label1\" content=\"Tiempo de lectura\" \/>\n\t<meta name=\"twitter:data1\" content=\"1 minuto\" \/>\n<!-- \/ Yoast SEO plugin. -->","yoast_head_json":{"title":"Sistema de tratamiento de aguas residuales de pintura EnviroWash ES160P - Trimaco","description":"El sistema EnviroWash ES160P es un sistema de tratamiento de aguas residuales de pintura a base de agua que convierte el lavado de pintura en agua limpia y residuos s\u00f3lidos inertes.","robots":{"index":"index","follow":"follow","max-snippet":"max-snippet:-1","max-image-preview":"max-image-preview:large","max-video-preview":"max-video-preview:-1"},"canonical":"https:\/\/trimaco.com\/es\/productos\/accesorios-del-sistema-envirowash-de-envirosolutions\/sistema-de-tratamiento-de-pintura-envirowash-es160p\/","og_locale":"es_ES","og_type":"article","og_title":"Sistema de tratamiento de aguas residuales de pintura EnviroWash ES160P - Trimaco","og_description":"El sistema EnviroWash ES160P es un sistema de tratamiento de aguas residuales de pintura a base de agua que convierte el lavado de pintura en agua limpia y residuos s\u00f3lidos inertes.","og_url":"https:\/\/trimaco.com\/es\/productos\/accesorios-del-sistema-envirowash-de-envirosolutions\/sistema-de-tratamiento-de-pintura-envirowash-es160p\/","og_site_name":"Trimaco","article_publisher":"https:\/\/www.facebook.com\/pages\/Trimaco\/346858225385747?ref=ts","article_modified_time":"2024-04-08T21:24:04+00:00","og_image":[{"width":284,"height":283,"url":"https:\/\/trimaco.com\/wp-content\/uploads\/2022\/02\/envirowash-2.webp","type":"image\/webp"}],"twitter_card":"summary_large_image","twitter_site":"@trimacoinc","twitter_misc":{"Tiempo de lectura":"1 minuto"},"schema":{"@context":"https:\/\/schema.org","@graph":[{"@type":"WebPage","@id":"https:\/\/trimaco.com\/es\/productos\/accesorios-del-sistema-envirowash-de-envirosolutions\/sistema-de-tratamiento-de-pintura-envirowash-es160p\/","url":"https:\/\/trimaco.com\/es\/productos\/accesorios-del-sistema-envirowash-de-envirosolutions\/sistema-de-tratamiento-de-pintura-envirowash-es160p\/","name":"Sistema de tratamiento de aguas residuales de pintura EnviroWash ES160P - Trimaco","isPartOf":{"@id":"https:\/\/trimaco.com\/#website"},"primaryImageOfPage":{"@id":"https:\/\/trimaco.com\/es\/productos\/accesorios-del-sistema-envirowash-de-envirosolutions\/sistema-de-tratamiento-de-pintura-envirowash-es160p\/#primaryimage"},"image":{"@id":"https:\/\/trimaco.com\/es\/productos\/accesorios-del-sistema-envirowash-de-envirosolutions\/sistema-de-tratamiento-de-pintura-envirowash-es160p\/#primaryimage"},"thumbnailUrl":"https:\/\/trimaco.com\/wp-content\/uploads\/2022\/02\/envirowash-2.webp","datePublished":"2021-10-01T17:50:54+00:00","dateModified":"2024-04-08T21:24:04+00:00","description":"El sistema EnviroWash ES160P es un sistema de tratamiento de aguas residuales de pintura a base de agua que convierte el lavado de pintura en agua limpia y residuos s\u00f3lidos inertes.","breadcrumb":{"@id":"https:\/\/trimaco.com\/es\/productos\/accesorios-del-sistema-envirowash-de-envirosolutions\/sistema-de-tratamiento-de-pintura-envirowash-es160p\/#breadcrumb"},"inLanguage":"es","potentialAction":[{"@type":"ReadAction","target":["https:\/\/trimaco.com\/es\/productos\/accesorios-del-sistema-envirowash-de-envirosolutions\/sistema-de-tratamiento-de-pintura-envirowash-es160p\/"]}]},{"@type":"ImageObject","inLanguage":"es","@id":"https:\/\/trimaco.com\/es\/productos\/accesorios-del-sistema-envirowash-de-envirosolutions\/sistema-de-tratamiento-de-pintura-envirowash-es160p\/#primaryimage","url":"https:\/\/trimaco.com\/wp-content\/uploads\/2022\/02\/envirowash-2.webp","contentUrl":"https:\/\/trimaco.com\/wp-content\/uploads\/2022\/02\/envirowash-2.webp","width":284,"height":283,"caption":"Working cleaning the envirowash paint wash out system"},{"@type":"BreadcrumbList","@id":"https:\/\/trimaco.com\/es\/productos\/accesorios-del-sistema-envirowash-de-envirosolutions\/sistema-de-tratamiento-de-pintura-envirowash-es160p\/#breadcrumb","itemListElement":[{"@type":"ListItem","position":1,"name":"Home","item":"https:\/\/trimaco.com\/"},{"@type":"ListItem","position":2,"name":"Productos","item":"https:\/\/trimaco.com\/es\/productos\/"},{"@type":"ListItem","position":3,"name":"Accesorios del sistema EnviroWash de EnviroSolutions","item":"https:\/\/trimaco.com\/es\/productos\/accesorios-del-sistema-envirowash-de-envirosolutions\/"},{"@type":"ListItem","position":4,"name":"Sistema de tratamiento de pintura EnviroWash ES160P"}]},{"@type":"WebSite","@id":"https:\/\/trimaco.com\/#website","url":"https:\/\/trimaco.com\/","name":"Trimaco","description":"Total Jobsite Protection\u2122","publisher":{"@id":"https:\/\/trimaco.com\/#organization"},"potentialAction":[{"@type":"SearchAction","target":{"@type":"EntryPoint","urlTemplate":"https:\/\/trimaco.com\/?s={search_term_string}"},"query-input":{"@type":"PropertyValueSpecification","valueRequired":true,"valueName":"search_term_string"}}],"inLanguage":"es"},{"@type":"Organization","@id":"https:\/\/trimaco.com\/#organization","name":"Trimaco","url":"https:\/\/trimaco.com\/","logo":{"@type":"ImageObject","inLanguage":"es","@id":"https:\/\/trimaco.com\/#\/schema\/logo\/image\/","url":"https:\/\/trimaco.com\/wp-content\/uploads\/2016\/08\/login-logo.png","contentUrl":"https:\/\/trimaco.com\/wp-content\/uploads\/2016\/08\/login-logo.png","width":450,"height":69,"caption":"Trimaco"},"image":{"@id":"https:\/\/trimaco.com\/#\/schema\/logo\/image\/"},"sameAs":["https:\/\/www.facebook.com\/pages\/Trimaco\/346858225385747?ref=ts","https:\/\/x.com\/trimacoinc","https:\/\/www.instagram.com\/trimaco_inc\/","https:\/\/pinterest.com\/trimaco\/","https:\/\/www.youtube.com\/c\/trimacoinc"]}]}},"_links":{"self":[{"href":"https:\/\/trimaco.com\/es\/wp-json\/wp\/v2\/pages\/14586","targetHints":{"allow":["GET"]}}],"collection":[{"href":"https:\/\/trimaco.com\/es\/wp-json\/wp\/v2\/pages"}],"about":[{"href":"https:\/\/trimaco.com\/es\/wp-json\/wp\/v2\/types\/page"}],"author":[{"embeddable":true,"href":"https:\/\/trimaco.com\/es\/wp-json\/wp\/v2\/users\/2"}],"replies":[{"embeddable":true,"href":"https:\/\/trimaco.com\/es\/wp-json\/wp\/v2\/comments?post=14586"}],"version-history":[{"count":0,"href":"https:\/\/trimaco.com\/es\/wp-json\/wp\/v2\/pages\/14586\/revisions"}],"up":[{"embeddable":true,"href":"https:\/\/trimaco.com\/es\/wp-json\/wp\/v2\/pages\/14582"}],"wp:featuredmedia":[{"embeddable":true,"href":"https:\/\/trimaco.com\/es\/wp-json\/wp\/v2\/media\/17718"}],"wp:attachment":[{"href":"https:\/\/trimaco.com\/es\/wp-json\/wp\/v2\/media?parent=14586"}],"curies":[{"name":"wp","href":"https:\/\/api.w.org\/{rel}","templated":true}]}}