{"id":14582,"date":"2021-10-01T13:44:14","date_gmt":"2021-10-01T17:44:14","guid":{"rendered":"https:\/\/trimaco.wpengine.com\/productos\/accesorios-del-sistema-envirowash-de-envirosolutions\/"},"modified":"2022-02-17T16:44:09","modified_gmt":"2022-02-17T20:44:09","slug":"accesorios-del-sistema-envirowash-de-envirosolutions","status":"publish","type":"page","link":"https:\/\/trimaco.com\/es\/productos\/accesorios-del-sistema-envirowash-de-envirosolutions\/","title":{"rendered":"Accesorios del sistema EnviroWash de EnviroSolutions"},"content":{"rendered":"<p>El sistema EnviroSolutions EnviroWash proporciona tratamiento de lavado de pintura a base de agua de una manera respetuosa con el medio ambiente. Este sistema de tratamiento de pintura de aguas residuales convierte el agua del lavado de pintura de brochas, pinceles y rodillos en agua limpia y residuos s\u00f3lidos inertes, lo que permite una eliminaci\u00f3n m\u00e1s f\u00e1cil y segura.<\/p>\n","protected":false},"excerpt":{"rendered":"<p>El sistema EnviroSolutions EnviroWash proporciona tratamiento de lavado de pintura a base de agua de una manera respetuosa con el medio ambiente. Este sistema de tratamiento de pintura de aguas residuales convierte el agua del<a class=\"read-more\" href=\"https:\/\/trimaco.com\/es\/productos\/accesorios-del-sistema-envirowash-de-envirosolutions\/\"> &#8230;Continue Reading<\/a><\/p>\n","protected":false},"author":9,"featured_media":17702,"parent":10374,"menu_order":2,"comment_status":"closed","ping_status":"closed","template":"page_products-child.php","meta":{"_acf_changed":false,"footnotes":""},"class_list":["post-14582","page","type-page","status-publish","has-post-thumbnail","hentry"],"acf":[],"yoast_head":"<!-- This site is optimized with the Yoast SEO plugin v27.3 - https:\/\/yoast.com\/product\/yoast-seo-wordpress\/ -->\n<title>Accesorios EnviroSolutions del sistema EnviroWash - Trimaco<\/title>\n<meta name=\"description\" content=\"El sistema EnviroWash de Trimaco es un sistema de tratamiento que convierte el agua del lavado de pintura de brochas y rodillos en agua limpia y residuos s\u00f3lidos inertes.\" \/>\n<meta name=\"robots\" content=\"index, follow, max-snippet:-1, max-image-preview:large, max-video-preview:-1\" \/>\n<link rel=\"canonical\" href=\"https:\/\/trimaco.com\/es\/productos\/accesorios-del-sistema-envirowash-de-envirosolutions\/\" \/>\n<meta property=\"og:locale\" content=\"es_ES\" \/>\n<meta property=\"og:type\" content=\"article\" \/>\n<meta property=\"og:title\" content=\"Accesorios EnviroSolutions del sistema EnviroWash - Trimaco\" \/>\n<meta property=\"og:description\" content=\"El sistema EnviroWash de Trimaco es un sistema de tratamiento que convierte el agua del lavado de pintura de brochas y rodillos en agua limpia y residuos s\u00f3lidos inertes.\" \/>\n<meta property=\"og:url\" content=\"https:\/\/trimaco.com\/es\/productos\/accesorios-del-sistema-envirowash-de-envirosolutions\/\" \/>\n<meta property=\"og:site_name\" content=\"Trimaco\" \/>\n<meta property=\"article:publisher\" content=\"https:\/\/www.facebook.com\/pages\/Trimaco\/346858225385747?ref=ts\" \/>\n<meta property=\"article:modified_time\" content=\"2022-02-17T20:44:09+00:00\" \/>\n<meta property=\"og:image\" content=\"https:\/\/trimaco.com\/wp-content\/uploads\/2022\/02\/envirowash-3.webp\" \/>\n\t<meta property=\"og:image:width\" content=\"284\" \/>\n\t<meta property=\"og:image:height\" content=\"283\" \/>\n\t<meta property=\"og:image:type\" content=\"image\/webp\" \/>\n<meta name=\"twitter:card\" content=\"summary_large_image\" \/>\n<meta name=\"twitter:site\" content=\"@trimacoinc\" \/>\n<!-- \/ Yoast SEO plugin. -->","yoast_head_json":{"title":"Accesorios EnviroSolutions del sistema EnviroWash - Trimaco","description":"El sistema EnviroWash de Trimaco es un sistema de tratamiento que convierte el agua del lavado de pintura de brochas y rodillos en agua limpia y residuos s\u00f3lidos inertes.","robots":{"index":"index","follow":"follow","max-snippet":"max-snippet:-1","max-image-preview":"max-image-preview:large","max-video-preview":"max-video-preview:-1"},"canonical":"https:\/\/trimaco.com\/es\/productos\/accesorios-del-sistema-envirowash-de-envirosolutions\/","og_locale":"es_ES","og_type":"article","og_title":"Accesorios EnviroSolutions del sistema EnviroWash - Trimaco","og_description":"El sistema EnviroWash de Trimaco es un sistema de tratamiento que convierte el agua del lavado de pintura de brochas y rodillos en agua limpia y residuos s\u00f3lidos inertes.","og_url":"https:\/\/trimaco.com\/es\/productos\/accesorios-del-sistema-envirowash-de-envirosolutions\/","og_site_name":"Trimaco","article_publisher":"https:\/\/www.facebook.com\/pages\/Trimaco\/346858225385747?ref=ts","article_modified_time":"2022-02-17T20:44:09+00:00","og_image":[{"width":284,"height":283,"url":"https:\/\/trimaco.com\/wp-content\/uploads\/2022\/02\/envirowash-3.webp","type":"image\/webp"}],"twitter_card":"summary_large_image","twitter_site":"@trimacoinc","schema":{"@context":"https:\/\/schema.org","@graph":[{"@type":"WebPage","@id":"https:\/\/trimaco.com\/es\/productos\/accesorios-del-sistema-envirowash-de-envirosolutions\/","url":"https:\/\/trimaco.com\/es\/productos\/accesorios-del-sistema-envirowash-de-envirosolutions\/","name":"Accesorios EnviroSolutions del sistema EnviroWash - Trimaco","isPartOf":{"@id":"https:\/\/trimaco.com\/#website"},"primaryImageOfPage":{"@id":"https:\/\/trimaco.com\/es\/productos\/accesorios-del-sistema-envirowash-de-envirosolutions\/#primaryimage"},"image":{"@id":"https:\/\/trimaco.com\/es\/productos\/accesorios-del-sistema-envirowash-de-envirosolutions\/#primaryimage"},"thumbnailUrl":"https:\/\/trimaco.com\/wp-content\/uploads\/2022\/02\/envirowash-3.webp","datePublished":"2021-10-01T17:44:14+00:00","dateModified":"2022-02-17T20:44:09+00:00","description":"El sistema EnviroWash de Trimaco es un sistema de tratamiento que convierte el agua del lavado de pintura de brochas y rodillos en agua limpia y residuos s\u00f3lidos inertes.","breadcrumb":{"@id":"https:\/\/trimaco.com\/es\/productos\/accesorios-del-sistema-envirowash-de-envirosolutions\/#breadcrumb"},"inLanguage":"es","potentialAction":[{"@type":"ReadAction","target":["https:\/\/trimaco.com\/es\/productos\/accesorios-del-sistema-envirowash-de-envirosolutions\/"]}]},{"@type":"ImageObject","inLanguage":"es","@id":"https:\/\/trimaco.com\/es\/productos\/accesorios-del-sistema-envirowash-de-envirosolutions\/#primaryimage","url":"https:\/\/trimaco.com\/wp-content\/uploads\/2022\/02\/envirowash-3.webp","contentUrl":"https:\/\/trimaco.com\/wp-content\/uploads\/2022\/02\/envirowash-3.webp","width":284,"height":283,"caption":"Painter using paint wash out system"},{"@type":"BreadcrumbList","@id":"https:\/\/trimaco.com\/es\/productos\/accesorios-del-sistema-envirowash-de-envirosolutions\/#breadcrumb","itemListElement":[{"@type":"ListItem","position":1,"name":"Home","item":"https:\/\/trimaco.com\/"},{"@type":"ListItem","position":2,"name":"Productos","item":"https:\/\/trimaco.com\/es\/productos\/"},{"@type":"ListItem","position":3,"name":"Accesorios del sistema EnviroWash de EnviroSolutions"}]},{"@type":"WebSite","@id":"https:\/\/trimaco.com\/#website","url":"https:\/\/trimaco.com\/","name":"Trimaco","description":"Total Jobsite Protection\u2122","publisher":{"@id":"https:\/\/trimaco.com\/#organization"},"potentialAction":[{"@type":"SearchAction","target":{"@type":"EntryPoint","urlTemplate":"https:\/\/trimaco.com\/?s={search_term_string}"},"query-input":{"@type":"PropertyValueSpecification","valueRequired":true,"valueName":"search_term_string"}}],"inLanguage":"es"},{"@type":"Organization","@id":"https:\/\/trimaco.com\/#organization","name":"Trimaco","url":"https:\/\/trimaco.com\/","logo":{"@type":"ImageObject","inLanguage":"es","@id":"https:\/\/trimaco.com\/#\/schema\/logo\/image\/","url":"https:\/\/trimaco.com\/wp-content\/uploads\/2016\/08\/login-logo.png","contentUrl":"https:\/\/trimaco.com\/wp-content\/uploads\/2016\/08\/login-logo.png","width":450,"height":69,"caption":"Trimaco"},"image":{"@id":"https:\/\/trimaco.com\/#\/schema\/logo\/image\/"},"sameAs":["https:\/\/www.facebook.com\/pages\/Trimaco\/346858225385747?ref=ts","https:\/\/x.com\/trimacoinc","https:\/\/www.instagram.com\/trimaco_inc\/","https:\/\/pinterest.com\/trimaco\/","https:\/\/www.youtube.com\/c\/trimacoinc"]}]}},"_links":{"self":[{"href":"https:\/\/trimaco.com\/es\/wp-json\/wp\/v2\/pages\/14582","targetHints":{"allow":["GET"]}}],"collection":[{"href":"https:\/\/trimaco.com\/es\/wp-json\/wp\/v2\/pages"}],"about":[{"href":"https:\/\/trimaco.com\/es\/wp-json\/wp\/v2\/types\/page"}],"author":[{"embeddable":true,"href":"https:\/\/trimaco.com\/es\/wp-json\/wp\/v2\/users\/9"}],"replies":[{"embeddable":true,"href":"https:\/\/trimaco.com\/es\/wp-json\/wp\/v2\/comments?post=14582"}],"version-history":[{"count":0,"href":"https:\/\/trimaco.com\/es\/wp-json\/wp\/v2\/pages\/14582\/revisions"}],"up":[{"embeddable":true,"href":"https:\/\/trimaco.com\/es\/wp-json\/wp\/v2\/pages\/10374"}],"wp:featuredmedia":[{"embeddable":true,"href":"https:\/\/trimaco.com\/es\/wp-json\/wp\/v2\/media\/17702"}],"wp:attachment":[{"href":"https:\/\/trimaco.com\/es\/wp-json\/wp\/v2\/media?parent=14582"}],"curies":[{"name":"wp","href":"https:\/\/api.w.org\/{rel}","templated":true}]}}