{"id":14580,"date":"2021-10-01T13:43:07","date_gmt":"2021-10-01T17:43:07","guid":{"rendered":"https:\/\/trimaco.wpengine.com\/productos\/cintas-de-enmascarar-profesionales\/cinta-de-enmascarar-profesional-perfect-edge-kleenedge\/"},"modified":"2024-04-09T09:33:10","modified_gmt":"2024-04-09T13:33:10","slug":"cinta-de-enmascarar-profesional-perfect-edge-kleenedge","status":"publish","type":"page","link":"https:\/\/trimaco.com\/es\/productos\/cintas-de-enmascarar-profesionales\/cinta-de-enmascarar-profesional-perfect-edge-kleenedge\/","title":{"rendered":"Cinta de enmascarar profesional Perfect Edge KleenEdge\u00ae"},"content":{"rendered":"<p>Esta cinta de papel azul claro est\u00e1 especialmente dise\u00f1ada para uso en una variedad de superficies. La cinta azul de enmascarar es ideal para pintar superficies planas como madera, vidrio y metal. Cuando se retira, la cinta deja l\u00edneas de pintura limpias y n\u00edtidas. Se puede dejar hasta por 14 d\u00edas. <\/p>\n<p>La cinta de pintar es f\u00e1cil de trabajar y se puede aplicar a superficies lisas o texturizadas. Para obtener los mejores resultados, limpie y seque la superficie para que la adhesi\u00f3n se pegue. Para asegurar l\u00edneas rectas despu\u00e9s de pintar, aseg\u00farese de que la pintura est\u00e9 completamente seca y retire la cinta lentamente.<\/p>\n<p><em>ADVERTENCIA: Pruebe la cinta de enmascarar azul poni\u00e9ndola durante la noche en una superficie discreta antes de aplicarla a toda la superficie. <\/em><\/p>\n<ul>\n<li>Cinta plana de papel azul claro<\/li>\n<li>Para uso en madera, vidrio y metal<\/li>\n<li>Resistente a los rayos UV hasta por 14 d\u00edas<\/li>\n<li>\u00a1Hecha en los Estados Unidos!<\/li>\n<\/ul>\n<p>\u00a1Aseg\u00farese de explorar las otras <a href=\"https:\/\/trimaco.com\/es\/productos\/cintas-de-enmascarar-profesionales\/\">cintas de enmascarar<\/a> de Trimaco!<\/p>\n<p><em>Cinta para pintar bordes perfectos Easy Mask\u00ae KleenEdge\u00ae<\/em><\/p>\n<table>\n<tbody>\n<tr>\n<th># DE ART\u00cdCULO<\/th>\n<th>PAQUETE<\/th>\n<th>TAMA\u00d1O<\/th>\n<\/tr>\n<tr>\n<td>256940<\/td>\n<td>24<\/td>\n<td>24mm x 50m (use como 1&#8243;)<\/td>\n<\/tr>\n<tr>\n<td>256980<\/td>\n<td>12<\/td>\n<td>36mm x 50m (use como 1 1\/2&#8243;)<\/td>\n<\/tr>\n<tr>\n<td>257020<\/td>\n<td>12<\/td>\n<td>48mm x 50m (use como 2&#8243;)<\/td>\n<\/tr>\n<\/tbody>\n<\/table>\n","protected":false},"excerpt":{"rendered":"<p>Cinta plana para pintar una variedad de superficies. La puede dejar hasta por 14 d\u00edas.<\/p>\n","protected":false},"author":2,"featured_media":13422,"parent":14576,"menu_order":2,"comment_status":"closed","ping_status":"closed","template":"page_products-grandchild.php","meta":{"_acf_changed":false,"footnotes":""},"class_list":["post-14580","page","type-page","status-publish","has-post-thumbnail","hentry"],"acf":[],"yoast_head":"<!-- This site is optimized with the Yoast SEO plugin v27.3 - https:\/\/yoast.com\/product\/yoast-seo-wordpress\/ -->\n<title>Cinta para enmascarar Perfect Edge KleenEdge\u00ae - Trimaco<\/title>\n<meta name=\"description\" content=\"Esta cinta de enmascarar plana y azul claro es ideal para pintar superficies planas como madera, vidrio o metal. Es resistente a los rayos UV y la puede dejar hasta por 14 d\u00edas.\" \/>\n<meta name=\"robots\" content=\"index, follow, max-snippet:-1, max-image-preview:large, max-video-preview:-1\" \/>\n<link rel=\"canonical\" href=\"https:\/\/trimaco.com\/es\/productos\/cintas-de-enmascarar-profesionales\/cinta-de-enmascarar-profesional-perfect-edge-kleenedge\/\" \/>\n<meta property=\"og:locale\" content=\"es_ES\" \/>\n<meta property=\"og:type\" content=\"article\" \/>\n<meta property=\"og:title\" content=\"Cinta para enmascarar Perfect Edge KleenEdge\u00ae - Trimaco\" \/>\n<meta property=\"og:description\" content=\"Esta cinta de enmascarar plana y azul claro es ideal para pintar superficies planas como madera, vidrio o metal. Es resistente a los rayos UV y la puede dejar hasta por 14 d\u00edas.\" \/>\n<meta property=\"og:url\" content=\"https:\/\/trimaco.com\/es\/productos\/cintas-de-enmascarar-profesionales\/cinta-de-enmascarar-profesional-perfect-edge-kleenedge\/\" \/>\n<meta property=\"og:site_name\" content=\"Trimaco\" \/>\n<meta property=\"article:publisher\" content=\"https:\/\/www.facebook.com\/pages\/Trimaco\/346858225385747?ref=ts\" \/>\n<meta property=\"article:modified_time\" content=\"2024-04-09T13:33:10+00:00\" \/>\n<meta property=\"og:image\" content=\"https:\/\/trimaco.com\/wp-content\/uploads\/2017\/02\/lightblue-3.jpg\" \/>\n\t<meta property=\"og:image:width\" content=\"1000\" \/>\n\t<meta property=\"og:image:height\" content=\"1000\" \/>\n\t<meta property=\"og:image:type\" content=\"image\/jpeg\" \/>\n<meta name=\"twitter:card\" content=\"summary_large_image\" \/>\n<meta name=\"twitter:site\" content=\"@trimacoinc\" \/>\n<meta name=\"twitter:label1\" content=\"Tiempo de lectura\" \/>\n\t<meta name=\"twitter:data1\" content=\"2 minutos\" \/>\n<!-- \/ Yoast SEO plugin. -->","yoast_head_json":{"title":"Cinta para enmascarar Perfect Edge KleenEdge\u00ae - Trimaco","description":"Esta cinta de enmascarar plana y azul claro es ideal para pintar superficies planas como madera, vidrio o metal. Es resistente a los rayos UV y la puede dejar hasta por 14 d\u00edas.","robots":{"index":"index","follow":"follow","max-snippet":"max-snippet:-1","max-image-preview":"max-image-preview:large","max-video-preview":"max-video-preview:-1"},"canonical":"https:\/\/trimaco.com\/es\/productos\/cintas-de-enmascarar-profesionales\/cinta-de-enmascarar-profesional-perfect-edge-kleenedge\/","og_locale":"es_ES","og_type":"article","og_title":"Cinta para enmascarar Perfect Edge KleenEdge\u00ae - Trimaco","og_description":"Esta cinta de enmascarar plana y azul claro es ideal para pintar superficies planas como madera, vidrio o metal. Es resistente a los rayos UV y la puede dejar hasta por 14 d\u00edas.","og_url":"https:\/\/trimaco.com\/es\/productos\/cintas-de-enmascarar-profesionales\/cinta-de-enmascarar-profesional-perfect-edge-kleenedge\/","og_site_name":"Trimaco","article_publisher":"https:\/\/www.facebook.com\/pages\/Trimaco\/346858225385747?ref=ts","article_modified_time":"2024-04-09T13:33:10+00:00","og_image":[{"width":1000,"height":1000,"url":"https:\/\/trimaco.com\/wp-content\/uploads\/2017\/02\/lightblue-3.jpg","type":"image\/jpeg"}],"twitter_card":"summary_large_image","twitter_site":"@trimacoinc","twitter_misc":{"Tiempo de lectura":"2 minutos"},"schema":{"@context":"https:\/\/schema.org","@graph":[{"@type":"WebPage","@id":"https:\/\/trimaco.com\/es\/productos\/cintas-de-enmascarar-profesionales\/cinta-de-enmascarar-profesional-perfect-edge-kleenedge\/","url":"https:\/\/trimaco.com\/es\/productos\/cintas-de-enmascarar-profesionales\/cinta-de-enmascarar-profesional-perfect-edge-kleenedge\/","name":"Cinta para enmascarar Perfect Edge KleenEdge\u00ae - Trimaco","isPartOf":{"@id":"https:\/\/trimaco.com\/#website"},"primaryImageOfPage":{"@id":"https:\/\/trimaco.com\/es\/productos\/cintas-de-enmascarar-profesionales\/cinta-de-enmascarar-profesional-perfect-edge-kleenedge\/#primaryimage"},"image":{"@id":"https:\/\/trimaco.com\/es\/productos\/cintas-de-enmascarar-profesionales\/cinta-de-enmascarar-profesional-perfect-edge-kleenedge\/#primaryimage"},"thumbnailUrl":"https:\/\/trimaco.com\/wp-content\/uploads\/2017\/02\/lightblue-3.jpg","datePublished":"2021-10-01T17:43:07+00:00","dateModified":"2024-04-09T13:33:10+00:00","description":"Esta cinta de enmascarar plana y azul claro es ideal para pintar superficies planas como madera, vidrio o metal. Es resistente a los rayos UV y la puede dejar hasta por 14 d\u00edas.","breadcrumb":{"@id":"https:\/\/trimaco.com\/es\/productos\/cintas-de-enmascarar-profesionales\/cinta-de-enmascarar-profesional-perfect-edge-kleenedge\/#breadcrumb"},"inLanguage":"es","potentialAction":[{"@type":"ReadAction","target":["https:\/\/trimaco.com\/es\/productos\/cintas-de-enmascarar-profesionales\/cinta-de-enmascarar-profesional-perfect-edge-kleenedge\/"]}]},{"@type":"ImageObject","inLanguage":"es","@id":"https:\/\/trimaco.com\/es\/productos\/cintas-de-enmascarar-profesionales\/cinta-de-enmascarar-profesional-perfect-edge-kleenedge\/#primaryimage","url":"https:\/\/trimaco.com\/wp-content\/uploads\/2017\/02\/lightblue-3.jpg","contentUrl":"https:\/\/trimaco.com\/wp-content\/uploads\/2017\/02\/lightblue-3.jpg","width":1000,"height":1000,"caption":"Blue tape for painting"},{"@type":"BreadcrumbList","@id":"https:\/\/trimaco.com\/es\/productos\/cintas-de-enmascarar-profesionales\/cinta-de-enmascarar-profesional-perfect-edge-kleenedge\/#breadcrumb","itemListElement":[{"@type":"ListItem","position":1,"name":"Home","item":"https:\/\/trimaco.com\/"},{"@type":"ListItem","position":2,"name":"Productos","item":"https:\/\/trimaco.com\/es\/productos\/"},{"@type":"ListItem","position":3,"name":"Cintas de enmascarar profesionales","item":"https:\/\/trimaco.com\/es\/productos\/cintas-de-enmascarar-profesionales\/"},{"@type":"ListItem","position":4,"name":"Cinta de enmascarar profesional Perfect Edge KleenEdge\u00ae"}]},{"@type":"WebSite","@id":"https:\/\/trimaco.com\/#website","url":"https:\/\/trimaco.com\/","name":"Trimaco","description":"Total Jobsite Protection\u2122","publisher":{"@id":"https:\/\/trimaco.com\/#organization"},"potentialAction":[{"@type":"SearchAction","target":{"@type":"EntryPoint","urlTemplate":"https:\/\/trimaco.com\/?s={search_term_string}"},"query-input":{"@type":"PropertyValueSpecification","valueRequired":true,"valueName":"search_term_string"}}],"inLanguage":"es"},{"@type":"Organization","@id":"https:\/\/trimaco.com\/#organization","name":"Trimaco","url":"https:\/\/trimaco.com\/","logo":{"@type":"ImageObject","inLanguage":"es","@id":"https:\/\/trimaco.com\/#\/schema\/logo\/image\/","url":"https:\/\/trimaco.com\/wp-content\/uploads\/2016\/08\/login-logo.png","contentUrl":"https:\/\/trimaco.com\/wp-content\/uploads\/2016\/08\/login-logo.png","width":450,"height":69,"caption":"Trimaco"},"image":{"@id":"https:\/\/trimaco.com\/#\/schema\/logo\/image\/"},"sameAs":["https:\/\/www.facebook.com\/pages\/Trimaco\/346858225385747?ref=ts","https:\/\/x.com\/trimacoinc","https:\/\/www.instagram.com\/trimaco_inc\/","https:\/\/pinterest.com\/trimaco\/","https:\/\/www.youtube.com\/c\/trimacoinc"]}]}},"_links":{"self":[{"href":"https:\/\/trimaco.com\/es\/wp-json\/wp\/v2\/pages\/14580","targetHints":{"allow":["GET"]}}],"collection":[{"href":"https:\/\/trimaco.com\/es\/wp-json\/wp\/v2\/pages"}],"about":[{"href":"https:\/\/trimaco.com\/es\/wp-json\/wp\/v2\/types\/page"}],"author":[{"embeddable":true,"href":"https:\/\/trimaco.com\/es\/wp-json\/wp\/v2\/users\/2"}],"replies":[{"embeddable":true,"href":"https:\/\/trimaco.com\/es\/wp-json\/wp\/v2\/comments?post=14580"}],"version-history":[{"count":0,"href":"https:\/\/trimaco.com\/es\/wp-json\/wp\/v2\/pages\/14580\/revisions"}],"up":[{"embeddable":true,"href":"https:\/\/trimaco.com\/es\/wp-json\/wp\/v2\/pages\/14576"}],"wp:featuredmedia":[{"embeddable":true,"href":"https:\/\/trimaco.com\/es\/wp-json\/wp\/v2\/media\/13422"}],"wp:attachment":[{"href":"https:\/\/trimaco.com\/es\/wp-json\/wp\/v2\/media?parent=14580"}],"curies":[{"name":"wp","href":"https:\/\/api.w.org\/{rel}","templated":true}]}}