{"id":14577,"date":"2021-10-01T13:38:44","date_gmt":"2021-10-01T17:38:44","guid":{"rendered":"https:\/\/trimaco.wpengine.com\/productos\/cintas-de-enmascarar-profesionales\/cinta-de-enmascarar-profesional-bluedge-para-pintar\/"},"modified":"2024-04-09T09:32:42","modified_gmt":"2024-04-09T13:32:42","slug":"cinta-de-enmascarar-profesional-bluedge-para-pintar","status":"publish","type":"page","link":"https:\/\/trimaco.com\/es\/productos\/cintas-de-enmascarar-profesionales\/cinta-de-enmascarar-profesional-bluedge-para-pintar\/","title":{"rendered":"Cinta de enmascarar profesional BluEdge\u00ae para pintar"},"content":{"rendered":"<p>Cinta de papel crep\u00e9 Premium que se puede aplicar en el interior o en el exterior sobre superficies entintadas o pintadas. Esta cinta de enmascarar azul es f\u00e1cil de trabajar y f\u00e1cil de quitar. Ideal para paneles de yeso con primer o pintados, pero puede adaptarse f\u00e1cilmente a superficies de forma irregular. <\/p>\n<p>Esta cinta de enmascarar azul se elimina limpia y f\u00e1cilmente de las paredes pintadas, dejando l\u00edneas limpias cada vez. La cinta se puede dejar en la superficie durante 14 d\u00edas, \u00a1incluso si est\u00e1 expuesta a la luz solar directa! Ideal para pintar y proteger en el trabajo.<\/p>\n<p><em>ADVERTENCIA: Pruebe la cinta adhesiva de enmascarar durante la noche en una superficie discreta antes de aplicarla a toda la superficie, para evitar da\u00f1os por residuos pegajosos.<\/em><\/p>\n<ul>\n<li>Cinta azul para pintar<\/li>\n<li>Uso interior o exterior<\/li>\n<li>Trabajos en paneles de yeso, vidrio, pisos y adornos<\/li>\n<li>Se adapta a bordes curvos<\/li>\n<li>\u00a1Hecho en los Estados Unidos!<\/li>\n<\/ul>\n<p>Tambi\u00e9n puede estar interesado en otros de nuestros <a href=\"https:\/\/trimaco.com\/es\/productos\/cintas-de-enmascarar-profesionales\/\">productos de cinta para enmascarar<\/a>, como la cinta de pintura <a href=\"https:\/\/trimaco.com\/es\/productos\/cintas-de-enmascarar-profesionales\/cinta-de-enmascarar-profesional-perfect-edge-kleenedge\/\">KleenEdge o PerfectEdge de Trimaco.<\/a><\/p>\n<p><em>Cinta para pintar Easy Mask\u00ae BluEdge\u00ae<\/em><\/p>\n<table>\n<tbody>\n<tr>\n<th># DE ART\u00cdCULO<\/th>\n<th>PAQUETE<\/th>\n<th>TAMA\u00d1O<\/th>\n<\/tr>\n<tr>\n<td>125170<\/td>\n<td>24<\/td>\n<td>24mm x 50m (use como 1&#8243;)<\/td>\n<\/tr>\n<tr>\n<td>125270<\/td>\n<td>12<\/td>\n<td>36mm x 50m (use como 1 1\/2&#8243;)<\/td>\n<\/tr>\n<tr>\n<td>125370<\/td>\n<td>12<\/td>\n<td>48mm x 50m (use como 2&#8243;)<\/td>\n<\/tr>\n<tr>\n<td>125470<\/td>\n<td>6<\/td>\n<td>72mm x 50m (use como 3&#8243;)<\/td>\n<\/tr>\n<\/tbody>\n<\/table>\n","protected":false},"excerpt":{"rendered":"<p>Cinta de papel crep\u00e9 de 14 d\u00edas para uso en interiores o exteriores.<\/p>\n","protected":false},"author":2,"featured_media":13388,"parent":14576,"menu_order":0,"comment_status":"closed","ping_status":"closed","template":"page_products-grandchild.php","meta":{"_acf_changed":false,"footnotes":""},"class_list":["post-14577","page","type-page","status-publish","has-post-thumbnail","hentry"],"acf":[],"yoast_head":"<!-- This site is optimized with the Yoast SEO plugin v27.3 - https:\/\/yoast.com\/product\/yoast-seo-wordpress\/ -->\n<title>Cinta de enmascarar azul BluEdge\u00ae Cinta de pintor de primera - Trimaco<\/title>\n<meta name=\"description\" content=\"La cinta adhesiva azul de primera se puede aplicar en el interior o en el exterior sobre superficies entintadas o pintadas. La cinta de pintor es la mejor para paneles de yeso con primer o pintados.\" \/>\n<meta name=\"robots\" content=\"index, follow, max-snippet:-1, max-image-preview:large, max-video-preview:-1\" \/>\n<link rel=\"canonical\" href=\"https:\/\/trimaco.com\/es\/productos\/cintas-de-enmascarar-profesionales\/cinta-de-enmascarar-profesional-bluedge-para-pintar\/\" \/>\n<meta property=\"og:locale\" content=\"es_ES\" \/>\n<meta property=\"og:type\" content=\"article\" \/>\n<meta property=\"og:title\" content=\"Cinta de enmascarar azul BluEdge\u00ae Cinta de pintor de primera - Trimaco\" \/>\n<meta property=\"og:description\" content=\"La cinta adhesiva azul de primera se puede aplicar en el interior o en el exterior sobre superficies entintadas o pintadas. La cinta de pintor es la mejor para paneles de yeso con primer o pintados.\" \/>\n<meta property=\"og:url\" content=\"https:\/\/trimaco.com\/es\/productos\/cintas-de-enmascarar-profesionales\/cinta-de-enmascarar-profesional-bluedge-para-pintar\/\" \/>\n<meta property=\"og:site_name\" content=\"Trimaco\" \/>\n<meta property=\"article:publisher\" content=\"https:\/\/www.facebook.com\/pages\/Trimaco\/346858225385747?ref=ts\" \/>\n<meta property=\"article:modified_time\" content=\"2024-04-09T13:32:42+00:00\" \/>\n<meta property=\"og:image\" content=\"https:\/\/trimaco.com\/wp-content\/uploads\/2017\/02\/bluedgetape-1.jpg\" \/>\n\t<meta property=\"og:image:width\" content=\"1000\" \/>\n\t<meta property=\"og:image:height\" content=\"1000\" \/>\n\t<meta property=\"og:image:type\" content=\"image\/jpeg\" \/>\n<meta name=\"twitter:card\" content=\"summary_large_image\" \/>\n<meta name=\"twitter:site\" content=\"@trimacoinc\" \/>\n<meta name=\"twitter:label1\" content=\"Tiempo de lectura\" \/>\n\t<meta name=\"twitter:data1\" content=\"2 minutos\" \/>\n<!-- \/ Yoast SEO plugin. -->","yoast_head_json":{"title":"Cinta de enmascarar azul BluEdge\u00ae Cinta de pintor de primera - Trimaco","description":"La cinta adhesiva azul de primera se puede aplicar en el interior o en el exterior sobre superficies entintadas o pintadas. La cinta de pintor es la mejor para paneles de yeso con primer o pintados.","robots":{"index":"index","follow":"follow","max-snippet":"max-snippet:-1","max-image-preview":"max-image-preview:large","max-video-preview":"max-video-preview:-1"},"canonical":"https:\/\/trimaco.com\/es\/productos\/cintas-de-enmascarar-profesionales\/cinta-de-enmascarar-profesional-bluedge-para-pintar\/","og_locale":"es_ES","og_type":"article","og_title":"Cinta de enmascarar azul BluEdge\u00ae Cinta de pintor de primera - Trimaco","og_description":"La cinta adhesiva azul de primera se puede aplicar en el interior o en el exterior sobre superficies entintadas o pintadas. La cinta de pintor es la mejor para paneles de yeso con primer o pintados.","og_url":"https:\/\/trimaco.com\/es\/productos\/cintas-de-enmascarar-profesionales\/cinta-de-enmascarar-profesional-bluedge-para-pintar\/","og_site_name":"Trimaco","article_publisher":"https:\/\/www.facebook.com\/pages\/Trimaco\/346858225385747?ref=ts","article_modified_time":"2024-04-09T13:32:42+00:00","og_image":[{"width":1000,"height":1000,"url":"https:\/\/trimaco.com\/wp-content\/uploads\/2017\/02\/bluedgetape-1.jpg","type":"image\/jpeg"}],"twitter_card":"summary_large_image","twitter_site":"@trimacoinc","twitter_misc":{"Tiempo de lectura":"2 minutos"},"schema":{"@context":"https:\/\/schema.org","@graph":[{"@type":"WebPage","@id":"https:\/\/trimaco.com\/es\/productos\/cintas-de-enmascarar-profesionales\/cinta-de-enmascarar-profesional-bluedge-para-pintar\/","url":"https:\/\/trimaco.com\/es\/productos\/cintas-de-enmascarar-profesionales\/cinta-de-enmascarar-profesional-bluedge-para-pintar\/","name":"Cinta de enmascarar azul BluEdge\u00ae Cinta de pintor de primera - Trimaco","isPartOf":{"@id":"https:\/\/trimaco.com\/#website"},"primaryImageOfPage":{"@id":"https:\/\/trimaco.com\/es\/productos\/cintas-de-enmascarar-profesionales\/cinta-de-enmascarar-profesional-bluedge-para-pintar\/#primaryimage"},"image":{"@id":"https:\/\/trimaco.com\/es\/productos\/cintas-de-enmascarar-profesionales\/cinta-de-enmascarar-profesional-bluedge-para-pintar\/#primaryimage"},"thumbnailUrl":"https:\/\/trimaco.com\/wp-content\/uploads\/2017\/02\/bluedgetape-1.jpg","datePublished":"2021-10-01T17:38:44+00:00","dateModified":"2024-04-09T13:32:42+00:00","description":"La cinta adhesiva azul de primera se puede aplicar en el interior o en el exterior sobre superficies entintadas o pintadas. La cinta de pintor es la mejor para paneles de yeso con primer o pintados.","breadcrumb":{"@id":"https:\/\/trimaco.com\/es\/productos\/cintas-de-enmascarar-profesionales\/cinta-de-enmascarar-profesional-bluedge-para-pintar\/#breadcrumb"},"inLanguage":"es","potentialAction":[{"@type":"ReadAction","target":["https:\/\/trimaco.com\/es\/productos\/cintas-de-enmascarar-profesionales\/cinta-de-enmascarar-profesional-bluedge-para-pintar\/"]}]},{"@type":"ImageObject","inLanguage":"es","@id":"https:\/\/trimaco.com\/es\/productos\/cintas-de-enmascarar-profesionales\/cinta-de-enmascarar-profesional-bluedge-para-pintar\/#primaryimage","url":"https:\/\/trimaco.com\/wp-content\/uploads\/2017\/02\/bluedgetape-1.jpg","contentUrl":"https:\/\/trimaco.com\/wp-content\/uploads\/2017\/02\/bluedgetape-1.jpg","width":1000,"height":1000,"caption":"blue tape"},{"@type":"BreadcrumbList","@id":"https:\/\/trimaco.com\/es\/productos\/cintas-de-enmascarar-profesionales\/cinta-de-enmascarar-profesional-bluedge-para-pintar\/#breadcrumb","itemListElement":[{"@type":"ListItem","position":1,"name":"Home","item":"https:\/\/trimaco.com\/"},{"@type":"ListItem","position":2,"name":"Productos","item":"https:\/\/trimaco.com\/es\/productos\/"},{"@type":"ListItem","position":3,"name":"Cintas de enmascarar profesionales","item":"https:\/\/trimaco.com\/es\/productos\/cintas-de-enmascarar-profesionales\/"},{"@type":"ListItem","position":4,"name":"Cinta de enmascarar profesional BluEdge\u00ae para pintar"}]},{"@type":"WebSite","@id":"https:\/\/trimaco.com\/#website","url":"https:\/\/trimaco.com\/","name":"Trimaco","description":"Total Jobsite Protection\u2122","publisher":{"@id":"https:\/\/trimaco.com\/#organization"},"potentialAction":[{"@type":"SearchAction","target":{"@type":"EntryPoint","urlTemplate":"https:\/\/trimaco.com\/?s={search_term_string}"},"query-input":{"@type":"PropertyValueSpecification","valueRequired":true,"valueName":"search_term_string"}}],"inLanguage":"es"},{"@type":"Organization","@id":"https:\/\/trimaco.com\/#organization","name":"Trimaco","url":"https:\/\/trimaco.com\/","logo":{"@type":"ImageObject","inLanguage":"es","@id":"https:\/\/trimaco.com\/#\/schema\/logo\/image\/","url":"https:\/\/trimaco.com\/wp-content\/uploads\/2016\/08\/login-logo.png","contentUrl":"https:\/\/trimaco.com\/wp-content\/uploads\/2016\/08\/login-logo.png","width":450,"height":69,"caption":"Trimaco"},"image":{"@id":"https:\/\/trimaco.com\/#\/schema\/logo\/image\/"},"sameAs":["https:\/\/www.facebook.com\/pages\/Trimaco\/346858225385747?ref=ts","https:\/\/x.com\/trimacoinc","https:\/\/www.instagram.com\/trimaco_inc\/","https:\/\/pinterest.com\/trimaco\/","https:\/\/www.youtube.com\/c\/trimacoinc"]}]}},"_links":{"self":[{"href":"https:\/\/trimaco.com\/es\/wp-json\/wp\/v2\/pages\/14577","targetHints":{"allow":["GET"]}}],"collection":[{"href":"https:\/\/trimaco.com\/es\/wp-json\/wp\/v2\/pages"}],"about":[{"href":"https:\/\/trimaco.com\/es\/wp-json\/wp\/v2\/types\/page"}],"author":[{"embeddable":true,"href":"https:\/\/trimaco.com\/es\/wp-json\/wp\/v2\/users\/2"}],"replies":[{"embeddable":true,"href":"https:\/\/trimaco.com\/es\/wp-json\/wp\/v2\/comments?post=14577"}],"version-history":[{"count":0,"href":"https:\/\/trimaco.com\/es\/wp-json\/wp\/v2\/pages\/14577\/revisions"}],"up":[{"embeddable":true,"href":"https:\/\/trimaco.com\/es\/wp-json\/wp\/v2\/pages\/14576"}],"wp:featuredmedia":[{"embeddable":true,"href":"https:\/\/trimaco.com\/es\/wp-json\/wp\/v2\/media\/13388"}],"wp:attachment":[{"href":"https:\/\/trimaco.com\/es\/wp-json\/wp\/v2\/media?parent=14577"}],"curies":[{"name":"wp","href":"https:\/\/api.w.org\/{rel}","templated":true}]}}