{"id":14576,"date":"2021-10-01T13:18:19","date_gmt":"2021-10-01T17:18:19","guid":{"rendered":"https:\/\/trimaco.wpengine.com\/productos\/cintas-de-enmascarar-profesionales\/"},"modified":"2022-02-17T16:43:19","modified_gmt":"2022-02-17T20:43:19","slug":"cintas-de-enmascarar-profesionales","status":"publish","type":"page","link":"https:\/\/trimaco.com\/es\/productos\/cintas-de-enmascarar-profesionales\/","title":{"rendered":"Cintas de enmascarar profesionales"},"content":{"rendered":"<p>Trimaco lo tiene cubierto con cintas de enmascarar de grado profesional que har\u00e1n que su pr\u00f3ximo trabajo de pintura sea m\u00e1s f\u00e1cil que nunca. Nuestras cintas de enmascarar de uso general son perfectas para una amplia variedad de aplicaciones, desde peque\u00f1os proyectos de mejoras para el hogar hasta trabajos de pintura a gran escala. <\/p>\n<p>Ofrecemos <a href=\"https:\/\/trimaco.com\/es\/productos\/cintas-de-enmascarar-profesionales\/cinta-de-enmascarar-profesional-bluedge-para-pintar\/\">cinta de papel crep\u00e9<\/a> que se puede dejar puesta hasta por 14 d\u00edas para uso general y <a href=\"https:\/\/trimaco.com\/es\/productos\/cintas-de-enmascarar-profesionales\/kleenedge-cinta-para-pintar-y-enmascarar-profesional-de-baja-adherencia\/\">cinta de papel plana<\/a> para superficies delicadas. \u00a1Actualice sus viejos rollos de cinta azul de pintor! Nuestra cinta adhesiva de enmascarar de alto rendimiento es la \u00faltima cinta de enmascarar que necesitar\u00e1.<\/p>\n","protected":false},"excerpt":{"rendered":"<p>Trimaco lo tiene cubierto con cintas de enmascarar de grado profesional que har\u00e1n que su pr\u00f3ximo trabajo de pintura sea m\u00e1s f\u00e1cil que nunca. Nuestras cintas de enmascarar de uso general son perfectas para una<a class=\"read-more\" href=\"https:\/\/trimaco.com\/es\/productos\/cintas-de-enmascarar-profesionales\/\"> &#8230;Continue Reading<\/a><\/p>\n","protected":false},"author":9,"featured_media":16778,"parent":10374,"menu_order":12,"comment_status":"closed","ping_status":"closed","template":"page_products-child.php","meta":{"_acf_changed":false,"footnotes":""},"class_list":["post-14576","page","type-page","status-publish","has-post-thumbnail","hentry"],"acf":[],"yoast_head":"<!-- This site is optimized with the Yoast SEO plugin v27.5 - https:\/\/yoast.com\/product\/yoast-seo-wordpress\/ -->\n<title>Cintas de enmascarar profesionales - Facilita su trabajo de pintura- Trimaco<\/title>\n<meta name=\"description\" content=\"Trimaco ofrece una l\u00ednea de cintas de enmascarar profesionales. Desde cinta azul de 14 d\u00edas hasta papel caf\u00e9 de enmascarar pre-pegado para pintores, \u00a1Trimaco lo tiene cubierto!\" \/>\n<meta name=\"robots\" content=\"index, follow, max-snippet:-1, max-image-preview:large, max-video-preview:-1\" \/>\n<link rel=\"canonical\" href=\"https:\/\/trimaco.com\/es\/productos\/cintas-de-enmascarar-profesionales\/\" \/>\n<meta property=\"og:locale\" content=\"es_ES\" \/>\n<meta property=\"og:type\" content=\"article\" \/>\n<meta property=\"og:title\" content=\"Cintas de enmascarar profesionales - Facilita su trabajo de pintura- Trimaco\" \/>\n<meta property=\"og:description\" content=\"Trimaco ofrece una l\u00ednea de cintas de enmascarar profesionales. Desde cinta azul de 14 d\u00edas hasta papel caf\u00e9 de enmascarar pre-pegado para pintores, \u00a1Trimaco lo tiene cubierto!\" \/>\n<meta property=\"og:url\" content=\"https:\/\/trimaco.com\/es\/productos\/cintas-de-enmascarar-profesionales\/\" \/>\n<meta property=\"og:site_name\" content=\"Trimaco\" \/>\n<meta property=\"article:publisher\" content=\"https:\/\/www.facebook.com\/pages\/Trimaco\/346858225385747?ref=ts\" \/>\n<meta property=\"article:modified_time\" content=\"2022-02-17T20:43:19+00:00\" \/>\n<meta property=\"og:image\" content=\"https:\/\/trimaco.com\/wp-content\/uploads\/2020\/03\/lightlbue-2.jpg\" \/>\n\t<meta property=\"og:image:width\" content=\"1000\" \/>\n\t<meta property=\"og:image:height\" content=\"1000\" \/>\n\t<meta property=\"og:image:type\" content=\"image\/jpeg\" \/>\n<meta name=\"twitter:card\" content=\"summary_large_image\" \/>\n<meta name=\"twitter:site\" content=\"@trimacoinc\" \/>\n<meta name=\"twitter:label1\" content=\"Tiempo de lectura\" \/>\n\t<meta name=\"twitter:data1\" content=\"1 minuto\" \/>\n<!-- \/ Yoast SEO plugin. -->","yoast_head_json":{"title":"Cintas de enmascarar profesionales - Facilita su trabajo de pintura- Trimaco","description":"Trimaco ofrece una l\u00ednea de cintas de enmascarar profesionales. Desde cinta azul de 14 d\u00edas hasta papel caf\u00e9 de enmascarar pre-pegado para pintores, \u00a1Trimaco lo tiene cubierto!","robots":{"index":"index","follow":"follow","max-snippet":"max-snippet:-1","max-image-preview":"max-image-preview:large","max-video-preview":"max-video-preview:-1"},"canonical":"https:\/\/trimaco.com\/es\/productos\/cintas-de-enmascarar-profesionales\/","og_locale":"es_ES","og_type":"article","og_title":"Cintas de enmascarar profesionales - Facilita su trabajo de pintura- Trimaco","og_description":"Trimaco ofrece una l\u00ednea de cintas de enmascarar profesionales. Desde cinta azul de 14 d\u00edas hasta papel caf\u00e9 de enmascarar pre-pegado para pintores, \u00a1Trimaco lo tiene cubierto!","og_url":"https:\/\/trimaco.com\/es\/productos\/cintas-de-enmascarar-profesionales\/","og_site_name":"Trimaco","article_publisher":"https:\/\/www.facebook.com\/pages\/Trimaco\/346858225385747?ref=ts","article_modified_time":"2022-02-17T20:43:19+00:00","og_image":[{"width":1000,"height":1000,"url":"https:\/\/trimaco.com\/wp-content\/uploads\/2020\/03\/lightlbue-2.jpg","type":"image\/jpeg"}],"twitter_card":"summary_large_image","twitter_site":"@trimacoinc","twitter_misc":{"Tiempo de lectura":"1 minuto"},"schema":{"@context":"https:\/\/schema.org","@graph":[{"@type":"WebPage","@id":"https:\/\/trimaco.com\/es\/productos\/cintas-de-enmascarar-profesionales\/","url":"https:\/\/trimaco.com\/es\/productos\/cintas-de-enmascarar-profesionales\/","name":"Cintas de enmascarar profesionales - Facilita su trabajo de pintura- Trimaco","isPartOf":{"@id":"https:\/\/trimaco.com\/#website"},"primaryImageOfPage":{"@id":"https:\/\/trimaco.com\/es\/productos\/cintas-de-enmascarar-profesionales\/#primaryimage"},"image":{"@id":"https:\/\/trimaco.com\/es\/productos\/cintas-de-enmascarar-profesionales\/#primaryimage"},"thumbnailUrl":"https:\/\/trimaco.com\/wp-content\/uploads\/2020\/03\/lightlbue-2.jpg","datePublished":"2021-10-01T17:18:19+00:00","dateModified":"2022-02-17T20:43:19+00:00","description":"Trimaco ofrece una l\u00ednea de cintas de enmascarar profesionales. Desde cinta azul de 14 d\u00edas hasta papel caf\u00e9 de enmascarar pre-pegado para pintores, \u00a1Trimaco lo tiene cubierto!","breadcrumb":{"@id":"https:\/\/trimaco.com\/es\/productos\/cintas-de-enmascarar-profesionales\/#breadcrumb"},"inLanguage":"es","potentialAction":[{"@type":"ReadAction","target":["https:\/\/trimaco.com\/es\/productos\/cintas-de-enmascarar-profesionales\/"]}]},{"@type":"ImageObject","inLanguage":"es","@id":"https:\/\/trimaco.com\/es\/productos\/cintas-de-enmascarar-profesionales\/#primaryimage","url":"https:\/\/trimaco.com\/wp-content\/uploads\/2020\/03\/lightlbue-2.jpg","contentUrl":"https:\/\/trimaco.com\/wp-content\/uploads\/2020\/03\/lightlbue-2.jpg","width":1000,"height":1000},{"@type":"BreadcrumbList","@id":"https:\/\/trimaco.com\/es\/productos\/cintas-de-enmascarar-profesionales\/#breadcrumb","itemListElement":[{"@type":"ListItem","position":1,"name":"Home","item":"https:\/\/trimaco.com\/"},{"@type":"ListItem","position":2,"name":"Productos","item":"https:\/\/trimaco.com\/es\/productos\/"},{"@type":"ListItem","position":3,"name":"Cintas de enmascarar profesionales"}]},{"@type":"WebSite","@id":"https:\/\/trimaco.com\/#website","url":"https:\/\/trimaco.com\/","name":"Trimaco","description":"Total Jobsite Protection\u2122","publisher":{"@id":"https:\/\/trimaco.com\/#organization"},"potentialAction":[{"@type":"SearchAction","target":{"@type":"EntryPoint","urlTemplate":"https:\/\/trimaco.com\/?s={search_term_string}"},"query-input":{"@type":"PropertyValueSpecification","valueRequired":true,"valueName":"search_term_string"}}],"inLanguage":"es"},{"@type":"Organization","@id":"https:\/\/trimaco.com\/#organization","name":"Trimaco","url":"https:\/\/trimaco.com\/","logo":{"@type":"ImageObject","inLanguage":"es","@id":"https:\/\/trimaco.com\/#\/schema\/logo\/image\/","url":"https:\/\/trimaco.com\/wp-content\/uploads\/2016\/08\/login-logo.png","contentUrl":"https:\/\/trimaco.com\/wp-content\/uploads\/2016\/08\/login-logo.png","width":450,"height":69,"caption":"Trimaco"},"image":{"@id":"https:\/\/trimaco.com\/#\/schema\/logo\/image\/"},"sameAs":["https:\/\/www.facebook.com\/pages\/Trimaco\/346858225385747?ref=ts","https:\/\/x.com\/trimacoinc","https:\/\/www.instagram.com\/trimaco_inc\/","https:\/\/pinterest.com\/trimaco\/","https:\/\/www.youtube.com\/c\/trimacoinc"]}]}},"_links":{"self":[{"href":"https:\/\/trimaco.com\/es\/wp-json\/wp\/v2\/pages\/14576","targetHints":{"allow":["GET"]}}],"collection":[{"href":"https:\/\/trimaco.com\/es\/wp-json\/wp\/v2\/pages"}],"about":[{"href":"https:\/\/trimaco.com\/es\/wp-json\/wp\/v2\/types\/page"}],"author":[{"embeddable":true,"href":"https:\/\/trimaco.com\/es\/wp-json\/wp\/v2\/users\/9"}],"replies":[{"embeddable":true,"href":"https:\/\/trimaco.com\/es\/wp-json\/wp\/v2\/comments?post=14576"}],"version-history":[{"count":0,"href":"https:\/\/trimaco.com\/es\/wp-json\/wp\/v2\/pages\/14576\/revisions"}],"up":[{"embeddable":true,"href":"https:\/\/trimaco.com\/es\/wp-json\/wp\/v2\/pages\/10374"}],"wp:featuredmedia":[{"embeddable":true,"href":"https:\/\/trimaco.com\/es\/wp-json\/wp\/v2\/media\/16778"}],"wp:attachment":[{"href":"https:\/\/trimaco.com\/es\/wp-json\/wp\/v2\/media?parent=14576"}],"curies":[{"name":"wp","href":"https:\/\/api.w.org\/{rel}","templated":true}]}}