{"id":14573,"date":"2021-10-01T11:32:21","date_gmt":"2021-10-01T15:32:21","guid":{"rendered":"https:\/\/trimaco.wpengine.com\/productos\/productos-de-enmascarar-de-plastico\/enmascaradores-profesionales-y-cuchillas-para-enmascarar\/"},"modified":"2024-04-09T09:35:12","modified_gmt":"2024-04-09T13:35:12","slug":"enmascaradores-profesionales-y-cuchillas-para-enmascarar","status":"publish","type":"page","link":"https:\/\/trimaco.com\/es\/productos\/productos-de-enmascarar-de-plastico\/enmascaradores-profesionales-y-cuchillas-para-enmascarar\/","title":{"rendered":"Enmascaradores profesionales y cuchillas para enmascarar"},"content":{"rendered":"<h3>SISTEMA DE ENMASCARAR DE M\u00c1SCARA F\u00c1CIL<\/h3>\n<p>Nuestro enmascarador Easy Mask\u00ae funciona con nuestra l\u00ednea completa de papeles, pel\u00edculas, cintas y cuchillas de enmascarar para adaptarse a las necesidades de cualquier trabajo. El QM5000 PRO&#x2122; tiene un mango de agarre c\u00f3modo, lo que facilita a los pintores profesionales enmascarar grandes \u00e1reas sin esfuerzo. El enmascarador coloca cinta adhesiva en los bordes de la pel\u00edcula o el papel, lo que permite a un pintor enmascarar grandes \u00e1reas f\u00e1cilmente.<\/p>\n<ul>\n<li>R\u00e1pido y f\u00e1cil: cargar, enmascarar, cortar<\/li>\n<li>Para uso comercial o residencial<\/li>\n<li>Preparaci\u00f3n 3 veces m\u00e1s r\u00e1pido<\/li>\n<\/ul>\n<p><em>Enmascaradores<\/em><br \/>\n<a href=\"https:\/\/trimaco.com\/es\/advertencia-tres\/\" rel=\"noopener noreferrer\" target=\"_blank\">ADVERTENCIA<\/a><\/p>\n<table>\n<tbody>\n<tr>\n<th># DE ART\u00cdCULO<\/th>\n<th>Paquete de<\/th>\n<th>CONTENIDO<\/th>\n<\/tr>\n<tr>\n<td>QM5000<\/td>\n<td>6<\/td>\n<td>Enmascarador para contratista<\/td>\n<\/tr>\n<\/tbody>\n<\/table>\n<p><em>Hoja de pel\u00edcula y papel<\/em><\/p>\n<table>\n<tbody>\n<tr>\n<th># DE ART\u00cdCULO<\/th>\n<th>Paquete de<\/th>\n<th>CONTENIDO<\/th>\n<\/tr>\n<tr>\n<td>QM2012\/6<\/td>\n<td>6<\/td>\n<td>Pel\u00edcula de 12&#8243; + Cuchilla para papel<\/td>\n<\/tr>\n<\/tbody>\n<\/table>\n<p><em>Cuchillas para papel<\/em><\/p>\n<table>\n<tbody>\n<tr>\n<th># DE ART\u00cdCULO<\/th>\n<th>Paquete de<\/th>\n<th>CONTENIDO<\/th>\n<\/tr>\n<tr>\n<td>QM1006\/6<\/td>\n<td>6<\/td>\n<td>Cuchilla de 6\u2033 para papel<\/td>\n<\/tr>\n<tr>\n<td>QM1009\/6<\/td>\n<td>6<\/td>\n<td>Cuchilla de 9\u2033 para papel<\/td>\n<\/tr>\n<tr>\n<td>QM1012\/6<\/td>\n<td>6<\/td>\n<td>Cuchilla de 12\u2033 para papel<\/td>\n<\/tr>\n<\/tbody>\n<\/table>\n","protected":false},"excerpt":{"rendered":"<p>Ayuda a facilitar el proceso de enmascarar.<\/p>\n","protected":false},"author":2,"featured_media":14570,"parent":14544,"menu_order":6,"comment_status":"closed","ping_status":"closed","template":"page_products-grandchild.php","meta":{"_acf_changed":false,"footnotes":""},"class_list":["post-14573","page","type-page","status-publish","has-post-thumbnail","hentry"],"acf":[],"yoast_head":"<!-- This site is optimized with the Yoast SEO plugin v27.1.1 - https:\/\/yoast.com\/product\/yoast-seo-wordpress\/ -->\n<title>Herramienta y cuchillas para enmascarar - Trimaco<\/title>\n<meta name=\"description\" content=\"Utilice cualquiera de los enmascaradores Easy Mask\u00ae con nuestra l\u00ednea completa de papeles, pel\u00edculas, cintas y cuchillas de enmascarar para adaptarse a las necesidades de cualquier trabajo.\" \/>\n<meta name=\"robots\" content=\"index, follow, max-snippet:-1, max-image-preview:large, max-video-preview:-1\" \/>\n<link rel=\"canonical\" href=\"https:\/\/trimaco.com\/es\/productos\/productos-de-enmascarar-de-plastico\/enmascaradores-profesionales-y-cuchillas-para-enmascarar\/\" \/>\n<meta property=\"og:locale\" content=\"es_ES\" \/>\n<meta property=\"og:type\" content=\"article\" \/>\n<meta property=\"og:title\" content=\"Herramienta y cuchillas para enmascarar - Trimaco\" \/>\n<meta property=\"og:description\" content=\"Utilice cualquiera de los enmascaradores Easy Mask\u00ae con nuestra l\u00ednea completa de papeles, pel\u00edculas, cintas y cuchillas de enmascarar para adaptarse a las necesidades de cualquier trabajo.\" \/>\n<meta property=\"og:url\" content=\"https:\/\/trimaco.com\/es\/productos\/productos-de-enmascarar-de-plastico\/enmascaradores-profesionales-y-cuchillas-para-enmascarar\/\" \/>\n<meta property=\"og:site_name\" content=\"Trimaco\" \/>\n<meta property=\"article:publisher\" content=\"https:\/\/www.facebook.com\/pages\/Trimaco\/346858225385747?ref=ts\" \/>\n<meta property=\"article:modified_time\" content=\"2024-04-09T13:35:12+00:00\" \/>\n<meta property=\"og:image\" content=\"https:\/\/trimaco.com\/wp-content\/uploads\/2017\/02\/maskersandblades-2.jpg\" \/>\n\t<meta property=\"og:image:width\" content=\"1000\" \/>\n\t<meta property=\"og:image:height\" content=\"1000\" \/>\n\t<meta property=\"og:image:type\" content=\"image\/jpeg\" \/>\n<meta name=\"twitter:card\" content=\"summary_large_image\" \/>\n<meta name=\"twitter:site\" content=\"@trimacoinc\" \/>\n<meta name=\"twitter:label1\" content=\"Tiempo de lectura\" \/>\n\t<meta name=\"twitter:data1\" content=\"1 minuto\" \/>\n<!-- \/ Yoast SEO plugin. -->","yoast_head_json":{"title":"Herramienta y cuchillas para enmascarar - Trimaco","description":"Utilice cualquiera de los enmascaradores Easy Mask\u00ae con nuestra l\u00ednea completa de papeles, pel\u00edculas, cintas y cuchillas de enmascarar para adaptarse a las necesidades de cualquier trabajo.","robots":{"index":"index","follow":"follow","max-snippet":"max-snippet:-1","max-image-preview":"max-image-preview:large","max-video-preview":"max-video-preview:-1"},"canonical":"https:\/\/trimaco.com\/es\/productos\/productos-de-enmascarar-de-plastico\/enmascaradores-profesionales-y-cuchillas-para-enmascarar\/","og_locale":"es_ES","og_type":"article","og_title":"Herramienta y cuchillas para enmascarar - Trimaco","og_description":"Utilice cualquiera de los enmascaradores Easy Mask\u00ae con nuestra l\u00ednea completa de papeles, pel\u00edculas, cintas y cuchillas de enmascarar para adaptarse a las necesidades de cualquier trabajo.","og_url":"https:\/\/trimaco.com\/es\/productos\/productos-de-enmascarar-de-plastico\/enmascaradores-profesionales-y-cuchillas-para-enmascarar\/","og_site_name":"Trimaco","article_publisher":"https:\/\/www.facebook.com\/pages\/Trimaco\/346858225385747?ref=ts","article_modified_time":"2024-04-09T13:35:12+00:00","og_image":[{"width":1000,"height":1000,"url":"https:\/\/trimaco.com\/wp-content\/uploads\/2017\/02\/maskersandblades-2.jpg","type":"image\/jpeg"}],"twitter_card":"summary_large_image","twitter_site":"@trimacoinc","twitter_misc":{"Tiempo de lectura":"1 minuto"},"schema":{"@context":"https:\/\/schema.org","@graph":[{"@type":"WebPage","@id":"https:\/\/trimaco.com\/es\/productos\/productos-de-enmascarar-de-plastico\/enmascaradores-profesionales-y-cuchillas-para-enmascarar\/","url":"https:\/\/trimaco.com\/es\/productos\/productos-de-enmascarar-de-plastico\/enmascaradores-profesionales-y-cuchillas-para-enmascarar\/","name":"Herramienta y cuchillas para enmascarar - Trimaco","isPartOf":{"@id":"https:\/\/trimaco.com\/#website"},"primaryImageOfPage":{"@id":"https:\/\/trimaco.com\/es\/productos\/productos-de-enmascarar-de-plastico\/enmascaradores-profesionales-y-cuchillas-para-enmascarar\/#primaryimage"},"image":{"@id":"https:\/\/trimaco.com\/es\/productos\/productos-de-enmascarar-de-plastico\/enmascaradores-profesionales-y-cuchillas-para-enmascarar\/#primaryimage"},"thumbnailUrl":"https:\/\/trimaco.com\/wp-content\/uploads\/2017\/02\/maskersandblades-2.jpg","datePublished":"2021-10-01T15:32:21+00:00","dateModified":"2024-04-09T13:35:12+00:00","description":"Utilice cualquiera de los enmascaradores Easy Mask\u00ae con nuestra l\u00ednea completa de papeles, pel\u00edculas, cintas y cuchillas de enmascarar para adaptarse a las necesidades de cualquier trabajo.","breadcrumb":{"@id":"https:\/\/trimaco.com\/es\/productos\/productos-de-enmascarar-de-plastico\/enmascaradores-profesionales-y-cuchillas-para-enmascarar\/#breadcrumb"},"inLanguage":"es","potentialAction":[{"@type":"ReadAction","target":["https:\/\/trimaco.com\/es\/productos\/productos-de-enmascarar-de-plastico\/enmascaradores-profesionales-y-cuchillas-para-enmascarar\/"]}]},{"@type":"ImageObject","inLanguage":"es","@id":"https:\/\/trimaco.com\/es\/productos\/productos-de-enmascarar-de-plastico\/enmascaradores-profesionales-y-cuchillas-para-enmascarar\/#primaryimage","url":"https:\/\/trimaco.com\/wp-content\/uploads\/2017\/02\/maskersandblades-2.jpg","contentUrl":"https:\/\/trimaco.com\/wp-content\/uploads\/2017\/02\/maskersandblades-2.jpg","width":1000,"height":1000,"caption":"Masking off a wall with hand masker"},{"@type":"BreadcrumbList","@id":"https:\/\/trimaco.com\/es\/productos\/productos-de-enmascarar-de-plastico\/enmascaradores-profesionales-y-cuchillas-para-enmascarar\/#breadcrumb","itemListElement":[{"@type":"ListItem","position":1,"name":"Home","item":"https:\/\/trimaco.com\/"},{"@type":"ListItem","position":2,"name":"Productos","item":"https:\/\/trimaco.com\/es\/productos\/"},{"@type":"ListItem","position":3,"name":"Productos de enmascarar de pl\u00e1stico","item":"https:\/\/trimaco.com\/es\/productos\/productos-de-enmascarar-de-plastico\/"},{"@type":"ListItem","position":4,"name":"Enmascaradores profesionales y cuchillas para enmascarar"}]},{"@type":"WebSite","@id":"https:\/\/trimaco.com\/#website","url":"https:\/\/trimaco.com\/","name":"Trimaco","description":"Total Jobsite Protection\u2122","publisher":{"@id":"https:\/\/trimaco.com\/#organization"},"potentialAction":[{"@type":"SearchAction","target":{"@type":"EntryPoint","urlTemplate":"https:\/\/trimaco.com\/?s={search_term_string}"},"query-input":{"@type":"PropertyValueSpecification","valueRequired":true,"valueName":"search_term_string"}}],"inLanguage":"es"},{"@type":"Organization","@id":"https:\/\/trimaco.com\/#organization","name":"Trimaco","url":"https:\/\/trimaco.com\/","logo":{"@type":"ImageObject","inLanguage":"es","@id":"https:\/\/trimaco.com\/#\/schema\/logo\/image\/","url":"https:\/\/trimaco.com\/wp-content\/uploads\/2016\/08\/login-logo.png","contentUrl":"https:\/\/trimaco.com\/wp-content\/uploads\/2016\/08\/login-logo.png","width":450,"height":69,"caption":"Trimaco"},"image":{"@id":"https:\/\/trimaco.com\/#\/schema\/logo\/image\/"},"sameAs":["https:\/\/www.facebook.com\/pages\/Trimaco\/346858225385747?ref=ts","https:\/\/x.com\/trimacoinc","https:\/\/www.instagram.com\/trimaco_inc\/","https:\/\/pinterest.com\/trimaco\/","https:\/\/www.youtube.com\/c\/trimacoinc"]}]}},"_links":{"self":[{"href":"https:\/\/trimaco.com\/es\/wp-json\/wp\/v2\/pages\/14573","targetHints":{"allow":["GET"]}}],"collection":[{"href":"https:\/\/trimaco.com\/es\/wp-json\/wp\/v2\/pages"}],"about":[{"href":"https:\/\/trimaco.com\/es\/wp-json\/wp\/v2\/types\/page"}],"author":[{"embeddable":true,"href":"https:\/\/trimaco.com\/es\/wp-json\/wp\/v2\/users\/2"}],"replies":[{"embeddable":true,"href":"https:\/\/trimaco.com\/es\/wp-json\/wp\/v2\/comments?post=14573"}],"version-history":[{"count":0,"href":"https:\/\/trimaco.com\/es\/wp-json\/wp\/v2\/pages\/14573\/revisions"}],"up":[{"embeddable":true,"href":"https:\/\/trimaco.com\/es\/wp-json\/wp\/v2\/pages\/14544"}],"wp:featuredmedia":[{"embeddable":true,"href":"https:\/\/trimaco.com\/es\/wp-json\/wp\/v2\/media\/14570"}],"wp:attachment":[{"href":"https:\/\/trimaco.com\/es\/wp-json\/wp\/v2\/media?parent=14573"}],"curies":[{"name":"wp","href":"https:\/\/api.w.org\/{rel}","templated":true}]}}