{"id":14571,"date":"2021-10-01T11:27:53","date_gmt":"2021-10-01T15:27:53","guid":{"rendered":"https:\/\/trimaco.wpengine.com\/advertencia-tres\/"},"modified":"2025-07-15T12:19:23","modified_gmt":"2025-07-15T16:19:23","slug":"advertencia-tres","status":"publish","type":"page","link":"https:\/\/trimaco.com\/es\/advertencia-tres\/","title":{"rendered":"ADVERTENCIA tres"},"content":{"rendered":"<p>Advertencia: Este producto lo puede exponer a qu\u00edmicos, incluyendo: El Ftalato de dibutilo (DBP-Dibutilftalato), Bis (2-etilhexileno) Ftalato (DEHP), y Ftalato Diisononilo (DINP), que son conocidos en el estado de California como causantes de c\u00e1ncer, defectos de nacimiento y otros da\u00f1os reproductivos. Para mayor informaci\u00f3n vaya al sitio web: <a href=\"http:\/\/www.P65Warnings.ca.gov\" rel=\"noopener noreferrer\" target=\"_blank\">www.P65Warnings.ca.gov.<\/a><\/p>\n","protected":false},"excerpt":{"rendered":"<p>Advertencia: Este producto lo puede exponer a qu\u00edmicos, incluyendo: El Ftalato de dibutilo (DBP-Dibutilftalato), Bis (2-etilhexileno) Ftalato (DEHP), y Ftalato Diisononilo (DINP), que son conocidos en el estado de California como causantes de c\u00e1ncer, defectos<a class=\"read-more\" href=\"https:\/\/trimaco.com\/es\/advertencia-tres\/\"> &#8230;Continue Reading<\/a><\/p>\n","protected":false},"author":2,"featured_media":0,"parent":0,"menu_order":0,"comment_status":"closed","ping_status":"closed","template":"","meta":{"_acf_changed":false,"footnotes":""},"class_list":["post-14571","page","type-page","status-publish","hentry"],"acf":[],"yoast_head":"<!-- This site is optimized with the Yoast SEO plugin v27.3 - https:\/\/yoast.com\/product\/yoast-seo-wordpress\/ -->\n<title>ADVERTENCIA tres - Trimaco<\/title>\n<meta name=\"robots\" content=\"noindex, follow\" \/>\n<meta property=\"og:locale\" content=\"es_ES\" \/>\n<meta property=\"og:type\" content=\"article\" \/>\n<meta property=\"og:title\" content=\"ADVERTENCIA tres - Trimaco\" \/>\n<meta property=\"og:description\" content=\"Advertencia: Este producto lo puede exponer a qu\u00edmicos, incluyendo: El Ftalato de dibutilo (DBP-Dibutilftalato), Bis (2-etilhexileno) Ftalato (DEHP), y Ftalato Diisononilo (DINP), que son conocidos en el estado de California como causantes de c\u00e1ncer, defectos ...Continue Reading\" \/>\n<meta property=\"og:url\" content=\"https:\/\/trimaco.com\/es\/advertencia-tres\/\" \/>\n<meta property=\"og:site_name\" content=\"Trimaco\" \/>\n<meta property=\"article:publisher\" content=\"https:\/\/www.facebook.com\/pages\/Trimaco\/346858225385747?ref=ts\" \/>\n<meta property=\"article:modified_time\" content=\"2025-07-15T16:19:23+00:00\" \/>\n<meta name=\"twitter:card\" content=\"summary_large_image\" \/>\n<meta name=\"twitter:site\" content=\"@trimacoinc\" \/>\n<meta name=\"twitter:label1\" content=\"Tiempo de lectura\" \/>\n\t<meta name=\"twitter:data1\" content=\"1 minuto\" \/>\n<!-- \/ Yoast SEO plugin. -->","yoast_head_json":{"title":"ADVERTENCIA tres - Trimaco","robots":{"index":"noindex","follow":"follow"},"og_locale":"es_ES","og_type":"article","og_title":"ADVERTENCIA tres - Trimaco","og_description":"Advertencia: Este producto lo puede exponer a qu\u00edmicos, incluyendo: El Ftalato de dibutilo (DBP-Dibutilftalato), Bis (2-etilhexileno) Ftalato (DEHP), y Ftalato Diisononilo (DINP), que son conocidos en el estado de California como causantes de c\u00e1ncer, defectos ...Continue Reading","og_url":"https:\/\/trimaco.com\/es\/advertencia-tres\/","og_site_name":"Trimaco","article_publisher":"https:\/\/www.facebook.com\/pages\/Trimaco\/346858225385747?ref=ts","article_modified_time":"2025-07-15T16:19:23+00:00","twitter_card":"summary_large_image","twitter_site":"@trimacoinc","twitter_misc":{"Tiempo de lectura":"1 minuto"},"schema":{"@context":"https:\/\/schema.org","@graph":[{"@type":"WebPage","@id":"https:\/\/trimaco.com\/es\/advertencia-tres\/","url":"https:\/\/trimaco.com\/es\/advertencia-tres\/","name":"ADVERTENCIA tres - Trimaco","isPartOf":{"@id":"https:\/\/trimaco.com\/#website"},"datePublished":"2021-10-01T15:27:53+00:00","dateModified":"2025-07-15T16:19:23+00:00","breadcrumb":{"@id":"https:\/\/trimaco.com\/es\/advertencia-tres\/#breadcrumb"},"inLanguage":"es","potentialAction":[{"@type":"ReadAction","target":["https:\/\/trimaco.com\/es\/advertencia-tres\/"]}]},{"@type":"BreadcrumbList","@id":"https:\/\/trimaco.com\/es\/advertencia-tres\/#breadcrumb","itemListElement":[{"@type":"ListItem","position":1,"name":"Home","item":"https:\/\/trimaco.com\/"},{"@type":"ListItem","position":2,"name":"ADVERTENCIA tres"}]},{"@type":"WebSite","@id":"https:\/\/trimaco.com\/#website","url":"https:\/\/trimaco.com\/","name":"Trimaco","description":"Total Jobsite Protection\u2122","publisher":{"@id":"https:\/\/trimaco.com\/#organization"},"potentialAction":[{"@type":"SearchAction","target":{"@type":"EntryPoint","urlTemplate":"https:\/\/trimaco.com\/?s={search_term_string}"},"query-input":{"@type":"PropertyValueSpecification","valueRequired":true,"valueName":"search_term_string"}}],"inLanguage":"es"},{"@type":"Organization","@id":"https:\/\/trimaco.com\/#organization","name":"Trimaco","url":"https:\/\/trimaco.com\/","logo":{"@type":"ImageObject","inLanguage":"es","@id":"https:\/\/trimaco.com\/#\/schema\/logo\/image\/","url":"https:\/\/trimaco.com\/wp-content\/uploads\/2016\/08\/login-logo.png","contentUrl":"https:\/\/trimaco.com\/wp-content\/uploads\/2016\/08\/login-logo.png","width":450,"height":69,"caption":"Trimaco"},"image":{"@id":"https:\/\/trimaco.com\/#\/schema\/logo\/image\/"},"sameAs":["https:\/\/www.facebook.com\/pages\/Trimaco\/346858225385747?ref=ts","https:\/\/x.com\/trimacoinc","https:\/\/www.instagram.com\/trimaco_inc\/","https:\/\/pinterest.com\/trimaco\/","https:\/\/www.youtube.com\/c\/trimacoinc"]}]}},"_links":{"self":[{"href":"https:\/\/trimaco.com\/es\/wp-json\/wp\/v2\/pages\/14571","targetHints":{"allow":["GET"]}}],"collection":[{"href":"https:\/\/trimaco.com\/es\/wp-json\/wp\/v2\/pages"}],"about":[{"href":"https:\/\/trimaco.com\/es\/wp-json\/wp\/v2\/types\/page"}],"author":[{"embeddable":true,"href":"https:\/\/trimaco.com\/es\/wp-json\/wp\/v2\/users\/2"}],"replies":[{"embeddable":true,"href":"https:\/\/trimaco.com\/es\/wp-json\/wp\/v2\/comments?post=14571"}],"version-history":[{"count":0,"href":"https:\/\/trimaco.com\/es\/wp-json\/wp\/v2\/pages\/14571\/revisions"}],"wp:attachment":[{"href":"https:\/\/trimaco.com\/es\/wp-json\/wp\/v2\/media?parent=14571"}],"curies":[{"name":"wp","href":"https:\/\/api.w.org\/{rel}","templated":true}]}}