{"id":14568,"date":"2021-10-01T11:26:24","date_gmt":"2021-10-01T15:26:24","guid":{"rendered":"https:\/\/trimaco.wpengine.com\/productos\/productos-de-enmascarar-de-plastico\/kit-de-enmascarar-pro-starter\/"},"modified":"2024-04-09T09:34:56","modified_gmt":"2024-04-09T13:34:56","slug":"kit-de-enmascarar-pro-starter","status":"publish","type":"page","link":"https:\/\/trimaco.com\/es\/productos\/productos-de-enmascarar-de-plastico\/kit-de-enmascarar-pro-starter\/","title":{"rendered":"Kit de enmascarar Pro Starter"},"content":{"rendered":"<h3>TODO LO QUE NECESITA EN UN SOLO PAQUETE.<\/h3>\n<p>Reduzca la mano de obra y aumente sus resultados con el kit de inicio QM5000 PRO&#x2122;. Con un ajuste ergon\u00f3mico, la herramienta para enmascarar es f\u00e1cil de usar y reduce dr\u00e1sticamente el tiempo de preparaci\u00f3n. \u00a1Los retoques de pintura son cosa del pasado! El kit contiene nuestra herramienta QM5000 <a href=\"https:\/\/trimaco.com\/es\/advertencia-tres\/\" rel=\"noopener noreferrer\" target=\"_blank\">ADVERTENCIA<\/a>de primera l\u00ednea, 1 rollo de pel\u00edcula de 72 &#8220;x 90&#8242; (1.83m x 27.43m) Pel\u00edcula de enmascarar Premium, una cuchilla de pel\u00edcula de 12&#8243; (30.48cm) y un rollo de 1.5&#8221; x 164&#8242; (36mm x 50mm) KleenEdge PerfectEdge&#x2122; Cinta para pintar. <\/p>\n<ul>\n<li>\u00a1Enmascara 3 veces m\u00e1s r\u00e1pido!<\/li>\n<li>La pel\u00edcula se aferra a cualquier cosa y atrae el exceso de pintura<\/li>\n<li>Para uso comercial o residencial<\/li>\n<\/ul>\n<p><em>Kit de inicio QM5000 Pro<\/em><\/p>\n<table>\n<tbody>\n<tr>\n<th># DE ART\u00cdCULO<\/th>\n<th>Paquete de<\/th>\n<th>CONTENIDO<\/th>\n<\/tr>\n<tr>\n<td>MK004<\/td>\n<td>4<\/td>\n<td>1 rollo de pel\u00edcula Premium de 72 &#8220;x 90&#8243;,1 hoja de pel\u00edcula de 12&#8221;, 1 enmascarador QM5000, cinta de pintura KleenEdge PerfectEdge de 1 rollo<\/td>\n<\/tr>\n<\/tr>\n<\/tbody>\n<\/table>\n","protected":false},"excerpt":{"rendered":"<p>Viene con todo lo que necesita para comenzar a enmascarar todos sus trabajos.<\/p>\n","protected":false},"author":2,"featured_media":14569,"parent":14544,"menu_order":5,"comment_status":"closed","ping_status":"closed","template":"page_products-grandchild.php","meta":{"_acf_changed":false,"footnotes":""},"class_list":["post-14568","page","type-page","status-publish","has-post-thumbnail","hentry"],"acf":[],"yoast_head":"<!-- This site is optimized with the Yoast SEO plugin v27.5 - https:\/\/yoast.com\/product\/yoast-seo-wordpress\/ -->\n<title>Paquete inicial de equipo de enmascarar Pro Starter - Trimaco<\/title>\n<meta name=\"description\" content=\"\u00bfNecesita soluciones de enmascarar eficientes? Nuestro kit de enmascarar Pro Starter tiene todo lo que necesita para su trabajo de pintura residencial o comercial. Vea nuestro kit hoy.\" \/>\n<meta name=\"robots\" content=\"index, follow, max-snippet:-1, max-image-preview:large, max-video-preview:-1\" \/>\n<link rel=\"canonical\" href=\"https:\/\/trimaco.com\/es\/productos\/productos-de-enmascarar-de-plastico\/kit-de-enmascarar-pro-starter\/\" \/>\n<meta property=\"og:locale\" content=\"es_ES\" \/>\n<meta property=\"og:type\" content=\"article\" \/>\n<meta property=\"og:title\" content=\"Paquete inicial de equipo de enmascarar Pro Starter - Trimaco\" \/>\n<meta property=\"og:description\" content=\"\u00bfNecesita soluciones de enmascarar eficientes? Nuestro kit de enmascarar Pro Starter tiene todo lo que necesita para su trabajo de pintura residencial o comercial. Vea nuestro kit hoy.\" \/>\n<meta property=\"og:url\" content=\"https:\/\/trimaco.com\/es\/productos\/productos-de-enmascarar-de-plastico\/kit-de-enmascarar-pro-starter\/\" \/>\n<meta property=\"og:site_name\" content=\"Trimaco\" \/>\n<meta property=\"article:publisher\" content=\"https:\/\/www.facebook.com\/pages\/Trimaco\/346858225385747?ref=ts\" \/>\n<meta property=\"article:modified_time\" content=\"2024-04-09T13:34:56+00:00\" \/>\n<meta property=\"og:image\" content=\"https:\/\/trimaco.com\/wp-content\/uploads\/2017\/02\/maskersandblades-1.jpg\" \/>\n\t<meta property=\"og:image:width\" content=\"1000\" \/>\n\t<meta property=\"og:image:height\" content=\"1000\" \/>\n\t<meta property=\"og:image:type\" content=\"image\/jpeg\" \/>\n<meta name=\"twitter:card\" content=\"summary_large_image\" \/>\n<meta name=\"twitter:site\" content=\"@trimacoinc\" \/>\n<meta name=\"twitter:label1\" content=\"Tiempo de lectura\" \/>\n\t<meta name=\"twitter:data1\" content=\"1 minuto\" \/>\n<!-- \/ Yoast SEO plugin. -->","yoast_head_json":{"title":"Paquete inicial de equipo de enmascarar Pro Starter - Trimaco","description":"\u00bfNecesita soluciones de enmascarar eficientes? Nuestro kit de enmascarar Pro Starter tiene todo lo que necesita para su trabajo de pintura residencial o comercial. Vea nuestro kit hoy.","robots":{"index":"index","follow":"follow","max-snippet":"max-snippet:-1","max-image-preview":"max-image-preview:large","max-video-preview":"max-video-preview:-1"},"canonical":"https:\/\/trimaco.com\/es\/productos\/productos-de-enmascarar-de-plastico\/kit-de-enmascarar-pro-starter\/","og_locale":"es_ES","og_type":"article","og_title":"Paquete inicial de equipo de enmascarar Pro Starter - Trimaco","og_description":"\u00bfNecesita soluciones de enmascarar eficientes? Nuestro kit de enmascarar Pro Starter tiene todo lo que necesita para su trabajo de pintura residencial o comercial. Vea nuestro kit hoy.","og_url":"https:\/\/trimaco.com\/es\/productos\/productos-de-enmascarar-de-plastico\/kit-de-enmascarar-pro-starter\/","og_site_name":"Trimaco","article_publisher":"https:\/\/www.facebook.com\/pages\/Trimaco\/346858225385747?ref=ts","article_modified_time":"2024-04-09T13:34:56+00:00","og_image":[{"width":1000,"height":1000,"url":"https:\/\/trimaco.com\/wp-content\/uploads\/2017\/02\/maskersandblades-1.jpg","type":"image\/jpeg"}],"twitter_card":"summary_large_image","twitter_site":"@trimacoinc","twitter_misc":{"Tiempo de lectura":"1 minuto"},"schema":{"@context":"https:\/\/schema.org","@graph":[{"@type":"WebPage","@id":"https:\/\/trimaco.com\/es\/productos\/productos-de-enmascarar-de-plastico\/kit-de-enmascarar-pro-starter\/","url":"https:\/\/trimaco.com\/es\/productos\/productos-de-enmascarar-de-plastico\/kit-de-enmascarar-pro-starter\/","name":"Paquete inicial de equipo de enmascarar Pro Starter - Trimaco","isPartOf":{"@id":"https:\/\/trimaco.com\/#website"},"primaryImageOfPage":{"@id":"https:\/\/trimaco.com\/es\/productos\/productos-de-enmascarar-de-plastico\/kit-de-enmascarar-pro-starter\/#primaryimage"},"image":{"@id":"https:\/\/trimaco.com\/es\/productos\/productos-de-enmascarar-de-plastico\/kit-de-enmascarar-pro-starter\/#primaryimage"},"thumbnailUrl":"https:\/\/trimaco.com\/wp-content\/uploads\/2017\/02\/maskersandblades-1.jpg","datePublished":"2021-10-01T15:26:24+00:00","dateModified":"2024-04-09T13:34:56+00:00","description":"\u00bfNecesita soluciones de enmascarar eficientes? Nuestro kit de enmascarar Pro Starter tiene todo lo que necesita para su trabajo de pintura residencial o comercial. Vea nuestro kit hoy.","breadcrumb":{"@id":"https:\/\/trimaco.com\/es\/productos\/productos-de-enmascarar-de-plastico\/kit-de-enmascarar-pro-starter\/#breadcrumb"},"inLanguage":"es","potentialAction":[{"@type":"ReadAction","target":["https:\/\/trimaco.com\/es\/productos\/productos-de-enmascarar-de-plastico\/kit-de-enmascarar-pro-starter\/"]}]},{"@type":"ImageObject","inLanguage":"es","@id":"https:\/\/trimaco.com\/es\/productos\/productos-de-enmascarar-de-plastico\/kit-de-enmascarar-pro-starter\/#primaryimage","url":"https:\/\/trimaco.com\/wp-content\/uploads\/2017\/02\/maskersandblades-1.jpg","contentUrl":"https:\/\/trimaco.com\/wp-content\/uploads\/2017\/02\/maskersandblades-1.jpg","width":1000,"height":1000,"caption":"Hand masker in use"},{"@type":"BreadcrumbList","@id":"https:\/\/trimaco.com\/es\/productos\/productos-de-enmascarar-de-plastico\/kit-de-enmascarar-pro-starter\/#breadcrumb","itemListElement":[{"@type":"ListItem","position":1,"name":"Home","item":"https:\/\/trimaco.com\/"},{"@type":"ListItem","position":2,"name":"Productos","item":"https:\/\/trimaco.com\/es\/productos\/"},{"@type":"ListItem","position":3,"name":"Productos de enmascarar de pl\u00e1stico","item":"https:\/\/trimaco.com\/es\/productos\/productos-de-enmascarar-de-plastico\/"},{"@type":"ListItem","position":4,"name":"Kit de enmascarar Pro Starter"}]},{"@type":"WebSite","@id":"https:\/\/trimaco.com\/#website","url":"https:\/\/trimaco.com\/","name":"Trimaco","description":"Total Jobsite Protection\u2122","publisher":{"@id":"https:\/\/trimaco.com\/#organization"},"potentialAction":[{"@type":"SearchAction","target":{"@type":"EntryPoint","urlTemplate":"https:\/\/trimaco.com\/?s={search_term_string}"},"query-input":{"@type":"PropertyValueSpecification","valueRequired":true,"valueName":"search_term_string"}}],"inLanguage":"es"},{"@type":"Organization","@id":"https:\/\/trimaco.com\/#organization","name":"Trimaco","url":"https:\/\/trimaco.com\/","logo":{"@type":"ImageObject","inLanguage":"es","@id":"https:\/\/trimaco.com\/#\/schema\/logo\/image\/","url":"https:\/\/trimaco.com\/wp-content\/uploads\/2016\/08\/login-logo.png","contentUrl":"https:\/\/trimaco.com\/wp-content\/uploads\/2016\/08\/login-logo.png","width":450,"height":69,"caption":"Trimaco"},"image":{"@id":"https:\/\/trimaco.com\/#\/schema\/logo\/image\/"},"sameAs":["https:\/\/www.facebook.com\/pages\/Trimaco\/346858225385747?ref=ts","https:\/\/x.com\/trimacoinc","https:\/\/www.instagram.com\/trimaco_inc\/","https:\/\/pinterest.com\/trimaco\/","https:\/\/www.youtube.com\/c\/trimacoinc"]}]}},"_links":{"self":[{"href":"https:\/\/trimaco.com\/es\/wp-json\/wp\/v2\/pages\/14568","targetHints":{"allow":["GET"]}}],"collection":[{"href":"https:\/\/trimaco.com\/es\/wp-json\/wp\/v2\/pages"}],"about":[{"href":"https:\/\/trimaco.com\/es\/wp-json\/wp\/v2\/types\/page"}],"author":[{"embeddable":true,"href":"https:\/\/trimaco.com\/es\/wp-json\/wp\/v2\/users\/2"}],"replies":[{"embeddable":true,"href":"https:\/\/trimaco.com\/es\/wp-json\/wp\/v2\/comments?post=14568"}],"version-history":[{"count":0,"href":"https:\/\/trimaco.com\/es\/wp-json\/wp\/v2\/pages\/14568\/revisions"}],"up":[{"embeddable":true,"href":"https:\/\/trimaco.com\/es\/wp-json\/wp\/v2\/pages\/14544"}],"wp:featuredmedia":[{"embeddable":true,"href":"https:\/\/trimaco.com\/es\/wp-json\/wp\/v2\/media\/14569"}],"wp:attachment":[{"href":"https:\/\/trimaco.com\/es\/wp-json\/wp\/v2\/media?parent=14568"}],"curies":[{"name":"wp","href":"https:\/\/api.w.org\/{rel}","templated":true}]}}