{"id":14557,"date":"2021-10-01T11:16:08","date_gmt":"2021-10-01T15:16:08","guid":{"rendered":"https:\/\/trimaco.wpengine.com\/productos\/productos-de-enmascarar-de-plastico\/laminas-de-plastico-clingcover-auto-adherentes\/"},"modified":"2024-04-09T09:34:32","modified_gmt":"2024-04-09T13:34:32","slug":"laminas-de-plastico-clingcover-auto-adherentes","status":"publish","type":"page","link":"https:\/\/trimaco.com\/es\/productos\/productos-de-enmascarar-de-plastico\/laminas-de-plastico-clingcover-auto-adherentes\/","title":{"rendered":"L\u00e1minas de pl\u00e1stico ClingCover\u00ae auto adherentes"},"content":{"rendered":"<h3>\u00a1EL EXCESO DE PINTURA HA ENCONTRADO A SU RIVAL!<\/h3>\n<p>Vea por qu\u00e9 la cubierta de pl\u00e1stico ClingCover\u00ae es la pel\u00edcula de enmascarar auto adherente perfecta para todos sus trabajos de construcci\u00f3n y remodelaci\u00f3n. El ClingCover es un rollo de pel\u00edcula de pl\u00e1stico que se aferrar\u00e1 a casi cualquier superficie. Nuestra pel\u00edcula de primera est\u00e1 tratada con una f\u00f3rmula \u00fanica que no solo atrae el exceso de pulverizaci\u00f3n, sino que tambi\u00e9n reduce la descamaci\u00f3n de la pintura. Hecho para soportar m\u00faltiples usos sin hacer un desastre, el enmascarado avanzado del ClingCover hace que pintar sea m\u00e1s f\u00e1cil, limpio y r\u00e1pido. Use esta pel\u00edcula de enmascarar semitransparente en las ventanas para proteger y aun as\u00ed dejar entrar la luz natural. <\/p>\n<ul>\n<li>Se adhiere y protege los materiales<\/li>\n<li>Se agarra a paredes y superficies para protecci\u00f3n contra exceso de rociado<\/li>\n<li>Atrae el exceso de pintura y el polvo<\/li>\n<li>Para trabajos de pintura, lijado y remodelaci\u00f3n<\/li>\n<li>Rollo de pel\u00edcula de pl\u00e1stico disponible en 2 tama\u00f1os<\/li>\n<li>Funciona con <a href=\"https:\/\/trimaco.com\/es\/productos\/sistemas-de-contencion-de-polvo-soluciones\/\">los productos<\/a> de contenci\u00f3n de polvo E-Z Up de Trimaco, equipos de pulverizaci\u00f3n y otros productos de enmascarar<\/li>\n<\/ul>\n<p><em>L\u00e1minas de pl\u00e1stico Cling Cover Easy Mask\u00ae de Trimaco\u00ae<\/em><\/p>\n<table>\n<tbody>\n<tr>\n<th># DE ART\u00cdCULO<\/th>\n<th>Paquete de<\/th>\n<th>Tama\u00f1o<\/th>\n<\/tr>\n<tr>\n<td>79400<\/td>\n<td>1<\/td>\n<td>9&#8217;x400&#8242;<\/td>\n<\/tr>\n<tr>\n<td>79412<\/td>\n<td>1<\/td>\n<td>12&#8217;x400&#8242;<\/td>\n<\/tr>\n<\/tbody>\n<\/table>\n","protected":false},"excerpt":{"rendered":"<p>L\u00e1minas de pl\u00e1stico que se adhieren y protegen las superficies.<\/p>\n","protected":false},"author":2,"featured_media":14559,"parent":14544,"menu_order":1,"comment_status":"closed","ping_status":"closed","template":"page_products-grandchild.php","meta":{"_acf_changed":false,"footnotes":""},"class_list":["post-14557","page","type-page","status-publish","has-post-thumbnail","hentry"],"acf":[],"yoast_head":"<!-- This site is optimized with the Yoast SEO plugin v27.3 - https:\/\/yoast.com\/product\/yoast-seo-wordpress\/ -->\n<title>Rollo de pel\u00edcula pl\u00e1stica Cling Cover de Trimaco\u00ae - Cubierta adhesiva Trimaco\u00ae<\/title>\n<meta name=\"description\" content=\"La pel\u00edcula ClingCover de Trimaco es un rollo de pel\u00edcula de pl\u00e1stico auto adherente. La pel\u00edcula de enmascarar se adhiere a casi cualquier superficie y atrae el exceso de pintura.\" \/>\n<meta name=\"robots\" content=\"index, follow, max-snippet:-1, max-image-preview:large, max-video-preview:-1\" \/>\n<link rel=\"canonical\" href=\"https:\/\/trimaco.com\/es\/productos\/productos-de-enmascarar-de-plastico\/laminas-de-plastico-clingcover-auto-adherentes\/\" \/>\n<meta property=\"og:locale\" content=\"es_ES\" \/>\n<meta property=\"og:type\" content=\"article\" \/>\n<meta property=\"og:title\" content=\"Rollo de pel\u00edcula pl\u00e1stica Cling Cover de Trimaco\u00ae - Cubierta adhesiva Trimaco\u00ae\" \/>\n<meta property=\"og:description\" content=\"La pel\u00edcula ClingCover de Trimaco es un rollo de pel\u00edcula de pl\u00e1stico auto adherente. La pel\u00edcula de enmascarar se adhiere a casi cualquier superficie y atrae el exceso de pintura.\" \/>\n<meta property=\"og:url\" content=\"https:\/\/trimaco.com\/es\/productos\/productos-de-enmascarar-de-plastico\/laminas-de-plastico-clingcover-auto-adherentes\/\" \/>\n<meta property=\"og:site_name\" content=\"Trimaco\" \/>\n<meta property=\"article:publisher\" content=\"https:\/\/www.facebook.com\/pages\/Trimaco\/346858225385747?ref=ts\" \/>\n<meta property=\"article:modified_time\" content=\"2024-04-09T13:34:32+00:00\" \/>\n<meta property=\"og:image\" content=\"https:\/\/trimaco.com\/wp-content\/uploads\/2017\/01\/clingcover-2.jpg\" \/>\n\t<meta property=\"og:image:width\" content=\"1000\" \/>\n\t<meta property=\"og:image:height\" content=\"1000\" \/>\n\t<meta property=\"og:image:type\" content=\"image\/jpeg\" \/>\n<meta name=\"twitter:card\" content=\"summary_large_image\" \/>\n<meta name=\"twitter:site\" content=\"@trimacoinc\" \/>\n<meta name=\"twitter:label1\" content=\"Tiempo de lectura\" \/>\n\t<meta name=\"twitter:data1\" content=\"2 minutos\" \/>\n<!-- \/ Yoast SEO plugin. -->","yoast_head_json":{"title":"Rollo de pel\u00edcula pl\u00e1stica Cling Cover de Trimaco\u00ae - Cubierta adhesiva Trimaco\u00ae","description":"La pel\u00edcula ClingCover de Trimaco es un rollo de pel\u00edcula de pl\u00e1stico auto adherente. La pel\u00edcula de enmascarar se adhiere a casi cualquier superficie y atrae el exceso de pintura.","robots":{"index":"index","follow":"follow","max-snippet":"max-snippet:-1","max-image-preview":"max-image-preview:large","max-video-preview":"max-video-preview:-1"},"canonical":"https:\/\/trimaco.com\/es\/productos\/productos-de-enmascarar-de-plastico\/laminas-de-plastico-clingcover-auto-adherentes\/","og_locale":"es_ES","og_type":"article","og_title":"Rollo de pel\u00edcula pl\u00e1stica Cling Cover de Trimaco\u00ae - Cubierta adhesiva Trimaco\u00ae","og_description":"La pel\u00edcula ClingCover de Trimaco es un rollo de pel\u00edcula de pl\u00e1stico auto adherente. La pel\u00edcula de enmascarar se adhiere a casi cualquier superficie y atrae el exceso de pintura.","og_url":"https:\/\/trimaco.com\/es\/productos\/productos-de-enmascarar-de-plastico\/laminas-de-plastico-clingcover-auto-adherentes\/","og_site_name":"Trimaco","article_publisher":"https:\/\/www.facebook.com\/pages\/Trimaco\/346858225385747?ref=ts","article_modified_time":"2024-04-09T13:34:32+00:00","og_image":[{"width":1000,"height":1000,"url":"https:\/\/trimaco.com\/wp-content\/uploads\/2017\/01\/clingcover-2.jpg","type":"image\/jpeg"}],"twitter_card":"summary_large_image","twitter_site":"@trimacoinc","twitter_misc":{"Tiempo de lectura":"2 minutos"},"schema":{"@context":"https:\/\/schema.org","@graph":[{"@type":"WebPage","@id":"https:\/\/trimaco.com\/es\/productos\/productos-de-enmascarar-de-plastico\/laminas-de-plastico-clingcover-auto-adherentes\/","url":"https:\/\/trimaco.com\/es\/productos\/productos-de-enmascarar-de-plastico\/laminas-de-plastico-clingcover-auto-adherentes\/","name":"Rollo de pel\u00edcula pl\u00e1stica Cling Cover de Trimaco\u00ae - Cubierta adhesiva Trimaco\u00ae","isPartOf":{"@id":"https:\/\/trimaco.com\/#website"},"primaryImageOfPage":{"@id":"https:\/\/trimaco.com\/es\/productos\/productos-de-enmascarar-de-plastico\/laminas-de-plastico-clingcover-auto-adherentes\/#primaryimage"},"image":{"@id":"https:\/\/trimaco.com\/es\/productos\/productos-de-enmascarar-de-plastico\/laminas-de-plastico-clingcover-auto-adherentes\/#primaryimage"},"thumbnailUrl":"https:\/\/trimaco.com\/wp-content\/uploads\/2017\/01\/clingcover-2.jpg","datePublished":"2021-10-01T15:16:08+00:00","dateModified":"2024-04-09T13:34:32+00:00","description":"La pel\u00edcula ClingCover de Trimaco es un rollo de pel\u00edcula de pl\u00e1stico auto adherente. La pel\u00edcula de enmascarar se adhiere a casi cualquier superficie y atrae el exceso de pintura.","breadcrumb":{"@id":"https:\/\/trimaco.com\/es\/productos\/productos-de-enmascarar-de-plastico\/laminas-de-plastico-clingcover-auto-adherentes\/#breadcrumb"},"inLanguage":"es","potentialAction":[{"@type":"ReadAction","target":["https:\/\/trimaco.com\/es\/productos\/productos-de-enmascarar-de-plastico\/laminas-de-plastico-clingcover-auto-adherentes\/"]}]},{"@type":"ImageObject","inLanguage":"es","@id":"https:\/\/trimaco.com\/es\/productos\/productos-de-enmascarar-de-plastico\/laminas-de-plastico-clingcover-auto-adherentes\/#primaryimage","url":"https:\/\/trimaco.com\/wp-content\/uploads\/2017\/01\/clingcover-2.jpg","contentUrl":"https:\/\/trimaco.com\/wp-content\/uploads\/2017\/01\/clingcover-2.jpg","width":1000,"height":1000,"caption":"A man covering a window with self-adhering plastic sheeting"},{"@type":"BreadcrumbList","@id":"https:\/\/trimaco.com\/es\/productos\/productos-de-enmascarar-de-plastico\/laminas-de-plastico-clingcover-auto-adherentes\/#breadcrumb","itemListElement":[{"@type":"ListItem","position":1,"name":"Home","item":"https:\/\/trimaco.com\/"},{"@type":"ListItem","position":2,"name":"Productos","item":"https:\/\/trimaco.com\/es\/productos\/"},{"@type":"ListItem","position":3,"name":"Productos de enmascarar de pl\u00e1stico","item":"https:\/\/trimaco.com\/es\/productos\/productos-de-enmascarar-de-plastico\/"},{"@type":"ListItem","position":4,"name":"L\u00e1minas de pl\u00e1stico ClingCover\u00ae auto adherentes"}]},{"@type":"WebSite","@id":"https:\/\/trimaco.com\/#website","url":"https:\/\/trimaco.com\/","name":"Trimaco","description":"Total Jobsite Protection\u2122","publisher":{"@id":"https:\/\/trimaco.com\/#organization"},"potentialAction":[{"@type":"SearchAction","target":{"@type":"EntryPoint","urlTemplate":"https:\/\/trimaco.com\/?s={search_term_string}"},"query-input":{"@type":"PropertyValueSpecification","valueRequired":true,"valueName":"search_term_string"}}],"inLanguage":"es"},{"@type":"Organization","@id":"https:\/\/trimaco.com\/#organization","name":"Trimaco","url":"https:\/\/trimaco.com\/","logo":{"@type":"ImageObject","inLanguage":"es","@id":"https:\/\/trimaco.com\/#\/schema\/logo\/image\/","url":"https:\/\/trimaco.com\/wp-content\/uploads\/2016\/08\/login-logo.png","contentUrl":"https:\/\/trimaco.com\/wp-content\/uploads\/2016\/08\/login-logo.png","width":450,"height":69,"caption":"Trimaco"},"image":{"@id":"https:\/\/trimaco.com\/#\/schema\/logo\/image\/"},"sameAs":["https:\/\/www.facebook.com\/pages\/Trimaco\/346858225385747?ref=ts","https:\/\/x.com\/trimacoinc","https:\/\/www.instagram.com\/trimaco_inc\/","https:\/\/pinterest.com\/trimaco\/","https:\/\/www.youtube.com\/c\/trimacoinc"]}]}},"_links":{"self":[{"href":"https:\/\/trimaco.com\/es\/wp-json\/wp\/v2\/pages\/14557","targetHints":{"allow":["GET"]}}],"collection":[{"href":"https:\/\/trimaco.com\/es\/wp-json\/wp\/v2\/pages"}],"about":[{"href":"https:\/\/trimaco.com\/es\/wp-json\/wp\/v2\/types\/page"}],"author":[{"embeddable":true,"href":"https:\/\/trimaco.com\/es\/wp-json\/wp\/v2\/users\/2"}],"replies":[{"embeddable":true,"href":"https:\/\/trimaco.com\/es\/wp-json\/wp\/v2\/comments?post=14557"}],"version-history":[{"count":0,"href":"https:\/\/trimaco.com\/es\/wp-json\/wp\/v2\/pages\/14557\/revisions"}],"up":[{"embeddable":true,"href":"https:\/\/trimaco.com\/es\/wp-json\/wp\/v2\/pages\/14544"}],"wp:featuredmedia":[{"embeddable":true,"href":"https:\/\/trimaco.com\/es\/wp-json\/wp\/v2\/media\/14559"}],"wp:attachment":[{"href":"https:\/\/trimaco.com\/es\/wp-json\/wp\/v2\/media?parent=14557"}],"curies":[{"name":"wp","href":"https:\/\/api.w.org\/{rel}","templated":true}]}}