{"id":14547,"date":"2021-10-01T11:12:41","date_gmt":"2021-10-01T15:12:41","guid":{"rendered":"https:\/\/trimaco.wpengine.com\/productos\/productos-de-enmascarar-de-plastico\/pelicula-de-enmascarar-tape-drape-con-cinta\/"},"modified":"2024-10-18T13:39:03","modified_gmt":"2024-10-18T17:39:03","slug":"pelicula-de-enmascarar-tape-drape-con-cinta","status":"publish","type":"page","link":"https:\/\/trimaco.com\/es\/productos\/productos-de-enmascarar-de-plastico\/pelicula-de-enmascarar-tape-drape-con-cinta\/","title":{"rendered":"Pel\u00edcula de enmascarar Tape &amp; Drape con cinta"},"content":{"rendered":"<h3>Pel\u00edcula de enmascarar con cinta, r\u00e1pida y f\u00e1cil de usar<\/h3>\n<p>La pel\u00edcula de enmascarar Tape &amp; Drape con cinta Easy Mask\u00ae\u00ae de Trimaco es la protecci\u00f3n perfecta para usar en \u00e1reas donde desea atrapar goteos y exceso de pintura \u00a1lo que hace de este producto el mejor ahorro de tiempo!<\/p>\n<p>La cinta se aplica a lo largo de un borde de <a href=\"https:\/\/trimaco.com\/es\/productos\/productos-de-enmascarar-de-plastico\/pelicula-de-enmascarar-auto-adherente-grado-premium-y-estandar\/\">la pel\u00edcula de enmascarar<\/a> de alta densidad. Esta pel\u00edcula tiene un recubrimiento \u00fanico que ayuda a crear una adherencia a la superficie protegida, incluso en condiciones de viento o con aplicadores de pulverizaci\u00f3n. <\/p>\n<p>La pel\u00edcula de enmascarar con cinta funciona sola o con el Easy Mask\u00ae QM5000 PRO&#x2122;. Disponible en una variedad de tama\u00f1os y opciones de cinta, incluyendo la cinta PerfectEdge, Cinta azul de hasta 14 d\u00edas y la cinta de uso general.<\/p>\n<ul>\n<li>La pel\u00edcula tratada atrae el exceso de pulverizaci\u00f3n<\/li>\n<li>La pel\u00edcula se aferra a cualquier cosa<\/li>\n<li>Protecci\u00f3n temporal de paredes, r\u00e1pida y sencilla<\/li>\n<li>L\u00edneas rectas y retoques reducidos<\/li>\n<li>Para uso comercial y residencial<\/li>\n<\/ul>\n<p><em>Tape &amp; Drape<\/em><\/p>\n<table>\n<tbody>\n<tr>\n<th># DE ART\u00cdCULO<\/th>\n<th>CINTA<\/th>\n<th>Paquete de<\/th>\n<th>Tama\u00f1o<\/th>\n<\/tr>\n<tr>\n<td>949460<\/td>\n<td>con\/ Cinta PerfectEdge<\/td>\n<td>12<\/td>\n<td>.6m x 22m <\/br> (use como 2\u2032)<\/td>\n<\/tr>\n<tr>\n<td>949560<\/td>\n<td>con\/ Cinta PerfectEdge<\/td>\n<td>6<\/td>\n<td>1,2 m x 22 m <\/br> (use como 4&#8242;)<\/td>\n<\/tr>\n<tr>\n<td>949660<\/td>\n<td>con\/ Cinta PerfectEdge<\/td>\n<td>6<\/td>\n<td>1.8m x 22m <\/br> (use como 6&#8242;)<\/td>\n<\/tr>\n<tr>\n<td>396490-4<\/td>\n<td>con\/ Cinta PerfectEdge<\/td>\n<td>4<\/td>\n<td>2,4 m x 22 m <\/br> (use como 8&#8242;)<\/td>\n<\/tr>\n<tr>\n<td>396590<\/td>\n<td>Con\/Cinta azul de hasta 14 d\u00edas<\/td>\n<td>12<\/td>\n<td>2&#8217;x 90&#8242;<\/td>\n<\/tr>\n<tr>\n<td>71020-12<\/td>\n<td>Con\/Cinta de uso general<\/td>\n<td>12<\/td>\n<td>22&#8243;x 100&#8242;<\/td>\n<\/tr>\n<\/tbody>\n<\/table>\n","protected":false},"excerpt":{"rendered":"<p>La cinta se encuentra aplicada previamente a un borde de la pel\u00edcula de enmascarar. <\/p>\n","protected":false},"author":2,"featured_media":14555,"parent":14544,"menu_order":0,"comment_status":"closed","ping_status":"closed","template":"page_products-grandchild.php","meta":{"_acf_changed":false,"footnotes":""},"class_list":["post-14547","page","type-page","status-publish","has-post-thumbnail","hentry"],"acf":[],"yoast_head":"<!-- This site is optimized with the Yoast SEO plugin v27.5 - https:\/\/yoast.com\/product\/yoast-seo-wordpress\/ -->\n<title>Pel\u00edcula de enmascarar Tape &amp; Drape con cinta - Trimaco<\/title>\n<meta name=\"description\" content=\"Pel\u00edcula de enmascarar con cinta proporciona protecci\u00f3n temporal de la pared. La pel\u00edcula de enmascarar de alta densidad est\u00e1 provista con cinta de pintar para una f\u00e1cil aplicaci\u00f3n.\" \/>\n<meta name=\"robots\" content=\"index, follow, max-snippet:-1, max-image-preview:large, max-video-preview:-1\" \/>\n<link rel=\"canonical\" href=\"https:\/\/trimaco.com\/es\/productos\/productos-de-enmascarar-de-plastico\/pelicula-de-enmascarar-tape-drape-con-cinta\/\" \/>\n<meta property=\"og:locale\" content=\"es_ES\" \/>\n<meta property=\"og:type\" content=\"article\" \/>\n<meta property=\"og:title\" content=\"Pel\u00edcula de enmascarar Tape &amp; Drape con cinta - Trimaco\" \/>\n<meta property=\"og:description\" content=\"Pel\u00edcula de enmascarar con cinta proporciona protecci\u00f3n temporal de la pared. La pel\u00edcula de enmascarar de alta densidad est\u00e1 provista con cinta de pintar para una f\u00e1cil aplicaci\u00f3n.\" \/>\n<meta property=\"og:url\" content=\"https:\/\/trimaco.com\/es\/productos\/productos-de-enmascarar-de-plastico\/pelicula-de-enmascarar-tape-drape-con-cinta\/\" \/>\n<meta property=\"og:site_name\" content=\"Trimaco\" \/>\n<meta property=\"article:publisher\" content=\"https:\/\/www.facebook.com\/pages\/Trimaco\/346858225385747?ref=ts\" \/>\n<meta property=\"article:modified_time\" content=\"2024-10-18T17:39:03+00:00\" \/>\n<meta property=\"og:image\" content=\"https:\/\/trimaco.com\/wp-content\/uploads\/2017\/01\/tape-and-drape-5.jpg\" \/>\n\t<meta property=\"og:image:width\" content=\"500\" \/>\n\t<meta property=\"og:image:height\" content=\"500\" \/>\n\t<meta property=\"og:image:type\" content=\"image\/jpeg\" \/>\n<meta name=\"twitter:card\" content=\"summary_large_image\" \/>\n<meta name=\"twitter:site\" content=\"@trimacoinc\" \/>\n<meta name=\"twitter:label1\" content=\"Tiempo de lectura\" \/>\n\t<meta name=\"twitter:data1\" content=\"2 minutos\" \/>\n<!-- \/ Yoast SEO plugin. -->","yoast_head_json":{"title":"Pel\u00edcula de enmascarar Tape & Drape con cinta - Trimaco","description":"Pel\u00edcula de enmascarar con cinta proporciona protecci\u00f3n temporal de la pared. La pel\u00edcula de enmascarar de alta densidad est\u00e1 provista con cinta de pintar para una f\u00e1cil aplicaci\u00f3n.","robots":{"index":"index","follow":"follow","max-snippet":"max-snippet:-1","max-image-preview":"max-image-preview:large","max-video-preview":"max-video-preview:-1"},"canonical":"https:\/\/trimaco.com\/es\/productos\/productos-de-enmascarar-de-plastico\/pelicula-de-enmascarar-tape-drape-con-cinta\/","og_locale":"es_ES","og_type":"article","og_title":"Pel\u00edcula de enmascarar Tape & Drape con cinta - Trimaco","og_description":"Pel\u00edcula de enmascarar con cinta proporciona protecci\u00f3n temporal de la pared. La pel\u00edcula de enmascarar de alta densidad est\u00e1 provista con cinta de pintar para una f\u00e1cil aplicaci\u00f3n.","og_url":"https:\/\/trimaco.com\/es\/productos\/productos-de-enmascarar-de-plastico\/pelicula-de-enmascarar-tape-drape-con-cinta\/","og_site_name":"Trimaco","article_publisher":"https:\/\/www.facebook.com\/pages\/Trimaco\/346858225385747?ref=ts","article_modified_time":"2024-10-18T17:39:03+00:00","og_image":[{"width":500,"height":500,"url":"https:\/\/trimaco.com\/wp-content\/uploads\/2017\/01\/tape-and-drape-5.jpg","type":"image\/jpeg"}],"twitter_card":"summary_large_image","twitter_site":"@trimacoinc","twitter_misc":{"Tiempo de lectura":"2 minutos"},"schema":{"@context":"https:\/\/schema.org","@graph":[{"@type":"WebPage","@id":"https:\/\/trimaco.com\/es\/productos\/productos-de-enmascarar-de-plastico\/pelicula-de-enmascarar-tape-drape-con-cinta\/","url":"https:\/\/trimaco.com\/es\/productos\/productos-de-enmascarar-de-plastico\/pelicula-de-enmascarar-tape-drape-con-cinta\/","name":"Pel\u00edcula de enmascarar Tape & Drape con cinta - Trimaco","isPartOf":{"@id":"https:\/\/trimaco.com\/#website"},"primaryImageOfPage":{"@id":"https:\/\/trimaco.com\/es\/productos\/productos-de-enmascarar-de-plastico\/pelicula-de-enmascarar-tape-drape-con-cinta\/#primaryimage"},"image":{"@id":"https:\/\/trimaco.com\/es\/productos\/productos-de-enmascarar-de-plastico\/pelicula-de-enmascarar-tape-drape-con-cinta\/#primaryimage"},"thumbnailUrl":"https:\/\/trimaco.com\/wp-content\/uploads\/2017\/01\/tape-and-drape-5.jpg","datePublished":"2021-10-01T15:12:41+00:00","dateModified":"2024-10-18T17:39:03+00:00","description":"Pel\u00edcula de enmascarar con cinta proporciona protecci\u00f3n temporal de la pared. La pel\u00edcula de enmascarar de alta densidad est\u00e1 provista con cinta de pintar para una f\u00e1cil aplicaci\u00f3n.","breadcrumb":{"@id":"https:\/\/trimaco.com\/es\/productos\/productos-de-enmascarar-de-plastico\/pelicula-de-enmascarar-tape-drape-con-cinta\/#breadcrumb"},"inLanguage":"es","potentialAction":[{"@type":"ReadAction","target":["https:\/\/trimaco.com\/es\/productos\/productos-de-enmascarar-de-plastico\/pelicula-de-enmascarar-tape-drape-con-cinta\/"]}]},{"@type":"ImageObject","inLanguage":"es","@id":"https:\/\/trimaco.com\/es\/productos\/productos-de-enmascarar-de-plastico\/pelicula-de-enmascarar-tape-drape-con-cinta\/#primaryimage","url":"https:\/\/trimaco.com\/wp-content\/uploads\/2017\/01\/tape-and-drape-5.jpg","contentUrl":"https:\/\/trimaco.com\/wp-content\/uploads\/2017\/01\/tape-and-drape-5.jpg","width":500,"height":500,"caption":"Man applying plastic masking film on the surface of an under-construction kitchen"},{"@type":"BreadcrumbList","@id":"https:\/\/trimaco.com\/es\/productos\/productos-de-enmascarar-de-plastico\/pelicula-de-enmascarar-tape-drape-con-cinta\/#breadcrumb","itemListElement":[{"@type":"ListItem","position":1,"name":"Home","item":"https:\/\/trimaco.com\/"},{"@type":"ListItem","position":2,"name":"Productos","item":"https:\/\/trimaco.com\/es\/productos\/"},{"@type":"ListItem","position":3,"name":"Productos de enmascarar de pl\u00e1stico","item":"https:\/\/trimaco.com\/es\/productos\/productos-de-enmascarar-de-plastico\/"},{"@type":"ListItem","position":4,"name":"Pel\u00edcula de enmascarar Tape &amp; Drape con cinta"}]},{"@type":"WebSite","@id":"https:\/\/trimaco.com\/#website","url":"https:\/\/trimaco.com\/","name":"Trimaco","description":"Total Jobsite Protection\u2122","publisher":{"@id":"https:\/\/trimaco.com\/#organization"},"potentialAction":[{"@type":"SearchAction","target":{"@type":"EntryPoint","urlTemplate":"https:\/\/trimaco.com\/?s={search_term_string}"},"query-input":{"@type":"PropertyValueSpecification","valueRequired":true,"valueName":"search_term_string"}}],"inLanguage":"es"},{"@type":"Organization","@id":"https:\/\/trimaco.com\/#organization","name":"Trimaco","url":"https:\/\/trimaco.com\/","logo":{"@type":"ImageObject","inLanguage":"es","@id":"https:\/\/trimaco.com\/#\/schema\/logo\/image\/","url":"https:\/\/trimaco.com\/wp-content\/uploads\/2016\/08\/login-logo.png","contentUrl":"https:\/\/trimaco.com\/wp-content\/uploads\/2016\/08\/login-logo.png","width":450,"height":69,"caption":"Trimaco"},"image":{"@id":"https:\/\/trimaco.com\/#\/schema\/logo\/image\/"},"sameAs":["https:\/\/www.facebook.com\/pages\/Trimaco\/346858225385747?ref=ts","https:\/\/x.com\/trimacoinc","https:\/\/www.instagram.com\/trimaco_inc\/","https:\/\/pinterest.com\/trimaco\/","https:\/\/www.youtube.com\/c\/trimacoinc"]}]}},"_links":{"self":[{"href":"https:\/\/trimaco.com\/es\/wp-json\/wp\/v2\/pages\/14547","targetHints":{"allow":["GET"]}}],"collection":[{"href":"https:\/\/trimaco.com\/es\/wp-json\/wp\/v2\/pages"}],"about":[{"href":"https:\/\/trimaco.com\/es\/wp-json\/wp\/v2\/types\/page"}],"author":[{"embeddable":true,"href":"https:\/\/trimaco.com\/es\/wp-json\/wp\/v2\/users\/2"}],"replies":[{"embeddable":true,"href":"https:\/\/trimaco.com\/es\/wp-json\/wp\/v2\/comments?post=14547"}],"version-history":[{"count":0,"href":"https:\/\/trimaco.com\/es\/wp-json\/wp\/v2\/pages\/14547\/revisions"}],"up":[{"embeddable":true,"href":"https:\/\/trimaco.com\/es\/wp-json\/wp\/v2\/pages\/14544"}],"wp:featuredmedia":[{"embeddable":true,"href":"https:\/\/trimaco.com\/es\/wp-json\/wp\/v2\/media\/14555"}],"wp:attachment":[{"href":"https:\/\/trimaco.com\/es\/wp-json\/wp\/v2\/media?parent=14547"}],"curies":[{"name":"wp","href":"https:\/\/api.w.org\/{rel}","templated":true}]}}