{"id":14539,"date":"2021-10-01T10:52:57","date_gmt":"2021-10-01T14:52:57","guid":{"rendered":"https:\/\/trimaco.wpengine.com\/productos\/prendas-de-proteccion\/protectores-de-zapatos-y-botas-misc-tyvek-de-dupont\/"},"modified":"2026-01-08T12:47:54","modified_gmt":"2026-01-08T16:47:54","slug":"protectores-de-zapatos-y-botas-misc-tyvek-de-dupont","status":"publish","type":"page","link":"https:\/\/trimaco.com\/es\/productos\/prendas-de-proteccion\/protectores-de-zapatos-y-botas-misc-tyvek-de-dupont\/","title":{"rendered":"Protectores de zapatos y botas MISC Tyvek\u00ae de DuPont\u2122"},"content":{"rendered":"<p>Proteja los zapatos y los pisos con las cubiertas de zapatos de Trimaco. El tobillo el\u00e1stico se desliza f\u00e1cilmente sobre todos los zapatos y se mantiene en su sitio confortablemente. Estas son las cubiertas de zapatos desechables perfectas para proteger los zapatos de la pintura en aerosol, salpicaduras y escombros, o para proteger el piso de huellas de suciedad. Use estos cubre zapatos para pintar, lijar, trabajos de construcci\u00f3n en general, casas abiertas y m\u00e1s. <\/p>\n<p>Ofrecemos una amplia selecci\u00f3n de protectores para zapatos que incluye polipropileno, SMS de 3 capas, polietileno clorado (CPE) y botines antideslizante protectores de piso de polietileno. \u00bfBuscas un protector de botas? Lo tenemos cubierto con nuestras coberturas de botas resistentes a los deslizamientos Tyvek\u00ae de DuPont&#x2122;, completamente resistentes a las fugas y duraderas.<\/p>\n<p>\u00bfBuscas una funda de zapato econ\u00f3mica o reutilizable? Obtenga m\u00e1s informaci\u00f3n sobre <a href=\"https:\/\/trimaco.com\/es\/productos\/prendas-de-proteccion\/cubierta-para-zapatos-e-z-floor-guards\/\">la alternativa de cubierta de zapatos de Trimaco.<\/a><\/p>\n<ul>\n<li>Protege zapatos y pisos<\/li>\n<li>Talla \u00fanica le queda a la mayor\u00eda<\/li>\n<li>Amplia variedad disponible<\/li>\n<\/ul>\n<p><em>Protectores de polipropileno para zapatos<\/em><br \/>\nIdeal para evitar que el polvo y la suciedad dejen huellas en el interior.<\/p>\n<table>\n<tbody>\n<tr>\n<th>Art\u00edculo #<\/th>\n<th>Cantidad<\/th>\n<th>Paquete de<\/th>\n<th>Tama\u00f1o<\/th>\n<\/tr>\n<tr>\n<td>04501\/24<\/td>\n<td>1pr<\/td>\n<td>24<\/td>\n<td>le queda a la mayor\u00eda<\/td>\n<\/tr>\n<tr>\n<td>04501\/50<\/td>\n<td>Al granel<\/td>\n<td>50 pares<\/td>\n<td>le queda a la mayor\u00eda<\/td>\n<\/tr>\n<tr>\n<td>04501<\/td>\n<td>Al granel<\/td>\n<td>150 pares<\/td>\n<td>le queda a la mayor\u00eda<\/td>\n<\/tr>\n<tr>\n<td>04510<\/td>\n<td>10 pares<\/td>\n<td>10<\/td>\n<td>le queda a la mayor\u00eda<\/td>\n<\/tr>\n<\/tbody>\n<\/table>\n<p><em>Protectores de zapatos SMS<\/em><br \/>\nLa tela de 3 capas hace que estos protectores de zapatos sean duraderos y transpirables.<\/p>\n<table>\n<tbody>\n<tr>\n<th>Art\u00edculo #<\/th>\n<th>Cantidad<\/th>\n<th>Paquete de<\/th>\n<th>Tama\u00f1o<\/th>\n<\/tr>\n<tr>\n<td>04603<\/td>\n<td>3pr<\/td>\n<td>12<\/td>\n<td>le queda a la mayor\u00eda<\/td>\n<\/tr>\n<tr>\n<td>04614<\/td>\n<td>12pr<\/td>\n<td>12<\/td>\n<td>le queda a la mayor\u00eda<\/td>\n<\/tr>\n<\/tbody>\n<\/table>\n<p><em><a href=\"https:\/\/trimaco.com\/wp-content\/uploads\/2021\/01\/CPE-ShoeCoversUS0121_email.pdf\" target=\"\u201d_blank\u201d\" rel=\"noopener\">Protectores de zapatos de polietileno clorado<\/a><\/em><br \/>\nCubiertas de zapatos CPE de alta resistencia. Dise\u00f1ado con pl\u00e1stico impermeable y un patr\u00f3n texturizado para resistencia al deslizamiento.<\/p>\n<table>\n<tbody>\n<tr>\n<th>Art\u00edculo #<\/th>\n<th>Cantidad<\/th>\n<th>Paquete de<\/th>\n<th>Tama\u00f1o<\/th>\n<\/tr>\n<tr>\n<td>04703<\/td>\n<td>3mil &#8211; 50pr<\/td>\n<td>10<\/td>\n<td>le queda a la mayor\u00eda<\/td>\n<\/tr>\n<tr>\n<td>04709<\/td>\n<td>9mil &#8211; 50pr<\/td>\n<td>10<\/td>\n<td>le queda a la mayor\u00eda<\/td>\n<\/tr>\n<\/tbody>\n<\/table>\n<p><em>Protectores de zapatos antideslizantes, azules de poli<\/em><\/p>\n<table>\n<tbody>\n<tr>\n<th>Art\u00edculo #<\/th>\n<th>Cantidad<\/th>\n<th>Paquete de<\/th>\n<th>Tama\u00f1o<\/th>\n<\/tr>\n<tr>\n<td>54311<\/td>\n<td>3pr<\/td>\n<td>24<\/td>\n<td>le queda a la mayor\u00eda<\/td>\n<\/tr>\n<tr>\n<td>54310<\/td>\n<td>10pr<\/td>\n<td>10<\/td>\n<td>le queda a la mayor\u00eda<\/td>\n<\/tr>\n<tr>\n<td>54301<\/td>\n<td>al granel<\/td>\n<td>100 pares<\/td>\n<td>le queda a la mayor\u00eda<\/td>\n<\/tr>\n<tr>\n<td>54350<\/td>\n<td>50pr<\/td>\n<td>12<\/td>\n<td>le queda a la mayor\u00eda<\/td>\n<\/tr>\n<tr>\n<td>54317<\/td>\n<td>Bulk<\/td>\n<td>100pr<\/td>\n<td>X-Large<\/td>\n<\/tr>\n<\/tbody>\n<\/table>\n<p><em>Protectores para Botas Tyvek de DuPont resistentes a los deslizamientos<\/em><br \/>\nLa parte superior el\u00e1stica protege los pantalones y las botas. Hecho de material Tyvek de DuPont resistente a las rasgaduras y resbalones.<\/p>\n<table>\n<tbody>\n<tr>\n<th>Art\u00edculo #<\/th>\n<th>Cantidad<\/th>\n<th>Tama\u00f1o<\/th>\n<\/tr>\n<tr>\n<td>04518  <\/td>\n<td>50 pr\/cj<\/td>\n<td>le queda a la mayor\u00eda<\/td>\n<\/tr>\n<\/tbody>\n<\/table>\n","protected":false},"excerpt":{"rendered":"<p>Desl\u00edzate sobre los zapatos para proteger los pisos.<\/p>\n","protected":false},"author":2,"featured_media":17838,"parent":14409,"menu_order":14,"comment_status":"closed","ping_status":"closed","template":"page_products-grandchild.php","meta":{"_acf_changed":false,"footnotes":""},"class_list":["post-14539","page","type-page","status-publish","has-post-thumbnail","hentry"],"acf":[],"yoast_head":"<!-- This site is optimized with the Yoast SEO plugin v27.5 - https:\/\/yoast.com\/product\/yoast-seo-wordpress\/ -->\n<title>Protectores de zapatos y botas - Trimaco<\/title>\n<meta name=\"description\" content=\"Proteja los zapatos y los pisos con las cubiertas de zapatos de Trimaco. El tobillo el\u00e1stico se desliza f\u00e1cilmente sobre todos los zapatos y se mantiene en su sitio confortablemente. Prot\u00e9jase de la suciedad, la pintura y m\u00e1s.\" \/>\n<meta name=\"robots\" content=\"index, follow, max-snippet:-1, max-image-preview:large, max-video-preview:-1\" \/>\n<link rel=\"canonical\" href=\"https:\/\/trimaco.com\/es\/productos\/prendas-de-proteccion\/protectores-de-zapatos-y-botas-misc-tyvek-de-dupont\/\" \/>\n<meta property=\"og:locale\" content=\"es_ES\" \/>\n<meta property=\"og:type\" content=\"article\" \/>\n<meta property=\"og:title\" content=\"Protectores de zapatos y botas - Trimaco\" \/>\n<meta property=\"og:description\" content=\"Proteja los zapatos y los pisos con las cubiertas de zapatos de Trimaco. El tobillo el\u00e1stico se desliza f\u00e1cilmente sobre todos los zapatos y se mantiene en su sitio confortablemente. Prot\u00e9jase de la suciedad, la pintura y m\u00e1s.\" \/>\n<meta property=\"og:url\" content=\"https:\/\/trimaco.com\/es\/productos\/prendas-de-proteccion\/protectores-de-zapatos-y-botas-misc-tyvek-de-dupont\/\" \/>\n<meta property=\"og:site_name\" content=\"Trimaco\" \/>\n<meta property=\"article:publisher\" content=\"https:\/\/www.facebook.com\/pages\/Trimaco\/346858225385747?ref=ts\" \/>\n<meta property=\"article:modified_time\" content=\"2026-01-08T16:47:54+00:00\" \/>\n<meta property=\"og:image\" content=\"https:\/\/trimaco.com\/wp-content\/uploads\/2022\/02\/shoeguards-1.webp\" \/>\n\t<meta property=\"og:image:width\" content=\"284\" \/>\n\t<meta property=\"og:image:height\" content=\"283\" \/>\n\t<meta property=\"og:image:type\" content=\"image\/webp\" \/>\n<meta name=\"twitter:card\" content=\"summary_large_image\" \/>\n<meta name=\"twitter:site\" content=\"@trimacoinc\" \/>\n<meta name=\"twitter:label1\" content=\"Tiempo de lectura\" \/>\n\t<meta name=\"twitter:data1\" content=\"2 minutos\" \/>\n<!-- \/ Yoast SEO plugin. -->","yoast_head_json":{"title":"Protectores de zapatos y botas - Trimaco","description":"Proteja los zapatos y los pisos con las cubiertas de zapatos de Trimaco. El tobillo el\u00e1stico se desliza f\u00e1cilmente sobre todos los zapatos y se mantiene en su sitio confortablemente. Prot\u00e9jase de la suciedad, la pintura y m\u00e1s.","robots":{"index":"index","follow":"follow","max-snippet":"max-snippet:-1","max-image-preview":"max-image-preview:large","max-video-preview":"max-video-preview:-1"},"canonical":"https:\/\/trimaco.com\/es\/productos\/prendas-de-proteccion\/protectores-de-zapatos-y-botas-misc-tyvek-de-dupont\/","og_locale":"es_ES","og_type":"article","og_title":"Protectores de zapatos y botas - Trimaco","og_description":"Proteja los zapatos y los pisos con las cubiertas de zapatos de Trimaco. El tobillo el\u00e1stico se desliza f\u00e1cilmente sobre todos los zapatos y se mantiene en su sitio confortablemente. Prot\u00e9jase de la suciedad, la pintura y m\u00e1s.","og_url":"https:\/\/trimaco.com\/es\/productos\/prendas-de-proteccion\/protectores-de-zapatos-y-botas-misc-tyvek-de-dupont\/","og_site_name":"Trimaco","article_publisher":"https:\/\/www.facebook.com\/pages\/Trimaco\/346858225385747?ref=ts","article_modified_time":"2026-01-08T16:47:54+00:00","og_image":[{"width":284,"height":283,"url":"https:\/\/trimaco.com\/wp-content\/uploads\/2022\/02\/shoeguards-1.webp","type":"image\/webp"}],"twitter_card":"summary_large_image","twitter_site":"@trimacoinc","twitter_misc":{"Tiempo de lectura":"2 minutos"},"schema":{"@context":"https:\/\/schema.org","@graph":[{"@type":"WebPage","@id":"https:\/\/trimaco.com\/es\/productos\/prendas-de-proteccion\/protectores-de-zapatos-y-botas-misc-tyvek-de-dupont\/","url":"https:\/\/trimaco.com\/es\/productos\/prendas-de-proteccion\/protectores-de-zapatos-y-botas-misc-tyvek-de-dupont\/","name":"Protectores de zapatos y botas - Trimaco","isPartOf":{"@id":"https:\/\/trimaco.com\/#website"},"primaryImageOfPage":{"@id":"https:\/\/trimaco.com\/es\/productos\/prendas-de-proteccion\/protectores-de-zapatos-y-botas-misc-tyvek-de-dupont\/#primaryimage"},"image":{"@id":"https:\/\/trimaco.com\/es\/productos\/prendas-de-proteccion\/protectores-de-zapatos-y-botas-misc-tyvek-de-dupont\/#primaryimage"},"thumbnailUrl":"https:\/\/trimaco.com\/wp-content\/uploads\/2022\/02\/shoeguards-1.webp","datePublished":"2021-10-01T14:52:57+00:00","dateModified":"2026-01-08T16:47:54+00:00","description":"Proteja los zapatos y los pisos con las cubiertas de zapatos de Trimaco. El tobillo el\u00e1stico se desliza f\u00e1cilmente sobre todos los zapatos y se mantiene en su sitio confortablemente. Prot\u00e9jase de la suciedad, la pintura y m\u00e1s.","breadcrumb":{"@id":"https:\/\/trimaco.com\/es\/productos\/prendas-de-proteccion\/protectores-de-zapatos-y-botas-misc-tyvek-de-dupont\/#breadcrumb"},"inLanguage":"es","potentialAction":[{"@type":"ReadAction","target":["https:\/\/trimaco.com\/es\/productos\/prendas-de-proteccion\/protectores-de-zapatos-y-botas-misc-tyvek-de-dupont\/"]}]},{"@type":"ImageObject","inLanguage":"es","@id":"https:\/\/trimaco.com\/es\/productos\/prendas-de-proteccion\/protectores-de-zapatos-y-botas-misc-tyvek-de-dupont\/#primaryimage","url":"https:\/\/trimaco.com\/wp-content\/uploads\/2022\/02\/shoeguards-1.webp","contentUrl":"https:\/\/trimaco.com\/wp-content\/uploads\/2022\/02\/shoeguards-1.webp","width":284,"height":283,"caption":"blue shoe guards"},{"@type":"BreadcrumbList","@id":"https:\/\/trimaco.com\/es\/productos\/prendas-de-proteccion\/protectores-de-zapatos-y-botas-misc-tyvek-de-dupont\/#breadcrumb","itemListElement":[{"@type":"ListItem","position":1,"name":"Home","item":"https:\/\/trimaco.com\/"},{"@type":"ListItem","position":2,"name":"Productos","item":"https:\/\/trimaco.com\/es\/productos\/"},{"@type":"ListItem","position":3,"name":"Ropa y Equipo Protector","item":"https:\/\/trimaco.com\/products\/protective-wear\/"},{"@type":"ListItem","position":4,"name":"Protectores de zapatos y botas MISC Tyvek\u00ae de DuPont\u2122"}]},{"@type":"WebSite","@id":"https:\/\/trimaco.com\/#website","url":"https:\/\/trimaco.com\/","name":"Trimaco","description":"Total Jobsite Protection\u2122","publisher":{"@id":"https:\/\/trimaco.com\/#organization"},"potentialAction":[{"@type":"SearchAction","target":{"@type":"EntryPoint","urlTemplate":"https:\/\/trimaco.com\/?s={search_term_string}"},"query-input":{"@type":"PropertyValueSpecification","valueRequired":true,"valueName":"search_term_string"}}],"inLanguage":"es"},{"@type":"Organization","@id":"https:\/\/trimaco.com\/#organization","name":"Trimaco","url":"https:\/\/trimaco.com\/","logo":{"@type":"ImageObject","inLanguage":"es","@id":"https:\/\/trimaco.com\/#\/schema\/logo\/image\/","url":"https:\/\/trimaco.com\/wp-content\/uploads\/2016\/08\/login-logo.png","contentUrl":"https:\/\/trimaco.com\/wp-content\/uploads\/2016\/08\/login-logo.png","width":450,"height":69,"caption":"Trimaco"},"image":{"@id":"https:\/\/trimaco.com\/#\/schema\/logo\/image\/"},"sameAs":["https:\/\/www.facebook.com\/pages\/Trimaco\/346858225385747?ref=ts","https:\/\/x.com\/trimacoinc","https:\/\/www.instagram.com\/trimaco_inc\/","https:\/\/pinterest.com\/trimaco\/","https:\/\/www.youtube.com\/c\/trimacoinc"]}]}},"_links":{"self":[{"href":"https:\/\/trimaco.com\/es\/wp-json\/wp\/v2\/pages\/14539","targetHints":{"allow":["GET"]}}],"collection":[{"href":"https:\/\/trimaco.com\/es\/wp-json\/wp\/v2\/pages"}],"about":[{"href":"https:\/\/trimaco.com\/es\/wp-json\/wp\/v2\/types\/page"}],"author":[{"embeddable":true,"href":"https:\/\/trimaco.com\/es\/wp-json\/wp\/v2\/users\/2"}],"replies":[{"embeddable":true,"href":"https:\/\/trimaco.com\/es\/wp-json\/wp\/v2\/comments?post=14539"}],"version-history":[{"count":0,"href":"https:\/\/trimaco.com\/es\/wp-json\/wp\/v2\/pages\/14539\/revisions"}],"up":[{"embeddable":true,"href":"https:\/\/trimaco.com\/es\/wp-json\/wp\/v2\/pages\/14409"}],"wp:featuredmedia":[{"embeddable":true,"href":"https:\/\/trimaco.com\/es\/wp-json\/wp\/v2\/media\/17838"}],"wp:attachment":[{"href":"https:\/\/trimaco.com\/es\/wp-json\/wp\/v2\/media?parent=14539"}],"curies":[{"name":"wp","href":"https:\/\/api.w.org\/{rel}","templated":true}]}}