{"id":14428,"date":"2021-09-10T14:04:23","date_gmt":"2021-09-10T18:04:23","guid":{"rendered":"https:\/\/trimaco.wpengine.com\/productos\/prendas-de-proteccion\/cubierta-para-zapatos-e-z-floor-guards\/"},"modified":"2022-02-17T17:14:03","modified_gmt":"2022-02-17T21:14:03","slug":"cubierta-para-zapatos-e-z-floor-guards","status":"publish","type":"page","link":"https:\/\/trimaco.com\/es\/productos\/prendas-de-proteccion\/cubierta-para-zapatos-e-z-floor-guards\/","title":{"rendered":"Cubierta para zapatos E-Z Floor Guards\u00ae"},"content":{"rendered":"<h3>LA CUBIERTA PROTECTORA MODERNA Y ECON\u00d3MICA PARA ZAPATOS<\/h3>\n<p>Las cubiertas para zapatos E-Z Floor Guards\u00ae protegen los pisos y proporcionan una alternativa simple y econ\u00f3mica a los protectores de zapatos tradicionales. Esta innovadora cubierta protectora para zapatos funciona colocando f\u00e1cilmente una l\u00e1mina de pel\u00edcula pl\u00e1stica adhesiva de alta calidad en la parte inferior de su zapato o bota para prevenir dejar huellas de suciedad y desperdicios en una casa o edificio. o sitio de trabajo.<br \/>\n<br \/>\nSimplemente PISE, TIRE y ARRANQUE, No necesita agacharse y luchar para pon\u00e9rselos como los cubre zapatos tradicionales. Para usar, primero levante la hoja de la unidad en el dispensador hacia arriba deslizando el bot\u00f3n arriba \/ abajo hacia la izquierda. A continuaci\u00f3n, tire de la pel\u00edcula m\u00e1s all\u00e1 de la hoja, tirando hacia abajo ligeramente para que la pel\u00edcula se conecte a los dientes de la hoja. Finalmente, baje al coj\u00edn, levante el pie ligeramente y tire de su pie hacia usted mismo (aproximadamente 2 pulgadas). Empuje hacia abajo para forzar la pel\u00edcula sobre los dientes de la hoja hasta que se corte la pel\u00edcula. Nuestros protectores de zapatos funcionan con zapatos de cualquier tama\u00f1o.<br \/>\n<br \/>\n\u00bfNecesita ir al exterior del lugar de trabajo? No se preocupe en quitarse la pel\u00edcula. Simplemente reaplique una nueva capa cuando entre nuevamente al lugar de trabajo. A diferencia de las fundas de zapatos tradicionales, puede apilar nuevas capas de protectores de piso E-Z. Mantenga su casa y su lugar de trabajo limpios con los E-Z Floor Guards, f\u00e1ciles de usar y econ\u00f3micos. Vuelva a llenar f\u00e1cilmente con un nuevo rollo de pel\u00edcula cuando se agote para que pueda mantener f\u00e1cilmente sus pisos protegidos durante toda la duraci\u00f3n de su proyecto.<br \/>\n<br \/>\nObtenga m\u00e1s informaci\u00f3n sobre todos los <a href=\"https:\/\/trimaco.com\/es\/productos\/proteccion-de-superficies-de-servicio-pesado\/\">productos<\/a> de prendas de <a href=\"https:\/\/trimaco.com\/es\/productos\/prendas-de-proteccion\/\">protecci\u00f3n<\/a>y superficie de Trimaco.<\/p>\n<ul>\n<li>Alternativa de cubierta protectora para zapatos<\/li>\n<li>Paga por s\u00ed mismo + ahorra dinero<\/li>\n<li>El tama\u00f1o de la pel\u00edcula se adapta a todos<\/li>\n<li>La pel\u00edcula de pl\u00e1stico se puede reciclar<\/li>\n<li>M\u00e1s f\u00e1cil de aplicar que las cubiertas de zapatos de pintor tradicionales<\/li>\n<\/ul>\n<p><strong>PARA EL LUGAR DE TRABAJO \u2022 BIENES RA\u00cdCES \u2022 RESIDENCIAL \u2022 INDUSTRIAL \u2022 INSTITUCIONAL \u2022 AUTOMOTRIZ \u2022 MARINA Y M\u00c1S<\/strong><\/p>\n<p><em>Protectores de piso E-Z\u00ae<\/em><\/p>\n<table>\n<tbody>\n<tr>\n<th>Art\u00edculo #<\/th>\n<th>informaci\u00f3n<\/th>\n<th>Paquete de<\/th>\n<th>Tama\u00f1o<\/th>\n<\/tr>\n<tr>\n<td>54710<\/td>\n<td>KIT DE INICIO (1 pod &amp; 1 rollo de pel\u00edcula) de 2.45MIL<\/td>\n<td>4<\/td>\n<td>hasta 187 pares, se adapta a todos<\/td>\n<\/tr>\n<tr>\n<td>54716<\/td>\n<td>Rollos de recarga de pel\u00edcula &#8211; 1.38 mil<\/td>\n<td>4<\/td>\n<td>6.3 &#8220;x590&#8242; hasta 250 pares, se adapta a todos<\/td>\n<\/tr>\n<tr>\n<td>54717<\/td>\n<td>Rollos de recarga de pel\u00edcula para trabajo pesado de 2.45MIL<\/td>\n<td>4<\/td>\n<td>6.3 &#8220;x442&#8242; hasta 187 pares, se adapta a todos<\/td>\n<\/tr>\n<\/tbody>\n<\/table>\n","protected":false},"excerpt":{"rendered":"<p>La alternativa moderna y econ\u00f3mica a las cubiertas de zapatos tradicionales. Basta con pisar, tirar y arrancar.<\/p>\n","protected":false},"author":2,"featured_media":17827,"parent":14409,"menu_order":12,"comment_status":"closed","ping_status":"closed","template":"page_products-grandchild.php","meta":{"_acf_changed":false,"footnotes":""},"class_list":["post-14428","page","type-page","status-publish","has-post-thumbnail","hentry"],"acf":[],"yoast_head":"<!-- This site is optimized with the Yoast SEO plugin v27.1.1 - https:\/\/yoast.com\/product\/yoast-seo-wordpress\/ -->\n<title>E-Z FLOOR GUARDS\u00ae PARA ZAPATOS- Trimaco<\/title>\n<meta name=\"description\" content=\"La cubierta protectora para zapatos E-Z Floor Guards\u00ae de Trimaco es una alternativa econ\u00f3mica para cubrir y proteger los zapatos. Simplemente PISE, TIRE y ARRANQUE para colocar f\u00e1cilmente la pel\u00edcula adhesiva en la parte inferior de su zapato.\" \/>\n<meta name=\"robots\" content=\"index, follow, max-snippet:-1, max-image-preview:large, max-video-preview:-1\" \/>\n<link rel=\"canonical\" href=\"https:\/\/trimaco.com\/es\/productos\/prendas-de-proteccion\/cubierta-para-zapatos-e-z-floor-guards\/\" \/>\n<meta property=\"og:locale\" content=\"es_ES\" \/>\n<meta property=\"og:type\" content=\"article\" \/>\n<meta property=\"og:title\" content=\"E-Z FLOOR GUARDS\u00ae PARA ZAPATOS- Trimaco\" \/>\n<meta property=\"og:description\" content=\"La cubierta protectora para zapatos E-Z Floor Guards\u00ae de Trimaco es una alternativa econ\u00f3mica para cubrir y proteger los zapatos. Simplemente PISE, TIRE y ARRANQUE para colocar f\u00e1cilmente la pel\u00edcula adhesiva en la parte inferior de su zapato.\" \/>\n<meta property=\"og:url\" content=\"https:\/\/trimaco.com\/es\/productos\/prendas-de-proteccion\/cubierta-para-zapatos-e-z-floor-guards\/\" \/>\n<meta property=\"og:site_name\" content=\"Trimaco\" \/>\n<meta property=\"article:publisher\" content=\"https:\/\/www.facebook.com\/pages\/Trimaco\/346858225385747?ref=ts\" \/>\n<meta property=\"article:modified_time\" content=\"2022-02-17T21:14:03+00:00\" \/>\n<meta property=\"og:image\" content=\"https:\/\/trimaco.com\/wp-content\/uploads\/2022\/02\/ezfloorguards-2.webp\" \/>\n\t<meta property=\"og:image:width\" content=\"284\" \/>\n\t<meta property=\"og:image:height\" content=\"283\" \/>\n\t<meta property=\"og:image:type\" content=\"image\/webp\" \/>\n<meta name=\"twitter:card\" content=\"summary_large_image\" \/>\n<meta name=\"twitter:site\" content=\"@trimacoinc\" \/>\n<meta name=\"twitter:label1\" content=\"Tiempo de lectura\" \/>\n\t<meta name=\"twitter:data1\" content=\"2 minutos\" \/>\n<!-- \/ Yoast SEO plugin. -->","yoast_head_json":{"title":"E-Z FLOOR GUARDS\u00ae PARA ZAPATOS- Trimaco","description":"La cubierta protectora para zapatos E-Z Floor Guards\u00ae de Trimaco es una alternativa econ\u00f3mica para cubrir y proteger los zapatos. Simplemente PISE, TIRE y ARRANQUE para colocar f\u00e1cilmente la pel\u00edcula adhesiva en la parte inferior de su zapato.","robots":{"index":"index","follow":"follow","max-snippet":"max-snippet:-1","max-image-preview":"max-image-preview:large","max-video-preview":"max-video-preview:-1"},"canonical":"https:\/\/trimaco.com\/es\/productos\/prendas-de-proteccion\/cubierta-para-zapatos-e-z-floor-guards\/","og_locale":"es_ES","og_type":"article","og_title":"E-Z FLOOR GUARDS\u00ae PARA ZAPATOS- Trimaco","og_description":"La cubierta protectora para zapatos E-Z Floor Guards\u00ae de Trimaco es una alternativa econ\u00f3mica para cubrir y proteger los zapatos. Simplemente PISE, TIRE y ARRANQUE para colocar f\u00e1cilmente la pel\u00edcula adhesiva en la parte inferior de su zapato.","og_url":"https:\/\/trimaco.com\/es\/productos\/prendas-de-proteccion\/cubierta-para-zapatos-e-z-floor-guards\/","og_site_name":"Trimaco","article_publisher":"https:\/\/www.facebook.com\/pages\/Trimaco\/346858225385747?ref=ts","article_modified_time":"2022-02-17T21:14:03+00:00","og_image":[{"width":284,"height":283,"url":"https:\/\/trimaco.com\/wp-content\/uploads\/2022\/02\/ezfloorguards-2.webp","type":"image\/webp"}],"twitter_card":"summary_large_image","twitter_site":"@trimacoinc","twitter_misc":{"Tiempo de lectura":"2 minutos"},"schema":{"@context":"https:\/\/schema.org","@graph":[{"@type":"WebPage","@id":"https:\/\/trimaco.com\/es\/productos\/prendas-de-proteccion\/cubierta-para-zapatos-e-z-floor-guards\/","url":"https:\/\/trimaco.com\/es\/productos\/prendas-de-proteccion\/cubierta-para-zapatos-e-z-floor-guards\/","name":"E-Z FLOOR GUARDS\u00ae PARA ZAPATOS- Trimaco","isPartOf":{"@id":"https:\/\/trimaco.com\/#website"},"primaryImageOfPage":{"@id":"https:\/\/trimaco.com\/es\/productos\/prendas-de-proteccion\/cubierta-para-zapatos-e-z-floor-guards\/#primaryimage"},"image":{"@id":"https:\/\/trimaco.com\/es\/productos\/prendas-de-proteccion\/cubierta-para-zapatos-e-z-floor-guards\/#primaryimage"},"thumbnailUrl":"https:\/\/trimaco.com\/wp-content\/uploads\/2022\/02\/ezfloorguards-2.webp","datePublished":"2021-09-10T18:04:23+00:00","dateModified":"2022-02-17T21:14:03+00:00","description":"La cubierta protectora para zapatos E-Z Floor Guards\u00ae de Trimaco es una alternativa econ\u00f3mica para cubrir y proteger los zapatos. Simplemente PISE, TIRE y ARRANQUE para colocar f\u00e1cilmente la pel\u00edcula adhesiva en la parte inferior de su zapato.","breadcrumb":{"@id":"https:\/\/trimaco.com\/es\/productos\/prendas-de-proteccion\/cubierta-para-zapatos-e-z-floor-guards\/#breadcrumb"},"inLanguage":"es","potentialAction":[{"@type":"ReadAction","target":["https:\/\/trimaco.com\/es\/productos\/prendas-de-proteccion\/cubierta-para-zapatos-e-z-floor-guards\/"]}]},{"@type":"ImageObject","inLanguage":"es","@id":"https:\/\/trimaco.com\/es\/productos\/prendas-de-proteccion\/cubierta-para-zapatos-e-z-floor-guards\/#primaryimage","url":"https:\/\/trimaco.com\/wp-content\/uploads\/2022\/02\/ezfloorguards-2.webp","contentUrl":"https:\/\/trimaco.com\/wp-content\/uploads\/2022\/02\/ezfloorguards-2.webp","width":284,"height":283,"caption":"using an E-Z Floor guard shoe cover machine"},{"@type":"BreadcrumbList","@id":"https:\/\/trimaco.com\/es\/productos\/prendas-de-proteccion\/cubierta-para-zapatos-e-z-floor-guards\/#breadcrumb","itemListElement":[{"@type":"ListItem","position":1,"name":"Home","item":"https:\/\/trimaco.com\/"},{"@type":"ListItem","position":2,"name":"Productos","item":"https:\/\/trimaco.com\/es\/productos\/"},{"@type":"ListItem","position":3,"name":"Ropa y Equipo Protector","item":"https:\/\/trimaco.com\/products\/protective-wear\/"},{"@type":"ListItem","position":4,"name":"Cubierta para zapatos E-Z Floor Guards\u00ae"}]},{"@type":"WebSite","@id":"https:\/\/trimaco.com\/#website","url":"https:\/\/trimaco.com\/","name":"Trimaco","description":"Total Jobsite Protection\u2122","publisher":{"@id":"https:\/\/trimaco.com\/#organization"},"potentialAction":[{"@type":"SearchAction","target":{"@type":"EntryPoint","urlTemplate":"https:\/\/trimaco.com\/?s={search_term_string}"},"query-input":{"@type":"PropertyValueSpecification","valueRequired":true,"valueName":"search_term_string"}}],"inLanguage":"es"},{"@type":"Organization","@id":"https:\/\/trimaco.com\/#organization","name":"Trimaco","url":"https:\/\/trimaco.com\/","logo":{"@type":"ImageObject","inLanguage":"es","@id":"https:\/\/trimaco.com\/#\/schema\/logo\/image\/","url":"https:\/\/trimaco.com\/wp-content\/uploads\/2016\/08\/login-logo.png","contentUrl":"https:\/\/trimaco.com\/wp-content\/uploads\/2016\/08\/login-logo.png","width":450,"height":69,"caption":"Trimaco"},"image":{"@id":"https:\/\/trimaco.com\/#\/schema\/logo\/image\/"},"sameAs":["https:\/\/www.facebook.com\/pages\/Trimaco\/346858225385747?ref=ts","https:\/\/x.com\/trimacoinc","https:\/\/www.instagram.com\/trimaco_inc\/","https:\/\/pinterest.com\/trimaco\/","https:\/\/www.youtube.com\/c\/trimacoinc"]}]}},"_links":{"self":[{"href":"https:\/\/trimaco.com\/es\/wp-json\/wp\/v2\/pages\/14428","targetHints":{"allow":["GET"]}}],"collection":[{"href":"https:\/\/trimaco.com\/es\/wp-json\/wp\/v2\/pages"}],"about":[{"href":"https:\/\/trimaco.com\/es\/wp-json\/wp\/v2\/types\/page"}],"author":[{"embeddable":true,"href":"https:\/\/trimaco.com\/es\/wp-json\/wp\/v2\/users\/2"}],"replies":[{"embeddable":true,"href":"https:\/\/trimaco.com\/es\/wp-json\/wp\/v2\/comments?post=14428"}],"version-history":[{"count":0,"href":"https:\/\/trimaco.com\/es\/wp-json\/wp\/v2\/pages\/14428\/revisions"}],"up":[{"embeddable":true,"href":"https:\/\/trimaco.com\/es\/wp-json\/wp\/v2\/pages\/14409"}],"wp:featuredmedia":[{"embeddable":true,"href":"https:\/\/trimaco.com\/es\/wp-json\/wp\/v2\/media\/17827"}],"wp:attachment":[{"href":"https:\/\/trimaco.com\/es\/wp-json\/wp\/v2\/media?parent=14428"}],"curies":[{"name":"wp","href":"https:\/\/api.w.org\/{rel}","templated":true}]}}