{"id":14425,"date":"2021-09-10T13:46:06","date_gmt":"2021-09-10T17:46:06","guid":{"rendered":"https:\/\/trimaco.wpengine.com\/productos\/prendas-de-proteccion\/capuchas-para-pulverizar-supertuff\/"},"modified":"2024-04-08T17:11:15","modified_gmt":"2024-04-08T21:11:15","slug":"capuchas-para-pulverizar-supertuff","status":"publish","type":"page","link":"https:\/\/trimaco.com\/es\/productos\/prendas-de-proteccion\/capuchas-para-pulverizar-supertuff\/","title":{"rendered":"Capuchas para pulverizar SuperTuff\u00ae"},"content":{"rendered":"<p>Las capuchas para pulverizar SuperTuff\u00ae de Trimaco proporcionan una protecci\u00f3n c\u00f3moda contra el exceso de rociado en el trabajo. Las capuchas de 100% de algod\u00f3n se expanden para ajustarse, tambi\u00e9n son transpirables, lavables y frescas para usar. El material de punto el\u00e1stico cubre la cabeza, el cuello, la boca y \/ o la nariz y se puede usar con gafas. Nuestra capucha para rociar tiene las mismas cualidades, pero con un ajuste m\u00e1s suelto que no se estira. <\/p>\n<p>Obtenga m\u00e1s informaci\u00f3n sobre la l\u00ednea completa para sus necesidades de u<a href=\"https:\/\/trimaco.com\/es\/productos\/prendas-de-proteccion\/\">so de protecci\u00f3n<\/a> de Trimaco.<\/p>\n<ul>\n<li>Protege contra el rociado excesivo de pintura<\/li>\n<li>Peso medio<\/li>\n<li>100% algod\u00f3n<\/li>\n<li>Las Capuchas para pulverizar le quedan a la mayor\u00eda<\/li>\n<\/ul>\n<p><em>Capuchas para pulverizar SuperTuff\u00ae<\/em><\/p>\n<table>\n<tbody>\n<tr>\n<th>Art\u00edculo #<\/th>\n<th>COLOR\/CANTIDAD<\/th>\n<th>Paquete de<\/th>\n<th>Tama\u00f1o<\/th>\n<\/tr>\n<tr>\n<td>09301-A<\/td>\n<td>Color natural &#8211; 1ct<\/td>\n<td>36<\/td>\n<td>le quedan a la mayor\u00eda<\/td>\n<\/tr>\n<tr>\n<td>09301-B<\/td>\n<td>Color natural \u2013 1ct bag \/ presentaci\u00f3n de 12ct<\/td>\n<td>12\/144<\/td>\n<td>le quedan a la mayor\u00eda<\/td>\n<\/tr>\n<tr>\n<td>09360<\/td>\n<td>Color natural &#8211; 6ct<\/td>\n<td>12<\/td>\n<td>le quedan a la mayor\u00eda<\/td>\n<\/tr>\n<tr>\n<td>093031<\/td>\n<td>Color natural &#8211; 12ct<\/td>\n<td>12\/144<\/td>\n<td>extra ancho<\/td>\n<\/tr>\n<tr>\n<td>09302<\/td>\n<td>Blanco\/no deja pelusa \u2013 12ct<\/td>\n<td>12\/144<\/td>\n<td>le quedan a la mayor\u00eda<\/td>\n<\/tr>\n<tr>\n<td>09304<\/td>\n<td>Blanco\/no deja pelusa &#8211; 1ct bag \/ presentaci\u00f3n de 12ct<\/td>\n<td>12\/144<\/td>\n<td>le quedan a la mayor\u00eda<\/td>\n<\/tr>\n<\/tbody>\n<\/table>\n","protected":false},"excerpt":{"rendered":"<p>Mantenga su cara y cuello protegidos en el trabajo.<\/p>\n","protected":false},"author":2,"featured_media":17821,"parent":14409,"menu_order":11,"comment_status":"closed","ping_status":"closed","template":"page_products-grandchild.php","meta":{"_acf_changed":false,"footnotes":""},"class_list":["post-14425","page","type-page","status-publish","has-post-thumbnail","hentry"],"acf":[],"yoast_head":"<!-- This site is optimized with the Yoast SEO plugin v27.3 - https:\/\/yoast.com\/product\/yoast-seo-wordpress\/ -->\n<title>Capuchas para pulverizar - Trimaco<\/title>\n<meta name=\"description\" content=\"Las capuchas para pulverizar SuperTuff\u00ae de Trimaco protegen su rostro del exceso de rociado de pintura en el trabajo. La capucha 100% de algod\u00f3n el\u00e1stico se ajusta y es transpirable y lavable.\" \/>\n<meta name=\"robots\" content=\"index, follow, max-snippet:-1, max-image-preview:large, max-video-preview:-1\" \/>\n<link rel=\"canonical\" href=\"https:\/\/trimaco.com\/es\/productos\/prendas-de-proteccion\/capuchas-para-pulverizar-supertuff\/\" \/>\n<meta property=\"og:locale\" content=\"es_ES\" \/>\n<meta property=\"og:type\" content=\"article\" \/>\n<meta property=\"og:title\" content=\"Capuchas para pulverizar - Trimaco\" \/>\n<meta property=\"og:description\" content=\"Las capuchas para pulverizar SuperTuff\u00ae de Trimaco protegen su rostro del exceso de rociado de pintura en el trabajo. La capucha 100% de algod\u00f3n el\u00e1stico se ajusta y es transpirable y lavable.\" \/>\n<meta property=\"og:url\" content=\"https:\/\/trimaco.com\/es\/productos\/prendas-de-proteccion\/capuchas-para-pulverizar-supertuff\/\" \/>\n<meta property=\"og:site_name\" content=\"Trimaco\" \/>\n<meta property=\"article:publisher\" content=\"https:\/\/www.facebook.com\/pages\/Trimaco\/346858225385747?ref=ts\" \/>\n<meta property=\"article:modified_time\" content=\"2024-04-08T21:11:15+00:00\" \/>\n<meta property=\"og:image\" content=\"https:\/\/trimaco.com\/wp-content\/uploads\/2022\/02\/spray-sock-1b.webp\" \/>\n\t<meta property=\"og:image:width\" content=\"284\" \/>\n\t<meta property=\"og:image:height\" content=\"283\" \/>\n\t<meta property=\"og:image:type\" content=\"image\/webp\" \/>\n<meta name=\"twitter:card\" content=\"summary_large_image\" \/>\n<meta name=\"twitter:site\" content=\"@trimacoinc\" \/>\n<meta name=\"twitter:label1\" content=\"Tiempo de lectura\" \/>\n\t<meta name=\"twitter:data1\" content=\"2 minutos\" \/>\n<!-- \/ Yoast SEO plugin. -->","yoast_head_json":{"title":"Capuchas para pulverizar - Trimaco","description":"Las capuchas para pulverizar SuperTuff\u00ae de Trimaco protegen su rostro del exceso de rociado de pintura en el trabajo. La capucha 100% de algod\u00f3n el\u00e1stico se ajusta y es transpirable y lavable.","robots":{"index":"index","follow":"follow","max-snippet":"max-snippet:-1","max-image-preview":"max-image-preview:large","max-video-preview":"max-video-preview:-1"},"canonical":"https:\/\/trimaco.com\/es\/productos\/prendas-de-proteccion\/capuchas-para-pulverizar-supertuff\/","og_locale":"es_ES","og_type":"article","og_title":"Capuchas para pulverizar - Trimaco","og_description":"Las capuchas para pulverizar SuperTuff\u00ae de Trimaco protegen su rostro del exceso de rociado de pintura en el trabajo. La capucha 100% de algod\u00f3n el\u00e1stico se ajusta y es transpirable y lavable.","og_url":"https:\/\/trimaco.com\/es\/productos\/prendas-de-proteccion\/capuchas-para-pulverizar-supertuff\/","og_site_name":"Trimaco","article_publisher":"https:\/\/www.facebook.com\/pages\/Trimaco\/346858225385747?ref=ts","article_modified_time":"2024-04-08T21:11:15+00:00","og_image":[{"width":284,"height":283,"url":"https:\/\/trimaco.com\/wp-content\/uploads\/2022\/02\/spray-sock-1b.webp","type":"image\/webp"}],"twitter_card":"summary_large_image","twitter_site":"@trimacoinc","twitter_misc":{"Tiempo de lectura":"2 minutos"},"schema":{"@context":"https:\/\/schema.org","@graph":[{"@type":"WebPage","@id":"https:\/\/trimaco.com\/es\/productos\/prendas-de-proteccion\/capuchas-para-pulverizar-supertuff\/","url":"https:\/\/trimaco.com\/es\/productos\/prendas-de-proteccion\/capuchas-para-pulverizar-supertuff\/","name":"Capuchas para pulverizar - Trimaco","isPartOf":{"@id":"https:\/\/trimaco.com\/#website"},"primaryImageOfPage":{"@id":"https:\/\/trimaco.com\/es\/productos\/prendas-de-proteccion\/capuchas-para-pulverizar-supertuff\/#primaryimage"},"image":{"@id":"https:\/\/trimaco.com\/es\/productos\/prendas-de-proteccion\/capuchas-para-pulverizar-supertuff\/#primaryimage"},"thumbnailUrl":"https:\/\/trimaco.com\/wp-content\/uploads\/2022\/02\/spray-sock-1b.webp","datePublished":"2021-09-10T17:46:06+00:00","dateModified":"2024-04-08T21:11:15+00:00","description":"Las capuchas para pulverizar SuperTuff\u00ae de Trimaco protegen su rostro del exceso de rociado de pintura en el trabajo. La capucha 100% de algod\u00f3n el\u00e1stico se ajusta y es transpirable y lavable.","breadcrumb":{"@id":"https:\/\/trimaco.com\/es\/productos\/prendas-de-proteccion\/capuchas-para-pulverizar-supertuff\/#breadcrumb"},"inLanguage":"es","potentialAction":[{"@type":"ReadAction","target":["https:\/\/trimaco.com\/es\/productos\/prendas-de-proteccion\/capuchas-para-pulverizar-supertuff\/"]}]},{"@type":"ImageObject","inLanguage":"es","@id":"https:\/\/trimaco.com\/es\/productos\/prendas-de-proteccion\/capuchas-para-pulverizar-supertuff\/#primaryimage","url":"https:\/\/trimaco.com\/wp-content\/uploads\/2022\/02\/spray-sock-1b.webp","contentUrl":"https:\/\/trimaco.com\/wp-content\/uploads\/2022\/02\/spray-sock-1b.webp","width":284,"height":283,"caption":"man wearing a spray sock"},{"@type":"BreadcrumbList","@id":"https:\/\/trimaco.com\/es\/productos\/prendas-de-proteccion\/capuchas-para-pulverizar-supertuff\/#breadcrumb","itemListElement":[{"@type":"ListItem","position":1,"name":"Home","item":"https:\/\/trimaco.com\/"},{"@type":"ListItem","position":2,"name":"Productos","item":"https:\/\/trimaco.com\/es\/productos\/"},{"@type":"ListItem","position":3,"name":"Ropa y Equipo Protector","item":"https:\/\/trimaco.com\/products\/protective-wear\/"},{"@type":"ListItem","position":4,"name":"Capuchas para pulverizar SuperTuff\u00ae"}]},{"@type":"WebSite","@id":"https:\/\/trimaco.com\/#website","url":"https:\/\/trimaco.com\/","name":"Trimaco","description":"Total Jobsite Protection\u2122","publisher":{"@id":"https:\/\/trimaco.com\/#organization"},"potentialAction":[{"@type":"SearchAction","target":{"@type":"EntryPoint","urlTemplate":"https:\/\/trimaco.com\/?s={search_term_string}"},"query-input":{"@type":"PropertyValueSpecification","valueRequired":true,"valueName":"search_term_string"}}],"inLanguage":"es"},{"@type":"Organization","@id":"https:\/\/trimaco.com\/#organization","name":"Trimaco","url":"https:\/\/trimaco.com\/","logo":{"@type":"ImageObject","inLanguage":"es","@id":"https:\/\/trimaco.com\/#\/schema\/logo\/image\/","url":"https:\/\/trimaco.com\/wp-content\/uploads\/2016\/08\/login-logo.png","contentUrl":"https:\/\/trimaco.com\/wp-content\/uploads\/2016\/08\/login-logo.png","width":450,"height":69,"caption":"Trimaco"},"image":{"@id":"https:\/\/trimaco.com\/#\/schema\/logo\/image\/"},"sameAs":["https:\/\/www.facebook.com\/pages\/Trimaco\/346858225385747?ref=ts","https:\/\/x.com\/trimacoinc","https:\/\/www.instagram.com\/trimaco_inc\/","https:\/\/pinterest.com\/trimaco\/","https:\/\/www.youtube.com\/c\/trimacoinc"]}]}},"_links":{"self":[{"href":"https:\/\/trimaco.com\/es\/wp-json\/wp\/v2\/pages\/14425","targetHints":{"allow":["GET"]}}],"collection":[{"href":"https:\/\/trimaco.com\/es\/wp-json\/wp\/v2\/pages"}],"about":[{"href":"https:\/\/trimaco.com\/es\/wp-json\/wp\/v2\/types\/page"}],"author":[{"embeddable":true,"href":"https:\/\/trimaco.com\/es\/wp-json\/wp\/v2\/users\/2"}],"replies":[{"embeddable":true,"href":"https:\/\/trimaco.com\/es\/wp-json\/wp\/v2\/comments?post=14425"}],"version-history":[{"count":0,"href":"https:\/\/trimaco.com\/es\/wp-json\/wp\/v2\/pages\/14425\/revisions"}],"up":[{"embeddable":true,"href":"https:\/\/trimaco.com\/es\/wp-json\/wp\/v2\/pages\/14409"}],"wp:featuredmedia":[{"embeddable":true,"href":"https:\/\/trimaco.com\/es\/wp-json\/wp\/v2\/media\/17821"}],"wp:attachment":[{"href":"https:\/\/trimaco.com\/es\/wp-json\/wp\/v2\/media?parent=14425"}],"curies":[{"name":"wp","href":"https:\/\/api.w.org\/{rel}","templated":true}]}}