{"id":14423,"date":"2021-09-10T10:56:35","date_gmt":"2021-09-10T14:56:35","guid":{"rendered":"https:\/\/trimaco.wpengine.com\/productos\/prendas-de-proteccion\/las-gafas-e-z-clean-de-trimaco\/"},"modified":"2024-04-08T17:08:51","modified_gmt":"2024-04-08T21:08:51","slug":"las-gafas-e-z-clean-de-trimaco","status":"publish","type":"page","link":"https:\/\/trimaco.com\/es\/productos\/prendas-de-proteccion\/las-gafas-e-z-clean-de-trimaco\/","title":{"rendered":"Las gafas E-Z clean de Trimaco\u00ae"},"content":{"rendered":"<h2>Limpie la pintura de distancia, incluso cuando est\u00e9 seco!<\/h2>\n<p>Las gafas E-Z clean de Trimaco\u00ae son las compa\u00f1eras perfectas para la mayor\u00eda de los trabajos de pintura a base de agua. Estos lentes protectores son resistentes a los impactos y ara\u00f1azos y tambi\u00e9n c\u00f3modos y ligeros. Las gafas est\u00e1n dise\u00f1adas con un tratamiento anti-niebla y anti-aceite\/polvo, lo que las hace f\u00e1ciles de limpiar con un pa\u00f1o de microfibra h\u00famedo.<\/p>\n<p>Estos lentes protectores se pueden usar con la mayor\u00eda de los respiradores de media m\u00e1scara para una protecci\u00f3n adicional. Con clasificaci\u00f3n ANSI y 99.9% resistente a los rayos UV, estas gafas son la adici\u00f3n perfecta a su equipo de protecci\u00f3n personal. <\/p>\n<ul>\n<li>Gafas ultraligeras con amplia visi\u00f3n<\/li>\n<li>EPP resistente a los ara\u00f1azos, impactos y a los rayos UV<\/li>\n<li>La pintura a base de agua se puede quitar de las gafas con un pa\u00f1o h\u00famedo de microfibra<\/li>\n<li>Tratamiento antiniebla y anti-aceite\/polvo<\/li>\n<li>El desgaste ocular protector cumple con los requisitos Ansi Z87+<\/li>\n<\/ul>\n<p>Explore todos los art\u00edculos de protecci\u00f3n personal de Trimaco, como <a href=\"https:\/\/trimaco.com\/es\/productos\/prendas-de-proteccion\/overoles-protectores-profesionales-tyvek-de-dupont\/\">los overoles Tyvek de Dupont<\/a>, cubiertas de cabeza para <a href=\"https:\/\/trimaco.com\/es\/productos\/prendas-de-proteccion\/capuchas-para-pulverizar-supertuff\/\">rociar<\/a> y cubre z<a href=\"https:\/\/trimaco.com\/es\/productos\/prendas-de-proteccion\/cubiertas-de-zapatos-smartgrip\/\">apatos antideslizantes<\/a>. <\/p>\n<p><em>Gafas E-Z Clean<\/em><\/p>\n<table>\n<tbody>\n<tr>\n<th>Art\u00edculo #<\/th>\n<th>Paquete de<\/th>\n<th>Tama\u00f1o<\/th>\n<\/tr>\n<tr>\n<td>07925<\/td>\n<td>6\/caja<\/td>\n<td>Talla \u00fanica le queda a la mayor\u00eda<\/td>\n<\/tr>\n<\/tbody>\n<\/table>\n<p><em>Precauci\u00f3n: No se recomienda limpiar en exceso estas gafas con agua, ya que se pueden eliminar los tratamientos. Mantenga fuera de la luz solar directa, en una caja limpia cuando no est\u00e9 en uso. No las use para quemar, cortar o soldar con antorchas o soldadura el\u00e9ctrica. No utilizar para deportes. Las gafas cumplen con los requisitos de ANSI Z87+. El lente es resistente a los impactos, pero no irrompible o inastillable. No utilizar para la protecci\u00f3n contra explosiones, fragmentaci\u00f3n de molienda o ruedas abrasivas u otros impactos graves. Cuando se raya o se da\u00f1a, la resistencia a la visi\u00f3n y al impacto se reduce seriamente. Inspeccione y limpie con frecuencia durante el uso; reemplazar inmediatamente si est\u00e1 da\u00f1ada. Para part\u00edculas voladoras de alto impacto, se puede requerir un escudo facial completo cuando utiliza estas gafas.<\/em><\/p>\n","protected":false},"excerpt":{"rendered":"<p>Ropa c\u00f3moda y protectora para los ojos que es f\u00e1cil de limpiar.<\/p>\n","protected":false},"author":9,"featured_media":17805,"parent":14409,"menu_order":8,"comment_status":"closed","ping_status":"closed","template":"page_products-grandchild.php","meta":{"_acf_changed":false,"footnotes":""},"class_list":["post-14423","page","type-page","status-publish","has-post-thumbnail","hentry"],"acf":[],"yoast_head":"<!-- This site is optimized with the Yoast SEO plugin v27.6 - https:\/\/yoast.com\/product\/yoast-seo-wordpress\/ -->\n<title>\u00a1Limpie la pintura, incluso cuando est\u00e9 seca!- Trimaco<\/title>\n<meta name=\"description\" content=\"Estos lentes protectores son resistentes a los impactos y ara\u00f1azos y tambi\u00e9n c\u00f3modos y ligeros. Estos lentes protectores son resistentes a los impactos y ara\u00f1azos y tambi\u00e9n c\u00f3modos y ligeros.\" \/>\n<meta name=\"robots\" content=\"index, follow, max-snippet:-1, max-image-preview:large, max-video-preview:-1\" \/>\n<link rel=\"canonical\" href=\"https:\/\/trimaco.com\/es\/productos\/prendas-de-proteccion\/las-gafas-e-z-clean-de-trimaco\/\" \/>\n<meta property=\"og:locale\" content=\"es_ES\" \/>\n<meta property=\"og:type\" content=\"article\" \/>\n<meta property=\"og:title\" content=\"\u00a1Limpie la pintura, incluso cuando est\u00e9 seca!- Trimaco\" \/>\n<meta property=\"og:description\" content=\"Estos lentes protectores son resistentes a los impactos y ara\u00f1azos y tambi\u00e9n c\u00f3modos y ligeros. Estos lentes protectores son resistentes a los impactos y ara\u00f1azos y tambi\u00e9n c\u00f3modos y ligeros.\" \/>\n<meta property=\"og:url\" content=\"https:\/\/trimaco.com\/es\/productos\/prendas-de-proteccion\/las-gafas-e-z-clean-de-trimaco\/\" \/>\n<meta property=\"og:site_name\" content=\"Trimaco\" \/>\n<meta property=\"article:publisher\" content=\"https:\/\/www.facebook.com\/pages\/Trimaco\/346858225385747?ref=ts\" \/>\n<meta property=\"article:modified_time\" content=\"2024-04-08T21:08:51+00:00\" \/>\n<meta property=\"og:image\" content=\"https:\/\/trimaco.com\/wp-content\/uploads\/2022\/02\/goggles-3.webp\" \/>\n\t<meta property=\"og:image:width\" content=\"400\" \/>\n\t<meta property=\"og:image:height\" content=\"400\" \/>\n\t<meta property=\"og:image:type\" content=\"image\/webp\" \/>\n<meta name=\"twitter:card\" content=\"summary_large_image\" \/>\n<meta name=\"twitter:site\" content=\"@trimacoinc\" \/>\n<meta name=\"twitter:label1\" content=\"Tiempo de lectura\" \/>\n\t<meta name=\"twitter:data1\" content=\"2 minutos\" \/>\n<!-- \/ Yoast SEO plugin. -->","yoast_head_json":{"title":"\u00a1Limpie la pintura, incluso cuando est\u00e9 seca!- Trimaco","description":"Estos lentes protectores son resistentes a los impactos y ara\u00f1azos y tambi\u00e9n c\u00f3modos y ligeros. Estos lentes protectores son resistentes a los impactos y ara\u00f1azos y tambi\u00e9n c\u00f3modos y ligeros.","robots":{"index":"index","follow":"follow","max-snippet":"max-snippet:-1","max-image-preview":"max-image-preview:large","max-video-preview":"max-video-preview:-1"},"canonical":"https:\/\/trimaco.com\/es\/productos\/prendas-de-proteccion\/las-gafas-e-z-clean-de-trimaco\/","og_locale":"es_ES","og_type":"article","og_title":"\u00a1Limpie la pintura, incluso cuando est\u00e9 seca!- Trimaco","og_description":"Estos lentes protectores son resistentes a los impactos y ara\u00f1azos y tambi\u00e9n c\u00f3modos y ligeros. Estos lentes protectores son resistentes a los impactos y ara\u00f1azos y tambi\u00e9n c\u00f3modos y ligeros.","og_url":"https:\/\/trimaco.com\/es\/productos\/prendas-de-proteccion\/las-gafas-e-z-clean-de-trimaco\/","og_site_name":"Trimaco","article_publisher":"https:\/\/www.facebook.com\/pages\/Trimaco\/346858225385747?ref=ts","article_modified_time":"2024-04-08T21:08:51+00:00","og_image":[{"width":400,"height":400,"url":"https:\/\/trimaco.com\/wp-content\/uploads\/2022\/02\/goggles-3.webp","type":"image\/webp"}],"twitter_card":"summary_large_image","twitter_site":"@trimacoinc","twitter_misc":{"Tiempo de lectura":"2 minutos"},"schema":{"@context":"https:\/\/schema.org","@graph":[{"@type":"WebPage","@id":"https:\/\/trimaco.com\/es\/productos\/prendas-de-proteccion\/las-gafas-e-z-clean-de-trimaco\/","url":"https:\/\/trimaco.com\/es\/productos\/prendas-de-proteccion\/las-gafas-e-z-clean-de-trimaco\/","name":"\u00a1Limpie la pintura, incluso cuando est\u00e9 seca!- Trimaco","isPartOf":{"@id":"https:\/\/trimaco.com\/#website"},"primaryImageOfPage":{"@id":"https:\/\/trimaco.com\/es\/productos\/prendas-de-proteccion\/las-gafas-e-z-clean-de-trimaco\/#primaryimage"},"image":{"@id":"https:\/\/trimaco.com\/es\/productos\/prendas-de-proteccion\/las-gafas-e-z-clean-de-trimaco\/#primaryimage"},"thumbnailUrl":"https:\/\/trimaco.com\/wp-content\/uploads\/2022\/02\/goggles-3.webp","datePublished":"2021-09-10T14:56:35+00:00","dateModified":"2024-04-08T21:08:51+00:00","description":"Estos lentes protectores son resistentes a los impactos y ara\u00f1azos y tambi\u00e9n c\u00f3modos y ligeros. Estos lentes protectores son resistentes a los impactos y ara\u00f1azos y tambi\u00e9n c\u00f3modos y ligeros.","breadcrumb":{"@id":"https:\/\/trimaco.com\/es\/productos\/prendas-de-proteccion\/las-gafas-e-z-clean-de-trimaco\/#breadcrumb"},"inLanguage":"es","potentialAction":[{"@type":"ReadAction","target":["https:\/\/trimaco.com\/es\/productos\/prendas-de-proteccion\/las-gafas-e-z-clean-de-trimaco\/"]}]},{"@type":"ImageObject","inLanguage":"es","@id":"https:\/\/trimaco.com\/es\/productos\/prendas-de-proteccion\/las-gafas-e-z-clean-de-trimaco\/#primaryimage","url":"https:\/\/trimaco.com\/wp-content\/uploads\/2022\/02\/goggles-3.webp","contentUrl":"https:\/\/trimaco.com\/wp-content\/uploads\/2022\/02\/goggles-3.webp","width":400,"height":400,"caption":"painter wearing e-z clean goggles and respirator mask"},{"@type":"BreadcrumbList","@id":"https:\/\/trimaco.com\/es\/productos\/prendas-de-proteccion\/las-gafas-e-z-clean-de-trimaco\/#breadcrumb","itemListElement":[{"@type":"ListItem","position":1,"name":"Home","item":"https:\/\/trimaco.com\/"},{"@type":"ListItem","position":2,"name":"Productos","item":"https:\/\/trimaco.com\/es\/productos\/"},{"@type":"ListItem","position":3,"name":"Ropa y Equipo Protector","item":"https:\/\/trimaco.com\/products\/protective-wear\/"},{"@type":"ListItem","position":4,"name":"Las gafas E-Z clean de Trimaco\u00ae"}]},{"@type":"WebSite","@id":"https:\/\/trimaco.com\/#website","url":"https:\/\/trimaco.com\/","name":"Trimaco","description":"Total Jobsite Protection\u2122","publisher":{"@id":"https:\/\/trimaco.com\/#organization"},"potentialAction":[{"@type":"SearchAction","target":{"@type":"EntryPoint","urlTemplate":"https:\/\/trimaco.com\/?s={search_term_string}"},"query-input":{"@type":"PropertyValueSpecification","valueRequired":true,"valueName":"search_term_string"}}],"inLanguage":"es"},{"@type":"Organization","@id":"https:\/\/trimaco.com\/#organization","name":"Trimaco","url":"https:\/\/trimaco.com\/","logo":{"@type":"ImageObject","inLanguage":"es","@id":"https:\/\/trimaco.com\/#\/schema\/logo\/image\/","url":"https:\/\/trimaco.com\/wp-content\/uploads\/2016\/08\/login-logo.png","contentUrl":"https:\/\/trimaco.com\/wp-content\/uploads\/2016\/08\/login-logo.png","width":450,"height":69,"caption":"Trimaco"},"image":{"@id":"https:\/\/trimaco.com\/#\/schema\/logo\/image\/"},"sameAs":["https:\/\/www.facebook.com\/pages\/Trimaco\/346858225385747?ref=ts","https:\/\/x.com\/trimacoinc","https:\/\/www.instagram.com\/trimaco_inc\/","https:\/\/pinterest.com\/trimaco\/","https:\/\/www.youtube.com\/c\/trimacoinc"]}]}},"_links":{"self":[{"href":"https:\/\/trimaco.com\/es\/wp-json\/wp\/v2\/pages\/14423","targetHints":{"allow":["GET"]}}],"collection":[{"href":"https:\/\/trimaco.com\/es\/wp-json\/wp\/v2\/pages"}],"about":[{"href":"https:\/\/trimaco.com\/es\/wp-json\/wp\/v2\/types\/page"}],"author":[{"embeddable":true,"href":"https:\/\/trimaco.com\/es\/wp-json\/wp\/v2\/users\/9"}],"replies":[{"embeddable":true,"href":"https:\/\/trimaco.com\/es\/wp-json\/wp\/v2\/comments?post=14423"}],"version-history":[{"count":0,"href":"https:\/\/trimaco.com\/es\/wp-json\/wp\/v2\/pages\/14423\/revisions"}],"up":[{"embeddable":true,"href":"https:\/\/trimaco.com\/es\/wp-json\/wp\/v2\/pages\/14409"}],"wp:featuredmedia":[{"embeddable":true,"href":"https:\/\/trimaco.com\/es\/wp-json\/wp\/v2\/media\/17805"}],"wp:attachment":[{"href":"https:\/\/trimaco.com\/es\/wp-json\/wp\/v2\/media?parent=14423"}],"curies":[{"name":"wp","href":"https:\/\/api.w.org\/{rel}","templated":true}]}}