{"id":14421,"date":"2021-09-10T10:48:49","date_gmt":"2021-09-10T14:48:49","guid":{"rendered":"https:\/\/trimaco.wpengine.com\/productos\/prendas-de-proteccion\/los-trajes-protectores-para-rociar-pintura-supertuff-son-transpirables\/"},"modified":"2024-04-08T17:08:37","modified_gmt":"2024-04-08T21:08:37","slug":"los-trajes-protectores-para-rociar-pintura-supertuff-son-transpirables","status":"publish","type":"page","link":"https:\/\/trimaco.com\/es\/productos\/prendas-de-proteccion\/los-trajes-protectores-para-rociar-pintura-supertuff-son-transpirables\/","title":{"rendered":"Los trajes protectores para rociar pintura SuperTuff\u00ae son transpirables"},"content":{"rendered":"<p>Todos los trajes SuperTuff de Trimaco tienen un ajuste m\u00e1s c\u00f3modo, cierre de 2 v\u00edas, capucha con cord\u00f3n y 3 bolsillos. No dejan pelusas, son lavables y reutilizables. Los overoles protectores son perfectos para el uso de cabinas de pulverizaci\u00f3n. Los overoles est\u00e1n disponibles en varios tama\u00f1os y tres estilos diferentes. Obtenga m\u00e1s informaci\u00f3n sobre todos los <a href=\"https:\/\/trimaco.com\/es\/productos\/prendas-de-proteccion\/\">accesorios y prendas protectoras<\/a> de Trimaco. <\/p>\n<p><em>Traje para pulverizar pintura Ultra<\/em><\/p>\n<ul>\n<li>Fabricado en poli\u00e9ster con hilo de fibra de carbono para un control antiest\u00e1tico superior<\/li>\n<li>Trajes para pulverizar, no dejan pelusas, son lavables y reutilizables<\/li>\n<li>Cierre de 2 v\u00edas, capucha con cord\u00f3n y 3 bolsillos.<\/li>\n<li>Tejido transpirable y ligero<\/li>\n<ul><\/p>\n<table>\n<tbody>\n<tr>\n<th>Art\u00edculo #<\/th>\n<th>Paquete de<\/th>\n<th>Tama\u00f1o<\/th>\n<\/tr>\n<tr>\n<td>28031<\/td>\n<td>25 a granel<\/td>\n<td>Medio<\/td>\n<\/tr>\n<tr>\n<td>28032<\/td>\n<td>25 a granel<\/td>\n<td>grande<\/td>\n<\/tr>\n<tr>\n<td>28033<\/td>\n<td>25 a granel<\/td>\n<td>Xgrande<\/td>\n<\/tr>\n<tr>\n<td>28034<\/td>\n<td>25 a granel<\/td>\n<td>2Xgrande<\/td>\n<\/tr>\n<\/tbody>\n<\/table>\n<p><em>TRAJE PARA ROCIAR<\/em><\/p>\n<ul>\n<li>Ligero, 100% poli\u00e9ster y antiest\u00e1tico<\/li>\n<li>Traje para rociar no dejan pelusa, lavables y reutilizables<\/li>\n<li>Con cierre de 2 v\u00edas, capucha con cord\u00f3n y 3 bolsillos<\/li>\n<li>Ajuste c\u00f3modo y m\u00e1s completo<\/li>\n<ul><\/p>\n<table>\n<tbody>\n<tr>\n<th>Art\u00edculo #<\/th>\n<th>Paquete de<\/th>\n<th>Tama\u00f1o<\/th>\n<\/tr>\n<tr>\n<td>28041<\/td>\n<td>25 a granel<\/td>\n<td>Medio<\/td>\n<\/tr>\n<tr>\n<td>28042<\/td>\n<td>25 a granel<\/td>\n<td>grande<\/td>\n<\/tr>\n<tr>\n<td>28043<\/td>\n<td>25 a granel<\/td>\n<td>xgrande<\/td>\n<\/tr>\n<tr>\n<td>28044<\/td>\n<td>25 a granel<\/td>\n<td>2xgrande<\/td>\n<\/tr>\n<\/tbody>\n<\/table>\n","protected":false},"excerpt":{"rendered":"<p>Excelente protecci\u00f3n, proporciona transpirabilidad para la pulverizaci\u00f3n continua.<\/p>\n","protected":false},"author":2,"featured_media":17800,"parent":14409,"menu_order":8,"comment_status":"closed","ping_status":"closed","template":"page_products-grandchild.php","meta":{"_acf_changed":false,"footnotes":""},"class_list":["post-14421","page","type-page","status-publish","has-post-thumbnail","hentry"],"acf":[],"yoast_head":"<!-- This site is optimized with the Yoast SEO plugin v27.3 - https:\/\/yoast.com\/product\/yoast-seo-wordpress\/ -->\n<title>Trajes protectores para rociar pintura SuperTuff\u00ae - Trimaco<\/title>\n<meta name=\"description\" content=\"Los trajes para rociar pintura tienen un ajuste m\u00e1s completo y c\u00f3modo, cierre de 2 v\u00edas, capucha con cord\u00f3n y 3 bolsillos. No dejan pelusas, son lavables, reutilizables y antiest\u00e1ticos.\" \/>\n<meta name=\"robots\" content=\"index, follow, max-snippet:-1, max-image-preview:large, max-video-preview:-1\" \/>\n<link rel=\"canonical\" href=\"https:\/\/trimaco.com\/es\/productos\/prendas-de-proteccion\/los-trajes-protectores-para-rociar-pintura-supertuff-son-transpirables\/\" \/>\n<meta property=\"og:locale\" content=\"es_ES\" \/>\n<meta property=\"og:type\" content=\"article\" \/>\n<meta property=\"og:title\" content=\"Trajes protectores para rociar pintura SuperTuff\u00ae - Trimaco\" \/>\n<meta property=\"og:description\" content=\"Los trajes para rociar pintura tienen un ajuste m\u00e1s completo y c\u00f3modo, cierre de 2 v\u00edas, capucha con cord\u00f3n y 3 bolsillos. No dejan pelusas, son lavables, reutilizables y antiest\u00e1ticos.\" \/>\n<meta property=\"og:url\" content=\"https:\/\/trimaco.com\/es\/productos\/prendas-de-proteccion\/los-trajes-protectores-para-rociar-pintura-supertuff-son-transpirables\/\" \/>\n<meta property=\"og:site_name\" content=\"Trimaco\" \/>\n<meta property=\"article:publisher\" content=\"https:\/\/www.facebook.com\/pages\/Trimaco\/346858225385747?ref=ts\" \/>\n<meta property=\"article:modified_time\" content=\"2024-04-08T21:08:37+00:00\" \/>\n<meta property=\"og:image\" content=\"https:\/\/trimaco.com\/wp-content\/uploads\/2022\/02\/spraysuits-1.webp\" \/>\n\t<meta property=\"og:image:width\" content=\"284\" \/>\n\t<meta property=\"og:image:height\" content=\"283\" \/>\n\t<meta property=\"og:image:type\" content=\"image\/webp\" \/>\n<meta name=\"twitter:card\" content=\"summary_large_image\" \/>\n<meta name=\"twitter:site\" content=\"@trimacoinc\" \/>\n<meta name=\"twitter:label1\" content=\"Tiempo de lectura\" \/>\n\t<meta name=\"twitter:data1\" content=\"2 minutos\" \/>\n<!-- \/ Yoast SEO plugin. -->","yoast_head_json":{"title":"Trajes protectores para rociar pintura SuperTuff\u00ae - Trimaco","description":"Los trajes para rociar pintura tienen un ajuste m\u00e1s completo y c\u00f3modo, cierre de 2 v\u00edas, capucha con cord\u00f3n y 3 bolsillos. No dejan pelusas, son lavables, reutilizables y antiest\u00e1ticos.","robots":{"index":"index","follow":"follow","max-snippet":"max-snippet:-1","max-image-preview":"max-image-preview:large","max-video-preview":"max-video-preview:-1"},"canonical":"https:\/\/trimaco.com\/es\/productos\/prendas-de-proteccion\/los-trajes-protectores-para-rociar-pintura-supertuff-son-transpirables\/","og_locale":"es_ES","og_type":"article","og_title":"Trajes protectores para rociar pintura SuperTuff\u00ae - Trimaco","og_description":"Los trajes para rociar pintura tienen un ajuste m\u00e1s completo y c\u00f3modo, cierre de 2 v\u00edas, capucha con cord\u00f3n y 3 bolsillos. No dejan pelusas, son lavables, reutilizables y antiest\u00e1ticos.","og_url":"https:\/\/trimaco.com\/es\/productos\/prendas-de-proteccion\/los-trajes-protectores-para-rociar-pintura-supertuff-son-transpirables\/","og_site_name":"Trimaco","article_publisher":"https:\/\/www.facebook.com\/pages\/Trimaco\/346858225385747?ref=ts","article_modified_time":"2024-04-08T21:08:37+00:00","og_image":[{"width":284,"height":283,"url":"https:\/\/trimaco.com\/wp-content\/uploads\/2022\/02\/spraysuits-1.webp","type":"image\/webp"}],"twitter_card":"summary_large_image","twitter_site":"@trimacoinc","twitter_misc":{"Tiempo de lectura":"2 minutos"},"schema":{"@context":"https:\/\/schema.org","@graph":[{"@type":"WebPage","@id":"https:\/\/trimaco.com\/es\/productos\/prendas-de-proteccion\/los-trajes-protectores-para-rociar-pintura-supertuff-son-transpirables\/","url":"https:\/\/trimaco.com\/es\/productos\/prendas-de-proteccion\/los-trajes-protectores-para-rociar-pintura-supertuff-son-transpirables\/","name":"Trajes protectores para rociar pintura SuperTuff\u00ae - Trimaco","isPartOf":{"@id":"https:\/\/trimaco.com\/#website"},"primaryImageOfPage":{"@id":"https:\/\/trimaco.com\/es\/productos\/prendas-de-proteccion\/los-trajes-protectores-para-rociar-pintura-supertuff-son-transpirables\/#primaryimage"},"image":{"@id":"https:\/\/trimaco.com\/es\/productos\/prendas-de-proteccion\/los-trajes-protectores-para-rociar-pintura-supertuff-son-transpirables\/#primaryimage"},"thumbnailUrl":"https:\/\/trimaco.com\/wp-content\/uploads\/2022\/02\/spraysuits-1.webp","datePublished":"2021-09-10T14:48:49+00:00","dateModified":"2024-04-08T21:08:37+00:00","description":"Los trajes para rociar pintura tienen un ajuste m\u00e1s completo y c\u00f3modo, cierre de 2 v\u00edas, capucha con cord\u00f3n y 3 bolsillos. No dejan pelusas, son lavables, reutilizables y antiest\u00e1ticos.","breadcrumb":{"@id":"https:\/\/trimaco.com\/es\/productos\/prendas-de-proteccion\/los-trajes-protectores-para-rociar-pintura-supertuff-son-transpirables\/#breadcrumb"},"inLanguage":"es","potentialAction":[{"@type":"ReadAction","target":["https:\/\/trimaco.com\/es\/productos\/prendas-de-proteccion\/los-trajes-protectores-para-rociar-pintura-supertuff-son-transpirables\/"]}]},{"@type":"ImageObject","inLanguage":"es","@id":"https:\/\/trimaco.com\/es\/productos\/prendas-de-proteccion\/los-trajes-protectores-para-rociar-pintura-supertuff-son-transpirables\/#primaryimage","url":"https:\/\/trimaco.com\/wp-content\/uploads\/2022\/02\/spraysuits-1.webp","contentUrl":"https:\/\/trimaco.com\/wp-content\/uploads\/2022\/02\/spraysuits-1.webp","width":284,"height":283,"caption":"painting in a spray suit"},{"@type":"BreadcrumbList","@id":"https:\/\/trimaco.com\/es\/productos\/prendas-de-proteccion\/los-trajes-protectores-para-rociar-pintura-supertuff-son-transpirables\/#breadcrumb","itemListElement":[{"@type":"ListItem","position":1,"name":"Home","item":"https:\/\/trimaco.com\/"},{"@type":"ListItem","position":2,"name":"Productos","item":"https:\/\/trimaco.com\/es\/productos\/"},{"@type":"ListItem","position":3,"name":"Ropa y Equipo Protector","item":"https:\/\/trimaco.com\/products\/protective-wear\/"},{"@type":"ListItem","position":4,"name":"Los trajes protectores para rociar pintura SuperTuff\u00ae son transpirables"}]},{"@type":"WebSite","@id":"https:\/\/trimaco.com\/#website","url":"https:\/\/trimaco.com\/","name":"Trimaco","description":"Total Jobsite Protection\u2122","publisher":{"@id":"https:\/\/trimaco.com\/#organization"},"potentialAction":[{"@type":"SearchAction","target":{"@type":"EntryPoint","urlTemplate":"https:\/\/trimaco.com\/?s={search_term_string}"},"query-input":{"@type":"PropertyValueSpecification","valueRequired":true,"valueName":"search_term_string"}}],"inLanguage":"es"},{"@type":"Organization","@id":"https:\/\/trimaco.com\/#organization","name":"Trimaco","url":"https:\/\/trimaco.com\/","logo":{"@type":"ImageObject","inLanguage":"es","@id":"https:\/\/trimaco.com\/#\/schema\/logo\/image\/","url":"https:\/\/trimaco.com\/wp-content\/uploads\/2016\/08\/login-logo.png","contentUrl":"https:\/\/trimaco.com\/wp-content\/uploads\/2016\/08\/login-logo.png","width":450,"height":69,"caption":"Trimaco"},"image":{"@id":"https:\/\/trimaco.com\/#\/schema\/logo\/image\/"},"sameAs":["https:\/\/www.facebook.com\/pages\/Trimaco\/346858225385747?ref=ts","https:\/\/x.com\/trimacoinc","https:\/\/www.instagram.com\/trimaco_inc\/","https:\/\/pinterest.com\/trimaco\/","https:\/\/www.youtube.com\/c\/trimacoinc"]}]}},"_links":{"self":[{"href":"https:\/\/trimaco.com\/es\/wp-json\/wp\/v2\/pages\/14421","targetHints":{"allow":["GET"]}}],"collection":[{"href":"https:\/\/trimaco.com\/es\/wp-json\/wp\/v2\/pages"}],"about":[{"href":"https:\/\/trimaco.com\/es\/wp-json\/wp\/v2\/types\/page"}],"author":[{"embeddable":true,"href":"https:\/\/trimaco.com\/es\/wp-json\/wp\/v2\/users\/2"}],"replies":[{"embeddable":true,"href":"https:\/\/trimaco.com\/es\/wp-json\/wp\/v2\/comments?post=14421"}],"version-history":[{"count":0,"href":"https:\/\/trimaco.com\/es\/wp-json\/wp\/v2\/pages\/14421\/revisions"}],"up":[{"embeddable":true,"href":"https:\/\/trimaco.com\/es\/wp-json\/wp\/v2\/pages\/14409"}],"wp:featuredmedia":[{"embeddable":true,"href":"https:\/\/trimaco.com\/es\/wp-json\/wp\/v2\/media\/17800"}],"wp:attachment":[{"href":"https:\/\/trimaco.com\/es\/wp-json\/wp\/v2\/media?parent=14421"}],"curies":[{"name":"wp","href":"https:\/\/api.w.org\/{rel}","templated":true}]}}