{"id":14419,"date":"2021-09-10T10:42:36","date_gmt":"2021-09-10T14:42:36","guid":{"rendered":"https:\/\/trimaco.wpengine.com\/productos\/prendas-de-proteccion\/overoles-para-pintar-de-polipropileno-supertuff\/"},"modified":"2024-04-08T17:07:48","modified_gmt":"2024-04-08T21:07:48","slug":"overoles-para-pintar-de-polipropileno-supertuff","status":"publish","type":"page","link":"https:\/\/trimaco.com\/es\/productos\/prendas-de-proteccion\/overoles-para-pintar-de-polipropileno-supertuff\/","title":{"rendered":"Overoles para pintar de polipropileno SuperTuff\u00ae"},"content":{"rendered":"<p>\nLos overoles para pintar de polipropileno SuperTuff\u00ae de Trimaco est\u00e1n hechos de un tejido especial de polipropileno no tejido que protege de la pintura, la grasa y la suciedad. Los overoles son frescos, transpirables y ligeros. Cuenta con un frente con cierre y una espalda el\u00e1stica y tambi\u00e9n con mu\u00f1ecas. Las piernas se pueden cortar para adaptarse a cualquier altura. <\/p>\n<p>Disponible en una variedad de tama\u00f1os y estilos, incluyendo pu\u00f1os el\u00e1sticos para tobillos y mu\u00f1ecas, as\u00ed como overoles con la opci\u00f3n de capucha. Los tama\u00f1os incluyen de mediano a 2XGrande.<\/p>\n<p>\u00a1Aprenda m\u00e1s sobre todos los productos de vestir protectores de Trimaco!<a href=\"https:\/\/trimaco.com\/es\/productos\/prendas-de-proteccion\/\"><\/a><\/p>\n<ul>\n<li> Extra transpirable y ligero<\/li>\n<li>Protege de la pintura, la grasa y la suciedad<\/li>\n<li>Cierre frontal<\/li>\n<li>100% polipropileno<\/li>\n<\/ul>\n<p><em>Overoles de polipropileno<\/em><br \/>\ncon capucha (paquete a granel)<\/p>\n<table>\n<tbody>\n<tr>\n<th>Art\u00edculo #<\/th>\n<th>Paquete de<\/th>\n<th>Tama\u00f1o<\/th>\n<\/tr>\n<tr>\n<td>141431<\/td>\n<td>25<\/td>\n<td>xgrande<\/td>\n<\/tr>\n<tr>\n<td>141441<\/td>\n<td>25<\/td>\n<td>2xgrande<\/td>\n<\/tr>\n<\/tbody>\n<\/table>\n<p>con mu\u00f1ecas el\u00e1sticas<\/p>\n<table>\n<tbody>\n<tr>\n<th>Art\u00edculo #<\/th>\n<th>Paquete de<\/th>\n<th>Tama\u00f1o<\/th>\n<\/tr>\n<tr>\n<td>54143 &#8211; 5pk<\/td>\n<td>4<\/td>\n<td>xgrande<\/td>\n<\/tr>\n<\/tbody>\n<\/table>\n<p>w \/ Espalda el\u00e1stica y mu\u00f1ecas<\/p>\n<table>\n<tbody>\n<tr>\n<th>Art\u00edculo #<\/th>\n<th>Paquete de<\/th>\n<th>Tama\u00f1o<\/th>\n<\/tr>\n<tr>\n<td>09901<\/td>\n<td>12<\/td>\n<td>Medio<\/td>\n<\/tr>\n<tr>\n<td>09903<\/td>\n<td>12<\/td>\n<td>grande<\/td>\n<\/tr>\n<tr>\n<td>09905<\/td>\n<td>12<\/td>\n<td>xgrande<\/td>\n<\/tr>\n<tr>\n<td>09907<\/td>\n<td>12<\/td>\n<td>2xgrande<\/td>\n<\/tr>\n<\/tbody>\n<\/table>\n","protected":false},"excerpt":{"rendered":"<p>Los overoles ligeros son altamente transpirables.<\/p>\n","protected":false},"author":2,"featured_media":17795,"parent":14409,"menu_order":7,"comment_status":"closed","ping_status":"closed","template":"page_products-grandchild.php","meta":{"_acf_changed":false,"footnotes":""},"class_list":["post-14419","page","type-page","status-publish","has-post-thumbnail","hentry"],"acf":[],"yoast_head":"<!-- This site is optimized with the Yoast SEO plugin v27.1.1 - https:\/\/yoast.com\/product\/yoast-seo-wordpress\/ -->\n<title>OVEROLES PARA PINTAR DE POLIPROPILENO SUPERTUFF\u00ae - Trimaco<\/title>\n<meta name=\"description\" content=\"Los overoles para pintar de polipropileno SuperTuff\u00ae de Trimaco est\u00e1n hechos de un tejido especial de polipropileno no tejido que protege de la pintura, la grasa y la suciedad.\" \/>\n<meta name=\"robots\" content=\"index, follow, max-snippet:-1, max-image-preview:large, max-video-preview:-1\" \/>\n<link rel=\"canonical\" href=\"https:\/\/trimaco.com\/es\/productos\/prendas-de-proteccion\/overoles-para-pintar-de-polipropileno-supertuff\/\" \/>\n<meta property=\"og:locale\" content=\"es_ES\" \/>\n<meta property=\"og:type\" content=\"article\" \/>\n<meta property=\"og:title\" content=\"OVEROLES PARA PINTAR DE POLIPROPILENO SUPERTUFF\u00ae - Trimaco\" \/>\n<meta property=\"og:description\" content=\"Los overoles para pintar de polipropileno SuperTuff\u00ae de Trimaco est\u00e1n hechos de un tejido especial de polipropileno no tejido que protege de la pintura, la grasa y la suciedad.\" \/>\n<meta property=\"og:url\" content=\"https:\/\/trimaco.com\/es\/productos\/prendas-de-proteccion\/overoles-para-pintar-de-polipropileno-supertuff\/\" \/>\n<meta property=\"og:site_name\" content=\"Trimaco\" \/>\n<meta property=\"article:publisher\" content=\"https:\/\/www.facebook.com\/pages\/Trimaco\/346858225385747?ref=ts\" \/>\n<meta property=\"article:modified_time\" content=\"2024-04-08T21:07:48+00:00\" \/>\n<meta property=\"og:image\" content=\"https:\/\/trimaco.com\/wp-content\/uploads\/2022\/02\/polycoveralls-2.webp\" \/>\n\t<meta property=\"og:image:width\" content=\"284\" \/>\n\t<meta property=\"og:image:height\" content=\"283\" \/>\n\t<meta property=\"og:image:type\" content=\"image\/webp\" \/>\n<meta name=\"twitter:card\" content=\"summary_large_image\" \/>\n<meta name=\"twitter:site\" content=\"@trimacoinc\" \/>\n<meta name=\"twitter:label1\" content=\"Tiempo de lectura\" \/>\n\t<meta name=\"twitter:data1\" content=\"1 minuto\" \/>\n<!-- \/ Yoast SEO plugin. -->","yoast_head_json":{"title":"OVEROLES PARA PINTAR DE POLIPROPILENO SUPERTUFF\u00ae - Trimaco","description":"Los overoles para pintar de polipropileno SuperTuff\u00ae de Trimaco est\u00e1n hechos de un tejido especial de polipropileno no tejido que protege de la pintura, la grasa y la suciedad.","robots":{"index":"index","follow":"follow","max-snippet":"max-snippet:-1","max-image-preview":"max-image-preview:large","max-video-preview":"max-video-preview:-1"},"canonical":"https:\/\/trimaco.com\/es\/productos\/prendas-de-proteccion\/overoles-para-pintar-de-polipropileno-supertuff\/","og_locale":"es_ES","og_type":"article","og_title":"OVEROLES PARA PINTAR DE POLIPROPILENO SUPERTUFF\u00ae - Trimaco","og_description":"Los overoles para pintar de polipropileno SuperTuff\u00ae de Trimaco est\u00e1n hechos de un tejido especial de polipropileno no tejido que protege de la pintura, la grasa y la suciedad.","og_url":"https:\/\/trimaco.com\/es\/productos\/prendas-de-proteccion\/overoles-para-pintar-de-polipropileno-supertuff\/","og_site_name":"Trimaco","article_publisher":"https:\/\/www.facebook.com\/pages\/Trimaco\/346858225385747?ref=ts","article_modified_time":"2024-04-08T21:07:48+00:00","og_image":[{"width":284,"height":283,"url":"https:\/\/trimaco.com\/wp-content\/uploads\/2022\/02\/polycoveralls-2.webp","type":"image\/webp"}],"twitter_card":"summary_large_image","twitter_site":"@trimacoinc","twitter_misc":{"Tiempo de lectura":"1 minuto"},"schema":{"@context":"https:\/\/schema.org","@graph":[{"@type":"WebPage","@id":"https:\/\/trimaco.com\/es\/productos\/prendas-de-proteccion\/overoles-para-pintar-de-polipropileno-supertuff\/","url":"https:\/\/trimaco.com\/es\/productos\/prendas-de-proteccion\/overoles-para-pintar-de-polipropileno-supertuff\/","name":"OVEROLES PARA PINTAR DE POLIPROPILENO SUPERTUFF\u00ae - Trimaco","isPartOf":{"@id":"https:\/\/trimaco.com\/#website"},"primaryImageOfPage":{"@id":"https:\/\/trimaco.com\/es\/productos\/prendas-de-proteccion\/overoles-para-pintar-de-polipropileno-supertuff\/#primaryimage"},"image":{"@id":"https:\/\/trimaco.com\/es\/productos\/prendas-de-proteccion\/overoles-para-pintar-de-polipropileno-supertuff\/#primaryimage"},"thumbnailUrl":"https:\/\/trimaco.com\/wp-content\/uploads\/2022\/02\/polycoveralls-2.webp","datePublished":"2021-09-10T14:42:36+00:00","dateModified":"2024-04-08T21:07:48+00:00","description":"Los overoles para pintar de polipropileno SuperTuff\u00ae de Trimaco est\u00e1n hechos de un tejido especial de polipropileno no tejido que protege de la pintura, la grasa y la suciedad.","breadcrumb":{"@id":"https:\/\/trimaco.com\/es\/productos\/prendas-de-proteccion\/overoles-para-pintar-de-polipropileno-supertuff\/#breadcrumb"},"inLanguage":"es","potentialAction":[{"@type":"ReadAction","target":["https:\/\/trimaco.com\/es\/productos\/prendas-de-proteccion\/overoles-para-pintar-de-polipropileno-supertuff\/"]}]},{"@type":"ImageObject","inLanguage":"es","@id":"https:\/\/trimaco.com\/es\/productos\/prendas-de-proteccion\/overoles-para-pintar-de-polipropileno-supertuff\/#primaryimage","url":"https:\/\/trimaco.com\/wp-content\/uploads\/2022\/02\/polycoveralls-2.webp","contentUrl":"https:\/\/trimaco.com\/wp-content\/uploads\/2022\/02\/polycoveralls-2.webp","width":284,"height":283,"caption":"Painter in polypropylene coveralls"},{"@type":"BreadcrumbList","@id":"https:\/\/trimaco.com\/es\/productos\/prendas-de-proteccion\/overoles-para-pintar-de-polipropileno-supertuff\/#breadcrumb","itemListElement":[{"@type":"ListItem","position":1,"name":"Home","item":"https:\/\/trimaco.com\/"},{"@type":"ListItem","position":2,"name":"Productos","item":"https:\/\/trimaco.com\/es\/productos\/"},{"@type":"ListItem","position":3,"name":"Ropa y Equipo Protector","item":"https:\/\/trimaco.com\/products\/protective-wear\/"},{"@type":"ListItem","position":4,"name":"Overoles para pintar de polipropileno SuperTuff\u00ae"}]},{"@type":"WebSite","@id":"https:\/\/trimaco.com\/#website","url":"https:\/\/trimaco.com\/","name":"Trimaco","description":"Total Jobsite Protection\u2122","publisher":{"@id":"https:\/\/trimaco.com\/#organization"},"potentialAction":[{"@type":"SearchAction","target":{"@type":"EntryPoint","urlTemplate":"https:\/\/trimaco.com\/?s={search_term_string}"},"query-input":{"@type":"PropertyValueSpecification","valueRequired":true,"valueName":"search_term_string"}}],"inLanguage":"es"},{"@type":"Organization","@id":"https:\/\/trimaco.com\/#organization","name":"Trimaco","url":"https:\/\/trimaco.com\/","logo":{"@type":"ImageObject","inLanguage":"es","@id":"https:\/\/trimaco.com\/#\/schema\/logo\/image\/","url":"https:\/\/trimaco.com\/wp-content\/uploads\/2016\/08\/login-logo.png","contentUrl":"https:\/\/trimaco.com\/wp-content\/uploads\/2016\/08\/login-logo.png","width":450,"height":69,"caption":"Trimaco"},"image":{"@id":"https:\/\/trimaco.com\/#\/schema\/logo\/image\/"},"sameAs":["https:\/\/www.facebook.com\/pages\/Trimaco\/346858225385747?ref=ts","https:\/\/x.com\/trimacoinc","https:\/\/www.instagram.com\/trimaco_inc\/","https:\/\/pinterest.com\/trimaco\/","https:\/\/www.youtube.com\/c\/trimacoinc"]}]}},"_links":{"self":[{"href":"https:\/\/trimaco.com\/es\/wp-json\/wp\/v2\/pages\/14419","targetHints":{"allow":["GET"]}}],"collection":[{"href":"https:\/\/trimaco.com\/es\/wp-json\/wp\/v2\/pages"}],"about":[{"href":"https:\/\/trimaco.com\/es\/wp-json\/wp\/v2\/types\/page"}],"author":[{"embeddable":true,"href":"https:\/\/trimaco.com\/es\/wp-json\/wp\/v2\/users\/2"}],"replies":[{"embeddable":true,"href":"https:\/\/trimaco.com\/es\/wp-json\/wp\/v2\/comments?post=14419"}],"version-history":[{"count":0,"href":"https:\/\/trimaco.com\/es\/wp-json\/wp\/v2\/pages\/14419\/revisions"}],"up":[{"embeddable":true,"href":"https:\/\/trimaco.com\/es\/wp-json\/wp\/v2\/pages\/14409"}],"wp:featuredmedia":[{"embeddable":true,"href":"https:\/\/trimaco.com\/es\/wp-json\/wp\/v2\/media\/17795"}],"wp:attachment":[{"href":"https:\/\/trimaco.com\/es\/wp-json\/wp\/v2\/media?parent=14419"}],"curies":[{"name":"wp","href":"https:\/\/api.w.org\/{rel}","templated":true}]}}