{"id":14417,"date":"2021-09-10T10:35:03","date_gmt":"2021-09-10T14:35:03","guid":{"rendered":"https:\/\/trimaco.wpengine.com\/productos\/prendas-de-proteccion\/overoles-protectores-profesionales-de-barrera-corporal\/"},"modified":"2025-01-10T12:59:45","modified_gmt":"2025-01-10T16:59:45","slug":"overoles-protectores-profesionales-de-barrera-corporal","status":"publish","type":"page","link":"https:\/\/trimaco.com\/es\/productos\/prendas-de-proteccion\/overoles-protectores-profesionales-de-barrera-corporal\/","title":{"rendered":"OVEROLES PROTECTORES PROFESIONALES DE BARRERA CORPORAL"},"content":{"rendered":"<p>\nLos overoles de barrera corporal de Trimaco lo mantendr\u00e1n limpio y seco en el trabajo para que pueda dejar todos los des\u00f3rdenes atr\u00e1s. Tambi\u00e9n conocidos como los overoles de servicio pesado de Trimaco, este protector ligero se compone de una pel\u00edcula micro porosa y polipropileno para crear un material no tejido resistente a l\u00edquidos. <\/p>\n<p>Los overoles de barrera corporal ofrecen resistencia a disolventes y protecci\u00f3n contra salpicaduras. Dise\u00f1ados para permitir que la humedad se disipe, estos overoles son duraderos y c\u00f3modos. Ideal para bloquear solventes, diluyentes, aceite y grasa automotriz, productos qu\u00edmicos para c\u00e9sped y jard\u00edn, asfalto, aislamiento, suciedad, mugre y m\u00e1s.<\/p>\n<p>Los overoles de calidad y resistentes son duraderos y reutilizables. Disponibles en una variedad de tama\u00f1os y dise\u00f1ados para satisfacer sus necesidades en el lugar de trabajo<\/p>\n<ul>\n<li>Tambi\u00e9n conocidos como overoles de servicio pesado de Trimaco<\/li>\n<li>Hechos de Poliolefina doble laminada y micro porosa<\/li>\n<li>Protecci\u00f3n resistente a l\u00edquidos, ligera y transpirable<\/li>\n<li>Resistencia contra salpicaduras y disolventes<\/li>\n<li>Para pulverizaci\u00f3n de pinturas y pesticidas, repintado de autom\u00f3viles y limpieza de residuos<\/li>\n<\/ul>\n<p>Tambi\u00e9n puede estar interesado en nuestros overoles <a href=\"https:\/\/trimaco.com\/es\/productos\/prendas-de-proteccion\/overoles-protectores-profesionales-tyvek-de-dupont\/\">ligeros Tyvek de DuPont<\/a> y otros <a href=\"https:\/\/trimaco.com\/es\/productos\/prendas-de-proteccion\/\">productos de vestir protectores<\/a>de Trimaco.<\/p>\n<p><em>Overoles De Barrera Corporal<\/em><br \/>\nSin el\u00e1stico &#8211; tambi\u00e9n disponibles en paquetes a granel de 25<\/p>\n<table>\n<tbody>\n<tr>\n<th>Art\u00edculo #<\/th>\n<th>Paquete de<\/th>\n<th>Tama\u00f1o<\/th>\n<\/tr>\n<tr>\n<td>09953<\/td>\n<td>24<\/td>\n<td>grande<\/td>\n<\/tr>\n<tr>\n<td>09955<\/td>\n<td>24<\/td>\n<td>xgrande<\/td>\n<\/tr>\n<tr>\n<td>09957<\/td>\n<td>24<\/td>\n<td>2xgrande<\/td>\n<\/tr>\n<\/tbody>\n<\/table>\n<p>Con capucha, mu\u00f1ecas el\u00e1sticas y tobillos &#8211; tambi\u00e9n disponible en paquetes a granel de 25<\/p>\n<table>\n<tbody>\n<tr>\n<th>Art\u00edculo #<\/th>\n<th>Paquete de<\/th>\n<th>Tama\u00f1o<\/th>\n<\/tr>\n<tr>\n<td>09961\/6<\/td>\n<td>6<\/td>\n<td>xgrande<\/td>\n<\/tr>\n<tr>\n<td>09962\/6<\/td>\n<td>6<\/td>\n<td>2xgrande<\/td>\n<\/tr>\n<\/tbody>\n<\/table>\n","protected":false},"excerpt":{"rendered":"<p>Los overoles de doble laminado y micro porosos proporcionan protecci\u00f3n resistente a los l\u00edquidos.<\/p>\n","protected":false},"author":2,"featured_media":17783,"parent":14409,"menu_order":6,"comment_status":"closed","ping_status":"closed","template":"page_products-grandchild.php","meta":{"_acf_changed":false,"footnotes":""},"class_list":["post-14417","page","type-page","status-publish","has-post-thumbnail","hentry"],"acf":[],"yoast_head":"<!-- This site is optimized with the Yoast SEO plugin v27.3 - https:\/\/yoast.com\/product\/yoast-seo-wordpress\/ -->\n<title>Overoles ligeros de barrera corporal - Trimaco<\/title>\n<meta name=\"description\" content=\"Los overoles de barrera corporal lo mantendr\u00e1n limpio y seco. Dise\u00f1ados para permitir que la humedad se disipe, estos overoles ligeros son duraderos y c\u00f3modos.\" \/>\n<meta name=\"robots\" content=\"index, follow, max-snippet:-1, max-image-preview:large, max-video-preview:-1\" \/>\n<link rel=\"canonical\" href=\"https:\/\/trimaco.com\/es\/productos\/prendas-de-proteccion\/overoles-protectores-profesionales-de-barrera-corporal\/\" \/>\n<meta property=\"og:locale\" content=\"es_ES\" \/>\n<meta property=\"og:type\" content=\"article\" \/>\n<meta property=\"og:title\" content=\"Overoles ligeros de barrera corporal - Trimaco\" \/>\n<meta property=\"og:description\" content=\"Los overoles de barrera corporal lo mantendr\u00e1n limpio y seco. Dise\u00f1ados para permitir que la humedad se disipe, estos overoles ligeros son duraderos y c\u00f3modos.\" \/>\n<meta property=\"og:url\" content=\"https:\/\/trimaco.com\/es\/productos\/prendas-de-proteccion\/overoles-protectores-profesionales-de-barrera-corporal\/\" \/>\n<meta property=\"og:site_name\" content=\"Trimaco\" \/>\n<meta property=\"article:publisher\" content=\"https:\/\/www.facebook.com\/pages\/Trimaco\/346858225385747?ref=ts\" \/>\n<meta property=\"article:modified_time\" content=\"2025-01-10T16:59:45+00:00\" \/>\n<meta property=\"og:image\" content=\"https:\/\/trimaco.com\/wp-content\/uploads\/2022\/02\/bodybarrier-1.webp\" \/>\n\t<meta property=\"og:image:width\" content=\"284\" \/>\n\t<meta property=\"og:image:height\" content=\"283\" \/>\n\t<meta property=\"og:image:type\" content=\"image\/webp\" \/>\n<meta name=\"twitter:card\" content=\"summary_large_image\" \/>\n<meta name=\"twitter:site\" content=\"@trimacoinc\" \/>\n<meta name=\"twitter:label1\" content=\"Tiempo de lectura\" \/>\n\t<meta name=\"twitter:data1\" content=\"2 minutos\" \/>\n<!-- \/ Yoast SEO plugin. -->","yoast_head_json":{"title":"Overoles ligeros de barrera corporal - Trimaco","description":"Los overoles de barrera corporal lo mantendr\u00e1n limpio y seco. Dise\u00f1ados para permitir que la humedad se disipe, estos overoles ligeros son duraderos y c\u00f3modos.","robots":{"index":"index","follow":"follow","max-snippet":"max-snippet:-1","max-image-preview":"max-image-preview:large","max-video-preview":"max-video-preview:-1"},"canonical":"https:\/\/trimaco.com\/es\/productos\/prendas-de-proteccion\/overoles-protectores-profesionales-de-barrera-corporal\/","og_locale":"es_ES","og_type":"article","og_title":"Overoles ligeros de barrera corporal - Trimaco","og_description":"Los overoles de barrera corporal lo mantendr\u00e1n limpio y seco. Dise\u00f1ados para permitir que la humedad se disipe, estos overoles ligeros son duraderos y c\u00f3modos.","og_url":"https:\/\/trimaco.com\/es\/productos\/prendas-de-proteccion\/overoles-protectores-profesionales-de-barrera-corporal\/","og_site_name":"Trimaco","article_publisher":"https:\/\/www.facebook.com\/pages\/Trimaco\/346858225385747?ref=ts","article_modified_time":"2025-01-10T16:59:45+00:00","og_image":[{"width":284,"height":283,"url":"https:\/\/trimaco.com\/wp-content\/uploads\/2022\/02\/bodybarrier-1.webp","type":"image\/webp"}],"twitter_card":"summary_large_image","twitter_site":"@trimacoinc","twitter_misc":{"Tiempo de lectura":"2 minutos"},"schema":{"@context":"https:\/\/schema.org","@graph":[{"@type":"WebPage","@id":"https:\/\/trimaco.com\/es\/productos\/prendas-de-proteccion\/overoles-protectores-profesionales-de-barrera-corporal\/","url":"https:\/\/trimaco.com\/es\/productos\/prendas-de-proteccion\/overoles-protectores-profesionales-de-barrera-corporal\/","name":"Overoles ligeros de barrera corporal - Trimaco","isPartOf":{"@id":"https:\/\/trimaco.com\/#website"},"primaryImageOfPage":{"@id":"https:\/\/trimaco.com\/es\/productos\/prendas-de-proteccion\/overoles-protectores-profesionales-de-barrera-corporal\/#primaryimage"},"image":{"@id":"https:\/\/trimaco.com\/es\/productos\/prendas-de-proteccion\/overoles-protectores-profesionales-de-barrera-corporal\/#primaryimage"},"thumbnailUrl":"https:\/\/trimaco.com\/wp-content\/uploads\/2022\/02\/bodybarrier-1.webp","datePublished":"2021-09-10T14:35:03+00:00","dateModified":"2025-01-10T16:59:45+00:00","description":"Los overoles de barrera corporal lo mantendr\u00e1n limpio y seco. Dise\u00f1ados para permitir que la humedad se disipe, estos overoles ligeros son duraderos y c\u00f3modos.","breadcrumb":{"@id":"https:\/\/trimaco.com\/es\/productos\/prendas-de-proteccion\/overoles-protectores-profesionales-de-barrera-corporal\/#breadcrumb"},"inLanguage":"es","potentialAction":[{"@type":"ReadAction","target":["https:\/\/trimaco.com\/es\/productos\/prendas-de-proteccion\/overoles-protectores-profesionales-de-barrera-corporal\/"]}]},{"@type":"ImageObject","inLanguage":"es","@id":"https:\/\/trimaco.com\/es\/productos\/prendas-de-proteccion\/overoles-protectores-profesionales-de-barrera-corporal\/#primaryimage","url":"https:\/\/trimaco.com\/wp-content\/uploads\/2022\/02\/bodybarrier-1.webp","contentUrl":"https:\/\/trimaco.com\/wp-content\/uploads\/2022\/02\/bodybarrier-1.webp","width":284,"height":283,"caption":"Worker cleaning in a body barrier coverall"},{"@type":"BreadcrumbList","@id":"https:\/\/trimaco.com\/es\/productos\/prendas-de-proteccion\/overoles-protectores-profesionales-de-barrera-corporal\/#breadcrumb","itemListElement":[{"@type":"ListItem","position":1,"name":"Home","item":"https:\/\/trimaco.com\/"},{"@type":"ListItem","position":2,"name":"Productos","item":"https:\/\/trimaco.com\/es\/productos\/"},{"@type":"ListItem","position":3,"name":"Ropa y Equipo Protector","item":"https:\/\/trimaco.com\/products\/protective-wear\/"},{"@type":"ListItem","position":4,"name":"OVEROLES PROTECTORES PROFESIONALES DE BARRERA CORPORAL"}]},{"@type":"WebSite","@id":"https:\/\/trimaco.com\/#website","url":"https:\/\/trimaco.com\/","name":"Trimaco","description":"Total Jobsite Protection\u2122","publisher":{"@id":"https:\/\/trimaco.com\/#organization"},"potentialAction":[{"@type":"SearchAction","target":{"@type":"EntryPoint","urlTemplate":"https:\/\/trimaco.com\/?s={search_term_string}"},"query-input":{"@type":"PropertyValueSpecification","valueRequired":true,"valueName":"search_term_string"}}],"inLanguage":"es"},{"@type":"Organization","@id":"https:\/\/trimaco.com\/#organization","name":"Trimaco","url":"https:\/\/trimaco.com\/","logo":{"@type":"ImageObject","inLanguage":"es","@id":"https:\/\/trimaco.com\/#\/schema\/logo\/image\/","url":"https:\/\/trimaco.com\/wp-content\/uploads\/2016\/08\/login-logo.png","contentUrl":"https:\/\/trimaco.com\/wp-content\/uploads\/2016\/08\/login-logo.png","width":450,"height":69,"caption":"Trimaco"},"image":{"@id":"https:\/\/trimaco.com\/#\/schema\/logo\/image\/"},"sameAs":["https:\/\/www.facebook.com\/pages\/Trimaco\/346858225385747?ref=ts","https:\/\/x.com\/trimacoinc","https:\/\/www.instagram.com\/trimaco_inc\/","https:\/\/pinterest.com\/trimaco\/","https:\/\/www.youtube.com\/c\/trimacoinc"]}]}},"_links":{"self":[{"href":"https:\/\/trimaco.com\/es\/wp-json\/wp\/v2\/pages\/14417","targetHints":{"allow":["GET"]}}],"collection":[{"href":"https:\/\/trimaco.com\/es\/wp-json\/wp\/v2\/pages"}],"about":[{"href":"https:\/\/trimaco.com\/es\/wp-json\/wp\/v2\/types\/page"}],"author":[{"embeddable":true,"href":"https:\/\/trimaco.com\/es\/wp-json\/wp\/v2\/users\/2"}],"replies":[{"embeddable":true,"href":"https:\/\/trimaco.com\/es\/wp-json\/wp\/v2\/comments?post=14417"}],"version-history":[{"count":0,"href":"https:\/\/trimaco.com\/es\/wp-json\/wp\/v2\/pages\/14417\/revisions"}],"up":[{"embeddable":true,"href":"https:\/\/trimaco.com\/es\/wp-json\/wp\/v2\/pages\/14409"}],"wp:featuredmedia":[{"embeddable":true,"href":"https:\/\/trimaco.com\/es\/wp-json\/wp\/v2\/media\/17783"}],"wp:attachment":[{"href":"https:\/\/trimaco.com\/es\/wp-json\/wp\/v2\/media?parent=14417"}],"curies":[{"name":"wp","href":"https:\/\/api.w.org\/{rel}","templated":true}]}}