{"id":14416,"date":"2021-09-10T10:30:52","date_gmt":"2021-09-10T14:30:52","guid":{"rendered":"https:\/\/trimaco.wpengine.com\/productos\/prendas-de-proteccion\/overoles-anaranjados-de-alta-visibilidad-tyvek-500-de-dupont\/"},"modified":"2024-04-08T17:07:07","modified_gmt":"2024-04-08T21:07:07","slug":"overoles-anaranjados-de-alta-visibilidad-tyvek-500-de-dupont","status":"publish","type":"page","link":"https:\/\/trimaco.com\/es\/productos\/prendas-de-proteccion\/overoles-anaranjados-de-alta-visibilidad-tyvek-500-de-dupont\/","title":{"rendered":"Overoles anaranjados de alta visibilidad Tyvek\u00ae 500 de DuPont\u2122"},"content":{"rendered":"<h2>Seguridad en el trabajo<\/h2>\n<p>Si su trabajo o entorno de trabajo se enfrenta a alg\u00fan peligro, usted desea la tranquilidad de un cubre todo protector que no comprometa la visibilidad. Los overoles anaranjados de alta visibilidad Tyvek\u00ae 500 de DuPont&#x2122; combinan material de protecci\u00f3n contra riesgos qu\u00edmicos, biol\u00f3gicos y antiest\u00e1ticos con la m\u00e1s alta clase de visibilidad. <\/p>\n<p>Solo para uso limitado, la ropa protectora desechable Tyvek 500 HV proporciona una seguridad superior sin la molestia de un lavado repetido y monitoreo del color. Desde sitios de construcci\u00f3n industrial a gran escala hasta peque\u00f1as renovaciones residenciales, estos overoles de alta visibilidad proporcionar\u00e1n una protecci\u00f3n completa contra materiales peligrosos. La tela de color fluorescente de alta calidad alerta a los dem\u00e1s, lo que reduce el riesgo de accidentes.<\/p>\n<p>Explore <a href=\"https:\/\/trimaco.com\/es\/productos\/prendas-de-proteccion\/\">la l\u00ednea completa de equipos de protecci\u00f3n personal (EPP) de Trimaco, prendas de protecci\u00f3n y productos de prendas de trabajo. <\/a><\/p>\n<ul>\n<li>Proporciona protecci\u00f3n qu\u00edmica, biol\u00f3gica + antiest\u00e1tica<\/li>\n<li>El material resistente proporciona una barrera de protecci\u00f3n y tranquilidad<\/li>\n<li>Los overoles cuentan con cintura el\u00e1stica, mu\u00f1ecas y tobillos<\/li>\n<li>EPP desechable, transpirable y de larga duraci\u00f3n<\/li>\n<li>Ajuste c\u00f3modo<\/li>\n<\/ul>\n<p><em>Overoles de alta visibilidad Tyvek\u00ae 500 de DuPont&#x2122;<\/em><br \/>\n<\/a><\/p>\n<table>\n<tbody>\n<tr>\n<th>Art\u00edculo #<\/th>\n<th>Paquete de<\/th>\n<th>Tama\u00f1o<\/th>\n<\/tr>\n<tr>\n<td>40021B<\/td>\n<td>25\/cj<\/td>\n<td>grande<\/td>\n<\/tr>\n<tr>\n<td>40022B<\/td>\n<td>25\/cj<\/td>\n<td>xgrande<\/td>\n<\/tr>\n<tr>\n<td>40023B<\/td>\n<td>25\/cj<\/td>\n<td>2xgrande<\/td>\n<\/tbody>\n<\/table>\n","protected":false},"excerpt":{"rendered":"<p>Los Overoles Tyvek\u00ae 500 HV de DuPont&#x2122; combinan protecci\u00f3n qu\u00edmica, biol\u00f3gica y antiest\u00e1tica con la clase m\u00e1s alta de alta visibilidad.<\/p>\n","protected":false},"author":2,"featured_media":17778,"parent":14409,"menu_order":4,"comment_status":"closed","ping_status":"closed","template":"page_products-grandchild.php","meta":{"_acf_changed":false,"footnotes":""},"class_list":["post-14416","page","type-page","status-publish","has-post-thumbnail","hentry"],"acf":[],"yoast_head":"<!-- This site is optimized with the Yoast SEO plugin v27.5 - https:\/\/yoast.com\/product\/yoast-seo-wordpress\/ -->\n<title>Overoles de alta visibilidad Tyvek\u00ae 500 DuPont\u2122- Trimaco<\/title>\n<meta name=\"description\" content=\"Los overoles de alta visibilidad de Trimaco proporcionan protecci\u00f3n biol\u00f3gica, qu\u00edmica y antiest\u00e1tica para trabajos pesados. Los overoles est\u00e1n disponibles en una variedad de tama\u00f1os.\" \/>\n<meta name=\"robots\" content=\"index, follow, max-snippet:-1, max-image-preview:large, max-video-preview:-1\" \/>\n<link rel=\"canonical\" href=\"https:\/\/trimaco.com\/es\/productos\/prendas-de-proteccion\/overoles-anaranjados-de-alta-visibilidad-tyvek-500-de-dupont\/\" \/>\n<meta property=\"og:locale\" content=\"es_ES\" \/>\n<meta property=\"og:type\" content=\"article\" \/>\n<meta property=\"og:title\" content=\"Overoles de alta visibilidad Tyvek\u00ae 500 DuPont\u2122- Trimaco\" \/>\n<meta property=\"og:description\" content=\"Los overoles de alta visibilidad de Trimaco proporcionan protecci\u00f3n biol\u00f3gica, qu\u00edmica y antiest\u00e1tica para trabajos pesados. Los overoles est\u00e1n disponibles en una variedad de tama\u00f1os.\" \/>\n<meta property=\"og:url\" content=\"https:\/\/trimaco.com\/es\/productos\/prendas-de-proteccion\/overoles-anaranjados-de-alta-visibilidad-tyvek-500-de-dupont\/\" \/>\n<meta property=\"og:site_name\" content=\"Trimaco\" \/>\n<meta property=\"article:publisher\" content=\"https:\/\/www.facebook.com\/pages\/Trimaco\/346858225385747?ref=ts\" \/>\n<meta property=\"article:modified_time\" content=\"2024-04-08T21:07:07+00:00\" \/>\n<meta property=\"og:image\" content=\"https:\/\/trimaco.com\/wp-content\/uploads\/2022\/02\/tyvek-high-vis-1.webp\" \/>\n\t<meta property=\"og:image:width\" content=\"1000\" \/>\n\t<meta property=\"og:image:height\" content=\"1000\" \/>\n\t<meta property=\"og:image:type\" content=\"image\/webp\" \/>\n<meta name=\"twitter:card\" content=\"summary_large_image\" \/>\n<meta name=\"twitter:site\" content=\"@trimacoinc\" \/>\n<meta name=\"twitter:label1\" content=\"Tiempo de lectura\" \/>\n\t<meta name=\"twitter:data1\" content=\"2 minutos\" \/>\n<!-- \/ Yoast SEO plugin. -->","yoast_head_json":{"title":"Overoles de alta visibilidad Tyvek\u00ae 500 DuPont\u2122- Trimaco","description":"Los overoles de alta visibilidad de Trimaco proporcionan protecci\u00f3n biol\u00f3gica, qu\u00edmica y antiest\u00e1tica para trabajos pesados. Los overoles est\u00e1n disponibles en una variedad de tama\u00f1os.","robots":{"index":"index","follow":"follow","max-snippet":"max-snippet:-1","max-image-preview":"max-image-preview:large","max-video-preview":"max-video-preview:-1"},"canonical":"https:\/\/trimaco.com\/es\/productos\/prendas-de-proteccion\/overoles-anaranjados-de-alta-visibilidad-tyvek-500-de-dupont\/","og_locale":"es_ES","og_type":"article","og_title":"Overoles de alta visibilidad Tyvek\u00ae 500 DuPont\u2122- Trimaco","og_description":"Los overoles de alta visibilidad de Trimaco proporcionan protecci\u00f3n biol\u00f3gica, qu\u00edmica y antiest\u00e1tica para trabajos pesados. Los overoles est\u00e1n disponibles en una variedad de tama\u00f1os.","og_url":"https:\/\/trimaco.com\/es\/productos\/prendas-de-proteccion\/overoles-anaranjados-de-alta-visibilidad-tyvek-500-de-dupont\/","og_site_name":"Trimaco","article_publisher":"https:\/\/www.facebook.com\/pages\/Trimaco\/346858225385747?ref=ts","article_modified_time":"2024-04-08T21:07:07+00:00","og_image":[{"width":1000,"height":1000,"url":"https:\/\/trimaco.com\/wp-content\/uploads\/2022\/02\/tyvek-high-vis-1.webp","type":"image\/webp"}],"twitter_card":"summary_large_image","twitter_site":"@trimacoinc","twitter_misc":{"Tiempo de lectura":"2 minutos"},"schema":{"@context":"https:\/\/schema.org","@graph":[{"@type":"WebPage","@id":"https:\/\/trimaco.com\/es\/productos\/prendas-de-proteccion\/overoles-anaranjados-de-alta-visibilidad-tyvek-500-de-dupont\/","url":"https:\/\/trimaco.com\/es\/productos\/prendas-de-proteccion\/overoles-anaranjados-de-alta-visibilidad-tyvek-500-de-dupont\/","name":"Overoles de alta visibilidad Tyvek\u00ae 500 DuPont\u2122- Trimaco","isPartOf":{"@id":"https:\/\/trimaco.com\/#website"},"primaryImageOfPage":{"@id":"https:\/\/trimaco.com\/es\/productos\/prendas-de-proteccion\/overoles-anaranjados-de-alta-visibilidad-tyvek-500-de-dupont\/#primaryimage"},"image":{"@id":"https:\/\/trimaco.com\/es\/productos\/prendas-de-proteccion\/overoles-anaranjados-de-alta-visibilidad-tyvek-500-de-dupont\/#primaryimage"},"thumbnailUrl":"https:\/\/trimaco.com\/wp-content\/uploads\/2022\/02\/tyvek-high-vis-1.webp","datePublished":"2021-09-10T14:30:52+00:00","dateModified":"2024-04-08T21:07:07+00:00","description":"Los overoles de alta visibilidad de Trimaco proporcionan protecci\u00f3n biol\u00f3gica, qu\u00edmica y antiest\u00e1tica para trabajos pesados. Los overoles est\u00e1n disponibles en una variedad de tama\u00f1os.","breadcrumb":{"@id":"https:\/\/trimaco.com\/es\/productos\/prendas-de-proteccion\/overoles-anaranjados-de-alta-visibilidad-tyvek-500-de-dupont\/#breadcrumb"},"inLanguage":"es","potentialAction":[{"@type":"ReadAction","target":["https:\/\/trimaco.com\/es\/productos\/prendas-de-proteccion\/overoles-anaranjados-de-alta-visibilidad-tyvek-500-de-dupont\/"]}]},{"@type":"ImageObject","inLanguage":"es","@id":"https:\/\/trimaco.com\/es\/productos\/prendas-de-proteccion\/overoles-anaranjados-de-alta-visibilidad-tyvek-500-de-dupont\/#primaryimage","url":"https:\/\/trimaco.com\/wp-content\/uploads\/2022\/02\/tyvek-high-vis-1.webp","contentUrl":"https:\/\/trimaco.com\/wp-content\/uploads\/2022\/02\/tyvek-high-vis-1.webp","width":1000,"height":1000,"caption":"High visibility Dupont Tyvek coverall"},{"@type":"BreadcrumbList","@id":"https:\/\/trimaco.com\/es\/productos\/prendas-de-proteccion\/overoles-anaranjados-de-alta-visibilidad-tyvek-500-de-dupont\/#breadcrumb","itemListElement":[{"@type":"ListItem","position":1,"name":"Home","item":"https:\/\/trimaco.com\/"},{"@type":"ListItem","position":2,"name":"Productos","item":"https:\/\/trimaco.com\/es\/productos\/"},{"@type":"ListItem","position":3,"name":"Ropa y Equipo Protector","item":"https:\/\/trimaco.com\/products\/protective-wear\/"},{"@type":"ListItem","position":4,"name":"Overoles anaranjados de alta visibilidad Tyvek\u00ae 500 de DuPont\u2122"}]},{"@type":"WebSite","@id":"https:\/\/trimaco.com\/#website","url":"https:\/\/trimaco.com\/","name":"Trimaco","description":"Total Jobsite Protection\u2122","publisher":{"@id":"https:\/\/trimaco.com\/#organization"},"potentialAction":[{"@type":"SearchAction","target":{"@type":"EntryPoint","urlTemplate":"https:\/\/trimaco.com\/?s={search_term_string}"},"query-input":{"@type":"PropertyValueSpecification","valueRequired":true,"valueName":"search_term_string"}}],"inLanguage":"es"},{"@type":"Organization","@id":"https:\/\/trimaco.com\/#organization","name":"Trimaco","url":"https:\/\/trimaco.com\/","logo":{"@type":"ImageObject","inLanguage":"es","@id":"https:\/\/trimaco.com\/#\/schema\/logo\/image\/","url":"https:\/\/trimaco.com\/wp-content\/uploads\/2016\/08\/login-logo.png","contentUrl":"https:\/\/trimaco.com\/wp-content\/uploads\/2016\/08\/login-logo.png","width":450,"height":69,"caption":"Trimaco"},"image":{"@id":"https:\/\/trimaco.com\/#\/schema\/logo\/image\/"},"sameAs":["https:\/\/www.facebook.com\/pages\/Trimaco\/346858225385747?ref=ts","https:\/\/x.com\/trimacoinc","https:\/\/www.instagram.com\/trimaco_inc\/","https:\/\/pinterest.com\/trimaco\/","https:\/\/www.youtube.com\/c\/trimacoinc"]}]}},"_links":{"self":[{"href":"https:\/\/trimaco.com\/es\/wp-json\/wp\/v2\/pages\/14416","targetHints":{"allow":["GET"]}}],"collection":[{"href":"https:\/\/trimaco.com\/es\/wp-json\/wp\/v2\/pages"}],"about":[{"href":"https:\/\/trimaco.com\/es\/wp-json\/wp\/v2\/types\/page"}],"author":[{"embeddable":true,"href":"https:\/\/trimaco.com\/es\/wp-json\/wp\/v2\/users\/2"}],"replies":[{"embeddable":true,"href":"https:\/\/trimaco.com\/es\/wp-json\/wp\/v2\/comments?post=14416"}],"version-history":[{"count":0,"href":"https:\/\/trimaco.com\/es\/wp-json\/wp\/v2\/pages\/14416\/revisions"}],"up":[{"embeddable":true,"href":"https:\/\/trimaco.com\/es\/wp-json\/wp\/v2\/pages\/14409"}],"wp:featuredmedia":[{"embeddable":true,"href":"https:\/\/trimaco.com\/es\/wp-json\/wp\/v2\/media\/17778"}],"wp:attachment":[{"href":"https:\/\/trimaco.com\/es\/wp-json\/wp\/v2\/media?parent=14416"}],"curies":[{"name":"wp","href":"https:\/\/api.w.org\/{rel}","templated":true}]}}