{"id":14415,"date":"2021-09-10T10:22:34","date_gmt":"2021-09-10T14:22:34","guid":{"rendered":"https:\/\/trimaco.wpengine.com\/productos\/prendas-de-proteccion\/la-chaqueta-tyvek-de-dupont-button-up\/"},"modified":"2024-04-08T17:05:50","modified_gmt":"2024-04-08T21:05:50","slug":"la-chaqueta-tyvek-de-dupont-button-up","status":"publish","type":"page","link":"https:\/\/trimaco.com\/es\/productos\/prendas-de-proteccion\/la-chaqueta-tyvek-de-dupont-button-up\/","title":{"rendered":"La chaqueta Tyvek de DuPont Button Up"},"content":{"rendered":"<h2>Lo mantiene fresco y protegido en el trabajo<\/h2>\n<p>\n<br \/>\n\u00bfTrabaja en un clima c\u00e1lido y m\u00e1s bien no puede usar un overol completo? La chaqueta Tyvek de DuPont es la respuesta. No hay necesidad de usar mangas largas todo el d\u00eda, simplemente p\u00f3ngase el overol protector de peso liviano y p\u00f3ngase a pintar. Esta chaqueta f\u00e1cil de usar bloquea los l\u00edquidos y las part\u00edculas en el aire, pero es transpirable para la comodidad durante todo el d\u00eda. Dando libertad a tus piernas en el trabajo. El material poco est\u00e1tico es duradero y protege incluso cuando est\u00e1 desgastado. Mantenga los desechos fuera de su producto final. El tejido no deja pelusas y es ideal para aplicaciones de pintura. Resistente al agua y a la humedad. Tambi\u00e9n es ideal para uso en tiendas y peque\u00f1os proyectos. Para la cobertura de cuerpo completo eche un vistazo a estos overoles <a href=\"https:\/\/trimaco.com\/es\/productos\/prendas-de-proteccion\/overoles-protectores-profesionales-tyvek-de-dupont\/\" rel=\"noopener noreferrer\" target=\"_blank\">Tyvek de DuPont<\/a>.<\/p>\n<ul>\n<li>Protege la parte superior del cuerpo de derrames + salpicaduras<\/li>\n<li>La chaqueta Tyvek libera las piernas para un mejor movimiento<\/li>\n<li>Se saca y se pone m\u00e1s r\u00e1pido<\/li>\n<li>Chaqueta con botones y 2 bolsillos<\/li>\n<\/ul>\n<p><em>LA CHAQUETA TYVEK\u00ae DE DUPONT &#x2122; BUTTON UP<\/em><\/p>\n<table>\n<tbody>\n<tr>\n<th>Art\u00edculo #<\/th>\n<th>Paquete de<\/th>\n<th>Tama\u00f1o<\/th>\n<\/tr>\n<tr>\n<td>14371B<\/td>\n<td>30 a granel<\/td>\n<td>grande<\/td>\n<\/tr>\n<tr>\n<td>14372B<\/td>\n<td>30 a granel<\/td>\n<td>xgrande<\/td>\n<\/tr>\n<tr>\n<td>14373B<\/td>\n<td>30 a granel<\/td>\n<td>2xgrande<\/td>\n<\/tr>\n<\/table>\n<\/tbody>\n","protected":false},"excerpt":{"rendered":"<p>Lo mantiene fresco y protegido en el trabajo.<\/p>\n","protected":false},"author":2,"featured_media":17767,"parent":14409,"menu_order":2,"comment_status":"closed","ping_status":"closed","template":"page_products-grandchild.php","meta":{"_acf_changed":false,"footnotes":""},"class_list":["post-14415","page","type-page","status-publish","has-post-thumbnail","hentry"],"acf":[],"yoast_head":"<!-- This site is optimized with the Yoast SEO plugin v27.3 - https:\/\/yoast.com\/product\/yoast-seo-wordpress\/ -->\n<title>La chaqueta Tyvek de DuPont Button Up - Trimaco<\/title>\n<meta name=\"description\" content=\"\u00bfTrabaja en un clima c\u00e1lido y m\u00e1s bien no usa un overol completo? La nueva chaqueta Tyvek de DuPont Button Up de Trimaco proporciona una protecci\u00f3n ligera y transpirable.\" \/>\n<meta name=\"robots\" content=\"index, follow, max-snippet:-1, max-image-preview:large, max-video-preview:-1\" \/>\n<link rel=\"canonical\" href=\"https:\/\/trimaco.com\/es\/productos\/prendas-de-proteccion\/la-chaqueta-tyvek-de-dupont-button-up\/\" \/>\n<meta property=\"og:locale\" content=\"es_ES\" \/>\n<meta property=\"og:type\" content=\"article\" \/>\n<meta property=\"og:title\" content=\"La chaqueta Tyvek de DuPont Button Up - Trimaco\" \/>\n<meta property=\"og:description\" content=\"\u00bfTrabaja en un clima c\u00e1lido y m\u00e1s bien no usa un overol completo? La nueva chaqueta Tyvek de DuPont Button Up de Trimaco proporciona una protecci\u00f3n ligera y transpirable.\" \/>\n<meta property=\"og:url\" content=\"https:\/\/trimaco.com\/es\/productos\/prendas-de-proteccion\/la-chaqueta-tyvek-de-dupont-button-up\/\" \/>\n<meta property=\"og:site_name\" content=\"Trimaco\" \/>\n<meta property=\"article:publisher\" content=\"https:\/\/www.facebook.com\/pages\/Trimaco\/346858225385747?ref=ts\" \/>\n<meta property=\"article:modified_time\" content=\"2024-04-08T21:05:50+00:00\" \/>\n<meta property=\"og:image\" content=\"https:\/\/trimaco.com\/wp-content\/uploads\/2022\/02\/lab-coat-1.webp\" \/>\n\t<meta property=\"og:image:width\" content=\"400\" \/>\n\t<meta property=\"og:image:height\" content=\"400\" \/>\n\t<meta property=\"og:image:type\" content=\"image\/webp\" \/>\n<meta name=\"twitter:card\" content=\"summary_large_image\" \/>\n<meta name=\"twitter:site\" content=\"@trimacoinc\" \/>\n<meta name=\"twitter:label1\" content=\"Tiempo de lectura\" \/>\n\t<meta name=\"twitter:data1\" content=\"2 minutos\" \/>\n<!-- \/ Yoast SEO plugin. -->","yoast_head_json":{"title":"La chaqueta Tyvek de DuPont Button Up - Trimaco","description":"\u00bfTrabaja en un clima c\u00e1lido y m\u00e1s bien no usa un overol completo? La nueva chaqueta Tyvek de DuPont Button Up de Trimaco proporciona una protecci\u00f3n ligera y transpirable.","robots":{"index":"index","follow":"follow","max-snippet":"max-snippet:-1","max-image-preview":"max-image-preview:large","max-video-preview":"max-video-preview:-1"},"canonical":"https:\/\/trimaco.com\/es\/productos\/prendas-de-proteccion\/la-chaqueta-tyvek-de-dupont-button-up\/","og_locale":"es_ES","og_type":"article","og_title":"La chaqueta Tyvek de DuPont Button Up - Trimaco","og_description":"\u00bfTrabaja en un clima c\u00e1lido y m\u00e1s bien no usa un overol completo? La nueva chaqueta Tyvek de DuPont Button Up de Trimaco proporciona una protecci\u00f3n ligera y transpirable.","og_url":"https:\/\/trimaco.com\/es\/productos\/prendas-de-proteccion\/la-chaqueta-tyvek-de-dupont-button-up\/","og_site_name":"Trimaco","article_publisher":"https:\/\/www.facebook.com\/pages\/Trimaco\/346858225385747?ref=ts","article_modified_time":"2024-04-08T21:05:50+00:00","og_image":[{"width":400,"height":400,"url":"https:\/\/trimaco.com\/wp-content\/uploads\/2022\/02\/lab-coat-1.webp","type":"image\/webp"}],"twitter_card":"summary_large_image","twitter_site":"@trimacoinc","twitter_misc":{"Tiempo de lectura":"2 minutos"},"schema":{"@context":"https:\/\/schema.org","@graph":[{"@type":"WebPage","@id":"https:\/\/trimaco.com\/es\/productos\/prendas-de-proteccion\/la-chaqueta-tyvek-de-dupont-button-up\/","url":"https:\/\/trimaco.com\/es\/productos\/prendas-de-proteccion\/la-chaqueta-tyvek-de-dupont-button-up\/","name":"La chaqueta Tyvek de DuPont Button Up - Trimaco","isPartOf":{"@id":"https:\/\/trimaco.com\/#website"},"primaryImageOfPage":{"@id":"https:\/\/trimaco.com\/es\/productos\/prendas-de-proteccion\/la-chaqueta-tyvek-de-dupont-button-up\/#primaryimage"},"image":{"@id":"https:\/\/trimaco.com\/es\/productos\/prendas-de-proteccion\/la-chaqueta-tyvek-de-dupont-button-up\/#primaryimage"},"thumbnailUrl":"https:\/\/trimaco.com\/wp-content\/uploads\/2022\/02\/lab-coat-1.webp","datePublished":"2021-09-10T14:22:34+00:00","dateModified":"2024-04-08T21:05:50+00:00","description":"\u00bfTrabaja en un clima c\u00e1lido y m\u00e1s bien no usa un overol completo? La nueva chaqueta Tyvek de DuPont Button Up de Trimaco proporciona una protecci\u00f3n ligera y transpirable.","breadcrumb":{"@id":"https:\/\/trimaco.com\/es\/productos\/prendas-de-proteccion\/la-chaqueta-tyvek-de-dupont-button-up\/#breadcrumb"},"inLanguage":"es","potentialAction":[{"@type":"ReadAction","target":["https:\/\/trimaco.com\/es\/productos\/prendas-de-proteccion\/la-chaqueta-tyvek-de-dupont-button-up\/"]}]},{"@type":"ImageObject","inLanguage":"es","@id":"https:\/\/trimaco.com\/es\/productos\/prendas-de-proteccion\/la-chaqueta-tyvek-de-dupont-button-up\/#primaryimage","url":"https:\/\/trimaco.com\/wp-content\/uploads\/2022\/02\/lab-coat-1.webp","contentUrl":"https:\/\/trimaco.com\/wp-content\/uploads\/2022\/02\/lab-coat-1.webp","width":400,"height":400,"caption":"tyvek lab coat"},{"@type":"BreadcrumbList","@id":"https:\/\/trimaco.com\/es\/productos\/prendas-de-proteccion\/la-chaqueta-tyvek-de-dupont-button-up\/#breadcrumb","itemListElement":[{"@type":"ListItem","position":1,"name":"Home","item":"https:\/\/trimaco.com\/"},{"@type":"ListItem","position":2,"name":"Productos","item":"https:\/\/trimaco.com\/es\/productos\/"},{"@type":"ListItem","position":3,"name":"Ropa y Equipo Protector","item":"https:\/\/trimaco.com\/products\/protective-wear\/"},{"@type":"ListItem","position":4,"name":"La chaqueta Tyvek de DuPont Button Up"}]},{"@type":"WebSite","@id":"https:\/\/trimaco.com\/#website","url":"https:\/\/trimaco.com\/","name":"Trimaco","description":"Total Jobsite Protection\u2122","publisher":{"@id":"https:\/\/trimaco.com\/#organization"},"potentialAction":[{"@type":"SearchAction","target":{"@type":"EntryPoint","urlTemplate":"https:\/\/trimaco.com\/?s={search_term_string}"},"query-input":{"@type":"PropertyValueSpecification","valueRequired":true,"valueName":"search_term_string"}}],"inLanguage":"es"},{"@type":"Organization","@id":"https:\/\/trimaco.com\/#organization","name":"Trimaco","url":"https:\/\/trimaco.com\/","logo":{"@type":"ImageObject","inLanguage":"es","@id":"https:\/\/trimaco.com\/#\/schema\/logo\/image\/","url":"https:\/\/trimaco.com\/wp-content\/uploads\/2016\/08\/login-logo.png","contentUrl":"https:\/\/trimaco.com\/wp-content\/uploads\/2016\/08\/login-logo.png","width":450,"height":69,"caption":"Trimaco"},"image":{"@id":"https:\/\/trimaco.com\/#\/schema\/logo\/image\/"},"sameAs":["https:\/\/www.facebook.com\/pages\/Trimaco\/346858225385747?ref=ts","https:\/\/x.com\/trimacoinc","https:\/\/www.instagram.com\/trimaco_inc\/","https:\/\/pinterest.com\/trimaco\/","https:\/\/www.youtube.com\/c\/trimacoinc"]}]}},"_links":{"self":[{"href":"https:\/\/trimaco.com\/es\/wp-json\/wp\/v2\/pages\/14415","targetHints":{"allow":["GET"]}}],"collection":[{"href":"https:\/\/trimaco.com\/es\/wp-json\/wp\/v2\/pages"}],"about":[{"href":"https:\/\/trimaco.com\/es\/wp-json\/wp\/v2\/types\/page"}],"author":[{"embeddable":true,"href":"https:\/\/trimaco.com\/es\/wp-json\/wp\/v2\/users\/2"}],"replies":[{"embeddable":true,"href":"https:\/\/trimaco.com\/es\/wp-json\/wp\/v2\/comments?post=14415"}],"version-history":[{"count":0,"href":"https:\/\/trimaco.com\/es\/wp-json\/wp\/v2\/pages\/14415\/revisions"}],"up":[{"embeddable":true,"href":"https:\/\/trimaco.com\/es\/wp-json\/wp\/v2\/pages\/14409"}],"wp:featuredmedia":[{"embeddable":true,"href":"https:\/\/trimaco.com\/es\/wp-json\/wp\/v2\/media\/17767"}],"wp:attachment":[{"href":"https:\/\/trimaco.com\/es\/wp-json\/wp\/v2\/media?parent=14415"}],"curies":[{"name":"wp","href":"https:\/\/api.w.org\/{rel}","templated":true}]}}