{"id":14414,"date":"2021-09-10T10:18:18","date_gmt":"2021-09-10T14:18:18","guid":{"rendered":"https:\/\/trimaco.wpengine.com\/productos\/prendas-de-proteccion\/overoles-amarillos-tychem-2000-de-dupont\/"},"modified":"2024-04-08T17:06:55","modified_gmt":"2024-04-08T21:06:55","slug":"overoles-amarillos-tychem-2000-de-dupont","status":"publish","type":"page","link":"https:\/\/trimaco.com\/es\/productos\/prendas-de-proteccion\/overoles-amarillos-tychem-2000-de-dupont\/","title":{"rendered":"Overoles amarillos Tychem \u00ae 2000 de DuPont\u2122"},"content":{"rendered":"<p>\nLos overoles para salpicaduras de l\u00edquidos ligeros se utilizan ampliamente en las industrias del petr\u00f3leo, la pulpa y el papel, el procesamiento de alimentos y productos qu\u00edmicos, y las industrias farmac\u00e9uticas. El Tychem\u00ae 2000 es un tejido Tyvek\u00ae amarillo recubierto de polietileno para una alta visibilidad. Estos overoles son flexibles, ligeros y duraderos. El Tychem\u00ae 2000 proporciona al menos 30 minutos de protecci\u00f3n contra m\u00e1s de 40 problemas qu\u00edmicos y salpicaduras ligeras. Cuando se usan con m\u00e1scaras y guantes, los overoles Tychem 2000 pueden ayudar a reducir el riesgo de contaminaci\u00f3n cruzada en las actividades de preparaci\u00f3n para pandemias. Tambi\u00e9n est\u00e1 disponible con cierre de cinta de solapa de tormenta. <\/p>\n<p>\u00bfBuscas otras opciones de uso protector? Aseg\u00farese de explorar tambi\u00e9n nuestro popular <a href=\"https:\/\/trimaco.com\/es\/productos\/prendas-de-proteccion\/overoles-protectores-profesionales-tyvek-de-dupont\/\">traje de pintar Tyvek\u00ae<\/a> y nuestra nueva chaqueta <a href=\"https:\/\/trimaco.com\/es\/productos\/prendas-de-proteccion\/la-chaqueta-tyvek-de-dupont-button-up\/\">DuPont Tyvek<\/a> para una opci\u00f3n de protecci\u00f3n m\u00e1s ligera.<\/p>\n<ul>\n<li>Protecci\u00f3n contra salpicaduras l\u00edquidas<\/li>\n<li>Al menos 30 minutos de protecci\u00f3n contra m\u00e1s de 40 productos qu\u00edmicos<\/li>\n<li>Flexible, duradero y ligero<\/li>\n<ul><\/p>\n<p>con capucha, mu\u00f1ecas el\u00e1sticas y tobillos (paquete a granel)<\/p>\n<table>\n<tbody>\n<tr>\n<th>Art\u00edculo #<\/th>\n<th>Paquete de<\/th>\n<th>Tama\u00f1o<\/th>\n<\/tr>\n<tr>\n<td>142121<\/td>\n<td>12<\/td>\n<td>grande<\/td>\n<\/tr>\n<tr>\n<td>142131<\/td>\n<td>12<\/td>\n<td>xgrande<\/td>\n<tr>\n<td>142141<\/td>\n<td>12<\/td>\n<td>2xgrande<\/td>\n<\/tr>\n<tr>\n<td>142151<\/td>\n<td>12<\/td>\n<td>3xgrande<\/td>\n<\/tr>\n<\/tbody>\n<\/table>\n<p>Con capucha y botas, mu\u00f1ecas y tobillos el\u00e1sticos (paquete a granel)<\/p>\n<table>\n<tbody>\n<tr>\n<th>Art\u00edculo #<\/th>\n<th>Paquete de<\/th>\n<th>Tama\u00f1o<\/th>\n<\/tr>\n<tr>\n<td>142122<\/td>\n<td>12<\/td>\n<td>grande<\/td>\n<\/tr>\n<tr>\n<td>142132<\/td>\n<td>12<\/td>\n<td>xgrande<\/td>\n<tr>\n<td>142142<\/td>\n<td>12<\/td>\n<td>2xgrande<\/td>\n<\/tr>\n<tr>\n<td>142152<\/td>\n<td>12<\/td>\n<td>3xgrande<\/td>\n<\/tbody>\n<\/table>\n","protected":false},"excerpt":{"rendered":"<p>Tychem\u00ae QC es un tejido Tyvek\u00ae recubierto de polietileno para una protecci\u00f3n contra salpicaduras l\u00edquidas ligeras.<\/p>\n","protected":false},"author":2,"featured_media":17772,"parent":14409,"menu_order":3,"comment_status":"closed","ping_status":"closed","template":"page_products-grandchild.php","meta":{"_acf_changed":false,"footnotes":""},"class_list":["post-14414","page","type-page","status-publish","has-post-thumbnail","hentry"],"acf":[],"yoast_head":"<!-- This site is optimized with the Yoast SEO plugin v27.3 - https:\/\/yoast.com\/product\/yoast-seo-wordpress\/ -->\n<title>Overol Tychem 2000 de Dupont - Trimaco<\/title>\n<meta name=\"description\" content=\"\u00bfTrabaja en la industria del petr\u00f3leo, el papel, el procesamiento qu\u00edmico o la industria farmac\u00e9utica? \u00a1Eche un vistazo a nuestros overoles duraderos y protectores Tychem 2000 de Dupont!\" \/>\n<meta name=\"robots\" content=\"index, follow, max-snippet:-1, max-image-preview:large, max-video-preview:-1\" \/>\n<link rel=\"canonical\" href=\"https:\/\/trimaco.com\/es\/productos\/prendas-de-proteccion\/overoles-amarillos-tychem-2000-de-dupont\/\" \/>\n<meta property=\"og:locale\" content=\"es_ES\" \/>\n<meta property=\"og:type\" content=\"article\" \/>\n<meta property=\"og:title\" content=\"Overol Tychem 2000 de Dupont - Trimaco\" \/>\n<meta property=\"og:description\" content=\"\u00bfTrabaja en la industria del petr\u00f3leo, el papel, el procesamiento qu\u00edmico o la industria farmac\u00e9utica? \u00a1Eche un vistazo a nuestros overoles duraderos y protectores Tychem 2000 de Dupont!\" \/>\n<meta property=\"og:url\" content=\"https:\/\/trimaco.com\/es\/productos\/prendas-de-proteccion\/overoles-amarillos-tychem-2000-de-dupont\/\" \/>\n<meta property=\"og:site_name\" content=\"Trimaco\" \/>\n<meta property=\"article:publisher\" content=\"https:\/\/www.facebook.com\/pages\/Trimaco\/346858225385747?ref=ts\" \/>\n<meta property=\"article:modified_time\" content=\"2024-04-08T21:06:55+00:00\" \/>\n<meta property=\"og:image\" content=\"https:\/\/trimaco.com\/wp-content\/uploads\/2022\/02\/qc-1.webp\" \/>\n\t<meta property=\"og:image:width\" content=\"284\" \/>\n\t<meta property=\"og:image:height\" content=\"283\" \/>\n\t<meta property=\"og:image:type\" content=\"image\/webp\" \/>\n<meta name=\"twitter:card\" content=\"summary_large_image\" \/>\n<meta name=\"twitter:site\" content=\"@trimacoinc\" \/>\n<meta name=\"twitter:label1\" content=\"Tiempo de lectura\" \/>\n\t<meta name=\"twitter:data1\" content=\"2 minutos\" \/>\n<!-- \/ Yoast SEO plugin. -->","yoast_head_json":{"title":"Overol Tychem 2000 de Dupont - Trimaco","description":"\u00bfTrabaja en la industria del petr\u00f3leo, el papel, el procesamiento qu\u00edmico o la industria farmac\u00e9utica? \u00a1Eche un vistazo a nuestros overoles duraderos y protectores Tychem 2000 de Dupont!","robots":{"index":"index","follow":"follow","max-snippet":"max-snippet:-1","max-image-preview":"max-image-preview:large","max-video-preview":"max-video-preview:-1"},"canonical":"https:\/\/trimaco.com\/es\/productos\/prendas-de-proteccion\/overoles-amarillos-tychem-2000-de-dupont\/","og_locale":"es_ES","og_type":"article","og_title":"Overol Tychem 2000 de Dupont - Trimaco","og_description":"\u00bfTrabaja en la industria del petr\u00f3leo, el papel, el procesamiento qu\u00edmico o la industria farmac\u00e9utica? \u00a1Eche un vistazo a nuestros overoles duraderos y protectores Tychem 2000 de Dupont!","og_url":"https:\/\/trimaco.com\/es\/productos\/prendas-de-proteccion\/overoles-amarillos-tychem-2000-de-dupont\/","og_site_name":"Trimaco","article_publisher":"https:\/\/www.facebook.com\/pages\/Trimaco\/346858225385747?ref=ts","article_modified_time":"2024-04-08T21:06:55+00:00","og_image":[{"width":284,"height":283,"url":"https:\/\/trimaco.com\/wp-content\/uploads\/2022\/02\/qc-1.webp","type":"image\/webp"}],"twitter_card":"summary_large_image","twitter_site":"@trimacoinc","twitter_misc":{"Tiempo de lectura":"2 minutos"},"schema":{"@context":"https:\/\/schema.org","@graph":[{"@type":"WebPage","@id":"https:\/\/trimaco.com\/es\/productos\/prendas-de-proteccion\/overoles-amarillos-tychem-2000-de-dupont\/","url":"https:\/\/trimaco.com\/es\/productos\/prendas-de-proteccion\/overoles-amarillos-tychem-2000-de-dupont\/","name":"Overol Tychem 2000 de Dupont - Trimaco","isPartOf":{"@id":"https:\/\/trimaco.com\/#website"},"primaryImageOfPage":{"@id":"https:\/\/trimaco.com\/es\/productos\/prendas-de-proteccion\/overoles-amarillos-tychem-2000-de-dupont\/#primaryimage"},"image":{"@id":"https:\/\/trimaco.com\/es\/productos\/prendas-de-proteccion\/overoles-amarillos-tychem-2000-de-dupont\/#primaryimage"},"thumbnailUrl":"https:\/\/trimaco.com\/wp-content\/uploads\/2022\/02\/qc-1.webp","datePublished":"2021-09-10T14:18:18+00:00","dateModified":"2024-04-08T21:06:55+00:00","description":"\u00bfTrabaja en la industria del petr\u00f3leo, el papel, el procesamiento qu\u00edmico o la industria farmac\u00e9utica? \u00a1Eche un vistazo a nuestros overoles duraderos y protectores Tychem 2000 de Dupont!","breadcrumb":{"@id":"https:\/\/trimaco.com\/es\/productos\/prendas-de-proteccion\/overoles-amarillos-tychem-2000-de-dupont\/#breadcrumb"},"inLanguage":"es","potentialAction":[{"@type":"ReadAction","target":["https:\/\/trimaco.com\/es\/productos\/prendas-de-proteccion\/overoles-amarillos-tychem-2000-de-dupont\/"]}]},{"@type":"ImageObject","inLanguage":"es","@id":"https:\/\/trimaco.com\/es\/productos\/prendas-de-proteccion\/overoles-amarillos-tychem-2000-de-dupont\/#primaryimage","url":"https:\/\/trimaco.com\/wp-content\/uploads\/2022\/02\/qc-1.webp","contentUrl":"https:\/\/trimaco.com\/wp-content\/uploads\/2022\/02\/qc-1.webp","width":284,"height":283,"caption":"Chemical resistant coverall"},{"@type":"BreadcrumbList","@id":"https:\/\/trimaco.com\/es\/productos\/prendas-de-proteccion\/overoles-amarillos-tychem-2000-de-dupont\/#breadcrumb","itemListElement":[{"@type":"ListItem","position":1,"name":"Home","item":"https:\/\/trimaco.com\/"},{"@type":"ListItem","position":2,"name":"Productos","item":"https:\/\/trimaco.com\/es\/productos\/"},{"@type":"ListItem","position":3,"name":"Ropa y Equipo Protector","item":"https:\/\/trimaco.com\/products\/protective-wear\/"},{"@type":"ListItem","position":4,"name":"Overoles amarillos Tychem \u00ae 2000 de DuPont\u2122"}]},{"@type":"WebSite","@id":"https:\/\/trimaco.com\/#website","url":"https:\/\/trimaco.com\/","name":"Trimaco","description":"Total Jobsite Protection\u2122","publisher":{"@id":"https:\/\/trimaco.com\/#organization"},"potentialAction":[{"@type":"SearchAction","target":{"@type":"EntryPoint","urlTemplate":"https:\/\/trimaco.com\/?s={search_term_string}"},"query-input":{"@type":"PropertyValueSpecification","valueRequired":true,"valueName":"search_term_string"}}],"inLanguage":"es"},{"@type":"Organization","@id":"https:\/\/trimaco.com\/#organization","name":"Trimaco","url":"https:\/\/trimaco.com\/","logo":{"@type":"ImageObject","inLanguage":"es","@id":"https:\/\/trimaco.com\/#\/schema\/logo\/image\/","url":"https:\/\/trimaco.com\/wp-content\/uploads\/2016\/08\/login-logo.png","contentUrl":"https:\/\/trimaco.com\/wp-content\/uploads\/2016\/08\/login-logo.png","width":450,"height":69,"caption":"Trimaco"},"image":{"@id":"https:\/\/trimaco.com\/#\/schema\/logo\/image\/"},"sameAs":["https:\/\/www.facebook.com\/pages\/Trimaco\/346858225385747?ref=ts","https:\/\/x.com\/trimacoinc","https:\/\/www.instagram.com\/trimaco_inc\/","https:\/\/pinterest.com\/trimaco\/","https:\/\/www.youtube.com\/c\/trimacoinc"]}]}},"_links":{"self":[{"href":"https:\/\/trimaco.com\/es\/wp-json\/wp\/v2\/pages\/14414","targetHints":{"allow":["GET"]}}],"collection":[{"href":"https:\/\/trimaco.com\/es\/wp-json\/wp\/v2\/pages"}],"about":[{"href":"https:\/\/trimaco.com\/es\/wp-json\/wp\/v2\/types\/page"}],"author":[{"embeddable":true,"href":"https:\/\/trimaco.com\/es\/wp-json\/wp\/v2\/users\/2"}],"replies":[{"embeddable":true,"href":"https:\/\/trimaco.com\/es\/wp-json\/wp\/v2\/comments?post=14414"}],"version-history":[{"count":0,"href":"https:\/\/trimaco.com\/es\/wp-json\/wp\/v2\/pages\/14414\/revisions"}],"up":[{"embeddable":true,"href":"https:\/\/trimaco.com\/es\/wp-json\/wp\/v2\/pages\/14409"}],"wp:featuredmedia":[{"embeddable":true,"href":"https:\/\/trimaco.com\/es\/wp-json\/wp\/v2\/media\/17772"}],"wp:attachment":[{"href":"https:\/\/trimaco.com\/es\/wp-json\/wp\/v2\/media?parent=14414"}],"curies":[{"name":"wp","href":"https:\/\/api.w.org\/{rel}","templated":true}]}}