{"id":14413,"date":"2021-09-10T10:06:11","date_gmt":"2021-09-10T14:06:11","guid":{"rendered":"https:\/\/trimaco.wpengine.com\/productos\/prendas-de-proteccion\/overoles-protectores-400d-dual-tyvek-de-dupont-transpirables\/"},"modified":"2024-04-08T17:05:39","modified_gmt":"2024-04-08T21:05:39","slug":"overoles-protectores-400d-dual-tyvek-de-dupont-transpirables","status":"publish","type":"page","link":"https:\/\/trimaco.com\/es\/productos\/prendas-de-proteccion\/overoles-protectores-400d-dual-tyvek-de-dupont-transpirables\/","title":{"rendered":"Overoles protectores 400D Dual Tyvek de DuPont\u2122 transpirables"},"content":{"rendered":"<p>\nLos overoles protectores 400D Dual Tyvek de DuPont&#x2122; proporcionan un equilibrio ideal de protecci\u00f3n, durabilidad y comodidad para los trabajadores. La parte delantera proporciona una protecci\u00f3n superior, mientras que la parte posterior est\u00e1 hecha con un tejido transpirable para mayor comodidad. <\/p>\n<p>Estos overoles Tyvek son transpirables e ideales para los trabajadores que est\u00e1n involucrados en una variedad de actividades extenuantes. La espalda transpirable ayuda a reducir el riesgo de sobrecalentamiento en el trabajo. Los overoles 400D Dual Tyvek de DuPont&#x2122; son ideales para servicios p\u00fablicos, mantenimiento y descontaminaciones, compuestos, fabricaci\u00f3n de barcos, fabricaci\u00f3n de vidrio, turbinas e\u00f3licas y m\u00e1s.<\/p>\n<p>Fabricado con material Tyvek de confianza, este overol est\u00e1 disponible con o sin capucha para proporcionar un dise\u00f1o de ajuste c\u00f3modo. El cierre m\u00e1s largo se extiende hasta la barbilla para una excelente cobertura alrededor del \u00e1rea del cuello. Disponible en tama\u00f1os grandes a 2XL.<\/p>\n<ul>\n<li>Con material Tyvek\u00ae en la parte delantera y ProShield\u00ae en la parte posterior<\/li>\n<li>El equilibrio ideal de protecci\u00f3n y comodidad durante el trabajo extenuante<\/li>\n<li>Overoles transpirables<\/li>\n<li>Los overoles incluyen mu\u00f1ecas el\u00e1sticas, tobillos, con cintura y capucha opcional<\/li>\n<ul><\/p>\n<p>\u00bfLe encantan nuestros trajes Tyvek? Aseg\u00farese de revisar los overoles <a href=\"https:\/\/trimaco.com\/es\/productos\/prendas-de-proteccion\/overoles-protectores-profesionales-tyvek-de-dupont\/\">de cobertura completa Tyvek de DuPont<\/a> y la nueva <a href=\"https:\/\/trimaco.com\/es\/productos\/prendas-de-proteccion\/la-chaqueta-tyvek-de-dupont-button-up\/\">chaqueta DuPont Tyvek Button Up<\/a>.<\/p>\n<p><em>Overoles Tyvek\u00ae 400D Dual de DuPont&#x2122;<\/em><br \/>\ncon mu\u00f1ecas y tobillos el\u00e1sticos<\/p>\n<table>\n<tbody>\n<tr>\n<th>Art\u00edculo #<\/th>\n<th>Paquete de<\/th>\n<th>Tama\u00f1o<\/th>\n<\/tr>\n<tr>\n<td>14272<\/td>\n<td>25<\/td>\n<td>grande<\/td>\n<\/tr>\n<tr>\n<td>14273<\/td>\n<td>25<\/td>\n<td>xgrande<\/td>\n<\/tr>\n<tr>\n<td>14274<\/td>\n<td>25<\/td>\n<td>2xgrande<\/td>\n<\/tr>\n<\/tbody>\n<\/table>\n<p>con capucha, mu\u00f1ecas el\u00e1sticas y tobillos<\/p>\n<table>\n<tbody>\n<tr>\n<th>Art\u00edculo #<\/th>\n<th>Paquete de<\/th>\n<th>Tama\u00f1o<\/th>\n<\/tr>\n<tr>\n<td>142721<\/td>\n<td>25<\/td>\n<td>grande<\/td>\n<\/tr>\n<tr>\n<td>142731<\/td>\n<td>25<\/td>\n<td>xgrande<\/td>\n<\/tr>\n<tr>\n<td>142741<\/td>\n<td>25<\/td>\n<td>2xgrande<\/td>\n<\/tr>\n<\/tbody>\n<\/table>\n","protected":false},"excerpt":{"rendered":"<p>El Overol con una parte delantera de Tyvek de DuPont y con una parte posterior altamente transpirable para mayor comodidad.<\/p>\n","protected":false},"author":2,"featured_media":17762,"parent":14409,"menu_order":1,"comment_status":"closed","ping_status":"closed","template":"page_products-grandchild.php","meta":{"_acf_changed":false,"footnotes":""},"class_list":["post-14413","page","type-page","status-publish","has-post-thumbnail","hentry"],"acf":[],"yoast_head":"<!-- This site is optimized with the Yoast SEO plugin v27.1.1 - https:\/\/yoast.com\/product\/yoast-seo-wordpress\/ -->\n<title>Overoles protectores Tyvek\u00ae 400D Dual de DuPont\u2122 - Trimaco<\/title>\n<meta name=\"description\" content=\"Un equilibrio ideal de comodidad, durabilidad y protecci\u00f3n para los trabajadores. Estos Overoles Tyvek proporcionan una protecci\u00f3n superior y la espalda es transpirable para mayor comodidad.\" \/>\n<meta name=\"robots\" content=\"index, follow, max-snippet:-1, max-image-preview:large, max-video-preview:-1\" \/>\n<link rel=\"canonical\" href=\"https:\/\/trimaco.com\/es\/productos\/prendas-de-proteccion\/overoles-protectores-400d-dual-tyvek-de-dupont-transpirables\/\" \/>\n<meta property=\"og:locale\" content=\"es_ES\" \/>\n<meta property=\"og:type\" content=\"article\" \/>\n<meta property=\"og:title\" content=\"Overoles protectores Tyvek\u00ae 400D Dual de DuPont\u2122 - Trimaco\" \/>\n<meta property=\"og:description\" content=\"Un equilibrio ideal de comodidad, durabilidad y protecci\u00f3n para los trabajadores. Estos Overoles Tyvek proporcionan una protecci\u00f3n superior y la espalda es transpirable para mayor comodidad.\" \/>\n<meta property=\"og:url\" content=\"https:\/\/trimaco.com\/es\/productos\/prendas-de-proteccion\/overoles-protectores-400d-dual-tyvek-de-dupont-transpirables\/\" \/>\n<meta property=\"og:site_name\" content=\"Trimaco\" \/>\n<meta property=\"article:publisher\" content=\"https:\/\/www.facebook.com\/pages\/Trimaco\/346858225385747?ref=ts\" \/>\n<meta property=\"article:modified_time\" content=\"2024-04-08T21:05:39+00:00\" \/>\n<meta property=\"og:image\" content=\"https:\/\/trimaco.com\/wp-content\/uploads\/2022\/02\/tyvek-dual-1.webp\" \/>\n\t<meta property=\"og:image:width\" content=\"284\" \/>\n\t<meta property=\"og:image:height\" content=\"283\" \/>\n\t<meta property=\"og:image:type\" content=\"image\/webp\" \/>\n<meta name=\"twitter:card\" content=\"summary_large_image\" \/>\n<meta name=\"twitter:site\" content=\"@trimacoinc\" \/>\n<meta name=\"twitter:label1\" content=\"Tiempo de lectura\" \/>\n\t<meta name=\"twitter:data1\" content=\"2 minutos\" \/>\n<!-- \/ Yoast SEO plugin. -->","yoast_head_json":{"title":"Overoles protectores Tyvek\u00ae 400D Dual de DuPont\u2122 - Trimaco","description":"Un equilibrio ideal de comodidad, durabilidad y protecci\u00f3n para los trabajadores. Estos Overoles Tyvek proporcionan una protecci\u00f3n superior y la espalda es transpirable para mayor comodidad.","robots":{"index":"index","follow":"follow","max-snippet":"max-snippet:-1","max-image-preview":"max-image-preview:large","max-video-preview":"max-video-preview:-1"},"canonical":"https:\/\/trimaco.com\/es\/productos\/prendas-de-proteccion\/overoles-protectores-400d-dual-tyvek-de-dupont-transpirables\/","og_locale":"es_ES","og_type":"article","og_title":"Overoles protectores Tyvek\u00ae 400D Dual de DuPont\u2122 - Trimaco","og_description":"Un equilibrio ideal de comodidad, durabilidad y protecci\u00f3n para los trabajadores. Estos Overoles Tyvek proporcionan una protecci\u00f3n superior y la espalda es transpirable para mayor comodidad.","og_url":"https:\/\/trimaco.com\/es\/productos\/prendas-de-proteccion\/overoles-protectores-400d-dual-tyvek-de-dupont-transpirables\/","og_site_name":"Trimaco","article_publisher":"https:\/\/www.facebook.com\/pages\/Trimaco\/346858225385747?ref=ts","article_modified_time":"2024-04-08T21:05:39+00:00","og_image":[{"width":284,"height":283,"url":"https:\/\/trimaco.com\/wp-content\/uploads\/2022\/02\/tyvek-dual-1.webp","type":"image\/webp"}],"twitter_card":"summary_large_image","twitter_site":"@trimacoinc","twitter_misc":{"Tiempo de lectura":"2 minutos"},"schema":{"@context":"https:\/\/schema.org","@graph":[{"@type":"WebPage","@id":"https:\/\/trimaco.com\/es\/productos\/prendas-de-proteccion\/overoles-protectores-400d-dual-tyvek-de-dupont-transpirables\/","url":"https:\/\/trimaco.com\/es\/productos\/prendas-de-proteccion\/overoles-protectores-400d-dual-tyvek-de-dupont-transpirables\/","name":"Overoles protectores Tyvek\u00ae 400D Dual de DuPont\u2122 - Trimaco","isPartOf":{"@id":"https:\/\/trimaco.com\/#website"},"primaryImageOfPage":{"@id":"https:\/\/trimaco.com\/es\/productos\/prendas-de-proteccion\/overoles-protectores-400d-dual-tyvek-de-dupont-transpirables\/#primaryimage"},"image":{"@id":"https:\/\/trimaco.com\/es\/productos\/prendas-de-proteccion\/overoles-protectores-400d-dual-tyvek-de-dupont-transpirables\/#primaryimage"},"thumbnailUrl":"https:\/\/trimaco.com\/wp-content\/uploads\/2022\/02\/tyvek-dual-1.webp","datePublished":"2021-09-10T14:06:11+00:00","dateModified":"2024-04-08T21:05:39+00:00","description":"Un equilibrio ideal de comodidad, durabilidad y protecci\u00f3n para los trabajadores. Estos Overoles Tyvek proporcionan una protecci\u00f3n superior y la espalda es transpirable para mayor comodidad.","breadcrumb":{"@id":"https:\/\/trimaco.com\/es\/productos\/prendas-de-proteccion\/overoles-protectores-400d-dual-tyvek-de-dupont-transpirables\/#breadcrumb"},"inLanguage":"es","potentialAction":[{"@type":"ReadAction","target":["https:\/\/trimaco.com\/es\/productos\/prendas-de-proteccion\/overoles-protectores-400d-dual-tyvek-de-dupont-transpirables\/"]}]},{"@type":"ImageObject","inLanguage":"es","@id":"https:\/\/trimaco.com\/es\/productos\/prendas-de-proteccion\/overoles-protectores-400d-dual-tyvek-de-dupont-transpirables\/#primaryimage","url":"https:\/\/trimaco.com\/wp-content\/uploads\/2022\/02\/tyvek-dual-1.webp","contentUrl":"https:\/\/trimaco.com\/wp-content\/uploads\/2022\/02\/tyvek-dual-1.webp","width":284,"height":283,"caption":"painting in a tyvek dual suit"},{"@type":"BreadcrumbList","@id":"https:\/\/trimaco.com\/es\/productos\/prendas-de-proteccion\/overoles-protectores-400d-dual-tyvek-de-dupont-transpirables\/#breadcrumb","itemListElement":[{"@type":"ListItem","position":1,"name":"Home","item":"https:\/\/trimaco.com\/"},{"@type":"ListItem","position":2,"name":"Productos","item":"https:\/\/trimaco.com\/es\/productos\/"},{"@type":"ListItem","position":3,"name":"Ropa y Equipo Protector","item":"https:\/\/trimaco.com\/products\/protective-wear\/"},{"@type":"ListItem","position":4,"name":"Overoles protectores 400D Dual Tyvek de DuPont\u2122 transpirables"}]},{"@type":"WebSite","@id":"https:\/\/trimaco.com\/#website","url":"https:\/\/trimaco.com\/","name":"Trimaco","description":"Total Jobsite Protection\u2122","publisher":{"@id":"https:\/\/trimaco.com\/#organization"},"potentialAction":[{"@type":"SearchAction","target":{"@type":"EntryPoint","urlTemplate":"https:\/\/trimaco.com\/?s={search_term_string}"},"query-input":{"@type":"PropertyValueSpecification","valueRequired":true,"valueName":"search_term_string"}}],"inLanguage":"es"},{"@type":"Organization","@id":"https:\/\/trimaco.com\/#organization","name":"Trimaco","url":"https:\/\/trimaco.com\/","logo":{"@type":"ImageObject","inLanguage":"es","@id":"https:\/\/trimaco.com\/#\/schema\/logo\/image\/","url":"https:\/\/trimaco.com\/wp-content\/uploads\/2016\/08\/login-logo.png","contentUrl":"https:\/\/trimaco.com\/wp-content\/uploads\/2016\/08\/login-logo.png","width":450,"height":69,"caption":"Trimaco"},"image":{"@id":"https:\/\/trimaco.com\/#\/schema\/logo\/image\/"},"sameAs":["https:\/\/www.facebook.com\/pages\/Trimaco\/346858225385747?ref=ts","https:\/\/x.com\/trimacoinc","https:\/\/www.instagram.com\/trimaco_inc\/","https:\/\/pinterest.com\/trimaco\/","https:\/\/www.youtube.com\/c\/trimacoinc"]}]}},"_links":{"self":[{"href":"https:\/\/trimaco.com\/es\/wp-json\/wp\/v2\/pages\/14413","targetHints":{"allow":["GET"]}}],"collection":[{"href":"https:\/\/trimaco.com\/es\/wp-json\/wp\/v2\/pages"}],"about":[{"href":"https:\/\/trimaco.com\/es\/wp-json\/wp\/v2\/types\/page"}],"author":[{"embeddable":true,"href":"https:\/\/trimaco.com\/es\/wp-json\/wp\/v2\/users\/2"}],"replies":[{"embeddable":true,"href":"https:\/\/trimaco.com\/es\/wp-json\/wp\/v2\/comments?post=14413"}],"version-history":[{"count":0,"href":"https:\/\/trimaco.com\/es\/wp-json\/wp\/v2\/pages\/14413\/revisions"}],"up":[{"embeddable":true,"href":"https:\/\/trimaco.com\/es\/wp-json\/wp\/v2\/pages\/14409"}],"wp:featuredmedia":[{"embeddable":true,"href":"https:\/\/trimaco.com\/es\/wp-json\/wp\/v2\/media\/17762"}],"wp:attachment":[{"href":"https:\/\/trimaco.com\/es\/wp-json\/wp\/v2\/media?parent=14413"}],"curies":[{"name":"wp","href":"https:\/\/api.w.org\/{rel}","templated":true}]}}