{"id":14411,"date":"2021-09-10T09:59:13","date_gmt":"2021-09-10T13:59:13","guid":{"rendered":"https:\/\/trimaco.wpengine.com\/productos\/prendas-de-proteccion\/overoles-protectores-profesionales-tyvek-de-dupont\/"},"modified":"2024-04-08T17:05:27","modified_gmt":"2024-04-08T21:05:27","slug":"overoles-protectores-profesionales-tyvek-de-dupont","status":"publish","type":"page","link":"https:\/\/trimaco.com\/es\/productos\/prendas-de-proteccion\/overoles-protectores-profesionales-tyvek-de-dupont\/","title":{"rendered":"Overoles protectores profesionales Tyvek\u00ae de DuPont\u2122"},"content":{"rendered":"<p>\n\u00bfBuscas una protecci\u00f3n confiable durante todo el d\u00eda en el trabajo? Los overoles protectores profesionales Tyvek\u00ae de DuPont&#x2122; son la respuesta. Adelante, pongamos a prueba. Estos overoles protectores bloquean l\u00edquidos y part\u00edculas en el aire, pero son transpirables para la comodidad de todo el d\u00eda. El material poco est\u00e1tico es duradero y protege incluso cuando est\u00e1 desgastado. Mantenga los desechos fuera de su producto final. El tejido no deja pelusas y es ideal para aplicaciones de pintura. No traiga el desorden a casa: mantenga el polvo, exceso de rociado y salpicaduras de su ropa y piel con estos overoles de alto rendimiento. <\/p>\n<ul>\n<li>Protecci\u00f3n superior durante todo el d\u00eda<\/li>\n<li>Bloquea l\u00edquidos y part\u00edculas<\/li>\n<li>Transpirable y resistente al desgarro<\/li>\n<li>Bajo nivel de pelusa para evitar escombros en su trabajo de pintura<\/li>\n<\/ul>\n<p>Aseg\u00farese de explorar otras <a href=\"https:\/\/trimaco.com\/es\/productos\/prendas-de-proteccion\/\">prendas de protecci\u00f3n personal<\/a> de Trimaco y productos Tyvek\u00ae de DuPont&#x2122;, como nuestra nueva <a href=\"https:\/\/trimaco.com\/es\/productos\/prendas-de-proteccion\/la-chaqueta-tyvek-de-dupont-button-up\/\">chaqueta Button Up<\/a>, <a href=\"https:\/\/trimaco.com\/es\/productos\/prendas-de-proteccion\/protectores-de-zapatos-y-botas-misc-tyvek-de-dupont\/\">protectores de zapatos y botas<\/a> y <a href=\"https:\/\/trimaco.com\/es\/productos\/prendas-de-proteccion\/overoles-anaranjados-de-alta-visibilidad-tyvek-500-de-dupont\/\">overoles de alta visibilidad<\/a>.<\/p>\n<p><em>Overoles protectores profesionales Tyvek\u00ae 400 de DuPont&#x2122;<\/em><br \/>\nNo tiene el\u00e1stico &#8211; tambi\u00e9n disponible en paquetes a granel de 25 <\/p>\n<table>\n<tbody>\n<tr>\n<th>Art\u00edculo #<\/th>\n<th>Paquete de<\/th>\n<th>Tama\u00f1o<\/th>\n<\/tr>\n<tr>\n<td>14121<\/td>\n<td>12<\/td>\n<td>Medio<\/td>\n<\/tr>\n<tr>\n<td>14122<\/td>\n<td>12<\/td>\n<td>grande<\/td>\n<\/tr>\n<tr>\n<td>14123<\/td>\n<td>12<\/td>\n<td>xgrande<\/td>\n<\/tr>\n<tr>\n<td>14124<\/td>\n<td>12<\/td>\n<td>2xgrande<\/td>\n<\/tr>\n<tr>\n<td>14125<\/td>\n<td>12<\/td>\n<td>3xgrande<\/td>\n<\/tr>\n<\/tbody>\n<\/table>\n<p>w \/ Mu\u00f1equeras y tobillos el\u00e1sticos<\/p>\n<table>\n<tbody>\n<tr>\n<th>Art\u00edculo #<\/th>\n<th>Paquete de<\/th>\n<th>Tama\u00f1o<\/th>\n<\/tr>\n<tr>\n<td>14132<\/td>\n<td>25<\/td>\n<td>grande<\/td>\n<\/tr>\n<tr>\n<td>14133<\/td>\n<td>25<\/td>\n<td>xgrande<\/td>\n<\/tr>\n<tr>\n<td>14134<\/td>\n<td>25<\/td>\n<td>2xgrande<\/td>\n<\/tr>\n<tr>\n<td>14135<\/td>\n<td>25<\/td>\n<td>3xgrande<\/td>\n<\/tr>\n<\/tbody>\n<\/table>\n<p>con capucha<\/p>\n<table>\n<tbody>\n<tr>\n<th>Art\u00edculo #<\/th>\n<th>Paquete de<\/th>\n<th>Tama\u00f1o<\/th>\n<\/tr>\n<tr>\n<td>141221<\/td>\n<td>25<\/td>\n<td>grande<\/td>\n<\/tr>\n<tr>\n<td>141231<\/td>\n<td>25<\/td>\n<td>xgrande<\/td>\n<\/tr>\n<tr>\n<td>141241<\/td>\n<td>25<\/td>\n<td>2xgrande<\/td>\n<\/tr>\n<tr>\n<td>141251<\/td>\n<td>25<\/td>\n<td>3xgrande<\/td>\n<\/tr>\n<\/tbody>\n<\/table>\n<p>con capucha y botas<\/p>\n<table>\n<tbody>\n<tr>\n<th>Art\u00edculo #<\/th>\n<th>Paquete de<\/th>\n<th>Tama\u00f1o<\/th>\n<\/tr>\n<tr>\n<td>141482<\/td>\n<td>6<\/td>\n<td>xgrande<\/td>\n<\/tr>\n<tr>\n<td>141222\/12<\/td>\n<td>12<\/td>\n<td>grande<\/td>\n<\/tr>\n<tr>\n<td>141232\/12<\/td>\n<td>12<\/td>\n<td>xgrande<\/td>\n<\/tr>\n<tr>\n<td>141242\/12<\/td>\n<td>12<\/td>\n<td>2xgrande<\/td>\n<\/tr>\n<\/tbody>\n<\/table>\n<p><em>Tyvek\u00ae es una marca comercial registrada de DuPont&#x2122; para su marca de material de protecci\u00f3n. S\u00f3lo DuPont hace Tyvek\u00ae.<\/em><\/p>\n","protected":false},"excerpt":{"rendered":"<p>Lo \u00faltimo en protecci\u00f3n personal, los overoles Tyvek son resistentes, transpirables y pr\u00e1cticamente impenetrables.<\/p>\n","protected":false},"author":2,"featured_media":17756,"parent":14409,"menu_order":0,"comment_status":"closed","ping_status":"closed","template":"page_products-grandchild.php","meta":{"_acf_changed":false,"footnotes":""},"class_list":["post-14411","page","type-page","status-publish","has-post-thumbnail","hentry"],"acf":[],"yoast_head":"<!-- This site is optimized with the Yoast SEO plugin v27.3 - https:\/\/yoast.com\/product\/yoast-seo-wordpress\/ -->\n<title>Overoles protectores Tyvek\u00ae 400D Dual de DuPont\u2122 - Trimaco<\/title>\n<meta name=\"description\" content=\"Un equilibrio ideal de comodidad, durabilidad y protecci\u00f3n para los trabajadores. Estos Overoles Tyvek proporcionan una protecci\u00f3n superior y la espalda es transpirable para mayor comodidad.\" \/>\n<meta name=\"robots\" content=\"index, follow, max-snippet:-1, max-image-preview:large, max-video-preview:-1\" \/>\n<link rel=\"canonical\" href=\"https:\/\/trimaco.com\/es\/productos\/prendas-de-proteccion\/overoles-protectores-profesionales-tyvek-de-dupont\/\" \/>\n<meta property=\"og:locale\" content=\"es_ES\" \/>\n<meta property=\"og:type\" content=\"article\" \/>\n<meta property=\"og:title\" content=\"Overoles protectores Tyvek\u00ae 400D Dual de DuPont\u2122 - Trimaco\" \/>\n<meta property=\"og:description\" content=\"Un equilibrio ideal de comodidad, durabilidad y protecci\u00f3n para los trabajadores. Estos Overoles Tyvek proporcionan una protecci\u00f3n superior y la espalda es transpirable para mayor comodidad.\" \/>\n<meta property=\"og:url\" content=\"https:\/\/trimaco.com\/es\/productos\/prendas-de-proteccion\/overoles-protectores-profesionales-tyvek-de-dupont\/\" \/>\n<meta property=\"og:site_name\" content=\"Trimaco\" \/>\n<meta property=\"article:publisher\" content=\"https:\/\/www.facebook.com\/pages\/Trimaco\/346858225385747?ref=ts\" \/>\n<meta property=\"article:modified_time\" content=\"2024-04-08T21:05:27+00:00\" \/>\n<meta property=\"og:image\" content=\"https:\/\/trimaco.com\/wp-content\/uploads\/2022\/02\/tyvek-small.webp\" \/>\n\t<meta property=\"og:image:width\" content=\"284\" \/>\n\t<meta property=\"og:image:height\" content=\"283\" \/>\n\t<meta property=\"og:image:type\" content=\"image\/webp\" \/>\n<meta name=\"twitter:card\" content=\"summary_large_image\" \/>\n<meta name=\"twitter:site\" content=\"@trimacoinc\" \/>\n<meta name=\"twitter:label1\" content=\"Tiempo de lectura\" \/>\n\t<meta name=\"twitter:data1\" content=\"2 minutos\" \/>\n<!-- \/ Yoast SEO plugin. -->","yoast_head_json":{"title":"Overoles protectores Tyvek\u00ae 400D Dual de DuPont\u2122 - Trimaco","description":"Un equilibrio ideal de comodidad, durabilidad y protecci\u00f3n para los trabajadores. Estos Overoles Tyvek proporcionan una protecci\u00f3n superior y la espalda es transpirable para mayor comodidad.","robots":{"index":"index","follow":"follow","max-snippet":"max-snippet:-1","max-image-preview":"max-image-preview:large","max-video-preview":"max-video-preview:-1"},"canonical":"https:\/\/trimaco.com\/es\/productos\/prendas-de-proteccion\/overoles-protectores-profesionales-tyvek-de-dupont\/","og_locale":"es_ES","og_type":"article","og_title":"Overoles protectores Tyvek\u00ae 400D Dual de DuPont\u2122 - Trimaco","og_description":"Un equilibrio ideal de comodidad, durabilidad y protecci\u00f3n para los trabajadores. Estos Overoles Tyvek proporcionan una protecci\u00f3n superior y la espalda es transpirable para mayor comodidad.","og_url":"https:\/\/trimaco.com\/es\/productos\/prendas-de-proteccion\/overoles-protectores-profesionales-tyvek-de-dupont\/","og_site_name":"Trimaco","article_publisher":"https:\/\/www.facebook.com\/pages\/Trimaco\/346858225385747?ref=ts","article_modified_time":"2024-04-08T21:05:27+00:00","og_image":[{"width":284,"height":283,"url":"https:\/\/trimaco.com\/wp-content\/uploads\/2022\/02\/tyvek-small.webp","type":"image\/webp"}],"twitter_card":"summary_large_image","twitter_site":"@trimacoinc","twitter_misc":{"Tiempo de lectura":"2 minutos"},"schema":{"@context":"https:\/\/schema.org","@graph":[{"@type":"WebPage","@id":"https:\/\/trimaco.com\/es\/productos\/prendas-de-proteccion\/overoles-protectores-profesionales-tyvek-de-dupont\/","url":"https:\/\/trimaco.com\/es\/productos\/prendas-de-proteccion\/overoles-protectores-profesionales-tyvek-de-dupont\/","name":"Overoles protectores Tyvek\u00ae 400D Dual de DuPont\u2122 - Trimaco","isPartOf":{"@id":"https:\/\/trimaco.com\/#website"},"primaryImageOfPage":{"@id":"https:\/\/trimaco.com\/es\/productos\/prendas-de-proteccion\/overoles-protectores-profesionales-tyvek-de-dupont\/#primaryimage"},"image":{"@id":"https:\/\/trimaco.com\/es\/productos\/prendas-de-proteccion\/overoles-protectores-profesionales-tyvek-de-dupont\/#primaryimage"},"thumbnailUrl":"https:\/\/trimaco.com\/wp-content\/uploads\/2022\/02\/tyvek-small.webp","datePublished":"2021-09-10T13:59:13+00:00","dateModified":"2024-04-08T21:05:27+00:00","description":"Un equilibrio ideal de comodidad, durabilidad y protecci\u00f3n para los trabajadores. Estos Overoles Tyvek proporcionan una protecci\u00f3n superior y la espalda es transpirable para mayor comodidad.","breadcrumb":{"@id":"https:\/\/trimaco.com\/es\/productos\/prendas-de-proteccion\/overoles-protectores-profesionales-tyvek-de-dupont\/#breadcrumb"},"inLanguage":"es","potentialAction":[{"@type":"ReadAction","target":["https:\/\/trimaco.com\/es\/productos\/prendas-de-proteccion\/overoles-protectores-profesionales-tyvek-de-dupont\/"]}]},{"@type":"ImageObject","inLanguage":"es","@id":"https:\/\/trimaco.com\/es\/productos\/prendas-de-proteccion\/overoles-protectores-profesionales-tyvek-de-dupont\/#primaryimage","url":"https:\/\/trimaco.com\/wp-content\/uploads\/2022\/02\/tyvek-small.webp","contentUrl":"https:\/\/trimaco.com\/wp-content\/uploads\/2022\/02\/tyvek-small.webp","width":284,"height":283,"caption":"painting in a tyvek suit"},{"@type":"BreadcrumbList","@id":"https:\/\/trimaco.com\/es\/productos\/prendas-de-proteccion\/overoles-protectores-profesionales-tyvek-de-dupont\/#breadcrumb","itemListElement":[{"@type":"ListItem","position":1,"name":"Home","item":"https:\/\/trimaco.com\/"},{"@type":"ListItem","position":2,"name":"Productos","item":"https:\/\/trimaco.com\/es\/productos\/"},{"@type":"ListItem","position":3,"name":"Ropa y Equipo Protector","item":"https:\/\/trimaco.com\/products\/protective-wear\/"},{"@type":"ListItem","position":4,"name":"Overoles protectores profesionales Tyvek\u00ae de DuPont\u2122"}]},{"@type":"WebSite","@id":"https:\/\/trimaco.com\/#website","url":"https:\/\/trimaco.com\/","name":"Trimaco","description":"Total Jobsite Protection\u2122","publisher":{"@id":"https:\/\/trimaco.com\/#organization"},"potentialAction":[{"@type":"SearchAction","target":{"@type":"EntryPoint","urlTemplate":"https:\/\/trimaco.com\/?s={search_term_string}"},"query-input":{"@type":"PropertyValueSpecification","valueRequired":true,"valueName":"search_term_string"}}],"inLanguage":"es"},{"@type":"Organization","@id":"https:\/\/trimaco.com\/#organization","name":"Trimaco","url":"https:\/\/trimaco.com\/","logo":{"@type":"ImageObject","inLanguage":"es","@id":"https:\/\/trimaco.com\/#\/schema\/logo\/image\/","url":"https:\/\/trimaco.com\/wp-content\/uploads\/2016\/08\/login-logo.png","contentUrl":"https:\/\/trimaco.com\/wp-content\/uploads\/2016\/08\/login-logo.png","width":450,"height":69,"caption":"Trimaco"},"image":{"@id":"https:\/\/trimaco.com\/#\/schema\/logo\/image\/"},"sameAs":["https:\/\/www.facebook.com\/pages\/Trimaco\/346858225385747?ref=ts","https:\/\/x.com\/trimacoinc","https:\/\/www.instagram.com\/trimaco_inc\/","https:\/\/pinterest.com\/trimaco\/","https:\/\/www.youtube.com\/c\/trimacoinc"]}]}},"_links":{"self":[{"href":"https:\/\/trimaco.com\/es\/wp-json\/wp\/v2\/pages\/14411","targetHints":{"allow":["GET"]}}],"collection":[{"href":"https:\/\/trimaco.com\/es\/wp-json\/wp\/v2\/pages"}],"about":[{"href":"https:\/\/trimaco.com\/es\/wp-json\/wp\/v2\/types\/page"}],"author":[{"embeddable":true,"href":"https:\/\/trimaco.com\/es\/wp-json\/wp\/v2\/users\/2"}],"replies":[{"embeddable":true,"href":"https:\/\/trimaco.com\/es\/wp-json\/wp\/v2\/comments?post=14411"}],"version-history":[{"count":0,"href":"https:\/\/trimaco.com\/es\/wp-json\/wp\/v2\/pages\/14411\/revisions"}],"up":[{"embeddable":true,"href":"https:\/\/trimaco.com\/es\/wp-json\/wp\/v2\/pages\/14409"}],"wp:featuredmedia":[{"embeddable":true,"href":"https:\/\/trimaco.com\/es\/wp-json\/wp\/v2\/media\/17756"}],"wp:attachment":[{"href":"https:\/\/trimaco.com\/es\/wp-json\/wp\/v2\/media?parent=14411"}],"curies":[{"name":"wp","href":"https:\/\/api.w.org\/{rel}","templated":true}]}}