{"id":14409,"date":"2021-09-09T15:02:38","date_gmt":"2021-09-09T19:02:38","guid":{"rendered":"https:\/\/trimaco.wpengine.com\/productos\/prendas-de-proteccion\/"},"modified":"2022-03-25T14:38:11","modified_gmt":"2022-03-25T18:38:11","slug":"prendas-de-proteccion","status":"publish","type":"page","link":"https:\/\/trimaco.com\/es\/productos\/prendas-de-proteccion\/","title":{"rendered":"Ropa y Equipo Protector"},"content":{"rendered":"<p>Hay riesgos y peligros de seguridad en cada sitio de trabajo. Aunque vienen en muchas formas y formas diferentes, es importante no solo controlar estos peligros, sino tambi\u00e9n enfatizar la importancia de la protecci\u00f3n personal. Si necesita prendas de protecci\u00f3n personal de nivel profesional, Trimaco lo tiene cubierto. Nuestro equipo de protecci\u00f3n personal (EPP) es confiable y cumple con los m\u00e1s altos est\u00e1ndares de salud y seguridad. Por lo tanto, reducir su exposici\u00f3n a peligros y riesgos. <\/p>\n<p>Trimaco entiende la importancia de la seguridad en el lugar de trabajo. Nos esforzamos por brindarle equipos de protecci\u00f3n innovadores y confiables, para que pueda concentrarse en el trabajo en cuesti\u00f3n. Desde <a href=\"https:\/\/trimaco.com\/es\/productos\/prendas-de-proteccion\/las-gafas-e-z-clean-de-trimaco\/\">protecci\u00f3n<\/a> para <a href=\"https:\/\/trimaco.com\/es\/productos\/prendas-de-proteccion\/protectores-de-zapatos-y-botas-misc-tyvek-de-dupont\/\">zapatos<\/a> y ojos hasta overoles <a href=\"https:\/\/trimaco.com\/es\/productos\/prendas-de-proteccion\/overoles-amarillos-tychem-2000-de-dupont\/\">recubiertos<\/a>de polietileno y <a href=\"https:\/\/trimaco.com\/es\/productos\/prendas-de-proteccion\/overoles-anaranjados-de-alta-visibilidad-tyvek-500-de-dupont\/\">alta visibilidad<\/a>, las prendas de protecci\u00f3n personal de Trimaco lo mantendr\u00e1n a salvo de una variedad de peligros. Nuestras prendas de EPP garantizan una seguridad laboral adecuada, lo que le brinda una completa confianza en el lugar de trabajo. <\/p>\n","protected":false},"excerpt":{"rendered":"<p>Hay riesgos y peligros de seguridad en cada sitio de trabajo. Aunque vienen en muchas formas y formas diferentes, es importante no solo controlar estos peligros, sino tambi\u00e9n enfatizar la importancia de la protecci\u00f3n personal.<a class=\"read-more\" href=\"https:\/\/trimaco.com\/es\/productos\/prendas-de-proteccion\/\"> &#8230;Continue Reading<\/a><\/p>\n","protected":false},"author":9,"featured_media":16769,"parent":10374,"menu_order":13,"comment_status":"closed","ping_status":"closed","template":"page_products-child.php","meta":{"_acf_changed":false,"footnotes":""},"class_list":["post-14409","page","type-page","status-publish","has-post-thumbnail","hentry"],"acf":[],"yoast_head":"<!-- This site is optimized with the Yoast SEO plugin v27.1.1 - https:\/\/yoast.com\/product\/yoast-seo-wordpress\/ -->\n<title>Ropa y Equipo Protector Profesional - Trimaco<\/title>\n<meta name=\"description\" content=\"\u00bfNecesita overoles de pintor? Los tenemos. Desde un traje ligero de polipropileno hasta Tyvek de DuPont.\" \/>\n<meta name=\"robots\" content=\"index, follow, max-snippet:-1, max-image-preview:large, max-video-preview:-1\" \/>\n<link rel=\"canonical\" href=\"https:\/\/trimaco.com\/products\/protective-wear\/\" \/>\n<meta property=\"og:locale\" content=\"es_ES\" \/>\n<meta property=\"og:type\" content=\"article\" \/>\n<meta property=\"og:title\" content=\"Ropa y Equipo Protector Profesional - Trimaco\" \/>\n<meta property=\"og:description\" content=\"\u00bfNecesita overoles de pintor? Los tenemos. Desde un traje ligero de polipropileno hasta Tyvek de DuPont.\" \/>\n<meta property=\"og:url\" content=\"https:\/\/trimaco.com\/products\/protective-wear\/\" \/>\n<meta property=\"og:site_name\" content=\"Trimaco\" \/>\n<meta property=\"article:publisher\" content=\"https:\/\/www.facebook.com\/pages\/Trimaco\/346858225385747?ref=ts\" \/>\n<meta property=\"article:modified_time\" content=\"2022-03-25T18:38:11+00:00\" \/>\n<meta property=\"og:image\" content=\"https:\/\/trimaco.com\/wp-content\/uploads\/2016\/08\/tyvek-1.jpg\" \/>\n\t<meta property=\"og:image:width\" content=\"1000\" \/>\n\t<meta property=\"og:image:height\" content=\"1000\" \/>\n\t<meta property=\"og:image:type\" content=\"image\/jpeg\" \/>\n<meta name=\"twitter:card\" content=\"summary_large_image\" \/>\n<meta name=\"twitter:site\" content=\"@trimacoinc\" \/>\n<meta name=\"twitter:label1\" content=\"Tiempo de lectura\" \/>\n\t<meta name=\"twitter:data1\" content=\"1 minuto\" \/>\n<!-- \/ Yoast SEO plugin. -->","yoast_head_json":{"title":"Ropa y Equipo Protector Profesional - Trimaco","description":"\u00bfNecesita overoles de pintor? Los tenemos. Desde un traje ligero de polipropileno hasta Tyvek de DuPont.","robots":{"index":"index","follow":"follow","max-snippet":"max-snippet:-1","max-image-preview":"max-image-preview:large","max-video-preview":"max-video-preview:-1"},"canonical":"https:\/\/trimaco.com\/products\/protective-wear\/","og_locale":"es_ES","og_type":"article","og_title":"Ropa y Equipo Protector Profesional - Trimaco","og_description":"\u00bfNecesita overoles de pintor? Los tenemos. Desde un traje ligero de polipropileno hasta Tyvek de DuPont.","og_url":"https:\/\/trimaco.com\/products\/protective-wear\/","og_site_name":"Trimaco","article_publisher":"https:\/\/www.facebook.com\/pages\/Trimaco\/346858225385747?ref=ts","article_modified_time":"2022-03-25T18:38:11+00:00","og_image":[{"width":1000,"height":1000,"url":"https:\/\/trimaco.com\/wp-content\/uploads\/2016\/08\/tyvek-1.jpg","type":"image\/jpeg"}],"twitter_card":"summary_large_image","twitter_site":"@trimacoinc","twitter_misc":{"Tiempo de lectura":"1 minuto"},"schema":{"@context":"https:\/\/schema.org","@graph":[{"@type":"WebPage","@id":"https:\/\/trimaco.com\/products\/protective-wear\/","url":"https:\/\/trimaco.com\/products\/protective-wear\/","name":"Ropa y Equipo Protector Profesional - Trimaco","isPartOf":{"@id":"https:\/\/trimaco.com\/#website"},"primaryImageOfPage":{"@id":"https:\/\/trimaco.com\/products\/protective-wear\/#primaryimage"},"image":{"@id":"https:\/\/trimaco.com\/products\/protective-wear\/#primaryimage"},"thumbnailUrl":"https:\/\/trimaco.com\/wp-content\/uploads\/2016\/08\/tyvek-1.jpg","datePublished":"2021-09-09T19:02:38+00:00","dateModified":"2022-03-25T18:38:11+00:00","description":"\u00bfNecesita overoles de pintor? Los tenemos. Desde un traje ligero de polipropileno hasta Tyvek de DuPont.","breadcrumb":{"@id":"https:\/\/trimaco.com\/products\/protective-wear\/#breadcrumb"},"inLanguage":"es","potentialAction":[{"@type":"ReadAction","target":["https:\/\/trimaco.com\/products\/protective-wear\/"]}]},{"@type":"ImageObject","inLanguage":"es","@id":"https:\/\/trimaco.com\/products\/protective-wear\/#primaryimage","url":"https:\/\/trimaco.com\/wp-content\/uploads\/2016\/08\/tyvek-1.jpg","contentUrl":"https:\/\/trimaco.com\/wp-content\/uploads\/2016\/08\/tyvek-1.jpg","width":1000,"height":1000,"caption":"paint spraying in a tyvek suit"},{"@type":"BreadcrumbList","@id":"https:\/\/trimaco.com\/products\/protective-wear\/#breadcrumb","itemListElement":[{"@type":"ListItem","position":1,"name":"Home","item":"https:\/\/trimaco.com\/"},{"@type":"ListItem","position":2,"name":"Productos","item":"https:\/\/trimaco.com\/es\/productos\/"},{"@type":"ListItem","position":3,"name":"Ropa y Equipo Protector"}]},{"@type":"WebSite","@id":"https:\/\/trimaco.com\/#website","url":"https:\/\/trimaco.com\/","name":"Trimaco","description":"Total Jobsite Protection\u2122","publisher":{"@id":"https:\/\/trimaco.com\/#organization"},"potentialAction":[{"@type":"SearchAction","target":{"@type":"EntryPoint","urlTemplate":"https:\/\/trimaco.com\/?s={search_term_string}"},"query-input":{"@type":"PropertyValueSpecification","valueRequired":true,"valueName":"search_term_string"}}],"inLanguage":"es"},{"@type":"Organization","@id":"https:\/\/trimaco.com\/#organization","name":"Trimaco","url":"https:\/\/trimaco.com\/","logo":{"@type":"ImageObject","inLanguage":"es","@id":"https:\/\/trimaco.com\/#\/schema\/logo\/image\/","url":"https:\/\/trimaco.com\/wp-content\/uploads\/2016\/08\/login-logo.png","contentUrl":"https:\/\/trimaco.com\/wp-content\/uploads\/2016\/08\/login-logo.png","width":450,"height":69,"caption":"Trimaco"},"image":{"@id":"https:\/\/trimaco.com\/#\/schema\/logo\/image\/"},"sameAs":["https:\/\/www.facebook.com\/pages\/Trimaco\/346858225385747?ref=ts","https:\/\/x.com\/trimacoinc","https:\/\/www.instagram.com\/trimaco_inc\/","https:\/\/pinterest.com\/trimaco\/","https:\/\/www.youtube.com\/c\/trimacoinc"]}]}},"_links":{"self":[{"href":"https:\/\/trimaco.com\/es\/wp-json\/wp\/v2\/pages\/14409","targetHints":{"allow":["GET"]}}],"collection":[{"href":"https:\/\/trimaco.com\/es\/wp-json\/wp\/v2\/pages"}],"about":[{"href":"https:\/\/trimaco.com\/es\/wp-json\/wp\/v2\/types\/page"}],"author":[{"embeddable":true,"href":"https:\/\/trimaco.com\/es\/wp-json\/wp\/v2\/users\/9"}],"replies":[{"embeddable":true,"href":"https:\/\/trimaco.com\/es\/wp-json\/wp\/v2\/comments?post=14409"}],"version-history":[{"count":0,"href":"https:\/\/trimaco.com\/es\/wp-json\/wp\/v2\/pages\/14409\/revisions"}],"up":[{"embeddable":true,"href":"https:\/\/trimaco.com\/es\/wp-json\/wp\/v2\/pages\/10374"}],"wp:featuredmedia":[{"embeddable":true,"href":"https:\/\/trimaco.com\/es\/wp-json\/wp\/v2\/media\/16769"}],"wp:attachment":[{"href":"https:\/\/trimaco.com\/es\/wp-json\/wp\/v2\/media?parent=14409"}],"curies":[{"name":"wp","href":"https:\/\/api.w.org\/{rel}","templated":true}]}}