{"id":14406,"date":"2021-09-09T14:36:04","date_gmt":"2021-09-09T18:36:04","guid":{"rendered":"https:\/\/trimaco.wpengine.com\/productos\/productos-de-limpieza-miscelaneos\/supertuff-100-algodon-depilacion-con-cera-y-panos-de-pulido\/"},"modified":"2024-04-04T09:33:26","modified_gmt":"2024-04-04T13:33:26","slug":"supertuff-100-algodon-depilacion-con-cera-y-panos-de-pulido","status":"publish","type":"page","link":"https:\/\/trimaco.com\/es\/productos\/productos-de-limpieza-miscelaneos\/supertuff-100-algodon-depilacion-con-cera-y-panos-de-pulido\/","title":{"rendered":"Pa\u00f1os para pulir SuperTuff\u00ae 100% de algod\u00f3n"},"content":{"rendered":"<p>Los pa\u00f1os pulidores SuperTuff\u00ae est\u00e1n hechos de algod\u00f3n 100% y no rayan superficies delicadas. La textura suave de la tela elimina f\u00e1cilmente la mancha de las superficies. Estos trapos no s\u00f3lo son ideales para pulir, pero tambi\u00e9n se pueden utilizar para encerar. <\/p>\n<p>El material nuevo de camiseta de punto de 2 capas tiene bordes cosidos para mejor resistencia y durabilidad. Para un mejor uso, no lave el pa\u00f1o para eliminar las manchas, simplemente reemplace el pa\u00f1o. Los pa\u00f1os se pueden usar solos o con f\u00f3rmulas de limpieza l\u00edquida.<\/p>\n<ul>\n<li>100% algod\u00f3n<\/li>\n<li>Ideal para encerar y pulir<\/li>\n<li>No deja marcas<\/li>\n<\/ul>\n<p>\u00a1Aprenda m\u00e1s sobre todos los productos de limpieza de <a href=\"https:\/\/trimaco.com\/es\/productos\/trapos-y-limpiaparabrisas\/\">Trimaco<\/a>!<\/p>\n<p><em>Pa\u00f1os pulidores SuperTuff\u00ae<\/em><\/p>\n<table>\n<tbody>\n<tr>\n<th>Art\u00edculo #<\/th>\n<th>Paquete de<\/th>\n<th>Tama\u00f1o<\/th>\n<\/tr>\n<tr>\n<td>82503<\/td>\n<td>12<\/td>\n<td>10&#8243; x 17&#8243;<\/td>\n<\/tr>\n<\/tbody>\n<\/table>\n","protected":false},"excerpt":{"rendered":"<p>Pa\u00f1os 100% de algod\u00f3n, ideales para encerar y pulir.<\/p>\n","protected":false},"author":2,"featured_media":17619,"parent":14394,"menu_order":8,"comment_status":"closed","ping_status":"closed","template":"page_products-grandchild.php","meta":{"_acf_changed":false,"footnotes":""},"class_list":["post-14406","page","type-page","status-publish","has-post-thumbnail","hentry"],"acf":[],"yoast_head":"<!-- This site is optimized with the Yoast SEO plugin v27.3 - https:\/\/yoast.com\/product\/yoast-seo-wordpress\/ -->\n<title>Pa\u00f1os pulidores SuperTuff\u00ae hechos de 100% algod\u00f3n- Trimaco<\/title>\n<meta name=\"description\" content=\"Pa\u00f1os pulidores de 100% algod\u00f3n. Ideal para encerar y pulir todas las superficies.\" \/>\n<meta name=\"robots\" content=\"index, follow, max-snippet:-1, max-image-preview:large, max-video-preview:-1\" \/>\n<link rel=\"canonical\" href=\"https:\/\/trimaco.com\/es\/productos\/productos-de-limpieza-miscelaneos\/supertuff-100-algodon-depilacion-con-cera-y-panos-de-pulido\/\" \/>\n<meta property=\"og:locale\" content=\"es_ES\" \/>\n<meta property=\"og:type\" content=\"article\" \/>\n<meta property=\"og:title\" content=\"Pa\u00f1os pulidores SuperTuff\u00ae hechos de 100% algod\u00f3n- Trimaco\" \/>\n<meta property=\"og:description\" content=\"Pa\u00f1os pulidores de 100% algod\u00f3n. Ideal para encerar y pulir todas las superficies.\" \/>\n<meta property=\"og:url\" content=\"https:\/\/trimaco.com\/es\/productos\/productos-de-limpieza-miscelaneos\/supertuff-100-algodon-depilacion-con-cera-y-panos-de-pulido\/\" \/>\n<meta property=\"og:site_name\" content=\"Trimaco\" \/>\n<meta property=\"article:publisher\" content=\"https:\/\/www.facebook.com\/pages\/Trimaco\/346858225385747?ref=ts\" \/>\n<meta property=\"article:modified_time\" content=\"2024-04-04T13:33:26+00:00\" \/>\n<meta property=\"og:image\" content=\"https:\/\/trimaco.com\/wp-content\/uploads\/2022\/02\/polishingcloth-1.webp\" \/>\n\t<meta property=\"og:image:width\" content=\"284\" \/>\n\t<meta property=\"og:image:height\" content=\"283\" \/>\n\t<meta property=\"og:image:type\" content=\"image\/webp\" \/>\n<meta name=\"twitter:card\" content=\"summary_large_image\" \/>\n<meta name=\"twitter:site\" content=\"@trimacoinc\" \/>\n<meta name=\"twitter:label1\" content=\"Tiempo de lectura\" \/>\n\t<meta name=\"twitter:data1\" content=\"1 minuto\" \/>\n<!-- \/ Yoast SEO plugin. -->","yoast_head_json":{"title":"Pa\u00f1os pulidores SuperTuff\u00ae hechos de 100% algod\u00f3n- Trimaco","description":"Pa\u00f1os pulidores de 100% algod\u00f3n. Ideal para encerar y pulir todas las superficies.","robots":{"index":"index","follow":"follow","max-snippet":"max-snippet:-1","max-image-preview":"max-image-preview:large","max-video-preview":"max-video-preview:-1"},"canonical":"https:\/\/trimaco.com\/es\/productos\/productos-de-limpieza-miscelaneos\/supertuff-100-algodon-depilacion-con-cera-y-panos-de-pulido\/","og_locale":"es_ES","og_type":"article","og_title":"Pa\u00f1os pulidores SuperTuff\u00ae hechos de 100% algod\u00f3n- Trimaco","og_description":"Pa\u00f1os pulidores de 100% algod\u00f3n. Ideal para encerar y pulir todas las superficies.","og_url":"https:\/\/trimaco.com\/es\/productos\/productos-de-limpieza-miscelaneos\/supertuff-100-algodon-depilacion-con-cera-y-panos-de-pulido\/","og_site_name":"Trimaco","article_publisher":"https:\/\/www.facebook.com\/pages\/Trimaco\/346858225385747?ref=ts","article_modified_time":"2024-04-04T13:33:26+00:00","og_image":[{"width":284,"height":283,"url":"https:\/\/trimaco.com\/wp-content\/uploads\/2022\/02\/polishingcloth-1.webp","type":"image\/webp"}],"twitter_card":"summary_large_image","twitter_site":"@trimacoinc","twitter_misc":{"Tiempo de lectura":"1 minuto"},"schema":{"@context":"https:\/\/schema.org","@graph":[{"@type":"WebPage","@id":"https:\/\/trimaco.com\/es\/productos\/productos-de-limpieza-miscelaneos\/supertuff-100-algodon-depilacion-con-cera-y-panos-de-pulido\/","url":"https:\/\/trimaco.com\/es\/productos\/productos-de-limpieza-miscelaneos\/supertuff-100-algodon-depilacion-con-cera-y-panos-de-pulido\/","name":"Pa\u00f1os pulidores SuperTuff\u00ae hechos de 100% algod\u00f3n- Trimaco","isPartOf":{"@id":"https:\/\/trimaco.com\/#website"},"primaryImageOfPage":{"@id":"https:\/\/trimaco.com\/es\/productos\/productos-de-limpieza-miscelaneos\/supertuff-100-algodon-depilacion-con-cera-y-panos-de-pulido\/#primaryimage"},"image":{"@id":"https:\/\/trimaco.com\/es\/productos\/productos-de-limpieza-miscelaneos\/supertuff-100-algodon-depilacion-con-cera-y-panos-de-pulido\/#primaryimage"},"thumbnailUrl":"https:\/\/trimaco.com\/wp-content\/uploads\/2022\/02\/polishingcloth-1.webp","datePublished":"2021-09-09T18:36:04+00:00","dateModified":"2024-04-04T13:33:26+00:00","description":"Pa\u00f1os pulidores de 100% algod\u00f3n. Ideal para encerar y pulir todas las superficies.","breadcrumb":{"@id":"https:\/\/trimaco.com\/es\/productos\/productos-de-limpieza-miscelaneos\/supertuff-100-algodon-depilacion-con-cera-y-panos-de-pulido\/#breadcrumb"},"inLanguage":"es","potentialAction":[{"@type":"ReadAction","target":["https:\/\/trimaco.com\/es\/productos\/productos-de-limpieza-miscelaneos\/supertuff-100-algodon-depilacion-con-cera-y-panos-de-pulido\/"]}]},{"@type":"ImageObject","inLanguage":"es","@id":"https:\/\/trimaco.com\/es\/productos\/productos-de-limpieza-miscelaneos\/supertuff-100-algodon-depilacion-con-cera-y-panos-de-pulido\/#primaryimage","url":"https:\/\/trimaco.com\/wp-content\/uploads\/2022\/02\/polishingcloth-1.webp","contentUrl":"https:\/\/trimaco.com\/wp-content\/uploads\/2022\/02\/polishingcloth-1.webp","width":284,"height":283,"caption":"Polishing railing with a white polishing cloth"},{"@type":"BreadcrumbList","@id":"https:\/\/trimaco.com\/es\/productos\/productos-de-limpieza-miscelaneos\/supertuff-100-algodon-depilacion-con-cera-y-panos-de-pulido\/#breadcrumb","itemListElement":[{"@type":"ListItem","position":1,"name":"Home","item":"https:\/\/trimaco.com\/"},{"@type":"ListItem","position":2,"name":"Productos","item":"https:\/\/trimaco.com\/es\/productos\/"},{"@type":"ListItem","position":3,"name":"Productos de limpieza miscel\u00e1neos","item":"https:\/\/trimaco.com\/es\/productos\/productos-de-limpieza-miscelaneos\/"},{"@type":"ListItem","position":4,"name":"Pa\u00f1os para pulir SuperTuff\u00ae 100% de algod\u00f3n"}]},{"@type":"WebSite","@id":"https:\/\/trimaco.com\/#website","url":"https:\/\/trimaco.com\/","name":"Trimaco","description":"Total Jobsite Protection\u2122","publisher":{"@id":"https:\/\/trimaco.com\/#organization"},"potentialAction":[{"@type":"SearchAction","target":{"@type":"EntryPoint","urlTemplate":"https:\/\/trimaco.com\/?s={search_term_string}"},"query-input":{"@type":"PropertyValueSpecification","valueRequired":true,"valueName":"search_term_string"}}],"inLanguage":"es"},{"@type":"Organization","@id":"https:\/\/trimaco.com\/#organization","name":"Trimaco","url":"https:\/\/trimaco.com\/","logo":{"@type":"ImageObject","inLanguage":"es","@id":"https:\/\/trimaco.com\/#\/schema\/logo\/image\/","url":"https:\/\/trimaco.com\/wp-content\/uploads\/2016\/08\/login-logo.png","contentUrl":"https:\/\/trimaco.com\/wp-content\/uploads\/2016\/08\/login-logo.png","width":450,"height":69,"caption":"Trimaco"},"image":{"@id":"https:\/\/trimaco.com\/#\/schema\/logo\/image\/"},"sameAs":["https:\/\/www.facebook.com\/pages\/Trimaco\/346858225385747?ref=ts","https:\/\/x.com\/trimacoinc","https:\/\/www.instagram.com\/trimaco_inc\/","https:\/\/pinterest.com\/trimaco\/","https:\/\/www.youtube.com\/c\/trimacoinc"]}]}},"_links":{"self":[{"href":"https:\/\/trimaco.com\/es\/wp-json\/wp\/v2\/pages\/14406","targetHints":{"allow":["GET"]}}],"collection":[{"href":"https:\/\/trimaco.com\/es\/wp-json\/wp\/v2\/pages"}],"about":[{"href":"https:\/\/trimaco.com\/es\/wp-json\/wp\/v2\/types\/page"}],"author":[{"embeddable":true,"href":"https:\/\/trimaco.com\/es\/wp-json\/wp\/v2\/users\/2"}],"replies":[{"embeddable":true,"href":"https:\/\/trimaco.com\/es\/wp-json\/wp\/v2\/comments?post=14406"}],"version-history":[{"count":0,"href":"https:\/\/trimaco.com\/es\/wp-json\/wp\/v2\/pages\/14406\/revisions"}],"up":[{"embeddable":true,"href":"https:\/\/trimaco.com\/es\/wp-json\/wp\/v2\/pages\/14394"}],"wp:featuredmedia":[{"embeddable":true,"href":"https:\/\/trimaco.com\/es\/wp-json\/wp\/v2\/media\/17619"}],"wp:attachment":[{"href":"https:\/\/trimaco.com\/es\/wp-json\/wp\/v2\/media?parent=14406"}],"curies":[{"name":"wp","href":"https:\/\/api.w.org\/{rel}","templated":true}]}}